{"id":1006,"date":"2025-09-28T06:02:25","date_gmt":"2025-09-28T06:02:25","guid":{"rendered":"https:\/\/demo2.mevksa.com\/?post_type=product&#038;p=1006"},"modified":"2025-11-30T13:52:13","modified_gmt":"2025-11-30T05:52:13","slug":"2-hand-2022-sany-all-terrain-crane-200t-sym5556jqz200c","status":"publish","type":"product","link":"https:\/\/colorskyco.com\/es\/product\/2-hand-2022-sany-all-terrain-crane-200t-sym5556jqz200c\/","title":{"rendered":"2 Mano 2022 Gr\u00faa todoterreno SANY 200T SYM5556JQZ200C"},"content":{"rendered":"<p><strong>Detalles del producto<\/strong><\/p>\n<p><strong>La gr\u00faa sobre cami\u00f3n Sany usada tiene un excelente rendimiento mec\u00e1nico, una operaci\u00f3n sencilla y es f\u00e1cil de usar.<\/strong><\/p>\n<p><strong>Especificaciones<\/strong><\/p>\n<table>\n<tbody>\n<tr>\n<td width=\"284\">Equipamiento<\/td>\n<td width=\"284\">Gr\u00faa todoterreno<\/td>\n<\/tr>\n<tr>\n<td width=\"284\">Lugar de origen<\/td>\n<td width=\"284\">China<\/td>\n<\/tr>\n<tr>\n<td width=\"284\">Marca<\/td>\n<td width=\"284\">Sany<\/td>\n<\/tr>\n<tr>\n<td width=\"284\">N\u00famero de modelo<\/td>\n<td width=\"284\">SYM5556JQZ200C (SAC2000C8)<\/td>\n<\/tr>\n<tr>\n<td width=\"284\">Fecha de fabricaci\u00f3n<\/td>\n<td width=\"284\">2022-09<\/td>\n<\/tr>\n<tr>\n<td width=\"284\">Cantidad m\u00ednima de pedido<\/td>\n<td width=\"284\">1 secci\u00f3n<\/td>\n<\/tr>\n<tr>\n<td width=\"284\">Detalles del embalaje<\/td>\n<td width=\"284\">Buque Roro, Buque de carga a granel<\/td>\n<\/tr>\n<\/tbody>\n<\/table>\n<p><strong>\u00a0<\/strong><\/p>\n<p>&nbsp;<\/p>","protected":false},"excerpt":{"rendered":"<h2><strong>Gr\u00faa todoterreno SANY SYM5556JQZ200C usada<br \/>\n<\/strong><\/h2>\n<h1>Informaci\u00f3n general<\/h1>\n<table>\n<tbody>\n<tr>\n<td width=\"288\"><strong>Especificaci\u00f3n<\/strong><\/td>\n<td width=\"288\"><strong>Detalles<\/strong><\/td>\n<\/tr>\n<tr>\n<td width=\"288\"><strong>Tipo de producto<\/strong><\/td>\n<td width=\"288\">SYM5556JQZ200C (SAC2000C8)<\/td>\n<\/tr>\n<tr>\n<td width=\"288\"><strong>Fabricante<\/strong><\/td>\n<td width=\"288\">Compa\u00f1\u00eda de fabricaci\u00f3n de autom\u00f3viles SANY, Ltd.<\/td>\n<\/tr>\n<tr>\n<td width=\"288\"><strong>Direcci\u00f3n<\/strong><\/td>\n<td width=\"288\">Parque Industrial SANY, Zona de Desarrollo Econ\u00f3mico y Tecnol\u00f3gico de Changsha, Ciudad de Changsha, Provincia de Hunan<\/td>\n<\/tr>\n<tr>\n<td width=\"288\"><strong>Fecha de producci\u00f3n<\/strong><\/td>\n<td width=\"288\">2022.09<\/td>\n<\/tr>\n<tr>\n<td width=\"288\"><strong>Pa\u00eds de fabricaci\u00f3n<\/strong><\/td>\n<td width=\"288\">Hecho en china<\/td>\n<\/tr>\n<tr>\n<td width=\"288\"><strong>N\u00famero de identificaci\u00f3n del veh\u00edculo (VIN)<\/strong><\/td>\n<td width=\"288\"><strong>LFCNRG7P<\/strong><strong>1N3<\/strong><strong>00<\/strong><strong>1110<\/strong><\/td>\n<\/tr>\n<\/tbody>\n<\/table>\n<h1>Informaci\u00f3n del motor<\/h1>\n<table>\n<tbody>\n<tr>\n<td width=\"288\"><strong>Especificaci\u00f3n<\/strong><\/td>\n<td width=\"288\"><strong>Detalles<\/strong><\/td>\n<\/tr>\n<tr>\n<td width=\"288\"><strong>Modelo de motor<\/strong><\/td>\n<td width=\"288\">WP12.460E62<\/td>\n<\/tr>\n<tr>\n<td width=\"288\"><strong>Potencia nominal del motor \/ velocidad<\/strong><\/td>\n<td width=\"288\"><strong>338<\/strong><strong> kW a 1900 rpm<\/strong><\/td>\n<\/tr>\n<tr>\n<td width=\"288\"><strong>Potencia m\u00e1xima disponible del motor\/velocidad<\/strong><\/td>\n<td width=\"288\"><strong>333<\/strong><strong> kW a 1900 rpm<\/strong><\/td>\n<\/tr>\n<\/tbody>\n<\/table>\n<h1>Informaci\u00f3n de peso<\/h1>\n<table>\n<tbody>\n<tr>\n<td width=\"288\"><strong>Especificaci\u00f3n<\/strong><\/td>\n<td width=\"288\"><strong>Detalles<\/strong><\/td>\n<\/tr>\n<tr>\n<td width=\"288\"><strong>Masa en vac\u00edo (completa) <\/strong><strong>Veh\u00edculo<\/strong><strong>)<\/strong><\/td>\n<td width=\"288\"><strong>54,860<\/strong><strong> kilogramo<\/strong><\/td>\n<\/tr>\n<tr>\n<td width=\"288\"><strong>Masa bruta admisible<\/strong><\/td>\n<td width=\"288\"><strong>54,99<\/strong><strong>0 kilogramos<\/strong><\/td>\n<\/tr>\n<\/tbody>\n<\/table>\n<h1>Rendimiento de elevaci\u00f3n<\/h1>\n<table>\n<tbody>\n<tr>\n<td width=\"288\"><strong>Especificaci\u00f3n<\/strong><\/td>\n<td width=\"288\"><strong>Detalles<\/strong><\/td>\n<\/tr>\n<tr>\n<td width=\"288\"><strong>Capacidad m\u00e1xima de elevaci\u00f3n nominal<\/strong><\/td>\n<td width=\"288\"><strong>200 toneladas<\/strong><\/td>\n<\/tr>\n<tr>\n<td width=\"288\"><strong>Radio de trabajo (nominal)<\/strong><\/td>\n<td width=\"288\"><strong>3 metros<\/strong><\/td>\n<\/tr>\n<\/tbody>\n<\/table>\n<h1><\/h1>\n<h1>informaci\u00f3n adicional<\/h1>\n<table>\n<tbody>\n<tr>\n<td width=\"288\"><strong>Especificaci\u00f3n<\/strong><\/td>\n<td width=\"288\"><strong>Detalles<\/strong><\/td>\n<\/tr>\n<tr>\n<td width=\"288\"><strong>Dimensiones generales (L\u00d7An\u00d7Al)<\/strong><\/td>\n<td width=\"288\"><strong>1<\/strong><strong>6<\/strong><strong>,<\/strong><strong>145<\/strong><strong> mm \u00d7 <\/strong><strong>3<\/strong><strong>,<\/strong><strong>0<\/strong><strong>00 mm \u00d7 <\/strong><strong>4<\/strong><strong>,<\/strong><strong>000<\/strong><strong> mm<\/strong><\/td>\n<\/tr>\n<tr>\n<td width=\"288\"><strong>Chasis portador<\/strong><\/td>\n<td width=\"288\"><strong>Portaveh\u00edculos AT de 5 ejes, estabilizadores tipo H, suspensi\u00f3n hidroneum\u00e1tica<\/strong><\/td>\n<\/tr>\n<tr>\n<td width=\"288\"><strong>Gobierno<\/strong><\/td>\n<td width=\"288\"><strong>Tracci\u00f3n en las cuatro ruedas, 6 modos, radio de giro m\u00ednimo \u224810 m<\/strong><\/td>\n<\/tr>\n<tr>\n<td width=\"288\"><strong>Configuraci\u00f3n de conducci\u00f3n\/direcci\u00f3n<\/strong><\/td>\n<td width=\"288\"><strong>10\u00d76\u00d710 est\u00e1ndar; 10\u00d78\u00d710 opcional<\/strong><\/td>\n<\/tr>\n<tr>\n<td width=\"288\"><strong>Rendimiento de viajes<\/strong><\/td>\n<td width=\"288\"><strong>Velocidad m\u00e1xima 80 km\/h; pendiente superable 45%; aproximaci\u00f3n 16\u00b0, salida 12\u00b0<\/strong><\/td>\n<\/tr>\n<tr>\n<td width=\"288\"><strong>Motor de superestructura<\/strong><\/td>\n<td width=\"288\"><strong>DF Cummins QSB6.7, 194 kW, tanque 285 L<\/strong><\/td>\n<\/tr>\n<tr>\n<td width=\"288\"><strong>Motor\/tren motriz del portador<\/strong><\/td>\n<td width=\"288\"><strong>DF Cummins QSZ13-C525-30 + Transmisi\u00f3n FAST + Transferencia de engranajes Zhuzhou + Ejes HanDe<\/strong><\/td>\n<\/tr>\n<\/tbody>\n<\/table>\n<p>&nbsp;<\/p>\n<h2><strong>\u00a0<\/strong><\/h2>","protected":false},"featured_media":31728,"comment_status":"open","ping_status":"closed","template":"","meta":{"_acf_changed":false,"_eb_attr":"","_eb_data_table":""},"product_brand":[],"product_cat":[204],"product_tag":[],"class_list":{"0":"post-1006","1":"product","2":"type-product","3":"status-publish","4":"has-post-thumbnail","6":"product_cat-mobile-truck-crane","8":"first","9":"instock","10":"shipping-taxable","11":"product-type-simple"},"acf":[],"aioseo_notices":[],"_links":{"self":[{"href":"https:\/\/colorskyco.com\/es\/wp-json\/wp\/v2\/product\/1006","targetHints":{"allow":["GET"]}}],"collection":[{"href":"https:\/\/colorskyco.com\/es\/wp-json\/wp\/v2\/product"}],"about":[{"href":"https:\/\/colorskyco.com\/es\/wp-json\/wp\/v2\/types\/product"}],"replies":[{"embeddable":true,"href":"https:\/\/colorskyco.com\/es\/wp-json\/wp\/v2\/comments?post=1006"}],"version-history":[{"count":5,"href":"https:\/\/colorskyco.com\/es\/wp-json\/wp\/v2\/product\/1006\/revisions"}],"predecessor-version":[{"id":31366,"href":"https:\/\/colorskyco.com\/es\/wp-json\/wp\/v2\/product\/1006\/revisions\/31366"}],"wp:featuredmedia":[{"embeddable":true,"href":"https:\/\/colorskyco.com\/es\/wp-json\/wp\/v2\/media\/31728"}],"wp:attachment":[{"href":"https:\/\/colorskyco.com\/es\/wp-json\/wp\/v2\/media?parent=1006"}],"wp:term":[{"taxonomy":"product_brand","embeddable":true,"href":"https:\/\/colorskyco.com\/es\/wp-json\/wp\/v2\/product_brand?post=1006"},{"taxonomy":"product_cat","embeddable":true,"href":"https:\/\/colorskyco.com\/es\/wp-json\/wp\/v2\/product_cat?post=1006"},{"taxonomy":"product_tag","embeddable":true,"href":"https:\/\/colorskyco.com\/es\/wp-json\/wp\/v2\/product_tag?post=1006"}],"curies":[{"name":"wp","href":"https:\/\/api.w.org\/{rel}","templated":true}]}}