{"id":1029,"date":"2025-09-29T07:57:30","date_gmt":"2025-09-29T07:57:30","guid":{"rendered":"https:\/\/demo2.mevksa.com\/?post_type=product&#038;p=1029"},"modified":"2025-11-30T13:53:51","modified_gmt":"2025-11-30T05:53:51","slug":"2023-used-sany-truck-crane-50t-sym5436jqz-stc500-6","status":"publish","type":"product","link":"https:\/\/colorskyco.com\/es\/product\/2023-used-sany-truck-crane-50t-sym5436jqz-stc500-6\/","title":{"rendered":"2023 Cami\u00f3n gr\u00faa usado SANY 50T SYM5436JQZ (STC500-6)"},"content":{"rendered":"<p><span style=\"color: #000000;\"><strong>Detalles del producto<\/strong><\/span><\/p>\n<p><span style=\"color: #000000;\"><strong>La gr\u00faa sobre cami\u00f3n Sany usada tiene un excelente rendimiento mec\u00e1nico, una operaci\u00f3n sencilla y es f\u00e1cil de usar.<\/strong><\/span><\/p>\n<p><span style=\"color: #000000;\"><strong>Especificaciones<\/strong><\/span><\/p>\n<table>\n<tbody>\n<tr>\n<td width=\"284\"><span style=\"color: #000000;\">Equipamiento<\/span><\/td>\n<td width=\"284\"><span style=\"color: #000000;\">Cami\u00f3n gr\u00faa totalmente hidr\u00e1ulico<\/span><\/td>\n<\/tr>\n<tr>\n<td width=\"284\"><span style=\"color: #000000;\">Lugar de origen<\/span><\/td>\n<td width=\"284\"><span style=\"color: #000000;\">China<\/span><\/td>\n<\/tr>\n<tr>\n<td width=\"284\"><span style=\"color: #000000;\">Marca<\/span><\/td>\n<td width=\"284\"><span style=\"color: #000000;\">Sany<\/span><\/td>\n<\/tr>\n<tr>\n<td width=\"284\"><span style=\"color: #000000;\">N\u00famero de modelo<\/span><\/td>\n<td width=\"284\"><span style=\"color: #000000;\">SYM5436JQZ (STC500-6)<\/span><\/td>\n<\/tr>\n<tr>\n<td width=\"284\"><span style=\"color: #000000;\">Fecha de fabricaci\u00f3n<\/span><\/td>\n<td width=\"284\"><span style=\"color: #000000;\">2021-03<\/span><\/td>\n<\/tr>\n<tr>\n<td width=\"284\"><span style=\"color: #000000;\">Cantidad m\u00ednima de pedido<\/span><\/td>\n<td width=\"284\"><span style=\"color: #000000;\">1 secci\u00f3n<\/span><\/td>\n<\/tr>\n<tr>\n<td width=\"284\"><span style=\"color: #000000;\">Detalles del embalaje<\/span><\/td>\n<td width=\"284\"><span style=\"color: #000000;\">Buque Roro, Buque de carga a granel<\/span><\/td>\n<\/tr>\n<\/tbody>\n<\/table>\n<p>&nbsp;<\/p>","protected":false},"excerpt":{"rendered":"<h2><strong><b>SANY SYM5436JQZ (STC500-6) Truck Crane &#8211; Technical Data Sheet<\/b><\/strong><\/h2>\n<h1>Informaci\u00f3n general<\/h1>\n<table>\n<tbody>\n<tr>\n<td width=\"288\"><strong>Especificaci\u00f3n<\/strong><\/td>\n<td width=\"288\"><strong>Detalles<\/strong><\/td>\n<\/tr>\n<tr>\n<td width=\"288\"><strong>Tipo de producto<\/strong><\/td>\n<td width=\"288\">SYM5436JQZ (STC500-6)<\/td>\n<\/tr>\n<tr>\n<td width=\"288\"><strong>Fabricante<\/strong><\/td>\n<td width=\"288\">Compa\u00f1\u00eda de fabricaci\u00f3n de autom\u00f3viles SANY, Ltd.<\/td>\n<\/tr>\n<tr>\n<td width=\"288\"><strong>Direcci\u00f3n<\/strong><\/td>\n<td width=\"288\">Parque Industrial SANY, Zona de Desarrollo Econ\u00f3mico y Tecnol\u00f3gico de Changsha, Ciudad de Changsha, Provincia de Hunan<\/td>\n<\/tr>\n<tr>\n<td width=\"288\"><strong>Fecha de producci\u00f3n<\/strong><\/td>\n<td width=\"288\">2021.03<\/td>\n<\/tr>\n<tr>\n<td width=\"288\"><strong>Pa\u00eds de fabricaci\u00f3n<\/strong><\/td>\n<td width=\"288\">Hecho en china<\/td>\n<\/tr>\n<\/tbody>\n<\/table>\n<h1>Motor<\/h1>\n<table>\n<tbody>\n<tr>\n<td width=\"288\"><strong>Especificaci\u00f3n<\/strong><\/td>\n<td width=\"288\"><strong>Detalles<\/strong><\/td>\n<\/tr>\n<tr>\n<td width=\"288\"><strong>Modelo<\/strong><\/td>\n<td width=\"288\">\u00a0YCK09360-60<\/td>\n<\/tr>\n<tr>\n<td width=\"288\"><strong>Tipo<\/strong><\/td>\n<td width=\"288\">Motor di\u00e9sel de 4 tiempos, turboalimentado y refrigerado por agua<\/td>\n<\/tr>\n<tr>\n<td width=\"288\"><strong>Norma de emisiones<\/strong><\/td>\n<td width=\"288\">\u00a0China VI (equivalente a Euro VI)<\/td>\n<\/tr>\n<tr>\n<td width=\"288\"><strong>Potencia nominal<\/strong><\/td>\n<td width=\"288\">265 kW a 1.900 rpm<\/td>\n<\/tr>\n<tr>\n<td width=\"288\"><strong>Max. Potencia disponible<\/strong><\/td>\n<td width=\"288\">260 kW a 1.900 rpm<\/td>\n<\/tr>\n<\/tbody>\n<\/table>\n<h1>Rendimiento<\/h1>\n<table>\n<tbody>\n<tr>\n<td width=\"288\"><strong>Especificaci\u00f3n<\/strong><\/td>\n<td width=\"288\"><strong>Detalles<\/strong><\/td>\n<\/tr>\n<tr>\n<td width=\"288\"><strong>Capacidad m\u00e1xima de elevaci\u00f3n nominal<\/strong><\/td>\n<td width=\"288\">50 t (en un radio de 3 m)<\/td>\n<\/tr>\n<tr>\n<td width=\"288\"><strong>Max. Elevaci\u00f3n Momen<\/strong><strong>t<\/strong><\/td>\n<td width=\"288\">\u00a0~2000 kN-m (t\u00edpico)<\/td>\n<\/tr>\n<tr>\n<td width=\"288\"><strong>Max. Altura de elevaci\u00f3n (pluma + plum\u00edn)<\/strong><\/td>\n<td width=\"288\">~57 m (pluma ~43 m + foque ~14 m)<\/td>\n<\/tr>\n<tr>\n<td width=\"288\"><strong>Longitud de la pluma<\/strong><\/td>\n<td width=\"288\">~11 - 43 m (5 secciones)<\/td>\n<\/tr>\n<tr>\n<td width=\"288\"><strong>Longitud del foque<\/strong><\/td>\n<td width=\"288\">\u00a0~14 m (opcional)<\/td>\n<\/tr>\n<tr>\n<td width=\"288\"><strong>Viga voladiza<\/strong><\/td>\n<td width=\"288\">~7,5 m (longitudinal) \u00d7 6,0 m (transversal)<\/td>\n<\/tr>\n<tr>\n<td width=\"288\"><strong>Velocidad de giro<\/strong><\/td>\n<td width=\"288\">\u00a00-2,5 rpm<\/td>\n<\/tr>\n<\/tbody>\n<\/table>\n<h1>Pesas<\/h1>\n<table>\n<tbody>\n<tr>\n<td width=\"288\"><strong>Especificaci\u00f3n<\/strong><\/td>\n<td width=\"288\"><strong>Detalles<\/strong><\/td>\n<\/tr>\n<tr>\n<td width=\"288\"><strong>Masa del bordillo<\/strong><\/td>\n<td width=\"288\">42.370 kg<\/td>\n<\/tr>\n<tr>\n<td width=\"288\"><strong>Masa bruta del veh\u00edculo<\/strong><strong>s<\/strong><\/td>\n<td width=\"288\">42.500 kg<\/td>\n<\/tr>\n<tr>\n<td width=\"288\"><strong>Carga sobre el eje delantero<\/strong><\/td>\n<td width=\"288\">\u00a0~17.000 kg<\/td>\n<\/tr>\n<tr>\n<td width=\"288\"><strong>Carga del eje trasero<\/strong><\/td>\n<td width=\"288\">\u00a0~25.500 kg<\/td>\n<\/tr>\n<\/tbody>\n<\/table>\n<h1>Dimensiones<\/h1>\n<table>\n<tbody>\n<tr>\n<td width=\"288\"><strong>Especificaci\u00f3n<\/strong><\/td>\n<td width=\"288\"><strong>Detalles<\/strong><\/td>\n<\/tr>\n<tr>\n<td width=\"288\"><strong>Dimensiones generales (L \u00d7 A \u00d7 A)<\/strong><\/td>\n<td width=\"288\">\u00a014.420 \u00d7 2.800 \u00d7 3.885 mm<\/td>\n<\/tr>\n<tr>\n<td width=\"288\"><strong>Distancia entre ejes<\/strong><\/td>\n<td width=\"288\">\u00a0~4.750 + 1.350 mm<\/td>\n<\/tr>\n<tr>\n<td width=\"288\"><strong>\u00c1ngulo de aproximaci\u00f3n<\/strong><\/td>\n<td width=\"288\">\u00a016\u00b0<\/td>\n<\/tr>\n<tr>\n<td width=\"288\"><strong>\u00c1ngulo de salida<\/strong><\/td>\n<td width=\"288\">13\u00b0<\/td>\n<\/tr>\n<tr>\n<td width=\"288\"><strong>M\u00edn. Radio de giro<\/strong><\/td>\n<td width=\"288\">\u00a012 m<\/td>\n<\/tr>\n<\/tbody>\n<\/table>\n<h1>Chasis<\/h1>\n<table>\n<tbody>\n<tr>\n<td width=\"288\"><strong>Especificaci\u00f3n<\/strong><\/td>\n<td width=\"288\"><strong>Detalles<\/strong><\/td>\n<\/tr>\n<tr>\n<td width=\"288\"><strong>Conducir<\/strong><\/td>\n<td width=\"288\">Accionamiento: 10 \u00d7 4<\/td>\n<\/tr>\n<tr>\n<td width=\"288\"><strong>Transmisi\u00f3n<\/strong><\/td>\n<td width=\"288\">\u00a0Manual \/ Automatizado Manual (12F + 2R)<\/td>\n<\/tr>\n<tr>\n<td width=\"288\"><strong>Max. Velocidad de desplazamiento<\/strong><strong>d<\/strong><\/td>\n<td width=\"288\">\u00a085 km\/h<\/td>\n<\/tr>\n<tr>\n<td width=\"288\"><strong>Gradeabilidad<\/strong><\/td>\n<td width=\"288\">40%<\/td>\n<\/tr>\n<tr>\n<td width=\"288\"><strong>Suspensi\u00f3n<\/strong><\/td>\n<td width=\"288\">Ballesta con amortiguadores<\/td>\n<\/tr>\n<tr>\n<td width=\"288\"><strong>Neum\u00e1ticos<\/strong><\/td>\n<td width=\"288\">\u00a012.00R20 (o 315\/80R22.5)<\/td>\n<\/tr>\n<\/tbody>\n<\/table>\n<h1>Sistema hidr\u00e1ulico<\/h1>\n<table>\n<tbody>\n<tr>\n<td width=\"288\"><strong>Especificaci\u00f3n<\/strong><\/td>\n<td width=\"288\"><strong>Detalles<\/strong><\/td>\n<\/tr>\n<tr>\n<td width=\"288\"><strong>Tipo<\/strong><strong>e<\/strong><\/td>\n<td width=\"288\">\u00a0Circuito abierto con bomba de caudal variable<\/td>\n<\/tr>\n<tr>\n<td width=\"288\"><strong>Caudal de la bomba principal<\/strong><\/td>\n<td width=\"288\">\u00a0~2 \u00d7 250 L\/min<\/td>\n<\/tr>\n<tr>\n<td width=\"288\"><strong>Capacidad del dep\u00f3sito de aceite hidr\u00e1ulico<\/strong><\/td>\n<td width=\"288\">~600 L<\/td>\n<\/tr>\n<tr>\n<td width=\"288\"><strong>Modo de control<\/strong><\/td>\n<td width=\"288\">Control proporcional piloto<\/td>\n<\/tr>\n<\/tbody>\n<\/table>\n<h1>Dispositivos de seguridad<\/h1>\n<table>\n<tbody>\n<tr>\n<td width=\"288\"><strong>Especificaci\u00f3n<\/strong><\/td>\n<td width=\"288\"><strong>Detalles<\/strong><\/td>\n<\/tr>\n<tr>\n<td colspan=\"2\" width=\"576\"><strong>Limitador del momento de carga (LMI)<\/strong><\/td>\n<\/tr>\n<tr>\n<td colspan=\"2\" width=\"576\"><strong>Protecci\u00f3n contra sobreelevaci\u00f3n y sobreelevaci\u00f3n<\/strong><\/td>\n<\/tr>\n<tr>\n<td colspan=\"2\" width=\"576\"><strong>Indicador del \u00e1ngulo de la pluma<\/strong><\/td>\n<\/tr>\n<tr>\n<td colspan=\"2\" width=\"576\"><strong>Sistema de control de voladizos<\/strong><\/td>\n<\/tr>\n<tr>\n<td colspan=\"2\" width=\"576\"><strong>\u00a0Sistema de parada de emergencia<\/strong><\/td>\n<\/tr>\n<\/tbody>\n<\/table>","protected":false},"featured_media":31595,"comment_status":"open","ping_status":"closed","template":"","meta":{"_acf_changed":false,"_eb_attr":"","_eb_data_table":""},"product_brand":[],"product_cat":[204],"product_tag":[],"class_list":{"0":"post-1029","1":"product","2":"type-product","3":"status-publish","4":"has-post-thumbnail","6":"product_cat-mobile-truck-crane","8":"first","9":"instock","10":"shipping-taxable","11":"product-type-simple"},"acf":[],"aioseo_notices":[],"_links":{"self":[{"href":"https:\/\/colorskyco.com\/es\/wp-json\/wp\/v2\/product\/1029","targetHints":{"allow":["GET"]}}],"collection":[{"href":"https:\/\/colorskyco.com\/es\/wp-json\/wp\/v2\/product"}],"about":[{"href":"https:\/\/colorskyco.com\/es\/wp-json\/wp\/v2\/types\/product"}],"replies":[{"embeddable":true,"href":"https:\/\/colorskyco.com\/es\/wp-json\/wp\/v2\/comments?post=1029"}],"version-history":[{"count":4,"href":"https:\/\/colorskyco.com\/es\/wp-json\/wp\/v2\/product\/1029\/revisions"}],"predecessor-version":[{"id":31880,"href":"https:\/\/colorskyco.com\/es\/wp-json\/wp\/v2\/product\/1029\/revisions\/31880"}],"wp:featuredmedia":[{"embeddable":true,"href":"https:\/\/colorskyco.com\/es\/wp-json\/wp\/v2\/media\/31595"}],"wp:attachment":[{"href":"https:\/\/colorskyco.com\/es\/wp-json\/wp\/v2\/media?parent=1029"}],"wp:term":[{"taxonomy":"product_brand","embeddable":true,"href":"https:\/\/colorskyco.com\/es\/wp-json\/wp\/v2\/product_brand?post=1029"},{"taxonomy":"product_cat","embeddable":true,"href":"https:\/\/colorskyco.com\/es\/wp-json\/wp\/v2\/product_cat?post=1029"},{"taxonomy":"product_tag","embeddable":true,"href":"https:\/\/colorskyco.com\/es\/wp-json\/wp\/v2\/product_tag?post=1029"}],"curies":[{"name":"wp","href":"https:\/\/api.w.org\/{rel}","templated":true}]}}