{"id":206,"date":"2025-01-20T08:55:26","date_gmt":"2025-01-20T08:55:26","guid":{"rendered":"https:\/\/demo2.mevksa.com\/?post_type=product&#038;p=206"},"modified":"2025-11-30T14:03:14","modified_gmt":"2025-11-30T06:03:14","slug":"sell-2020-years-concrete-mixer-truck-country-six-emission-standards-using-howo-chassis","status":"publish","type":"product","link":"https:\/\/colorskyco.com\/es\/product\/sell-2020-years-concrete-mixer-truck-country-six-emission-standards-using-howo-chassis\/","title":{"rendered":"Venta 2020 a\u00f1os cami\u00f3n hormigonera pa\u00eds seis normas de emisi\u00f3n utilizando HOWo chasis"},"content":{"rendered":"<p class=\"prodect_info\"><strong>Detalles del producto<\/strong><\/p>\n<p class=\"product_list\">Place of Origin: China<\/p>\n<p class=\"product_list\">Brand Name: Zoomlion<\/p>\n<p class=\"product_list\">Model Number: ZLJ5312GJBHF<\/p>\n<p class=\"prodect_info\"><strong>Payment &amp; Shipping Terms<\/strong><\/p>\n<p class=\"product_list\">Packaging Details: Container, Bulk cargo ship, Flat rack ship, RO RO ship<\/p>","protected":false},"excerpt":{"rendered":"<p><strong>2023 Zoomlion cami\u00f3n bomba de hormig\u00f3n 38 metros instalados FAW Jiefang chasis para la venta<\/strong><br \/>\n1.concrete pump truck manufacturers<br \/>\n2.concrete pump truck\u00a0Direct sale in stock<br \/>\n3.second hand pump truck<\/p>\n<p>Under very good condition<br \/>\nPerfect original condition 38 m with 2 axles.<br \/>\nStrict and professional workshop<br \/>\nStable working and all fuctions are nomal.<br \/>\nWith\u00a0FAW Jiefang\u00a0Chassis.<br \/>\nWe do professional repair, provide high quality equipment to our customers.<br \/>\n<b><\/b><\/p>\n<p><b>Principal\u00a0<\/b><b>Par\u00e1metro:<\/b><\/p>\n<table border=\"1\" cellspacing=\"0\" cellpadding=\"0\">\n<tbody>\n<tr>\n<td>Equipos para hormig\u00f3n<\/td>\n<td><\/td>\n<\/tr>\n<tr>\n<td>A\u00f1o de bombeo<\/td>\n<td>2023 a\u00f1o<\/td>\n<\/tr>\n<tr>\n<td>Secciones de la pluma<\/td>\n<td>\u00a02 SECCIONES RZ FOLD<\/td>\n<\/tr>\n<tr>\n<td>Alcance vertical<\/td>\n<td>37.1m<\/td>\n<\/tr>\n<tr>\n<td>Alcance horizontal<\/td>\n<td>32.36m<\/td>\n<\/tr>\n<tr>\n<td>Producci\u00f3n m\u00e1xima de hormig\u00f3n<\/td>\n<td>125 m3\/h<\/td>\n<\/tr>\n<tr>\n<td>Prensa Conrete<\/td>\n<td>\u00a013 MPa<\/td>\n<\/tr>\n<tr>\n<td>Control remoto por radio<\/td>\n<td>mando a distancia de la bomba de hormig\u00f3n<\/td>\n<\/tr>\n<tr>\n<td>Mando a distancia Marca<\/td>\n<td>mando a distancia HBC<\/td>\n<\/tr>\n<tr>\n<td>Condici\u00f3n<\/td>\n<td>Estado usado pero estable<\/td>\n<\/tr>\n<tr>\n<td>Reparaci\u00f3n est\u00e1ndar<\/td>\n<td>Mantenimiento b\u00e1sico<\/td>\n<\/tr>\n<tr>\n<td>Marca del cami\u00f3n<\/td>\n<td>Chasis Jiefang<\/td>\n<\/tr>\n<tr>\n<td>Tipo de motor<\/td>\n<td>Diesel<\/td>\n<\/tr>\n<tr>\n<td>Potencia m\u00e1xima del motor<\/td>\n<td>252kw<\/td>\n<\/tr>\n<tr>\n<td>Dimensiones (largo*ancho*alto)<\/td>\n<td>9950mm*2550*3960mm<\/td>\n<\/tr>\n<tr>\n<td>Peso total<\/td>\n<td>23000kg<\/td>\n<\/tr>\n<tr>\n<td>Mantenimiento<\/td>\n<td>Accesorio de la tolva; chapa; comprobaci\u00f3n y prueba de todo el sistema; limpieza<\/td>\n<\/tr>\n<\/tbody>\n<\/table>","protected":false},"featured_media":31022,"comment_status":"open","ping_status":"closed","template":"","meta":{"_acf_changed":false,"_eb_attr":"","_eb_data_table":""},"product_brand":[],"product_cat":[193],"product_tag":[],"class_list":{"0":"post-206","1":"product","2":"type-product","3":"status-publish","4":"has-post-thumbnail","6":"product_cat-concrete-mixer-truck","8":"first","9":"instock","10":"shipping-taxable","11":"product-type-simple"},"acf":[],"aioseo_notices":[],"_links":{"self":[{"href":"https:\/\/colorskyco.com\/es\/wp-json\/wp\/v2\/product\/206","targetHints":{"allow":["GET"]}}],"collection":[{"href":"https:\/\/colorskyco.com\/es\/wp-json\/wp\/v2\/product"}],"about":[{"href":"https:\/\/colorskyco.com\/es\/wp-json\/wp\/v2\/types\/product"}],"replies":[{"embeddable":true,"href":"https:\/\/colorskyco.com\/es\/wp-json\/wp\/v2\/comments?post=206"}],"version-history":[{"count":4,"href":"https:\/\/colorskyco.com\/es\/wp-json\/wp\/v2\/product\/206\/revisions"}],"predecessor-version":[{"id":31028,"href":"https:\/\/colorskyco.com\/es\/wp-json\/wp\/v2\/product\/206\/revisions\/31028"}],"wp:featuredmedia":[{"embeddable":true,"href":"https:\/\/colorskyco.com\/es\/wp-json\/wp\/v2\/media\/31022"}],"wp:attachment":[{"href":"https:\/\/colorskyco.com\/es\/wp-json\/wp\/v2\/media?parent=206"}],"wp:term":[{"taxonomy":"product_brand","embeddable":true,"href":"https:\/\/colorskyco.com\/es\/wp-json\/wp\/v2\/product_brand?post=206"},{"taxonomy":"product_cat","embeddable":true,"href":"https:\/\/colorskyco.com\/es\/wp-json\/wp\/v2\/product_cat?post=206"},{"taxonomy":"product_tag","embeddable":true,"href":"https:\/\/colorskyco.com\/es\/wp-json\/wp\/v2\/product_tag?post=206"}],"curies":[{"name":"wp","href":"https:\/\/api.w.org\/{rel}","templated":true}]}}