{"id":31459,"date":"2025-11-24T12:25:11","date_gmt":"2025-11-24T04:25:11","guid":{"rendered":"https:\/\/colorskyco.com\/?post_type=product&#038;p=31459"},"modified":"2025-11-30T14:28:38","modified_gmt":"2025-11-30T06:28:38","slug":"used-sany-sr285r-rotary-drilling-rig-2018","status":"publish","type":"product","link":"https:\/\/colorskyco.com\/es\/product\/used-sany-sr285r-rotary-drilling-rig-2018\/","title":{"rendered":"Perforadora rotativa usada SANY SR285R 2018"},"content":{"rendered":"<p><span style=\"color: #000000;\"><strong>Detalles del producto<\/strong><\/span><\/p>\n<p><span style=\"color: #000000;\">Usado <strong>SANY SR285R rotary drilling rig<\/strong> con excelentes prestaciones mec\u00e1nicas.<\/span><br \/>\n<span style=\"color: #000000;\">Simple to operate, reliable, and user-friendly.<\/span><\/p>\n<p><span style=\"color: #000000;\"><strong>Especificaciones<\/strong><\/span><\/p>\n<table>\n<tbody>\n<tr>\n<td width=\"284\"><span style=\"color: #000000;\">Equipamiento<\/span><\/td>\n<td width=\"284\"><span style=\"color: #000000;\">Perforadoras rotativas<\/span><\/td>\n<\/tr>\n<tr>\n<td width=\"284\"><span style=\"color: #000000;\">Lugar de origen<\/span><\/td>\n<td width=\"284\"><span style=\"color: #000000;\">China<\/span><\/td>\n<\/tr>\n<tr>\n<td width=\"284\"><span style=\"color: #000000;\">Marca<\/span><\/td>\n<td width=\"284\"><span style=\"color: #000000;\">Sany<\/span><\/td>\n<\/tr>\n<tr>\n<td width=\"284\"><span style=\"color: #000000;\">N\u00famero de modelo<\/span><\/td>\n<td width=\"284\"><span style=\"color: #000000;\">SR285R<\/span><\/td>\n<\/tr>\n<tr>\n<td width=\"284\"><span style=\"color: #000000;\">Fecha de fabricaci\u00f3n<\/span><\/td>\n<td width=\"284\"><span style=\"color: #000000;\">2018-06<\/span><\/td>\n<\/tr>\n<tr>\n<td width=\"284\"><span style=\"color: #000000;\">Cantidad m\u00ednima de pedido<\/span><\/td>\n<td width=\"284\"><span style=\"color: #000000;\">1 secci\u00f3n<\/span><\/td>\n<\/tr>\n<tr>\n<td width=\"284\"><span style=\"color: #000000;\">Detalles del embalaje<\/span><\/td>\n<td width=\"284\"><span style=\"color: #000000;\">Buque Roro, Buque de carga a granel<\/span><\/td>\n<\/tr>\n<\/tbody>\n<\/table>\n<p>&nbsp;<\/p>","protected":false},"excerpt":{"rendered":"<h2>1. Principales par\u00e1metros de rendimiento<\/h2>\n<table>\n<tbody>\n<tr>\n<td width=\"288\">M\u00e1x. Par de salida<\/td>\n<td width=\"288\">285 kN-m<\/td>\n<\/tr>\n<tr>\n<td width=\"288\">Max. Di\u00e1metro de perforaci\u00f3n (sin revestir \/ revestido)<\/td>\n<td width=\"288\">2300 mm \/ 1900 mm<\/td>\n<\/tr>\n<tr>\n<td width=\"288\">M\u00e1x. Profundidad de perforaci\u00f3n (Kelly de fricci\u00f3n \/ Kelly de enclavamiento)<\/td>\n<td width=\"288\">94 m \/ 61 m<\/td>\n<\/tr>\n<tr>\n<td width=\"288\">Peso operativo<\/td>\n<td width=\"288\">100.000 kg<\/td>\n<\/tr>\n<tr>\n<td width=\"288\">Velocidad de rotaci\u00f3n<\/td>\n<td width=\"288\">5 - 24 rpm<\/td>\n<\/tr>\n<\/tbody>\n<\/table>\n<h2>2. Motor y sistema hidr\u00e1ulico<\/h2>\n<table>\n<tbody>\n<tr>\n<td width=\"288\">Modelo de motor<\/td>\n<td width=\"288\">Isuzu 6WG1X<\/td>\n<\/tr>\n<tr>\n<td width=\"288\">Potencia del motor<\/td>\n<td width=\"288\">300 kW a 1.800 rpm<\/td>\n<\/tr>\n<tr>\n<td width=\"288\">Desplazamiento<\/td>\n<td width=\"288\">15.68 L<\/td>\n<\/tr>\n<tr>\n<td width=\"288\">Norma de emisiones<\/td>\n<td width=\"288\">China Fase III \/ COM III<\/td>\n<\/tr>\n<\/tbody>\n<\/table>\n<h2>3. Sistema de cabrestante<\/h2>\n<table>\n<tbody>\n<tr>\n<td width=\"288\">Capacidad de elevaci\u00f3n del cabrestante principal<\/td>\n<td width=\"288\">330 kN<\/td>\n<\/tr>\n<tr>\n<td width=\"288\">Di\u00e1metro del cable del cabrestante principal<\/td>\n<td width=\"288\">36 mm<\/td>\n<\/tr>\n<tr>\n<td width=\"288\">Capacidad de elevaci\u00f3n del cabrestante auxiliar<\/td>\n<td width=\"288\">90 kN<\/td>\n<\/tr>\n<tr>\n<td width=\"288\">Di\u00e1metro de la cuerda auxiliar<\/td>\n<td width=\"288\">20 mm<\/td>\n<\/tr>\n<\/tbody>\n<\/table>\n<h2>4. Sistema de multitudes<\/h2>\n<table>\n<tbody>\n<tr>\n<td width=\"288\">Fuerza de la multitud (empuje \/ tracci\u00f3n)<\/td>\n<td width=\"288\">260 kN \/ 334 kN<\/td>\n<\/tr>\n<tr>\n<td width=\"288\">Sistema Stroke of Crowd<\/td>\n<td width=\"288\">6000 mm<\/td>\n<\/tr>\n<\/tbody>\n<\/table>\n<h2>5. Barras Kelly<\/h2>\n<p>Configuraci\u00f3n est\u00e1ndar (2018):<\/p>\n<table>\n<tbody>\n<tr>\n<td width=\"288\">Barra Kelly de fricci\u00f3n<\/td>\n<td width=\"288\">\u03a6508 \u00d7 6 \u00d7 16 \/ \u03a6508 \u00d7 6 \u00d7 17<\/td>\n<\/tr>\n<tr>\n<td width=\"288\">Barra Kelly con interbloqueo<\/td>\n<td width=\"288\">\u03a6508 \u00d7 3 \u00d7 15<\/td>\n<\/tr>\n<\/tbody>\n<\/table>\n<p>Configuraci\u00f3n opcional (2018):<\/p>\n<table>\n<tbody>\n<tr>\n<td width=\"288\">Barra Kelly con interbloqueo (Alt.)<\/td>\n<td width=\"288\">\u03a6508 \u00d7 4 \u00d7 16 \/ \u03a6508 \u00d7 4 \u00d7 17<\/td>\n<\/tr>\n<tr>\n<td width=\"288\">Barra Kelly de fricci\u00f3n extendida<\/td>\n<td width=\"288\">Otras opciones personalizadas disponibles<\/td>\n<\/tr>\n<\/tbody>\n<\/table>\n<h2>6. Tren de rodaje y dimensiones<\/h2>\n<table>\n<tbody>\n<tr>\n<td width=\"288\">Ancho de la zapatilla de atletismo<\/td>\n<td width=\"288\">800 mm<\/td>\n<\/tr>\n<tr>\n<td width=\"288\">Longitud del chasis<\/td>\n<td width=\"288\">7475 mm<\/td>\n<\/tr>\n<tr>\n<td width=\"288\">Anchura del chasis (extendido)<\/td>\n<td width=\"288\">4740 - 4760 mm<\/td>\n<\/tr>\n<tr>\n<td width=\"288\">Radio de giro<\/td>\n<td width=\"288\">4530 mm<\/td>\n<\/tr>\n<tr>\n<td width=\"288\">Altura total<\/td>\n<td width=\"288\">25423 mm<\/td>\n<\/tr>\n<\/tbody>\n<\/table>\n<p>&nbsp;<\/p>","protected":false},"featured_media":31922,"comment_status":"open","ping_status":"closed","template":"","meta":{"_acf_changed":false,"_eb_attr":"","_eb_data_table":""},"product_brand":[],"product_cat":[205],"product_tag":[179,178],"class_list":{"0":"post-31459","1":"product","2":"type-product","3":"status-publish","4":"has-post-thumbnail","6":"product_cat-pilling-rig-machine","7":"product_tag-rental","8":"product_tag-used","10":"first","11":"instock","12":"shipping-taxable","13":"product-type-simple"},"acf":[],"aioseo_notices":[],"_links":{"self":[{"href":"https:\/\/colorskyco.com\/es\/wp-json\/wp\/v2\/product\/31459","targetHints":{"allow":["GET"]}}],"collection":[{"href":"https:\/\/colorskyco.com\/es\/wp-json\/wp\/v2\/product"}],"about":[{"href":"https:\/\/colorskyco.com\/es\/wp-json\/wp\/v2\/types\/product"}],"replies":[{"embeddable":true,"href":"https:\/\/colorskyco.com\/es\/wp-json\/wp\/v2\/comments?post=31459"}],"version-history":[{"count":4,"href":"https:\/\/colorskyco.com\/es\/wp-json\/wp\/v2\/product\/31459\/revisions"}],"predecessor-version":[{"id":31884,"href":"https:\/\/colorskyco.com\/es\/wp-json\/wp\/v2\/product\/31459\/revisions\/31884"}],"wp:featuredmedia":[{"embeddable":true,"href":"https:\/\/colorskyco.com\/es\/wp-json\/wp\/v2\/media\/31922"}],"wp:attachment":[{"href":"https:\/\/colorskyco.com\/es\/wp-json\/wp\/v2\/media?parent=31459"}],"wp:term":[{"taxonomy":"product_brand","embeddable":true,"href":"https:\/\/colorskyco.com\/es\/wp-json\/wp\/v2\/product_brand?post=31459"},{"taxonomy":"product_cat","embeddable":true,"href":"https:\/\/colorskyco.com\/es\/wp-json\/wp\/v2\/product_cat?post=31459"},{"taxonomy":"product_tag","embeddable":true,"href":"https:\/\/colorskyco.com\/es\/wp-json\/wp\/v2\/product_tag?post=31459"}],"curies":[{"name":"wp","href":"https:\/\/api.w.org\/{rel}","templated":true}]}}