{"id":32035,"date":"2026-01-05T10:51:40","date_gmt":"2026-01-05T02:51:40","guid":{"rendered":"https:\/\/colorskyco.com\/?post_type=product&#038;p=32035"},"modified":"2026-01-05T14:12:58","modified_gmt":"2026-01-05T06:12:58","slug":"2022-used-sany-truck-crane-55tstc500","status":"publish","type":"product","link":"https:\/\/colorskyco.com\/es\/product\/2022-used-sany-truck-crane-55tstc500\/","title":{"rendered":"2022 Cami\u00f3n gr\u00faa usado SANY 55T(STC550C5)"},"content":{"rendered":"<p><strong><b>Detalles del producto<\/b><\/strong><\/p>\n<p><strong><b>Usado<\/b><\/strong><strong><b>\u00a0Sany <\/b><\/strong><strong><b>Cami\u00f3n gr\u00faa <\/b><\/strong><strong><b>has excellent mechanical performance, simple operation and easy to use<\/b><\/strong><\/p>\n<p><strong><b>Especificaciones<\/b><\/strong><\/p>\n<table>\n<tbody>\n<tr>\n<td width=\"284\">Equipamiento<\/td>\n<td width=\"284\">Cami\u00f3n gr\u00faa<\/td>\n<\/tr>\n<tr>\n<td width=\"284\">Lugar de origen<\/td>\n<td width=\"284\">China<\/td>\n<\/tr>\n<tr>\n<td width=\"284\">Marca<\/td>\n<td width=\"284\">Sany<\/td>\n<\/tr>\n<tr>\n<td width=\"284\">N\u00famero de modelo<\/td>\n<td width=\"284\">STC550C5<\/td>\n<\/tr>\n<tr>\n<td width=\"284\">Fecha de fabricaci\u00f3n<\/td>\n<td width=\"284\">2022-07<\/td>\n<\/tr>\n<tr>\n<td width=\"284\">Cantidad m\u00ednima de pedido<\/td>\n<td width=\"284\">1 secci\u00f3n<\/td>\n<\/tr>\n<tr>\n<td width=\"284\">Detalles del embalaje<\/td>\n<td width=\"284\">Buque Roro, Buque de carga a granel<\/td>\n<\/tr>\n<\/tbody>\n<\/table>","protected":false},"excerpt":{"rendered":"<h1><strong><b>Informaci\u00f3n general<\/b><\/strong><\/h1>\n<table>\n<tbody>\n<tr>\n<td width=\"288\"><strong><b>Especificaci\u00f3n<\/b><\/strong><\/td>\n<td width=\"288\"><strong><b>Detalles<\/b><\/strong><\/td>\n<\/tr>\n<tr>\n<td width=\"288\"><strong><b>Tipo de producto<\/b><\/strong><\/td>\n<td width=\"288\">STC550C5<\/td>\n<\/tr>\n<tr>\n<td width=\"288\"><strong><b>Fabricante<\/b><\/strong><\/td>\n<td width=\"288\">Compa\u00f1\u00eda de fabricaci\u00f3n de autom\u00f3viles SANY, Ltd.<\/td>\n<\/tr>\n<tr>\n<td width=\"288\"><strong><b>Direcci\u00f3n<\/b><\/strong><\/td>\n<td width=\"288\">Parque Industrial SANY, Zona de Desarrollo Econ\u00f3mico y Tecnol\u00f3gico de Changsha, Ciudad de Changsha, Provincia de Hunan<\/td>\n<\/tr>\n<tr>\n<td width=\"288\"><strong><b>Fecha de producci\u00f3n<\/b><\/strong><\/td>\n<td width=\"288\">2022.07<\/td>\n<\/tr>\n<tr>\n<td width=\"288\"><strong><b>Pa\u00eds de fabricaci\u00f3n<\/b><\/strong><\/td>\n<td width=\"288\">Hecho en china<\/td>\n<\/tr>\n<\/tbody>\n<\/table>\n<h1><strong><b>Informaci\u00f3n del motor<\/b><\/strong><\/h1>\n<table>\n<tbody>\n<tr>\n<td width=\"288\"><strong><b>Especificaci\u00f3n<\/b><\/strong><\/td>\n<td width=\"288\"><strong><b>Detalles<\/b><\/strong><\/td>\n<\/tr>\n<tr>\n<td width=\"288\"><strong><b>Motor normalmente<\/b><\/strong><\/td>\n<td width=\"288\">Weichai WP10<\/td>\n<\/tr>\n<tr>\n<td width=\"288\"><strong><b>Potencia del motor <\/b><\/strong><\/td>\n<td width=\"288\">~250 kW (\u2248340 CV)<\/td>\n<\/tr>\n<tr>\n<td width=\"288\"><strong><b>C<\/b><\/strong><strong><b>hassis<\/b><\/strong><\/td>\n<td width=\"288\">Chasis de tracci\u00f3n 8\u00d74<\/td>\n<\/tr>\n<\/tbody>\n<\/table>\n<h1><strong><b>Informaci\u00f3n de peso<\/b><\/strong><\/h1>\n<table>\n<tbody>\n<tr>\n<td width=\"288\"><strong><b>Especificaci\u00f3n<\/b><\/strong><\/td>\n<td width=\"288\"><strong><b>Detalles<\/b><\/strong><\/td>\n<\/tr>\n<tr>\n<td width=\"288\"><strong><b>Capacidad nominal de elevaci\u00f3n<\/b><\/strong><\/td>\n<td width=\"288\">55 t<\/td>\n<\/tr>\n<tr>\n<td width=\"288\"><strong><b>Peso (m\u00e1quina total)<\/b><\/strong><\/td>\n<td width=\"288\">42.000 -44.600 kg<\/td>\n<\/tr>\n<\/tbody>\n<\/table>\n<h1><strong><b>informaci\u00f3n adicional<\/b><\/strong><\/h1>\n<table>\n<tbody>\n<tr>\n<td width=\"288\"><strong><b>Especificaci\u00f3n<\/b><\/strong><\/td>\n<td width=\"288\"><strong><b>Detalles<\/b><\/strong><\/td>\n<\/tr>\n<tr>\n<td width=\"288\"><strong><b>En general<\/b><\/strong><strong><b>l Dimensiones<\/b><\/strong>(L\u00d7A\u00d7H)<\/td>\n<td width=\"288\">13.250 mm \u00d7 2.550 mm \u00d7 3.680 mm<\/td>\n<\/tr>\n<tr>\n<td width=\"288\"><strong><b>Tipo de combustible<\/b><\/strong><\/td>\n<td width=\"288\">Gas\u00f3leo<\/td>\n<\/tr>\n<tr>\n<td width=\"288\"><strong><b>N\u00famero de ejes<\/b><\/strong><\/td>\n<td width=\"288\">4<\/td>\n<\/tr>\n<tr>\n<td width=\"288\"><strong><b>Longitud m\u00e1xima de la pluma<\/b><\/strong><\/td>\n<td width=\"288\">~43 m (hasta 45 m)<\/td>\n<\/tr>\n<tr>\n<td width=\"288\"><strong><b>Brazo auxiliar<\/b><\/strong><\/td>\n<td width=\"288\">~16 m<\/td>\n<\/tr>\n<tr>\n<td width=\"288\"><strong><b>Altura m\u00e1xima (con brazo auxiliar)<\/b><\/strong><\/td>\n<td width=\"288\">~59-61 m<\/td>\n<\/tr>\n<tr>\n<td width=\"288\"><strong><b>Velocidad m\u00e1xima<\/b><\/strong><\/td>\n<td width=\"288\">~85-90 km\/h<\/td>\n<\/tr>\n<tr>\n<td width=\"288\"><strong><b>Momento de elevaci\u00f3n<\/b><\/strong><\/td>\n<td width=\"288\">~2107 kN-m<\/td>\n<\/tr>\n<tr>\n<td width=\"288\"><strong><b>Vano voladizo<\/b><\/strong><\/td>\n<td width=\"288\">~7,4 m \u00d7 6,1 m<\/td>\n<\/tr>\n<\/tbody>\n<\/table>","protected":false},"featured_media":32036,"comment_status":"open","ping_status":"closed","template":"","meta":{"_acf_changed":false,"_eb_attr":"","_eb_data_table":""},"product_brand":[],"product_cat":[204],"product_tag":[178],"class_list":{"0":"post-32035","1":"product","2":"type-product","3":"status-publish","4":"has-post-thumbnail","6":"product_cat-mobile-truck-crane","7":"product_tag-used","9":"first","10":"instock","11":"shipping-taxable","12":"product-type-simple"},"acf":[],"aioseo_notices":[],"_links":{"self":[{"href":"https:\/\/colorskyco.com\/es\/wp-json\/wp\/v2\/product\/32035","targetHints":{"allow":["GET"]}}],"collection":[{"href":"https:\/\/colorskyco.com\/es\/wp-json\/wp\/v2\/product"}],"about":[{"href":"https:\/\/colorskyco.com\/es\/wp-json\/wp\/v2\/types\/product"}],"replies":[{"embeddable":true,"href":"https:\/\/colorskyco.com\/es\/wp-json\/wp\/v2\/comments?post=32035"}],"version-history":[{"count":5,"href":"https:\/\/colorskyco.com\/es\/wp-json\/wp\/v2\/product\/32035\/revisions"}],"predecessor-version":[{"id":32061,"href":"https:\/\/colorskyco.com\/es\/wp-json\/wp\/v2\/product\/32035\/revisions\/32061"}],"wp:featuredmedia":[{"embeddable":true,"href":"https:\/\/colorskyco.com\/es\/wp-json\/wp\/v2\/media\/32036"}],"wp:attachment":[{"href":"https:\/\/colorskyco.com\/es\/wp-json\/wp\/v2\/media?parent=32035"}],"wp:term":[{"taxonomy":"product_brand","embeddable":true,"href":"https:\/\/colorskyco.com\/es\/wp-json\/wp\/v2\/product_brand?post=32035"},{"taxonomy":"product_cat","embeddable":true,"href":"https:\/\/colorskyco.com\/es\/wp-json\/wp\/v2\/product_cat?post=32035"},{"taxonomy":"product_tag","embeddable":true,"href":"https:\/\/colorskyco.com\/es\/wp-json\/wp\/v2\/product_tag?post=32035"}],"curies":[{"name":"wp","href":"https:\/\/api.w.org\/{rel}","templated":true}]}}