{"id":32047,"date":"2026-01-05T13:51:07","date_gmt":"2026-01-05T05:51:07","guid":{"rendered":"https:\/\/colorskyco.com\/?post_type=product&#038;p=32047"},"modified":"2026-01-18T19:03:42","modified_gmt":"2026-01-18T11:03:42","slug":"2022-used-sany-truck-crane-50tstc500t5","status":"publish","type":"product","link":"https:\/\/colorskyco.com\/es\/product\/2022-used-sany-truck-crane-50tstc500t5\/","title":{"rendered":"2022 Cami\u00f3n gr\u00faa usado SANY 50T(STC500T5)"},"content":{"rendered":"<p><strong><b>Detalles del producto<\/b><\/strong><\/p>\n<p><strong><b>Usado<\/b><\/strong><strong><b>\u00a0Sany <\/b><\/strong><strong><b>Cami\u00f3n gr\u00faa <\/b><\/strong><strong><b>has excellent mechanical performance, simple operation and easy to use<\/b><\/strong><\/p>\n<p><strong><b>Especificaciones<\/b><\/strong><\/p>\n<table>\n<tbody>\n<tr>\n<td width=\"284\">Equipamiento<\/td>\n<td width=\"284\">Cami\u00f3n gr\u00faa<\/td>\n<\/tr>\n<tr>\n<td width=\"284\">Lugar de origen<\/td>\n<td width=\"284\">China<\/td>\n<\/tr>\n<tr>\n<td width=\"284\">Marca<\/td>\n<td width=\"284\">Sany<\/td>\n<\/tr>\n<tr>\n<td width=\"284\">N\u00famero de modelo<\/td>\n<td width=\"284\">STC500T5<\/td>\n<\/tr>\n<tr>\n<td width=\"284\">Fecha de fabricaci\u00f3n<\/td>\n<td width=\"284\">2022-08<\/td>\n<\/tr>\n<tr>\n<td width=\"284\">Cantidad m\u00ednima de pedido<\/td>\n<td width=\"284\">1 secci\u00f3n<\/td>\n<\/tr>\n<tr>\n<td width=\"284\">Detalles del embalaje<\/td>\n<td width=\"284\">Buque Roro, Buque de carga a granel<\/td>\n<\/tr>\n<\/tbody>\n<\/table>","protected":false},"excerpt":{"rendered":"<h1><strong><b>Informaci\u00f3n general<\/b><\/strong><\/h1>\n<table>\n<tbody>\n<tr>\n<td width=\"288\"><strong><b>Especificaci\u00f3n<\/b><\/strong><\/td>\n<td width=\"288\"><strong><b>Detalles<\/b><\/strong><\/td>\n<\/tr>\n<tr>\n<td width=\"288\"><strong><b>Tipo de producto<\/b><\/strong><\/td>\n<td width=\"288\">STC500T5<\/td>\n<\/tr>\n<tr>\n<td width=\"288\"><strong><b>Fabricante<\/b><\/strong><\/td>\n<td width=\"288\">Compa\u00f1\u00eda de fabricaci\u00f3n de autom\u00f3viles SANY, Ltd.<\/td>\n<\/tr>\n<tr>\n<td width=\"288\"><strong><b>Direcci\u00f3n<\/b><\/strong><\/td>\n<td width=\"288\">Parque Industrial SANY, Zona de Desarrollo Econ\u00f3mico y Tecnol\u00f3gico de Changsha, Ciudad de Changsha, Provincia de Hunan<\/td>\n<\/tr>\n<tr>\n<td width=\"288\"><strong><b>Fecha de producci\u00f3n<\/b><\/strong><\/td>\n<td width=\"288\">2022.08<\/td>\n<\/tr>\n<tr>\n<td width=\"288\"><strong><b>Pa\u00eds de fabricaci\u00f3n<\/b><\/strong><\/td>\n<td width=\"288\">Hecho en china<\/td>\n<\/tr>\n<\/tbody>\n<\/table>\n<h1><strong><b>Informaci\u00f3n del motor<\/b><\/strong><\/h1>\n<table>\n<tbody>\n<tr>\n<td width=\"288\"><strong><b>Especificaci\u00f3n<\/b><\/strong><\/td>\n<td width=\"288\"><strong><b>Detalles<\/b><\/strong><\/td>\n<\/tr>\n<tr>\n<td width=\"288\"><strong><b>Motor normalmente<\/b><\/strong><\/td>\n<td width=\"288\">Cummins \/ diesel similar<\/td>\n<\/tr>\n<tr>\n<td width=\"288\"><strong><b>Potencia nominal<\/b><\/strong><\/td>\n<td width=\"288\">250 kW a 2100 rpm<\/td>\n<\/tr>\n<tr>\n<td width=\"288\"><strong><b>Par nominal<\/b><\/strong><\/td>\n<td width=\"288\">1425 N-m a 1200 rpm<\/td>\n<\/tr>\n<tr>\n<td width=\"288\"><strong><b>Norma de emisiones<\/b><\/strong><\/td>\n<td width=\"288\">DF Cummins ISLe34030 (Euro \u2162)<\/td>\n<\/tr>\n<\/tbody>\n<\/table>\n<h1><strong><b>Informaci\u00f3n de peso<\/b><\/strong><\/h1>\n<table>\n<tbody>\n<tr>\n<td width=\"288\"><strong><b>Especificaci\u00f3n<\/b><\/strong><\/td>\n<td width=\"288\"><strong><b>Detalles<\/b><\/strong><\/td>\n<\/tr>\n<tr>\n<td width=\"288\"><strong><b>Capacidad nominal de elevaci\u00f3n<\/b><\/strong><\/td>\n<td width=\"288\">50 t<\/td>\n<\/tr>\n<tr>\n<td width=\"288\"><strong><b>Peso (m\u00e1quina total)<\/b><\/strong><\/td>\n<td width=\"288\">41.000 kg<\/td>\n<\/tr>\n<tr>\n<td width=\"288\"><strong><b>Contrapeso<\/b><\/strong><\/td>\n<td width=\"288\">4.8t<\/td>\n<\/tr>\n<\/tbody>\n<\/table>\n<h1><strong><b>informaci\u00f3n adicional<\/b><\/strong><\/h1>\n<table>\n<tbody>\n<tr>\n<td width=\"288\"><strong><b>Especificaci\u00f3n<\/b><\/strong><\/td>\n<td width=\"288\"><strong><b>Detalles<\/b><\/strong><\/td>\n<\/tr>\n<tr>\n<td width=\"288\"><strong><b>En general<\/b><\/strong><strong><b>l Dimensiones<\/b><\/strong>(L\u00d7A\u00d7H)<\/td>\n<td width=\"288\">14.260 mm \u00d7 2.650 mm \u00d7 3.880 mm<\/td>\n<\/tr>\n<tr>\n<td width=\"288\"><strong><b>Tipo de combustible<\/b><\/strong><\/td>\n<td width=\"288\">Gas\u00f3leo<\/td>\n<\/tr>\n<tr>\n<td width=\"288\"><strong><b>N\u00famero de ejes<\/b><\/strong><\/td>\n<td width=\"288\">4<\/td>\n<\/tr>\n<tr>\n<td width=\"288\"><strong><b>N\u00famero de secciones de la pluma<\/b><\/strong><\/td>\n<td width=\"288\">5<\/td>\n<\/tr>\n<tr>\n<td width=\"288\"><strong><b>Max <\/b><\/strong><strong><b>.Foque<\/b><\/strong><strong><b>\u00a0Longitud<\/b><\/strong><\/td>\n<td width=\"288\">16 m<\/td>\n<\/tr>\n<tr>\n<td width=\"288\"><strong><b>Max <\/b><\/strong><strong><b>.<\/b><\/strong><strong><b>Elevaci\u00f3n <\/b><\/strong><strong><b>\u00a0<\/b><\/strong><strong><b>Altura<\/b><\/strong><\/td>\n<td width=\"288\">61 m<\/td>\n<\/tr>\n<tr>\n<td width=\"288\"><strong><b>Momento de elevaci\u00f3n m\u00e1ximo<\/b><\/strong><\/td>\n<td width=\"288\">2058 kN-m<\/td>\n<\/tr>\n<tr>\n<td width=\"288\"><strong><b>Max. Velocidad de desplazamiento<\/b><\/strong><\/td>\n<td width=\"288\">85 km\/h<\/td>\n<\/tr>\n<\/tbody>\n<\/table>","protected":false},"featured_media":32052,"comment_status":"open","ping_status":"closed","template":"","meta":{"_acf_changed":false,"_eb_attr":"","_eb_data_table":""},"product_brand":[],"product_cat":[204],"product_tag":[],"class_list":{"0":"post-32047","1":"product","2":"type-product","3":"status-publish","4":"has-post-thumbnail","6":"product_cat-mobile-truck-crane","8":"first","9":"instock","10":"shipping-taxable","11":"product-type-simple"},"acf":[],"aioseo_notices":[],"_links":{"self":[{"href":"https:\/\/colorskyco.com\/es\/wp-json\/wp\/v2\/product\/32047","targetHints":{"allow":["GET"]}}],"collection":[{"href":"https:\/\/colorskyco.com\/es\/wp-json\/wp\/v2\/product"}],"about":[{"href":"https:\/\/colorskyco.com\/es\/wp-json\/wp\/v2\/types\/product"}],"replies":[{"embeddable":true,"href":"https:\/\/colorskyco.com\/es\/wp-json\/wp\/v2\/comments?post=32047"}],"version-history":[{"count":6,"href":"https:\/\/colorskyco.com\/es\/wp-json\/wp\/v2\/product\/32047\/revisions"}],"predecessor-version":[{"id":32060,"href":"https:\/\/colorskyco.com\/es\/wp-json\/wp\/v2\/product\/32047\/revisions\/32060"}],"wp:featuredmedia":[{"embeddable":true,"href":"https:\/\/colorskyco.com\/es\/wp-json\/wp\/v2\/media\/32052"}],"wp:attachment":[{"href":"https:\/\/colorskyco.com\/es\/wp-json\/wp\/v2\/media?parent=32047"}],"wp:term":[{"taxonomy":"product_brand","embeddable":true,"href":"https:\/\/colorskyco.com\/es\/wp-json\/wp\/v2\/product_brand?post=32047"},{"taxonomy":"product_cat","embeddable":true,"href":"https:\/\/colorskyco.com\/es\/wp-json\/wp\/v2\/product_cat?post=32047"},{"taxonomy":"product_tag","embeddable":true,"href":"https:\/\/colorskyco.com\/es\/wp-json\/wp\/v2\/product_tag?post=32047"}],"curies":[{"name":"wp","href":"https:\/\/api.w.org\/{rel}","templated":true}]}}