{"id":881,"date":"2025-09-17T09:47:25","date_gmt":"2025-09-17T09:47:25","guid":{"rendered":"https:\/\/demo2.mevksa.com\/?post_type=product&#038;p=881"},"modified":"2025-11-30T13:59:57","modified_gmt":"2025-11-30T05:59:57","slug":"sany-sym5353thb-52m-truck-concrete-pump","status":"publish","type":"product","link":"https:\/\/colorskyco.com\/es\/product\/sany-sym5353thb-52m-truck-concrete-pump\/","title":{"rendered":"Bomba de hormig\u00f3n sobre cami\u00f3n usada SANY SYM5353THB 52M 202003"},"content":{"rendered":"<p><span style=\"color: #000000;\"><strong>Detalles del producto<\/strong><\/span><\/p>\n<p><span style=\"color: #000000;\">The used <strong>SANY 52M Truck Mounted Concrete Pump<\/strong> is now available for sale.<\/span><br \/>\n<span style=\"color: #000000;\">Well-maintained and ready for immediate operation.<\/span><\/p>\n<p><span style=\"color: #000000;\"><strong>Especificaciones<\/strong><\/span><\/p>\n<table>\n<tbody>\n<tr>\n<td width=\"284\"><span style=\"color: #000000;\">Equipamiento<\/span><\/td>\n<td width=\"284\"><span style=\"color: #000000;\">Truck Mounted Concrete Pump<\/span><\/td>\n<\/tr>\n<tr>\n<td width=\"284\"><span style=\"color: #000000;\">Lugar de origen<\/span><\/td>\n<td width=\"284\"><span style=\"color: #000000;\">China<\/span><\/td>\n<\/tr>\n<tr>\n<td width=\"284\"><span style=\"color: #000000;\">Marca<\/span><\/td>\n<td width=\"284\"><span style=\"color: #000000;\">Sany<\/span><\/td>\n<\/tr>\n<tr>\n<td width=\"284\"><span style=\"color: #000000;\">N\u00famero de modelo<\/span><\/td>\n<td width=\"284\"><span style=\"color: #000000;\">SYM5353THB 52M<\/span><\/td>\n<\/tr>\n<tr>\n<td width=\"284\"><span style=\"color: #000000;\">Fecha de fabricaci\u00f3n<\/span><\/td>\n<td width=\"284\"><span style=\"color: #000000;\">2020-03<\/span><\/td>\n<\/tr>\n<tr>\n<td width=\"284\"><span style=\"color: #000000;\">Cantidad m\u00ednima de pedido<\/span><\/td>\n<td width=\"284\"><span style=\"color: #000000;\">1 secci\u00f3n<\/span><\/td>\n<\/tr>\n<tr>\n<td width=\"284\"><span style=\"color: #000000;\">Detalles del embalaje<\/span><\/td>\n<td width=\"284\"><span style=\"color: #000000;\">Buque Roro, Buque de carga a granel<\/span><\/td>\n<\/tr>\n<\/tbody>\n<\/table>\n<p>&nbsp;<\/p>","protected":false},"excerpt":{"rendered":"<h2><strong>Datos t\u00e9cnicos de SANY SYM5353THB<br \/>\n<\/strong><\/h2>\n<h1>Informaci\u00f3n general<\/h1>\n<table>\n<tbody>\n<tr>\n<td width=\"288\"><strong>Especificaci\u00f3n<\/strong><\/td>\n<td width=\"288\"><strong>Detalles<\/strong><\/td>\n<\/tr>\n<tr>\n<td width=\"288\"><strong>Tipo de producto<\/strong><\/td>\n<td width=\"288\">SYM5353THB<\/td>\n<\/tr>\n<tr>\n<td width=\"288\"><strong>Fabricante<\/strong><\/td>\n<td width=\"288\">Compa\u00f1\u00eda de fabricaci\u00f3n de autom\u00f3viles SANY, Ltd.<\/td>\n<\/tr>\n<tr>\n<td width=\"288\"><strong>Direcci\u00f3n<\/strong><\/td>\n<td width=\"288\">Parque Industrial SANY, Zona de Desarrollo Econ\u00f3mico y Tecnol\u00f3gico de Changsha, Ciudad de Changsha, Provincia de Hunan<\/td>\n<\/tr>\n<tr>\n<td width=\"288\"><strong>Fecha de producci\u00f3n<\/strong><\/td>\n<td width=\"288\">2020.03<\/td>\n<\/tr>\n<tr>\n<td width=\"288\"><strong>N\u00famero de serie\/f\u00e1brica<\/strong><\/td>\n<td width=\"288\">BC53535353m<\/td>\n<\/tr>\n<tr>\n<td width=\"288\"><strong>Pa\u00eds de fabricaci\u00f3n<\/strong><\/td>\n<td width=\"288\">Hecho en china<\/td>\n<\/tr>\n<\/tbody>\n<\/table>\n<h1>Especificaciones de la pluma<\/h1>\n<table>\n<tbody>\n<tr>\n<td width=\"288\"><strong>Especificaci\u00f3n<\/strong><\/td>\n<td width=\"288\"><strong>Detalles<\/strong><\/td>\n<\/tr>\n<tr>\n<td width=\"288\"><strong>Alcance vertical m\u00e1ximo<\/strong><\/td>\n<td width=\"288\"><strong>51.3 m<\/strong><\/td>\n<\/tr>\n<tr>\n<td width=\"288\"><strong>Alcance horizontal m\u00e1ximo<\/strong><\/td>\n<td width=\"288\"><strong>47.3m<\/strong><\/td>\n<\/tr>\n<\/tbody>\n<\/table>\n<h1>Sistema de bombeo<\/h1>\n<table>\n<tbody>\n<tr>\n<td width=\"288\"><strong>Especificaci\u00f3n<\/strong><\/td>\n<td width=\"288\"><strong>Detalles<\/strong><\/td>\n<\/tr>\n<tr>\n<td width=\"288\"><strong>Producci\u00f3n te\u00f3rica m\u00e1xima<\/strong><\/td>\n<td width=\"288\"><strong>1<\/strong><strong>8<\/strong><strong>0 m\u00b3\/h<\/strong><\/td>\n<\/tr>\n<tr>\n<td width=\"288\"><strong>Presi\u00f3n te\u00f3rica m\u00e1xima<\/strong><\/td>\n<td width=\"288\"><strong>13<\/strong><strong>MPa<\/strong><\/td>\n<\/tr>\n<\/tbody>\n<\/table>\n<h1>Motor<\/h1>\n<table>\n<tbody>\n<tr>\n<td width=\"288\"><strong>Especificaci\u00f3n<\/strong><\/td>\n<td width=\"288\"><strong>Detalles<\/strong><\/td>\n<\/tr>\n<tr>\n<td width=\"288\"><strong>Modelo de motor<\/strong><\/td>\n<td width=\"288\"><strong>OM470LA.5-54<\/strong><\/td>\n<\/tr>\n<tr>\n<td width=\"288\"><strong>Motor Potencia neta m\u00e1xima \/ Velocidad<\/strong><\/td>\n<td width=\"288\"><strong>315 kW \/ 1.600 rpm<\/strong><\/td>\n<\/tr>\n<\/tbody>\n<\/table>\n<h1>Peso y dimensiones<\/h1>\n<table>\n<tbody>\n<tr>\n<td width=\"288\"><strong>Especificaci\u00f3n<\/strong><\/td>\n<td width=\"288\"><strong>Detalles<\/strong><\/td>\n<\/tr>\n<tr>\n<td width=\"288\"><strong>Peso en vac\u00edo<\/strong><\/td>\n<td width=\"288\"><strong>35.000 kg<\/strong><\/td>\n<\/tr>\n<tr>\n<td width=\"288\"><strong>Longitud total<\/strong><\/td>\n<td width=\"288\"><strong>12.380 mm<\/strong><\/td>\n<\/tr>\n<tr>\n<td><strong>Anchura total<\/strong><\/td>\n<td><strong>2.550 mm<\/strong><\/td>\n<\/tr>\n<tr>\n<td><strong>Altura total<\/strong><\/td>\n<td><strong>4.000 mm<\/strong><\/td>\n<\/tr>\n<tr>\n<td><strong>Di\u00e1metro del cilindro de salida<\/strong><\/td>\n<td><strong>260 mm<\/strong><\/td>\n<\/tr>\n<tr>\n<td><strong>Carrera del cilindro de suministro<\/strong><\/td>\n<td><strong>1.900 mm<\/strong><\/td>\n<\/tr>\n<\/tbody>\n<\/table>\n<h1>Voladizos<\/h1>\n<table>\n<tbody>\n<tr>\n<td width=\"288\"><strong>Especificaci\u00f3n<\/strong><\/td>\n<td width=\"288\"><strong>Detalles<\/strong><\/td>\n<\/tr>\n<tr>\n<td width=\"288\"><strong>Capacidad del dep\u00f3sito de combustible\u00a0\u00a0\u00a0\u00a0 <\/strong><\/td>\n<td width=\"288\">600-680 L<\/td>\n<\/tr>\n<tr>\n<td width=\"288\"><strong>Volumen del dep\u00f3sito de agua\u00a0 <\/strong><\/td>\n<td width=\"288\">620 L<\/td>\n<\/tr>\n<tr>\n<td width=\"288\"><strong>Extensi\u00f3n voladiza (frontal)\u00a0\u00a0\u00a0\u00a0\u00a0\u00a0 <\/strong><\/td>\n<td width=\"288\">11.240 mm<\/td>\n<\/tr>\n<tr>\n<td width=\"288\"><strong>Extensi\u00f3n del balanc\u00edn (trasera)\u00a0\u00a0\u00a0\u00a0\u00a0\u00a0\u00a0\u00a0 <\/strong><\/td>\n<td width=\"288\">10.120 mm<\/td>\n<\/tr>\n<\/tbody>\n<\/table>\n<h1>Caracter\u00edsticas principales<\/h1>\n<table>\n<tbody>\n<tr>\n<td width=\"288\"><strong>Especificaci\u00f3n<\/strong><\/td>\n<td width=\"288\"><strong>Detalles<\/strong><\/td>\n<\/tr>\n<tr>\n<td width=\"288\"><strong>Bomba Chassi <\/strong><\/td>\n<td width=\"288\">Mercedes Benz Actores 3343<\/td>\n<\/tr>\n<tr>\n<td width=\"288\"><strong>Norma de emisiones<\/strong><\/td>\n<td width=\"288\">China V<\/td>\n<\/tr>\n<tr>\n<td width=\"288\"><strong>Max. Velocidad en carretera<\/strong><\/td>\n<td width=\"288\">90 km\/h<\/td>\n<\/tr>\n<tr>\n<td width=\"288\"><strong>Altura m\u00ednima de despliegue<\/strong><\/td>\n<td width=\"288\">13.3 m<\/td>\n<\/tr>\n<\/tbody>\n<\/table>\n<p>&nbsp;<\/p>\n<h2><strong>\u00a0<\/strong><\/h2>","protected":false},"featured_media":31664,"comment_status":"open","ping_status":"closed","template":"","meta":{"_acf_changed":false,"_eb_attr":"","_eb_data_table":""},"product_brand":[],"product_cat":[202],"product_tag":[],"class_list":{"0":"post-881","1":"product","2":"type-product","3":"status-publish","4":"has-post-thumbnail","6":"product_cat-truck-mounted-concrete-pump","8":"first","9":"instock","10":"shipping-taxable","11":"product-type-simple"},"acf":[],"aioseo_notices":[],"_links":{"self":[{"href":"https:\/\/colorskyco.com\/es\/wp-json\/wp\/v2\/product\/881","targetHints":{"allow":["GET"]}}],"collection":[{"href":"https:\/\/colorskyco.com\/es\/wp-json\/wp\/v2\/product"}],"about":[{"href":"https:\/\/colorskyco.com\/es\/wp-json\/wp\/v2\/types\/product"}],"replies":[{"embeddable":true,"href":"https:\/\/colorskyco.com\/es\/wp-json\/wp\/v2\/comments?post=881"}],"version-history":[{"count":5,"href":"https:\/\/colorskyco.com\/es\/wp-json\/wp\/v2\/product\/881\/revisions"}],"predecessor-version":[{"id":31891,"href":"https:\/\/colorskyco.com\/es\/wp-json\/wp\/v2\/product\/881\/revisions\/31891"}],"wp:featuredmedia":[{"embeddable":true,"href":"https:\/\/colorskyco.com\/es\/wp-json\/wp\/v2\/media\/31664"}],"wp:attachment":[{"href":"https:\/\/colorskyco.com\/es\/wp-json\/wp\/v2\/media?parent=881"}],"wp:term":[{"taxonomy":"product_brand","embeddable":true,"href":"https:\/\/colorskyco.com\/es\/wp-json\/wp\/v2\/product_brand?post=881"},{"taxonomy":"product_cat","embeddable":true,"href":"https:\/\/colorskyco.com\/es\/wp-json\/wp\/v2\/product_cat?post=881"},{"taxonomy":"product_tag","embeddable":true,"href":"https:\/\/colorskyco.com\/es\/wp-json\/wp\/v2\/product_tag?post=881"}],"curies":[{"name":"wp","href":"https:\/\/api.w.org\/{rel}","templated":true}]}}