{"id":892,"date":"2025-09-18T08:04:27","date_gmt":"2025-09-18T08:04:27","guid":{"rendered":"https:\/\/demo2.mevksa.com\/?post_type=product&#038;p=892"},"modified":"2025-11-30T14:00:23","modified_gmt":"2025-11-30T06:00:23","slug":"sany-truck-mounted-concrete-pump-sym5449thb-56-m","status":"publish","type":"product","link":"https:\/\/colorskyco.com\/es\/product\/sany-truck-mounted-concrete-pump-sym5449thb-56-m\/","title":{"rendered":"Bomba de hormig\u00f3n montada sobre cami\u00f3n usada SANY SYM5449THB 56m 202003"},"content":{"rendered":"<p><span style=\"color: #000000;\"><strong>Detalles del producto<\/strong><\/span><\/p>\n<p><span style=\"color: #000000;\">The used <strong>SANY 56M Truck Mounted Concrete Pump<\/strong> is now available for sale.<\/span><br \/>\n<span style=\"color: #000000;\">Well-maintained and ready for immediate operation.<\/span><\/p>\n<p><span style=\"color: #000000;\"><strong>Especificaciones<\/strong><\/span><\/p>\n<table>\n<tbody>\n<tr>\n<td width=\"284\"><span style=\"color: #000000;\">Equipamiento<\/span><\/td>\n<td width=\"284\"><span style=\"color: #000000;\">Truck Mounted Concrete Pump<\/span><\/td>\n<\/tr>\n<tr>\n<td width=\"284\"><span style=\"color: #000000;\">Lugar de origen<\/span><\/td>\n<td width=\"284\"><span style=\"color: #000000;\">China<\/span><\/td>\n<\/tr>\n<tr>\n<td width=\"284\"><span style=\"color: #000000;\">Marca<\/span><\/td>\n<td width=\"284\"><span style=\"color: #000000;\">Sany<\/span><\/td>\n<\/tr>\n<tr>\n<td width=\"284\"><span style=\"color: #000000;\">N\u00famero de modelo<\/span><\/td>\n<td width=\"284\"><span style=\"color: #000000;\">SYM5353THB 56M<\/span><\/td>\n<\/tr>\n<tr>\n<td width=\"284\"><span style=\"color: #000000;\">Fecha de fabricaci\u00f3n<\/span><\/td>\n<td width=\"284\"><span style=\"color: #000000;\">2020-03<\/span><\/td>\n<\/tr>\n<tr>\n<td width=\"284\"><span style=\"color: #000000;\">Cantidad m\u00ednima de pedido<\/span><\/td>\n<td width=\"284\"><span style=\"color: #000000;\">1 secci\u00f3n<\/span><\/td>\n<\/tr>\n<tr>\n<td width=\"284\"><span style=\"color: #000000;\">Detalles del embalaje<\/span><\/td>\n<td width=\"284\"><span style=\"color: #000000;\">Buque Roro, Buque de carga a granel<\/span><\/td>\n<\/tr>\n<\/tbody>\n<\/table>\n<p>&nbsp;<\/p>","protected":false},"excerpt":{"rendered":"<h2><strong>Bomba de hormig\u00f3n sobre cami\u00f3n SANY SYM5449THB (56 m) - Datos t\u00e9cnicos<\/strong><\/h2>\n<h1>Informaci\u00f3n general<\/h1>\n<table>\n<tbody>\n<tr>\n<td width=\"288\"><strong>Especificaci\u00f3n<\/strong><\/td>\n<td width=\"288\"><strong>Detalles<\/strong><\/td>\n<\/tr>\n<tr>\n<td width=\"288\"><strong>Tipo de producto<\/strong><\/td>\n<td width=\"288\">SYM5449THB<\/td>\n<\/tr>\n<tr>\n<td width=\"288\"><strong>Fabricante<\/strong><\/td>\n<td width=\"288\">Compa\u00f1\u00eda de fabricaci\u00f3n de autom\u00f3viles SANY, Ltd.<\/td>\n<\/tr>\n<tr>\n<td width=\"288\"><strong>Direcci\u00f3n<\/strong><\/td>\n<td width=\"288\">Parque Industrial SANY, Zona de Desarrollo Econ\u00f3mico y Tecnol\u00f3gico de Changsha, Ciudad de Changsha, Provincia de Hunan<\/td>\n<\/tr>\n<tr>\n<td width=\"288\"><strong>Fecha de producci\u00f3n<\/strong><\/td>\n<td width=\"288\">2020.03<\/td>\n<\/tr>\n<tr>\n<td width=\"288\"><strong>N\u00famero de serie\/f\u00e1brica<\/strong><\/td>\n<td width=\"288\">BC5449CA0649<\/td>\n<\/tr>\n<tr>\n<td width=\"288\"><strong>Pa\u00eds de fabricaci\u00f3n<\/strong><\/td>\n<td width=\"288\">Hecho en china<\/td>\n<\/tr>\n<\/tbody>\n<\/table>\n<h1>Especificaciones de la pluma<\/h1>\n<table>\n<tbody>\n<tr>\n<td width=\"288\"><strong>Especificaci\u00f3n<\/strong><\/td>\n<td width=\"288\"><strong>Detalles<\/strong><\/td>\n<\/tr>\n<tr>\n<td width=\"288\"><strong>Alcance vertical m\u00e1ximo<\/strong><\/td>\n<td width=\"288\"><strong>56 m<\/strong><\/td>\n<\/tr>\n<tr>\n<td width=\"288\"><strong>Alcance horizontal m\u00e1ximo<\/strong><\/td>\n<td width=\"288\"><strong>51 m<\/strong><\/td>\n<\/tr>\n<tr>\n<td width=\"288\"><strong>Secciones de la pluma \/ Plegables<\/strong><\/td>\n<td width=\"288\"><strong>6<\/strong><strong>\u2011<\/strong><strong>brazo, RZ plegable<\/strong><\/td>\n<\/tr>\n<\/tbody>\n<\/table>\n<h1>Sistema de bombeo<\/h1>\n<table>\n<tbody>\n<tr>\n<td width=\"288\"><strong>Especificaci\u00f3n<\/strong><\/td>\n<td width=\"288\"><strong>Detalles<\/strong><\/td>\n<\/tr>\n<tr>\n<td width=\"288\"><strong>Producci\u00f3n te\u00f3rica m\u00e1xima<\/strong><\/td>\n<td width=\"288\"><strong>1<\/strong><strong>8<\/strong><strong>0 m\u00b3\/h<\/strong><\/td>\n<\/tr>\n<tr>\n<td width=\"288\"><strong>Presi\u00f3n te\u00f3rica m\u00e1xima<\/strong><\/td>\n<td width=\"288\"><strong>12<\/strong><strong>MPa<\/strong><\/td>\n<\/tr>\n<\/tbody>\n<\/table>\n<h1>Motor<\/h1>\n<table>\n<tbody>\n<tr>\n<td width=\"288\"><strong>Especificaci\u00f3n<\/strong><\/td>\n<td width=\"288\"><strong>Detalles<\/strong><\/td>\n<\/tr>\n<tr>\n<td width=\"288\"><strong>Modelo de motor<\/strong><\/td>\n<td width=\"288\"><strong>OM470LA.5-54<\/strong><\/td>\n<\/tr>\n<tr>\n<td width=\"288\"><strong>Marca del motor<\/strong><\/td>\n<td width=\"288\"><strong>Mercedes<\/strong><strong>\u2011<\/strong><strong>Benz OM501LA (var\u00eda seg\u00fan el chasis)<\/strong><\/td>\n<\/tr>\n<tr>\n<td width=\"288\"><strong>Motor Potencia neta m\u00e1xima \/ Velocidad<\/strong><\/td>\n<td width=\"288\"><strong>315 kW \/ 1.600 rpm<\/strong><\/td>\n<\/tr>\n<tr>\n<td width=\"288\"><strong>Ciclos de bombeo te\u00f3ricos<\/strong><\/td>\n<td width=\"288\"><strong>Hasta 29 carreras\/min (a 12 MPa)<\/strong><\/td>\n<\/tr>\n<\/tbody>\n<\/table>\n<h1><\/h1>\n<h1>Peso y dimensiones<\/h1>\n<table>\n<tbody>\n<tr>\n<td width=\"288\"><strong>Especificaci\u00f3n<\/strong><\/td>\n<td width=\"288\"><strong>Detalles<\/strong><\/td>\n<\/tr>\n<tr>\n<td width=\"288\"><strong>Peso en vac\u00edo<\/strong><\/td>\n<td width=\"288\"><strong>44.000 kg<\/strong><\/td>\n<\/tr>\n<tr>\n<td width=\"288\"><strong>Longitud total<\/strong><\/td>\n<td width=\"288\"><strong>13.860 mm<\/strong><\/td>\n<\/tr>\n<tr>\n<td><strong>Anchura total<\/strong><\/td>\n<td><strong>2.550 mm<\/strong><\/td>\n<\/tr>\n<tr>\n<td><strong>Altura total<\/strong><\/td>\n<td><strong>4.000 mm<\/strong><\/td>\n<\/tr>\n<tr>\n<td><strong>Di\u00e1metro del cilindro de salida<\/strong><\/td>\n<td><strong>260 mm<\/strong><\/td>\n<\/tr>\n<tr>\n<td><strong>Carrera del cilindro de suministro<\/strong><\/td>\n<td><strong>1.900 mm<\/strong><\/td>\n<\/tr>\n<\/tbody>\n<\/table>\n<h1>Voladizos<\/h1>\n<table>\n<tbody>\n<tr>\n<td width=\"288\"><strong>Especificaci\u00f3n<\/strong><\/td>\n<td width=\"288\"><strong>Detalles<\/strong><\/td>\n<\/tr>\n<tr>\n<td width=\"288\"><strong>Capacidad del dep\u00f3sito de combustible\u00a0\u00a0\u00a0\u00a0 <\/strong><\/td>\n<td width=\"288\">600-680 L<\/td>\n<\/tr>\n<tr>\n<td width=\"288\"><strong>Volumen del dep\u00f3sito de agua\u00a0 <\/strong><\/td>\n<td width=\"288\">620 L<\/td>\n<\/tr>\n<tr>\n<td width=\"288\"><strong>Extensi\u00f3n voladiza (frontal)\u00a0\u00a0\u00a0\u00a0\u00a0\u00a0 <\/strong><\/td>\n<td width=\"288\">9.5 m (approx. 31&#8242; 1&#8243;)<\/td>\n<\/tr>\n<tr>\n<td width=\"288\"><strong>Extensi\u00f3n del balanc\u00edn (trasera)\u00a0\u00a0\u00a0\u00a0\u00a0\u00a0\u00a0\u00a0 <\/strong><\/td>\n<td width=\"288\">10.8 m (approx. 35&#8242; 4&#8243;)<\/td>\n<\/tr>\n<\/tbody>\n<\/table>\n<h1>Caracter\u00edsticas principales<\/h1>\n<table>\n<tbody>\n<tr>\n<td width=\"288\"><strong>Especificaci\u00f3n<\/strong><\/td>\n<td width=\"288\"><strong>Detalles<\/strong><\/td>\n<\/tr>\n<tr>\n<td width=\"288\"><strong>Boom Chasis Marca <\/strong><\/td>\n<td width=\"288\"><strong>Mercedes<\/strong><strong>\u2011<\/strong><strong>Benz Actros 4143<\/strong><\/td>\n<\/tr>\n<tr>\n<td width=\"288\"><strong>Norma de emisiones<\/strong><\/td>\n<td width=\"288\"><strong>Euro V \/ China V (var\u00eda seg\u00fan el mercado)<\/strong><\/td>\n<\/tr>\n<tr>\n<td width=\"288\"><strong>Accionamiento del chasis<\/strong><\/td>\n<td width=\"288\"><strong>8<\/strong><strong>\u00d7<\/strong><strong>4<\/strong><\/td>\n<\/tr>\n<\/tbody>\n<\/table>","protected":false},"featured_media":31653,"comment_status":"open","ping_status":"closed","template":"","meta":{"_acf_changed":false,"_eb_attr":"","_eb_data_table":""},"product_brand":[],"product_cat":[202],"product_tag":[],"class_list":{"0":"post-892","1":"product","2":"type-product","3":"status-publish","4":"has-post-thumbnail","6":"product_cat-truck-mounted-concrete-pump","8":"first","9":"instock","10":"shipping-taxable","11":"product-type-simple"},"acf":[],"aioseo_notices":[],"_links":{"self":[{"href":"https:\/\/colorskyco.com\/es\/wp-json\/wp\/v2\/product\/892","targetHints":{"allow":["GET"]}}],"collection":[{"href":"https:\/\/colorskyco.com\/es\/wp-json\/wp\/v2\/product"}],"about":[{"href":"https:\/\/colorskyco.com\/es\/wp-json\/wp\/v2\/types\/product"}],"replies":[{"embeddable":true,"href":"https:\/\/colorskyco.com\/es\/wp-json\/wp\/v2\/comments?post=892"}],"version-history":[{"count":5,"href":"https:\/\/colorskyco.com\/es\/wp-json\/wp\/v2\/product\/892\/revisions"}],"predecessor-version":[{"id":31892,"href":"https:\/\/colorskyco.com\/es\/wp-json\/wp\/v2\/product\/892\/revisions\/31892"}],"wp:featuredmedia":[{"embeddable":true,"href":"https:\/\/colorskyco.com\/es\/wp-json\/wp\/v2\/media\/31653"}],"wp:attachment":[{"href":"https:\/\/colorskyco.com\/es\/wp-json\/wp\/v2\/media?parent=892"}],"wp:term":[{"taxonomy":"product_brand","embeddable":true,"href":"https:\/\/colorskyco.com\/es\/wp-json\/wp\/v2\/product_brand?post=892"},{"taxonomy":"product_cat","embeddable":true,"href":"https:\/\/colorskyco.com\/es\/wp-json\/wp\/v2\/product_cat?post=892"},{"taxonomy":"product_tag","embeddable":true,"href":"https:\/\/colorskyco.com\/es\/wp-json\/wp\/v2\/product_tag?post=892"}],"curies":[{"name":"wp","href":"https:\/\/api.w.org\/{rel}","templated":true}]}}