{"id":902,"date":"2025-09-18T08:11:49","date_gmt":"2025-09-18T08:11:49","guid":{"rendered":"https:\/\/demo2.mevksa.com\/?post_type=product&#038;p=902"},"modified":"2025-12-17T06:36:30","modified_gmt":"2025-12-16T22:36:30","slug":"used-sany-truck-mounted-concrete-pump-sym5538thb-66m","status":"publish","type":"product","link":"https:\/\/colorskyco.com\/es\/product\/used-sany-truck-mounted-concrete-pump-sym5538thb-66m\/","title":{"rendered":"Cami\u00f3n bomba de hormig\u00f3n usado SANY SYM5538THB (66M) 201912"},"content":{"rendered":"<p><span style=\"color: #000000;\"><strong>Detalles del producto<\/strong><\/span><\/p>\n<p><span style=\"color: #000000;\">The used <strong>SANY 66M Truck Mounted Concrete Pump<\/strong> is now available for sale.<\/span><br \/>\n<span style=\"color: #000000;\">Well-maintained and ready for immediate operation.<\/span><\/p>\n<p><span style=\"color: #000000;\"><strong>Especificaciones<\/strong><\/span><\/p>\n<table>\n<tbody>\n<tr>\n<td width=\"284\"><span style=\"color: #000000;\">Equipamiento<\/span><\/td>\n<td width=\"284\"><span style=\"color: #000000;\">Truck Mounted Concrete Pump<\/span><\/td>\n<\/tr>\n<tr>\n<td width=\"284\"><span style=\"color: #000000;\">Lugar de origen<\/span><\/td>\n<td width=\"284\"><span style=\"color: #000000;\">China<\/span><\/td>\n<\/tr>\n<tr>\n<td width=\"284\"><span style=\"color: #000000;\">Marca<\/span><\/td>\n<td width=\"284\"><span style=\"color: #000000;\">Sany<\/span><\/td>\n<\/tr>\n<tr>\n<td width=\"284\"><span style=\"color: #000000;\">N\u00famero de modelo<\/span><\/td>\n<td width=\"284\"><span style=\"color: #000000;\">SYM5638THB 66M<\/span><\/td>\n<\/tr>\n<tr>\n<td width=\"284\"><span style=\"color: #000000;\">Fecha de fabricaci\u00f3n<\/span><\/td>\n<td width=\"284\"><span style=\"color: #000000;\">2019-12<\/span><\/td>\n<\/tr>\n<tr>\n<td width=\"284\"><span style=\"color: #000000;\">Cantidad m\u00ednima de pedido<\/span><\/td>\n<td width=\"284\"><span style=\"color: #000000;\">1 secci\u00f3n<\/span><\/td>\n<\/tr>\n<tr>\n<td width=\"284\"><span style=\"color: #000000;\">Detalles del embalaje<\/span><\/td>\n<td width=\"284\"><span style=\"color: #000000;\">Buque Roro, Buque de carga a granel<\/span><\/td>\n<\/tr>\n<\/tbody>\n<\/table>\n<p>&nbsp;<\/p>","protected":false},"excerpt":{"rendered":"<h2>Bomba de hormig\u00f3n manual 2 SANY - Datos t\u00e9cnicos ampliados<\/h2>\n<h1>Informaci\u00f3n general<\/h1>\n<table>\n<tbody>\n<tr>\n<td width=\"288\"><strong>Especificaci\u00f3n<\/strong><\/td>\n<td width=\"288\"><strong>Detalles<\/strong><\/td>\n<\/tr>\n<tr>\n<td width=\"288\"><strong>Tipo de producto<\/strong><\/td>\n<td width=\"288\">SYM5538THB<\/td>\n<\/tr>\n<tr>\n<td width=\"288\"><strong>Fabricante<\/strong><\/td>\n<td width=\"288\">Compa\u00f1\u00eda de fabricaci\u00f3n de autom\u00f3viles SANY, Ltd.<\/td>\n<\/tr>\n<tr>\n<td width=\"288\"><strong>Direcci\u00f3n<\/strong><\/td>\n<td width=\"288\">Parque Industrial SANY, Zona de Desarrollo Econ\u00f3mico y Tecnol\u00f3gico de Changsha, Ciudad de Changsha, Provincia de Hunan<\/td>\n<\/tr>\n<tr>\n<td width=\"288\"><strong>Fecha de producci\u00f3n<\/strong><\/td>\n<td width=\"288\">2019.12<\/td>\n<\/tr>\n<tr>\n<td width=\"288\"><strong>Pa\u00eds de fabricaci\u00f3n<\/strong><\/td>\n<td width=\"288\">Hecho en china<\/td>\n<\/tr>\n<\/tbody>\n<\/table>\n<h1>Especificaciones de la pluma<\/h1>\n<table>\n<tbody>\n<tr>\n<td width=\"288\"><strong>Especificaci\u00f3n<\/strong><\/td>\n<td width=\"288\"><strong>Detalles<\/strong><\/td>\n<\/tr>\n<tr>\n<td width=\"288\"><strong>Alcance vertical m\u00e1ximo<\/strong><\/td>\n<td width=\"288\"><strong>65.5 m<\/strong><\/td>\n<\/tr>\n<tr>\n<td width=\"288\"><strong>Alcance horizontal m\u00e1ximo<\/strong><\/td>\n<td width=\"288\"><strong>60.5 m<\/strong><\/td>\n<\/tr>\n<tr>\n<td width=\"288\"><strong>Estructura de la pluma<\/strong><\/td>\n<td width=\"288\"><strong>6<\/strong><strong>\u2011<\/strong><strong>Brazo, RZ Plegable<\/strong><\/td>\n<\/tr>\n<tr>\n<td width=\"288\"><strong>Longitud de las secciones de la pluma<\/strong><\/td>\n<td width=\"288\"><strong>1\u00ba: 13.735 mm; 2\u00ba: 10.615 mm; 3\u00ba: 10.225 mm; 4\u00ba: 13.583 mm; 5\u00ba: 8.210 mm; 6\u00ba: 5.832 mm<\/strong><\/td>\n<\/tr>\n<tr>\n<td width=\"288\"><strong>\u00c1ngulos de la secci\u00f3n de la pluma<\/strong><\/td>\n<td width=\"288\"><strong>1\u00ba: 89<\/strong><strong>\u00b0<\/strong><strong>; 2\u00ba: 180<\/strong><strong>\u00b0<\/strong><strong>; 3\u00ba: 180<\/strong><strong>\u00b0<\/strong><strong>; 4\u00ba: 230<\/strong><strong>\u00b0<\/strong><strong>; 5\u00ba: 180<\/strong><strong>\u00b0<\/strong><strong>; 6\u00ba: 100<\/strong><strong>\u00b0<\/strong><\/td>\n<\/tr>\n<\/tbody>\n<\/table>\n<h1>Sistema de bombeo<\/h1>\n<table>\n<tbody>\n<tr>\n<td width=\"288\"><strong>Especificaci\u00f3n<\/strong><\/td>\n<td width=\"288\"><strong>Detalles<\/strong><\/td>\n<\/tr>\n<tr>\n<td width=\"288\"><strong>Producci\u00f3n te\u00f3rica m\u00e1xima<\/strong><\/td>\n<td width=\"288\"><strong>1<\/strong><strong>8<\/strong><strong>0 m\u00b3\/h<\/strong><\/td>\n<\/tr>\n<tr>\n<td width=\"288\"><strong>Presi\u00f3n te\u00f3rica m\u00e1xima<\/strong><\/td>\n<td width=\"288\"><strong>13<\/strong><strong>MPa<\/strong><\/td>\n<\/tr>\n<\/tbody>\n<\/table>\n<h1>Motor<\/h1>\n<table>\n<tbody>\n<tr>\n<td width=\"288\"><strong>Especificaci\u00f3n<\/strong><\/td>\n<td width=\"288\"><strong>Detalles<\/strong><\/td>\n<\/tr>\n<tr>\n<td width=\"288\"><strong>Modelo de motor<\/strong><\/td>\n<td width=\"288\">D13C540S EUV<\/td>\n<\/tr>\n<tr>\n<td width=\"288\"><strong>Motor Potencia neta m\u00e1xima \/ Velocidad<\/strong><\/td>\n<td width=\"288\">397 kW \/ 1.800 rpm<\/td>\n<\/tr>\n<tr>\n<td width=\"288\"><strong>Ciclos de bombeo te\u00f3ricos<\/strong><\/td>\n<td width=\"288\">Baja presi\u00f3n: 29 carreras\/min; Alta presi\u00f3n: 19 carreras\/min<\/td>\n<\/tr>\n<\/tbody>\n<\/table>\n<h1>Peso y dimensiones<\/h1>\n<table>\n<tbody>\n<tr>\n<td width=\"288\"><strong>Especificaci\u00f3n<\/strong><\/td>\n<td width=\"288\"><strong>Detalles<\/strong><\/td>\n<\/tr>\n<tr>\n<td width=\"288\"><strong>Peso en vac\u00edo<\/strong><\/td>\n<td width=\"288\"><strong>53.000 kg<\/strong><\/td>\n<\/tr>\n<tr>\n<td width=\"288\"><strong>Longitud total<\/strong><\/td>\n<td width=\"288\"><strong>16.600 mm<\/strong><\/td>\n<\/tr>\n<tr>\n<td><strong>Anchura total<\/strong><\/td>\n<td><strong>2.550 mm<\/strong><\/td>\n<\/tr>\n<tr>\n<td><strong>Altura total<\/strong><\/td>\n<td><strong>4.000 mm<\/strong><\/td>\n<\/tr>\n<tr>\n<td><strong>Di\u00e1metro del cilindro de salida<\/strong><\/td>\n<td><strong>260 mm<\/strong><\/td>\n<\/tr>\n<tr>\n<td><strong>Carrera del cilindro de suministro<\/strong><\/td>\n<td><strong>1.900 mm<\/strong><\/td>\n<\/tr>\n<\/tbody>\n<\/table>\n<h1>Voladizos<\/h1>\n<table>\n<tbody>\n<tr>\n<td width=\"288\"><strong>Especificaci\u00f3n<\/strong><\/td>\n<td width=\"288\"><strong>Detalles<\/strong><\/td>\n<\/tr>\n<tr>\n<td width=\"288\"><strong>Capacidad del dep\u00f3sito de combustible<\/strong><\/td>\n<td width=\"288\"><strong>880 L<\/strong><\/td>\n<\/tr>\n<tr>\n<td width=\"288\"><strong>Capacidad del dep\u00f3sito de agua<\/strong><\/td>\n<td width=\"288\"><strong>700 L<\/strong><\/td>\n<\/tr>\n<tr>\n<td width=\"288\"><strong>Extensi\u00f3n voladiza (frontal)<\/strong><\/td>\n<td width=\"288\"><strong>12.444 mm<\/strong><\/td>\n<\/tr>\n<tr>\n<td width=\"288\"><strong>Extensi\u00f3n del balanc\u00edn (trasera)<\/strong><\/td>\n<td width=\"288\"><strong>15.102 mm<\/strong><\/td>\n<\/tr>\n<\/tbody>\n<\/table>\n<h1>Caracter\u00edsticas principales<\/h1>\n<table>\n<tbody>\n<tr>\n<td width=\"288\"><strong>Especificaci\u00f3n<\/strong><\/td>\n<td width=\"288\"><strong>Detalles<\/strong><\/td>\n<\/tr>\n<tr>\n<td width=\"288\"><strong>Marca\/Modelo de chasis<\/strong><\/td>\n<td width=\"288\"><strong>Volvo FM540<\/strong><strong>\u2011<\/strong><strong>104R B<\/strong><\/td>\n<\/tr>\n<tr>\n<td width=\"288\"><strong>Norma de emisiones<\/strong><\/td>\n<td width=\"288\"><strong>Euro V \/ Pa\u00eds V<\/strong><\/td>\n<\/tr>\n<tr>\n<td width=\"288\"><strong>Accionamiento del chasis<\/strong><\/td>\n<td width=\"288\"><strong>8<\/strong><strong>\u00d7<\/strong><strong>4<\/strong><\/td>\n<\/tr>\n<tr>\n<td width=\"288\"><strong>Velocidad m\u00e1xima en carretera<\/strong><\/td>\n<td width=\"288\"><strong>85 km\/h<\/strong><\/td>\n<\/tr>\n<\/tbody>\n<\/table>","protected":false},"featured_media":31649,"comment_status":"open","ping_status":"closed","template":"","meta":{"_acf_changed":false,"_eb_attr":"","_eb_data_table":""},"product_brand":[],"product_cat":[202],"product_tag":[],"class_list":{"0":"post-902","1":"product","2":"type-product","3":"status-publish","4":"has-post-thumbnail","6":"product_cat-truck-mounted-concrete-pump","8":"first","9":"instock","10":"shipping-taxable","11":"product-type-simple"},"acf":[],"aioseo_notices":[],"_links":{"self":[{"href":"https:\/\/colorskyco.com\/es\/wp-json\/wp\/v2\/product\/902","targetHints":{"allow":["GET"]}}],"collection":[{"href":"https:\/\/colorskyco.com\/es\/wp-json\/wp\/v2\/product"}],"about":[{"href":"https:\/\/colorskyco.com\/es\/wp-json\/wp\/v2\/types\/product"}],"replies":[{"embeddable":true,"href":"https:\/\/colorskyco.com\/es\/wp-json\/wp\/v2\/comments?post=902"}],"version-history":[{"count":5,"href":"https:\/\/colorskyco.com\/es\/wp-json\/wp\/v2\/product\/902\/revisions"}],"predecessor-version":[{"id":31893,"href":"https:\/\/colorskyco.com\/es\/wp-json\/wp\/v2\/product\/902\/revisions\/31893"}],"wp:featuredmedia":[{"embeddable":true,"href":"https:\/\/colorskyco.com\/es\/wp-json\/wp\/v2\/media\/31649"}],"wp:attachment":[{"href":"https:\/\/colorskyco.com\/es\/wp-json\/wp\/v2\/media?parent=902"}],"wp:term":[{"taxonomy":"product_brand","embeddable":true,"href":"https:\/\/colorskyco.com\/es\/wp-json\/wp\/v2\/product_brand?post=902"},{"taxonomy":"product_cat","embeddable":true,"href":"https:\/\/colorskyco.com\/es\/wp-json\/wp\/v2\/product_cat?post=902"},{"taxonomy":"product_tag","embeddable":true,"href":"https:\/\/colorskyco.com\/es\/wp-json\/wp\/v2\/product_tag?post=902"}],"curies":[{"name":"wp","href":"https:\/\/api.w.org\/{rel}","templated":true}]}}