{"id":916,"date":"2025-09-19T02:52:27","date_gmt":"2025-09-19T02:52:27","guid":{"rendered":"https:\/\/demo2.mevksa.com\/?post_type=product&#038;p=916"},"modified":"2025-12-01T17:14:28","modified_gmt":"2025-12-01T09:14:28","slug":"sany-concrete-pump-truck-sym5552thb-71m","status":"publish","type":"product","link":"https:\/\/colorskyco.com\/es\/product\/sany-concrete-pump-truck-sym5552thb-71m\/","title":{"rendered":"Cami\u00f3n hormigonera usado SYM5552THB 71m SANY 202308"},"content":{"rendered":"<p><strong><b>Detalles del producto<\/b><\/strong><\/p>\n<p>The used <strong><b>SANY <\/b><\/strong><strong><b>71M<\/b><\/strong><strong><b>\u00a0<\/b><\/strong><strong><b>Truck Mounted Concrete <\/b><\/strong><strong><b>P<\/b><\/strong><strong><b>ump<\/b><\/strong>\u00a0is now available for sale.<br \/>\nWell-maintained and ready for immediate operation.<\/p>\n<p><strong><b>Especificaciones<\/b><\/strong><\/p>\n<table>\n<tbody>\n<tr>\n<td width=\"284\">Equipamiento<\/td>\n<td width=\"284\">Truck Mounted Concrete Pump<\/td>\n<\/tr>\n<tr>\n<td width=\"284\">Lugar de origen<\/td>\n<td width=\"284\">China<\/td>\n<\/tr>\n<tr>\n<td width=\"284\">Marca<\/td>\n<td width=\"284\">Sany<\/td>\n<\/tr>\n<tr>\n<td width=\"284\">N\u00famero de modelo<\/td>\n<td width=\"284\">SYM5552THB 71M<\/td>\n<\/tr>\n<tr>\n<td width=\"284\">Fecha de fabricaci\u00f3n<\/td>\n<td width=\"284\">2023-08<\/td>\n<\/tr>\n<tr>\n<td width=\"284\">Cantidad m\u00ednima de pedido<\/td>\n<td width=\"284\">1 secci\u00f3n<\/td>\n<\/tr>\n<tr>\n<td width=\"284\">Detalles del embalaje<\/td>\n<td width=\"284\">Buque Roro, Buque de carga a granel<\/td>\n<\/tr>\n<\/tbody>\n<\/table>","protected":false},"excerpt":{"rendered":"<p>SANY SYM5552THB 71M\u00a0Truck Mounted Concrete Pump<\/p>\n<p>Ficha t\u00e9cnica<\/p>\n<h1><strong><b>Informaci\u00f3n general<\/b><\/strong><\/h1>\n<table>\n<tbody>\n<tr>\n<td width=\"288\"><strong><b>Especificaci\u00f3n<\/b><\/strong><\/td>\n<td width=\"288\"><strong><b>Detalles<\/b><\/strong><\/td>\n<\/tr>\n<tr>\n<td width=\"288\"><strong><b>Tipo de producto<\/b><\/strong><\/td>\n<td width=\"288\">SYM5551THB1F<\/td>\n<\/tr>\n<tr>\n<td width=\"288\"><strong><b>Fabricante<\/b><\/strong><\/td>\n<td width=\"288\">Compa\u00f1\u00eda de fabricaci\u00f3n de autom\u00f3viles SANY, Ltd.<\/td>\n<\/tr>\n<tr>\n<td width=\"288\"><strong><b>Direcci\u00f3n<\/b><\/strong><\/td>\n<td width=\"288\">Parque Industrial SANY, Zona de Desarrollo Econ\u00f3mico y Tecnol\u00f3gico de Changsha, Ciudad de Changsha, Provincia de Hunan<\/td>\n<\/tr>\n<tr>\n<td width=\"288\"><strong><b>Fecha de producci\u00f3n<\/b><\/strong><\/td>\n<td width=\"288\">2023.08<\/td>\n<\/tr>\n<tr>\n<td width=\"288\"><strong><b>Pa\u00eds de fabricaci\u00f3n<\/b><\/strong><\/td>\n<td width=\"288\">Hecho en china<\/td>\n<\/tr>\n<\/tbody>\n<\/table>\n<h1><strong><b>Especificaciones de la pluma<\/b><\/strong><\/h1>\n<table>\n<tbody>\n<tr>\n<td width=\"288\"><strong><b>Especificaci\u00f3n<\/b><\/strong><\/td>\n<td width=\"288\"><strong><b>Detalles<\/b><\/strong><\/td>\n<\/tr>\n<tr>\n<td width=\"288\"><strong><b>Alcance vertical m\u00e1ximo<\/b><\/strong><\/td>\n<td width=\"288\"><strong><b>70.2 m<\/b><\/strong><\/td>\n<\/tr>\n<tr>\n<td width=\"288\"><strong><b>Alcance horizontal m\u00e1ximo<\/b><\/strong><\/td>\n<td width=\"288\"><strong><b>63.5 m<\/b><\/strong><\/td>\n<\/tr>\n<\/tbody>\n<\/table>\n<h1><strong><b>Sistema de bombeo<\/b><\/strong><\/h1>\n<table>\n<tbody>\n<tr>\n<td width=\"288\"><strong><b>Especificaci\u00f3n<\/b><\/strong><\/td>\n<td width=\"288\"><strong><b>Detalles<\/b><\/strong><\/td>\n<\/tr>\n<tr>\n<td width=\"288\"><strong><b>Producci\u00f3n te\u00f3rica m\u00e1xima<\/b><\/strong><\/td>\n<td width=\"288\"><strong><b>1<\/b><\/strong><strong><b>8<\/b><\/strong><strong><b>0 m\u00b3\/h<\/b><\/strong><\/td>\n<\/tr>\n<tr>\n<td width=\"288\"><strong><b>Presi\u00f3n te\u00f3rica m\u00e1xima<\/b><\/strong><\/td>\n<td width=\"288\"><strong><b>13<\/b><\/strong><strong><b>MPa<\/b><\/strong><\/td>\n<\/tr>\n<\/tbody>\n<\/table>\n<h1><strong><b>Motor<\/b><\/strong><\/h1>\n<table>\n<tbody>\n<tr>\n<td width=\"288\"><strong><b>Especificaci\u00f3n<\/b><\/strong><\/td>\n<td width=\"288\"><strong><b>Detalles<\/b><\/strong><\/td>\n<\/tr>\n<tr>\n<td width=\"288\"><strong><b>Modelo de motor<\/b><\/strong><\/td>\n<td width=\"288\">D13C6-530E4<\/td>\n<\/tr>\n<tr>\n<td width=\"288\"><strong><b>Motor Potencia neta m\u00e1xima \/ Velocidad<\/b><\/strong><\/td>\n<td width=\"288\"><strong><b>385 kW \/ 1.900 rpm<\/b><\/strong><\/td>\n<\/tr>\n<tr>\n<td width=\"288\">Cilindrada del motor<\/td>\n<td width=\"288\"><strong><b>12.94L<\/b><\/strong><\/td>\n<\/tr>\n<\/tbody>\n<\/table>\n<h1><strong><b>Peso y dimensiones<\/b><\/strong><\/h1>\n<table>\n<tbody>\n<tr>\n<td width=\"288\"><strong><b>Especificaci\u00f3n<\/b><\/strong><\/td>\n<td width=\"288\"><strong><b>Detalles<\/b><\/strong><\/td>\n<\/tr>\n<tr>\n<td width=\"288\"><strong><b>Peso en vac\u00edo<\/b><\/strong><\/td>\n<td width=\"288\"><strong><b>55.000 kg<\/b><\/strong><\/td>\n<\/tr>\n<tr>\n<td width=\"288\"><strong><b>Longitud total<\/b><\/strong><\/td>\n<td width=\"288\"><strong><b>16.090 mm<\/b><\/strong><\/td>\n<\/tr>\n<tr>\n<td><strong><b>Anchura total<\/b><\/strong><\/td>\n<td><strong><b>2.550 mm<\/b><\/strong><\/td>\n<\/tr>\n<tr>\n<td><strong><b>Altura total<\/b><\/strong><\/td>\n<td><strong><b>4.000 mm<\/b><\/strong><\/td>\n<\/tr>\n<tr>\n<td><strong><b>Di\u00e1metro del cilindro de salida<\/b><\/strong><\/td>\n<td><strong><b>260 mm<\/b><\/strong><\/td>\n<\/tr>\n<tr>\n<td><strong><b>Carrera del cilindro de suministro<\/b><\/strong><\/td>\n<td><strong><b>2.100 mm<\/b><\/strong><\/td>\n<\/tr>\n<\/tbody>\n<\/table>\n<h1><strong><b>Voladizos<\/b><\/strong><\/h1>\n<table>\n<tbody>\n<tr>\n<td width=\"288\"><strong><b>Especificaci\u00f3n<\/b><\/strong><\/td>\n<td width=\"288\"><strong><b>Detalles<\/b><\/strong><\/td>\n<\/tr>\n<tr>\n<td width=\"288\">Capacidad del dep\u00f3sito de combustible<\/td>\n<td width=\"288\">600 L<\/td>\n<\/tr>\n<tr>\n<td width=\"288\">Volumen del dep\u00f3sito de agua<\/td>\n<td width=\"288\">750 + 750 L<\/td>\n<\/tr>\n<tr>\n<td width=\"288\">Extensi\u00f3n voladiza (frontal)<\/td>\n<td width=\"288\"><strong><b>12110mm<\/b><\/strong><\/td>\n<\/tr>\n<tr>\n<td width=\"288\">Extensi\u00f3n del balanc\u00edn (trasera)<\/td>\n<td width=\"288\">14990mm<\/td>\n<\/tr>\n<\/tbody>\n<\/table>\n<h1><strong><b>Caracter\u00edsticas principales<\/b><\/strong><\/h1>\n<table>\n<tbody>\n<tr>\n<td width=\"288\"><strong><b>Especificaci\u00f3n<\/b><\/strong><\/td>\n<td width=\"288\"><strong><b>Detalles<\/b><\/strong><\/td>\n<\/tr>\n<tr>\n<td width=\"288\"><strong><b>Norma de emisiones<\/b><\/strong><\/td>\n<td width=\"288\">China VI<\/td>\n<\/tr>\n<tr>\n<td width=\"288\">Velocidad m\u00e1xima en carretera<\/td>\n<td width=\"288\">90 km\/h<\/td>\n<\/tr>\n<\/tbody>\n<\/table>\n<h2><\/h2>","protected":false},"featured_media":31629,"comment_status":"open","ping_status":"closed","template":"","meta":{"_acf_changed":false,"_eb_attr":"","_eb_data_table":""},"product_brand":[],"product_cat":[202],"product_tag":[],"class_list":{"0":"post-916","1":"product","2":"type-product","3":"status-publish","4":"has-post-thumbnail","6":"product_cat-truck-mounted-concrete-pump","8":"first","9":"instock","10":"shipping-taxable","11":"product-type-simple"},"acf":[],"aioseo_notices":[],"_links":{"self":[{"href":"https:\/\/colorskyco.com\/es\/wp-json\/wp\/v2\/product\/916","targetHints":{"allow":["GET"]}}],"collection":[{"href":"https:\/\/colorskyco.com\/es\/wp-json\/wp\/v2\/product"}],"about":[{"href":"https:\/\/colorskyco.com\/es\/wp-json\/wp\/v2\/types\/product"}],"replies":[{"embeddable":true,"href":"https:\/\/colorskyco.com\/es\/wp-json\/wp\/v2\/comments?post=916"}],"version-history":[{"count":8,"href":"https:\/\/colorskyco.com\/es\/wp-json\/wp\/v2\/product\/916\/revisions"}],"predecessor-version":[{"id":32003,"href":"https:\/\/colorskyco.com\/es\/wp-json\/wp\/v2\/product\/916\/revisions\/32003"}],"wp:featuredmedia":[{"embeddable":true,"href":"https:\/\/colorskyco.com\/es\/wp-json\/wp\/v2\/media\/31629"}],"wp:attachment":[{"href":"https:\/\/colorskyco.com\/es\/wp-json\/wp\/v2\/media?parent=916"}],"wp:term":[{"taxonomy":"product_brand","embeddable":true,"href":"https:\/\/colorskyco.com\/es\/wp-json\/wp\/v2\/product_brand?post=916"},{"taxonomy":"product_cat","embeddable":true,"href":"https:\/\/colorskyco.com\/es\/wp-json\/wp\/v2\/product_cat?post=916"},{"taxonomy":"product_tag","embeddable":true,"href":"https:\/\/colorskyco.com\/es\/wp-json\/wp\/v2\/product_tag?post=916"}],"curies":[{"name":"wp","href":"https:\/\/api.w.org\/{rel}","templated":true}]}}