{"id":942,"date":"2025-09-23T02:31:05","date_gmt":"2025-09-23T02:31:05","guid":{"rendered":"https:\/\/demo2.mevksa.com\/?post_type=product&#038;p=942"},"modified":"2025-11-30T13:53:06","modified_gmt":"2025-11-30T05:53:06","slug":"2-hand-sany-truck-crane-50t-sym5420jqz-stc500e5-2021","status":"publish","type":"product","link":"https:\/\/colorskyco.com\/es\/product\/2-hand-sany-truck-crane-50t-sym5420jqz-stc500e5-2021\/","title":{"rendered":"2 Mano SANY Cami\u00f3n Gr\u00faa 50T SYM5420JQZ (STC500E5) 2021"},"content":{"rendered":"<p><span style=\"color: #000000;\"><strong>Detalles del producto<\/strong><\/span><\/p>\n<p><span style=\"color: #000000;\"><strong>El cami\u00f3n gr\u00faa usado Sany tiene un excelente rendimiento mec\u00e1nico, un funcionamiento sencillo y es f\u00e1cil de usar.<\/strong><\/span><\/p>\n<p><span style=\"color: #000000;\"><strong>Especificaciones<\/strong><\/span><\/p>\n<table>\n<tbody>\n<tr>\n<td width=\"284\"><span style=\"color: #000000;\">Equipamiento<\/span><\/td>\n<td width=\"284\"><span style=\"color: #000000;\">Cami\u00f3n gr\u00faa<\/span><\/td>\n<\/tr>\n<tr>\n<td width=\"284\"><span style=\"color: #000000;\">Lugar de origen<\/span><\/td>\n<td width=\"284\"><span style=\"color: #000000;\">China<\/span><\/td>\n<\/tr>\n<tr>\n<td width=\"284\"><span style=\"color: #000000;\">Marca<\/span><\/td>\n<td width=\"284\"><span style=\"color: #000000;\">Sany<\/span><\/td>\n<\/tr>\n<tr>\n<td width=\"284\"><span style=\"color: #000000;\">N\u00famero de modelo<\/span><\/td>\n<td width=\"284\"><span style=\"color: #000000;\">SYM5420J<\/span><\/td>\n<\/tr>\n<tr>\n<td width=\"284\"><span style=\"color: #000000;\">Fecha de fabricaci\u00f3n<\/span><\/td>\n<td width=\"284\"><span style=\"color: #000000;\">2021-03<\/span><\/td>\n<\/tr>\n<tr>\n<td width=\"284\"><span style=\"color: #000000;\">Cantidad m\u00ednima de pedido<\/span><\/td>\n<td width=\"284\"><span style=\"color: #000000;\">1 secci\u00f3n<\/span><\/td>\n<\/tr>\n<tr>\n<td width=\"284\"><span style=\"color: #000000;\">Detalles del embalaje<\/span><\/td>\n<td width=\"284\"><span style=\"color: #000000;\">Buque Roro, Buque de carga a granel<\/span><\/td>\n<\/tr>\n<\/tbody>\n<\/table>\n<p>&nbsp;<\/p>","protected":false},"excerpt":{"rendered":"<h2><strong><b>\u00a0Usado <\/b><\/strong><strong><b>Cami\u00f3n gr\u00faa <\/b><\/strong><strong><b>SANY <\/b><\/strong><b><\/b><strong><b>SYM5420JQZ (STC500E5) <\/b><\/strong><strong><b>50T-T\u00e9cnico<\/b><\/strong><strong><b> Datos<\/b><\/strong><\/h2>\n<h1>Informaci\u00f3n general<\/h1>\n<table>\n<tbody>\n<tr>\n<td width=\"288\">\n<h2><strong>Especificaci\u00f3n<\/strong><\/h2>\n<\/td>\n<td width=\"288\">\n<h2><strong>Detalles<\/strong><\/h2>\n<\/td>\n<\/tr>\n<tr>\n<td width=\"288\"><strong>Tipo de producto<\/strong><\/td>\n<td width=\"288\">SYM5420J<\/td>\n<\/tr>\n<tr>\n<td width=\"288\"><strong>Fabricante<\/strong><\/td>\n<td width=\"288\">Compa\u00f1\u00eda de fabricaci\u00f3n de autom\u00f3viles SANY, Ltd.<\/td>\n<\/tr>\n<tr>\n<td width=\"288\"><strong>Direcci\u00f3n<\/strong><\/td>\n<td width=\"288\">Parque Industrial SANY, Zona de Desarrollo Econ\u00f3mico y Tecnol\u00f3gico de Changsha, Ciudad de Changsha, Provincia de Hunan<\/td>\n<\/tr>\n<tr>\n<td width=\"288\"><strong>Fecha de producci\u00f3n<\/strong><\/td>\n<td width=\"288\">2021.03<\/td>\n<\/tr>\n<tr>\n<td width=\"288\"><strong>Pa\u00eds de fabricaci\u00f3n<\/strong><\/td>\n<td width=\"288\">Hecho en china<\/td>\n<\/tr>\n<\/tbody>\n<\/table>\n<h1>Informaci\u00f3n del motor<\/h1>\n<table>\n<tbody>\n<tr>\n<td width=\"288\"><strong>Especificaci\u00f3n<\/strong><\/td>\n<td width=\"288\"><strong>Detalles<\/strong><\/td>\n<\/tr>\n<tr>\n<td width=\"288\"><strong>Modelo de motor<\/strong><\/td>\n<td width=\"288\"><strong>WP9H336E50<\/strong><\/td>\n<\/tr>\n<tr>\n<td width=\"288\"><strong>Potencia nominal del motor \/ velocidad<\/strong><\/td>\n<td width=\"288\"><strong>247 kW a 1.900 rpm<\/strong><\/td>\n<\/tr>\n<tr>\n<td width=\"288\"><strong>Potencia m\u00e1xima disponible del motor\/velocidad<\/strong><\/td>\n<td width=\"288\"><strong>24<\/strong><strong>2<\/strong><strong> kW a 1900 rpm<\/strong><\/td>\n<\/tr>\n<\/tbody>\n<\/table>\n<h1>Informaci\u00f3n de peso<\/h1>\n<table>\n<tbody>\n<tr>\n<td width=\"288\"><strong>Especificaci\u00f3n<\/strong><\/td>\n<td width=\"288\"><strong>Detalles<\/strong><\/td>\n<\/tr>\n<tr>\n<td width=\"288\"><strong>Masa en orden de marcha (chasis completo)<\/strong><\/td>\n<td width=\"288\"><strong>19.470 kg<\/strong><\/td>\n<\/tr>\n<tr>\n<td width=\"288\"><strong>Masa bruta admisible<\/strong><\/td>\n<td width=\"288\"><strong>42,00<\/strong><strong>0 kilogramos<\/strong><\/td>\n<\/tr>\n<\/tbody>\n<\/table>\n<h1>informaci\u00f3n adicional<\/h1>\n<table>\n<tbody>\n<tr>\n<td width=\"288\"><strong>Especificaci\u00f3n<\/strong><\/td>\n<td width=\"288\"><strong>Detalles<\/strong><\/td>\n<\/tr>\n<tr>\n<td width=\"288\"><strong>Dimensiones generales (L\u00d7An\u00d7Al)<\/strong><\/td>\n<td width=\"288\"><strong>1<\/strong><strong>4<\/strong><strong>,<\/strong><strong>150<\/strong><strong> mm \u00d7 <\/strong><strong>2<\/strong><strong>,<\/strong><strong>8<\/strong><strong>00 mm \u00d7 3,<\/strong><strong>800<\/strong><strong> mm<\/strong><\/td>\n<\/tr>\n<tr>\n<td width=\"288\"><strong>Normas de emisiones<\/strong><\/td>\n<td width=\"288\"><strong>GB17691-2005 EURO<\/strong><\/td>\n<\/tr>\n<tr>\n<td width=\"288\"><strong>Tipo de combustible<\/strong><\/td>\n<td width=\"288\"><strong>Gas\u00f3leo<\/strong><\/td>\n<\/tr>\n<tr>\n<td width=\"288\"><strong>N\u00famero de ejes<\/strong><\/td>\n<td width=\"288\"><strong>4<\/strong><\/td>\n<\/tr>\n<tr>\n<td width=\"288\"><strong>Distribuci\u00f3n de la carga por eje<\/strong><\/td>\n<td width=\"288\"><strong>8000 \/ 8000 \/ 13000 \/ 13000 kg<\/strong><\/td>\n<\/tr>\n<tr>\n<td width=\"288\"><strong>Distancia entre ejes<\/strong><\/td>\n<td width=\"288\"><strong>1450 + 4200 + 1350 mm<\/strong><\/td>\n<\/tr>\n<tr>\n<td><strong>Distancia entre ejes trasera<\/strong><\/td>\n<td><strong>2059 \/ 2059 mm<\/strong><\/td>\n<\/tr>\n<tr>\n<td><strong>N\u00famero de ruedas<\/strong><\/td>\n<td><strong>12<\/strong><\/td>\n<\/tr>\n<tr>\n<td><strong>\u00c1ngulo de aproximaci\u00f3n\/salida<\/strong><\/td>\n<td><strong>19\u00b0 \/ 14\u00b0<\/strong><\/td>\n<\/tr>\n<tr>\n<td><strong>Velocidad m\u00e1xima<\/strong><\/td>\n<td><strong>85 km\/h<\/strong><\/td>\n<\/tr>\n<tr>\n<td><strong>Capacidad de pasajeros (cabina)<\/strong><\/td>\n<td><strong>2 personas<\/strong><\/td>\n<\/tr>\n<\/tbody>\n<\/table>","protected":false},"featured_media":31568,"comment_status":"open","ping_status":"closed","template":"","meta":{"_acf_changed":false,"_eb_attr":"","_eb_data_table":""},"product_brand":[],"product_cat":[204],"product_tag":[],"class_list":{"0":"post-942","1":"product","2":"type-product","3":"status-publish","4":"has-post-thumbnail","6":"product_cat-mobile-truck-crane","8":"first","9":"instock","10":"shipping-taxable","11":"product-type-simple"},"acf":[],"aioseo_notices":[],"_links":{"self":[{"href":"https:\/\/colorskyco.com\/es\/wp-json\/wp\/v2\/product\/942","targetHints":{"allow":["GET"]}}],"collection":[{"href":"https:\/\/colorskyco.com\/es\/wp-json\/wp\/v2\/product"}],"about":[{"href":"https:\/\/colorskyco.com\/es\/wp-json\/wp\/v2\/types\/product"}],"replies":[{"embeddable":true,"href":"https:\/\/colorskyco.com\/es\/wp-json\/wp\/v2\/comments?post=942"}],"version-history":[{"count":8,"href":"https:\/\/colorskyco.com\/es\/wp-json\/wp\/v2\/product\/942\/revisions"}],"predecessor-version":[{"id":31878,"href":"https:\/\/colorskyco.com\/es\/wp-json\/wp\/v2\/product\/942\/revisions\/31878"}],"wp:featuredmedia":[{"embeddable":true,"href":"https:\/\/colorskyco.com\/es\/wp-json\/wp\/v2\/media\/31568"}],"wp:attachment":[{"href":"https:\/\/colorskyco.com\/es\/wp-json\/wp\/v2\/media?parent=942"}],"wp:term":[{"taxonomy":"product_brand","embeddable":true,"href":"https:\/\/colorskyco.com\/es\/wp-json\/wp\/v2\/product_brand?post=942"},{"taxonomy":"product_cat","embeddable":true,"href":"https:\/\/colorskyco.com\/es\/wp-json\/wp\/v2\/product_cat?post=942"},{"taxonomy":"product_tag","embeddable":true,"href":"https:\/\/colorskyco.com\/es\/wp-json\/wp\/v2\/product_tag?post=942"}],"curies":[{"name":"wp","href":"https:\/\/api.w.org\/{rel}","templated":true}]}}