{"id":999,"date":"2025-09-26T01:56:38","date_gmt":"2025-09-26T01:56:38","guid":{"rendered":"https:\/\/demo2.mevksa.com\/?post_type=product&#038;p=999"},"modified":"2025-11-30T13:53:28","modified_gmt":"2025-11-30T05:53:28","slug":"2021-used-sany-truck-crane-100t-sym5558jqz-stc1000c7-full-hydraulic","status":"publish","type":"product","link":"https:\/\/colorskyco.com\/es\/product\/2021-used-sany-truck-crane-100t-sym5558jqz-stc1000c7-full-hydraulic\/","title":{"rendered":"2021 Cami\u00f3n gr\u00faa usado SANY 100T SYM5558JQZ (STC1000C7) Full Hydraulic"},"content":{"rendered":"<p><span style=\"color: #000000;\"><strong>Detalles del producto<\/strong><\/span><\/p>\n<p><span style=\"color: #000000;\"><strong>El cami\u00f3n gr\u00faa usado Sany tiene un excelente rendimiento mec\u00e1nico, un funcionamiento sencillo y es f\u00e1cil de usar.<\/strong><\/span><\/p>\n<p><span style=\"color: #000000;\"><strong>Especificaciones<\/strong><\/span><\/p>\n<table>\n<tbody>\n<tr>\n<td width=\"284\"><span style=\"color: #000000;\">Equipamiento<\/span><\/td>\n<td width=\"284\"><span style=\"color: #000000;\">Cami\u00f3n gr\u00faa totalmente hidr\u00e1ulico<\/span><\/td>\n<\/tr>\n<tr>\n<td width=\"284\"><span style=\"color: #000000;\">Lugar de origen<\/span><\/td>\n<td width=\"284\"><span style=\"color: #000000;\">China<\/span><\/td>\n<\/tr>\n<tr>\n<td width=\"284\"><span style=\"color: #000000;\">Marca<\/span><\/td>\n<td width=\"284\"><span style=\"color: #000000;\">Sany<\/span><\/td>\n<\/tr>\n<tr>\n<td width=\"284\"><span style=\"color: #000000;\">N\u00famero de modelo<\/span><\/td>\n<td width=\"284\"><span style=\"color: #000000;\">SYM5558JQZ(STC1000C7)<\/span><\/td>\n<\/tr>\n<tr>\n<td width=\"284\"><span style=\"color: #000000;\">Fecha de fabricaci\u00f3n<\/span><\/td>\n<td width=\"284\"><span style=\"color: #000000;\">2021-06<\/span><\/td>\n<\/tr>\n<tr>\n<td width=\"284\"><span style=\"color: #000000;\">Cantidad m\u00ednima de pedido<\/span><\/td>\n<td width=\"284\"><span style=\"color: #000000;\">1 secci\u00f3n<\/span><\/td>\n<\/tr>\n<tr>\n<td width=\"284\"><span style=\"color: #000000;\">Detalles del embalaje<\/span><\/td>\n<td width=\"284\"><span style=\"color: #000000;\">Buque Roro, Buque de carga a granel<\/span><\/td>\n<\/tr>\n<\/tbody>\n<\/table>\n<p><span style=\"color: #000000;\"><strong>\u00a0<\/strong><\/span><\/p>\n<p>&nbsp;<\/p>","protected":false},"excerpt":{"rendered":"<h1>Informaci\u00f3n general<\/h1>\n<table>\n<tbody>\n<tr>\n<td width=\"288\"><strong>Especificaci\u00f3n<\/strong><\/td>\n<td width=\"288\"><strong>Detalles<\/strong><\/td>\n<\/tr>\n<tr>\n<td width=\"288\"><strong>Tipo de producto<\/strong><\/td>\n<td width=\"288\">SYM5558JQZ(STC1000C7)<\/td>\n<\/tr>\n<tr>\n<td width=\"288\"><strong>Fabricante<\/strong><\/td>\n<td width=\"288\">Compa\u00f1\u00eda de fabricaci\u00f3n de autom\u00f3viles SANY, Ltd.<\/td>\n<\/tr>\n<tr>\n<td width=\"288\"><strong>Direcci\u00f3n<\/strong><\/td>\n<td width=\"288\">Parque Industrial SANY, Zona de Desarrollo Econ\u00f3mico y Tecnol\u00f3gico de Changsha, Ciudad de Changsha, Provincia de Hunan<\/td>\n<\/tr>\n<tr>\n<td width=\"288\"><strong>Fecha de producci\u00f3n<\/strong><\/td>\n<td width=\"288\">2021.06<\/td>\n<\/tr>\n<tr>\n<td width=\"288\"><strong>Pa\u00eds de fabricaci\u00f3n<\/strong><\/td>\n<td width=\"288\">Hecho en china<\/td>\n<\/tr>\n<tr>\n<td width=\"288\"><strong>N\u00famero de identificaci\u00f3n del veh\u00edculo (VIN)<\/strong><\/td>\n<td width=\"288\"><strong>LFCNRG7P0M2000762<\/strong><\/td>\n<\/tr>\n<\/tbody>\n<\/table>\n<h1>Informaci\u00f3n del motor<\/h1>\n<table>\n<tbody>\n<tr>\n<td width=\"288\"><strong>Especificaci\u00f3n<\/strong><\/td>\n<td width=\"288\"><strong>Detalles<\/strong><\/td>\n<\/tr>\n<tr>\n<td width=\"288\"><strong>Modelo de motor<\/strong><\/td>\n<td width=\"288\"><strong>WP<\/strong><strong>12.430E50<\/strong><\/td>\n<\/tr>\n<tr>\n<td width=\"288\"><strong>Potencia nominal del motor \/ velocidad<\/strong><\/td>\n<td width=\"288\"><strong>316<\/strong><strong> kW a 1900 rpm<\/strong><\/td>\n<\/tr>\n<tr>\n<td width=\"288\"><strong>Potencia m\u00e1xima disponible del motor\/velocidad<\/strong><\/td>\n<td width=\"288\"><strong>311<\/strong><strong> kW a 1900 rpm<\/strong><\/td>\n<\/tr>\n<\/tbody>\n<\/table>\n<h1>Informaci\u00f3n de peso<\/h1>\n<table>\n<tbody>\n<tr>\n<td width=\"288\"><strong>Especificaci\u00f3n<\/strong><\/td>\n<td width=\"288\"><strong>Detalles<\/strong><\/td>\n<\/tr>\n<tr>\n<td width=\"288\"><strong>Masa en vac\u00edo (completa) <\/strong><strong>Veh\u00edculo<\/strong><strong>)<\/strong><\/td>\n<td width=\"288\"><strong>54,470<\/strong><strong> kilogramo<\/strong><\/td>\n<\/tr>\n<tr>\n<td width=\"288\"><strong>Masa bruta admisible<\/strong><\/td>\n<td width=\"288\"><strong>54,60<\/strong><strong>0 kilogramos<\/strong><\/td>\n<\/tr>\n<\/tbody>\n<\/table>\n<h1>Rendimiento de elevaci\u00f3n<\/h1>\n<table>\n<tbody>\n<tr>\n<td width=\"288\"><strong>Especificaci\u00f3n<\/strong><\/td>\n<td width=\"288\"><strong>Detalles<\/strong><\/td>\n<\/tr>\n<tr>\n<td width=\"288\"><strong>Capacidad m\u00e1xima de elevaci\u00f3n nominal<\/strong><\/td>\n<td width=\"288\"><strong>100t<\/strong><\/td>\n<\/tr>\n<tr>\n<td width=\"288\"><strong>Radio de trabajo (nominal)<\/strong><\/td>\n<td width=\"288\"><strong>3 metros<\/strong><\/td>\n<\/tr>\n<\/tbody>\n<\/table>\n<h1><\/h1>\n<h1>informaci\u00f3n adicional<\/h1>\n<table>\n<tbody>\n<tr>\n<td width=\"288\"><strong>Especificaci\u00f3n<\/strong><\/td>\n<td width=\"288\"><strong>Detalles<\/strong><\/td>\n<\/tr>\n<tr>\n<td width=\"288\"><strong>Dimensiones generales (L\u00d7An\u00d7Al)<\/strong><\/td>\n<td width=\"288\"><strong>1<\/strong><strong>6<\/strong><strong>,<\/strong><strong>040<\/strong><strong> mm \u00d7 <\/strong><strong>3<\/strong><strong>,<\/strong><strong>0<\/strong><strong>00 mm \u00d7 3,<\/strong><strong>995<\/strong><strong> mm<\/strong><\/td>\n<\/tr>\n<tr>\n<td width=\"288\"><strong>Chasis<\/strong><\/td>\n<td width=\"288\"><strong>Tracci\u00f3n 8\u00d74; suspensi\u00f3n hidroneum\u00e1tica; direcci\u00f3n a las cuatro ruedas opcional<\/strong><\/td>\n<\/tr>\n<tr>\n<td width=\"288\"><strong>Capacidad del dep\u00f3sito de combustible<\/strong><\/td>\n<td width=\"288\"><strong>600 L<\/strong><\/td>\n<\/tr>\n<tr>\n<td width=\"288\"><strong>Sistema hidr\u00e1ulico<\/strong><\/td>\n<td width=\"288\"><strong>Sistema proporcional sensible a la carga, doble circuito con bombas de caudal variable<\/strong><\/td>\n<\/tr>\n<tr>\n<td width=\"288\"><strong>Rendimiento de viajes<\/strong><\/td>\n<td width=\"288\"><strong>Velocidad m\u00e1xima 80 km\/h; pendiente 40%; \u00e1ngulo de aproximaci\u00f3n 16\u00b0, salida 12\u00b0.<\/strong><\/td>\n<\/tr>\n<\/tbody>\n<\/table>\n<h2><\/h2>","protected":false},"featured_media":31732,"comment_status":"open","ping_status":"closed","template":"","meta":{"_acf_changed":false,"_eb_attr":"","_eb_data_table":""},"product_brand":[],"product_cat":[204],"product_tag":[],"class_list":{"0":"post-999","1":"product","2":"type-product","3":"status-publish","4":"has-post-thumbnail","6":"product_cat-mobile-truck-crane","8":"first","9":"instock","10":"shipping-taxable","11":"product-type-simple"},"acf":[],"aioseo_notices":[],"_links":{"self":[{"href":"https:\/\/colorskyco.com\/es\/wp-json\/wp\/v2\/product\/999","targetHints":{"allow":["GET"]}}],"collection":[{"href":"https:\/\/colorskyco.com\/es\/wp-json\/wp\/v2\/product"}],"about":[{"href":"https:\/\/colorskyco.com\/es\/wp-json\/wp\/v2\/types\/product"}],"replies":[{"embeddable":true,"href":"https:\/\/colorskyco.com\/es\/wp-json\/wp\/v2\/comments?post=999"}],"version-history":[{"count":5,"href":"https:\/\/colorskyco.com\/es\/wp-json\/wp\/v2\/product\/999\/revisions"}],"predecessor-version":[{"id":31879,"href":"https:\/\/colorskyco.com\/es\/wp-json\/wp\/v2\/product\/999\/revisions\/31879"}],"wp:featuredmedia":[{"embeddable":true,"href":"https:\/\/colorskyco.com\/es\/wp-json\/wp\/v2\/media\/31732"}],"wp:attachment":[{"href":"https:\/\/colorskyco.com\/es\/wp-json\/wp\/v2\/media?parent=999"}],"wp:term":[{"taxonomy":"product_brand","embeddable":true,"href":"https:\/\/colorskyco.com\/es\/wp-json\/wp\/v2\/product_brand?post=999"},{"taxonomy":"product_cat","embeddable":true,"href":"https:\/\/colorskyco.com\/es\/wp-json\/wp\/v2\/product_cat?post=999"},{"taxonomy":"product_tag","embeddable":true,"href":"https:\/\/colorskyco.com\/es\/wp-json\/wp\/v2\/product_tag?post=999"}],"curies":[{"name":"wp","href":"https:\/\/api.w.org\/{rel}","templated":true}]}}