{"id":1006,"date":"2025-09-28T06:02:25","date_gmt":"2025-09-28T06:02:25","guid":{"rendered":"https:\/\/demo2.mevksa.com\/?post_type=product&#038;p=1006"},"modified":"2025-11-30T13:52:13","modified_gmt":"2025-11-30T05:52:13","slug":"2-hand-2022-sany-all-terrain-crane-200t-sym5556jqz200c","status":"publish","type":"product","link":"https:\/\/colorskyco.com\/fr\/produit\/2-hand-2022-sany-all-terrain-crane-200t-sym5556jqz200c\/","title":{"rendered":"2 Hand 2022 SANY All-Terrain Crane 200T SYM5556JQZ200C"},"content":{"rendered":"<p><strong>D\u00e9tails du produit<\/strong><\/p>\n<p><strong>Used Sany Truck Crane \u00a0has excellent mechanical performance, simple operation and easy to use<\/strong><\/p>\n<p><strong>Sp\u00e9cifications<\/strong><\/p>\n<table>\n<tbody>\n<tr>\n<td width=\"284\">Equipement<\/td>\n<td width=\"284\">All-Terrain Crane<\/td>\n<\/tr>\n<tr>\n<td width=\"284\">Lieu d'origine<\/td>\n<td width=\"284\">Chine<\/td>\n<\/tr>\n<tr>\n<td width=\"284\">Nom de la marque<\/td>\n<td width=\"284\">Sany<\/td>\n<\/tr>\n<tr>\n<td width=\"284\">Num\u00e9ro de mod\u00e8le<\/td>\n<td width=\"284\">SYM5556JQZ200C (SAC2000C8)<\/td>\n<\/tr>\n<tr>\n<td width=\"284\">Date de fabrication<\/td>\n<td width=\"284\">2022-09<\/td>\n<\/tr>\n<tr>\n<td width=\"284\">Quantit\u00e9 minimale de commande<\/td>\n<td width=\"284\">1 section<\/td>\n<\/tr>\n<tr>\n<td width=\"284\">D\u00e9tails de l'emballage<\/td>\n<td width=\"284\">Roro Ship, Cargo Bulk Ship<\/td>\n<\/tr>\n<\/tbody>\n<\/table>\n<p><strong>\u00a0<\/strong><\/p>\n<p>&nbsp;<\/p>","protected":false},"excerpt":{"rendered":"<h2><strong>Used SANY SYM5556JQZ200C All-Terrain Crane<br \/>\n<\/strong><\/h2>\n<h1>Informations g\u00e9n\u00e9rales<\/h1>\n<table>\n<tbody>\n<tr>\n<td width=\"288\"><strong>Sp\u00e9cifications<\/strong><\/td>\n<td width=\"288\"><strong>D\u00e9tails<\/strong><\/td>\n<\/tr>\n<tr>\n<td width=\"288\"><strong>Type de produit<\/strong><\/td>\n<td width=\"288\">SYM5556JQZ200C (SAC2000C8)<\/td>\n<\/tr>\n<tr>\n<td width=\"288\"><strong>Fabricant<\/strong><\/td>\n<td width=\"288\">SANY Automobile Manufacturing Co.<\/td>\n<\/tr>\n<tr>\n<td width=\"288\"><strong>Adresse<\/strong><\/td>\n<td width=\"288\">SANY Industrial Park, Changsha Economic and Technological Development Zone, Changsha City, Hunan Province<\/td>\n<\/tr>\n<tr>\n<td width=\"288\"><strong>Date de production<\/strong><\/td>\n<td width=\"288\">2022.09<\/td>\n<\/tr>\n<tr>\n<td width=\"288\"><strong>Pays de fabrication<\/strong><\/td>\n<td width=\"288\">Fabriqu\u00e9 en Chine<\/td>\n<\/tr>\n<tr>\n<td width=\"288\"><strong>VIN<\/strong><\/td>\n<td width=\"288\"><strong>LFCNRG7P<\/strong><strong>1N3<\/strong><strong>00<\/strong><strong>1110<\/strong><\/td>\n<\/tr>\n<\/tbody>\n<\/table>\n<h1>Informations sur le moteur<\/h1>\n<table>\n<tbody>\n<tr>\n<td width=\"288\"><strong>Sp\u00e9cifications<\/strong><\/td>\n<td width=\"288\"><strong>D\u00e9tails<\/strong><\/td>\n<\/tr>\n<tr>\n<td width=\"288\"><strong>Mod\u00e8le de moteur<\/strong><\/td>\n<td width=\"288\">WP12.460E62<\/td>\n<\/tr>\n<tr>\n<td width=\"288\"><strong>Engine Rated Power \/ Speed<\/strong><\/td>\n<td width=\"288\"><strong>338<\/strong><strong> kW @ 1900 rpm<\/strong><\/td>\n<\/tr>\n<tr>\n<td width=\"288\"><strong>Engine Max. Available Power \/ Speed<\/strong><\/td>\n<td width=\"288\"><strong>333<\/strong><strong> kW @ 1900 rpm<\/strong><\/td>\n<\/tr>\n<\/tbody>\n<\/table>\n<h1>Informations sur le poids<\/h1>\n<table>\n<tbody>\n<tr>\n<td width=\"288\"><strong>Sp\u00e9cifications<\/strong><\/td>\n<td width=\"288\"><strong>D\u00e9tails<\/strong><\/td>\n<\/tr>\n<tr>\n<td width=\"288\"><strong>Kerb Mass (Complete <\/strong><strong>Vehicle<\/strong><strong>)<\/strong><\/td>\n<td width=\"288\"><strong>54,860<\/strong><strong> kg<\/strong><\/td>\n<\/tr>\n<tr>\n<td width=\"288\"><strong>Gross Allowable Mass<\/strong><\/td>\n<td width=\"288\"><strong>54,99<\/strong><strong>0 kg<\/strong><\/td>\n<\/tr>\n<\/tbody>\n<\/table>\n<h1>Lifting Performance<\/h1>\n<table>\n<tbody>\n<tr>\n<td width=\"288\"><strong>Sp\u00e9cifications<\/strong><\/td>\n<td width=\"288\"><strong>D\u00e9tails<\/strong><\/td>\n<\/tr>\n<tr>\n<td width=\"288\"><strong>Max. Rated Lifting Capacity<\/strong><\/td>\n<td width=\"288\"><strong>200t<\/strong><\/td>\n<\/tr>\n<tr>\n<td width=\"288\"><strong>Working Radius (rated)<\/strong><\/td>\n<td width=\"288\"><strong>3m<\/strong><\/td>\n<\/tr>\n<\/tbody>\n<\/table>\n<h1><\/h1>\n<h1>Informations compl\u00e9mentaires<\/h1>\n<table>\n<tbody>\n<tr>\n<td width=\"288\"><strong>Sp\u00e9cifications<\/strong><\/td>\n<td width=\"288\"><strong>D\u00e9tails<\/strong><\/td>\n<\/tr>\n<tr>\n<td width=\"288\"><strong>Overall Dimensions(L\u00d7W\u00d7H)<\/strong><\/td>\n<td width=\"288\"><strong>1<\/strong><strong>6<\/strong><strong>,<\/strong><strong>145<\/strong><strong> mm \u00d7 <\/strong><strong>3<\/strong><strong>,<\/strong><strong>0<\/strong><strong>00 mm \u00d7 <\/strong><strong>4<\/strong><strong>,<\/strong><strong>000<\/strong><strong> mm<\/strong><\/td>\n<\/tr>\n<tr>\n<td width=\"288\"><strong>Carrier Chassis<\/strong><\/td>\n<td width=\"288\"><strong>5-axle AT carrier, H-type outriggers, hydro-pneumatic suspension<\/strong><\/td>\n<\/tr>\n<tr>\n<td width=\"288\"><strong>Steering<\/strong><\/td>\n<td width=\"288\"><strong>All-wheel, 6 modes, min turning radius \u224810 m<\/strong><\/td>\n<\/tr>\n<tr>\n<td width=\"288\"><strong>Drive \/ Steer Config<\/strong><\/td>\n<td width=\"288\"><strong>10\u00d76\u00d710 standard; 10\u00d78\u00d710 optional<\/strong><\/td>\n<\/tr>\n<tr>\n<td width=\"288\"><strong>Travel Performance<\/strong><\/td>\n<td width=\"288\"><strong>Max speed 80 km\/h; gradeability 45%; approach 16\u00b0, departure 12\u00b0<\/strong><\/td>\n<\/tr>\n<tr>\n<td width=\"288\"><strong>Superstructure Engine<\/strong><\/td>\n<td width=\"288\"><strong>DF Cummins QSB6.7, 194 kW, tank 285 L<\/strong><\/td>\n<\/tr>\n<tr>\n<td width=\"288\"><strong>Carrier Engine \/ Powertrain<\/strong><\/td>\n<td width=\"288\"><strong>DF Cummins QSZ13-C525-30 + FAST transmission + Zhuzhou Gear transfer + HanDe axles<\/strong><\/td>\n<\/tr>\n<\/tbody>\n<\/table>\n<p>&nbsp;<\/p>\n<h2><strong>\u00a0<\/strong><\/h2>","protected":false},"featured_media":31728,"comment_status":"open","ping_status":"closed","template":"","meta":{"_acf_changed":false,"_eb_attr":"","_eb_data_table":""},"product_brand":[],"product_cat":[204],"product_tag":[],"class_list":{"0":"post-1006","1":"product","2":"type-product","3":"status-publish","4":"has-post-thumbnail","6":"product_cat-mobile-truck-crane","8":"first","9":"instock","10":"shipping-taxable","11":"product-type-simple"},"acf":[],"aioseo_notices":[],"_links":{"self":[{"href":"https:\/\/colorskyco.com\/fr\/wp-json\/wp\/v2\/product\/1006","targetHints":{"allow":["GET"]}}],"collection":[{"href":"https:\/\/colorskyco.com\/fr\/wp-json\/wp\/v2\/product"}],"about":[{"href":"https:\/\/colorskyco.com\/fr\/wp-json\/wp\/v2\/types\/product"}],"replies":[{"embeddable":true,"href":"https:\/\/colorskyco.com\/fr\/wp-json\/wp\/v2\/comments?post=1006"}],"version-history":[{"count":5,"href":"https:\/\/colorskyco.com\/fr\/wp-json\/wp\/v2\/product\/1006\/revisions"}],"predecessor-version":[{"id":31366,"href":"https:\/\/colorskyco.com\/fr\/wp-json\/wp\/v2\/product\/1006\/revisions\/31366"}],"wp:featuredmedia":[{"embeddable":true,"href":"https:\/\/colorskyco.com\/fr\/wp-json\/wp\/v2\/media\/31728"}],"wp:attachment":[{"href":"https:\/\/colorskyco.com\/fr\/wp-json\/wp\/v2\/media?parent=1006"}],"wp:term":[{"taxonomy":"product_brand","embeddable":true,"href":"https:\/\/colorskyco.com\/fr\/wp-json\/wp\/v2\/product_brand?post=1006"},{"taxonomy":"product_cat","embeddable":true,"href":"https:\/\/colorskyco.com\/fr\/wp-json\/wp\/v2\/product_cat?post=1006"},{"taxonomy":"product_tag","embeddable":true,"href":"https:\/\/colorskyco.com\/fr\/wp-json\/wp\/v2\/product_tag?post=1006"}],"curies":[{"name":"wp","href":"https:\/\/api.w.org\/{rel}","templated":true}]}}