{"id":31448,"date":"2025-11-24T12:12:47","date_gmt":"2025-11-24T04:12:47","guid":{"rendered":"https:\/\/colorskyco.com\/?post_type=product&#038;p=31448"},"modified":"2025-12-21T22:39:55","modified_gmt":"2025-12-21T14:39:55","slug":"foreuse-rotative-bauer-bg26-doccasion-2017","status":"publish","type":"product","link":"https:\/\/colorskyco.com\/fr\/produit\/foreuse-rotative-bauer-bg26-doccasion-2017\/","title":{"rendered":"Foreuse rotative Bauer BG26 d'occasion 2017"},"content":{"rendered":"<p><span style=\"color: #000000;\"><strong>D\u00e9tails du produit<\/strong><\/span><\/p>\n<p><span style=\"color: #000000;\">Utilis\u00e9 <strong>Foreuse rotative Bauer<\/strong> avec d'excellentes performances m\u00e9caniques.<\/span><br \/>\n<span style=\"color: #000000;\">Simple, fiable et facile \u00e0 utiliser.<\/span><\/p>\n<p><span style=\"color: #000000;\"><strong>Sp\u00e9cifications<\/strong><\/span><\/p>\n<table>\n<tbody>\n<tr>\n<td width=\"284\"><span style=\"color: #000000;\">Equipement<\/span><\/td>\n<td width=\"284\"><span style=\"color: #000000;\">Appareil de forage rotatif<\/span><\/td>\n<\/tr>\n<tr>\n<td width=\"284\"><span style=\"color: #000000;\">Lieu d'origine<\/span><\/td>\n<td width=\"284\"><span style=\"color: #000000;\">Chine<\/span><\/td>\n<\/tr>\n<tr>\n<td width=\"284\"><span style=\"color: #000000;\">Nom de la marque<\/span><\/td>\n<td width=\"284\"><span style=\"color: #000000;\">Bauer Chine<\/span><\/td>\n<\/tr>\n<tr>\n<td width=\"284\"><span style=\"color: #000000;\">Num\u00e9ro de mod\u00e8le<\/span><\/td>\n<td width=\"284\"><span style=\"color: #000000;\">Bauer BG26 (ValueLine)<\/span><\/td>\n<\/tr>\n<tr>\n<td width=\"284\"><span style=\"color: #000000;\">Date de fabrication<\/span><\/td>\n<td width=\"284\"><span style=\"color: #000000;\">2017-11<\/span><\/td>\n<\/tr>\n<tr>\n<td width=\"284\"><span style=\"color: #000000;\">Quantit\u00e9 minimale de commande<\/span><\/td>\n<td width=\"284\"><span style=\"color: #000000;\">1 section<\/span><\/td>\n<\/tr>\n<tr>\n<td width=\"284\"><span style=\"color: #000000;\">D\u00e9tails de l'emballage<\/span><\/td>\n<td width=\"284\"><span style=\"color: #000000;\">Roro Ship, Cargo Bulk Ship<\/span><\/td>\n<\/tr>\n<\/tbody>\n<\/table>","protected":false},"excerpt":{"rendered":"<h2>Principales sp\u00e9cifications techniques<\/h2>\n<table>\n<tbody>\n<tr>\n<td width=\"288\">Moteur<\/td>\n<td width=\"288\">CAT\/Deutz, environ 280-300 kW<\/td>\n<\/tr>\n<tr>\n<td width=\"288\">Poids en ordre de marche<\/td>\n<td width=\"288\">75 - 80 t<\/td>\n<\/tr>\n<tr>\n<td width=\"288\">Profondeur max. Profondeur de per\u00e7age<\/td>\n<td width=\"288\">jusqu'\u00e0 70 m<\/td>\n<\/tr>\n<tr>\n<td width=\"288\">Diam\u00e8tre de per\u00e7age max. Diam\u00e8tre de per\u00e7age<\/td>\n<td width=\"288\">jusqu'\u00e0 2000 mm<\/td>\n<\/tr>\n<tr>\n<td width=\"288\">Kelly Bar<\/td>\n<td width=\"288\">4x ou 5x friction\/verrouillage Kelly<\/td>\n<\/tr>\n<tr>\n<td width=\"288\">La force des foules<\/td>\n<td width=\"288\">environ 200 kN<\/td>\n<\/tr>\n<tr>\n<td width=\"288\">Force de traction du treuil principal<\/td>\n<td width=\"288\">environ 200 kN<\/td>\n<\/tr>\n<tr>\n<td width=\"288\">Treuil auxiliaire<\/td>\n<td width=\"288\">environ 80 kN<\/td>\n<\/tr>\n<tr>\n<td width=\"288\">Train de roulement<\/td>\n<td width=\"288\">Chenilles robustes, chenilles extensibles<\/td>\n<\/tr>\n<tr>\n<td width=\"288\">Contrepoids<\/td>\n<td width=\"288\">Modulaire, blocs de 25 tonnes<\/td>\n<\/tr>\n<\/tbody>\n<\/table>\n<p>&nbsp;<\/p>\n<h2>Syst\u00e8me hydraulique<\/h2>\n<table>\n<tbody>\n<tr>\n<td width=\"288\">Type de syst\u00e8me<\/td>\n<td width=\"288\">Syst\u00e8me hydraulique \u00e0 d\u00e9tection de charge<\/td>\n<\/tr>\n<tr>\n<td width=\"288\">D\u00e9bit max. D\u00e9bit<\/td>\n<td width=\"288\">2 \u00d7 300 L\/min<\/td>\n<\/tr>\n<tr>\n<td width=\"288\">Max. Pression<\/td>\n<td width=\"288\">350 bar<\/td>\n<\/tr>\n<\/tbody>\n<\/table>\n<p>&nbsp;<\/p>\n<h2>Dimensions (transport)<\/h2>\n<table>\n<tbody>\n<tr>\n<td width=\"288\">Longueur<\/td>\n<td width=\"288\">Environ 17 m<\/td>\n<\/tr>\n<tr>\n<td width=\"288\">Largeur<\/td>\n<td width=\"288\">Environ 3,0 m<\/td>\n<\/tr>\n<tr>\n<td width=\"288\">Hauteur<\/td>\n<td width=\"288\">Environ 3,4 m<\/td>\n<\/tr>\n<\/tbody>\n<\/table>\n<h2><\/h2>","protected":false},"featured_media":31921,"comment_status":"open","ping_status":"closed","template":"","meta":{"_acf_changed":false,"_eb_attr":"","_eb_data_table":""},"product_brand":[],"product_cat":[205],"product_tag":[179,178],"class_list":{"0":"post-31448","1":"product","2":"type-product","3":"status-publish","4":"has-post-thumbnail","6":"product_cat-pilling-rig-machine","7":"product_tag-rental","8":"product_tag-used","10":"first","11":"instock","12":"shipping-taxable","13":"product-type-simple"},"acf":[],"aioseo_notices":[],"_links":{"self":[{"href":"https:\/\/colorskyco.com\/fr\/wp-json\/wp\/v2\/product\/31448","targetHints":{"allow":["GET"]}}],"collection":[{"href":"https:\/\/colorskyco.com\/fr\/wp-json\/wp\/v2\/product"}],"about":[{"href":"https:\/\/colorskyco.com\/fr\/wp-json\/wp\/v2\/types\/product"}],"replies":[{"embeddable":true,"href":"https:\/\/colorskyco.com\/fr\/wp-json\/wp\/v2\/comments?post=31448"}],"version-history":[{"count":5,"href":"https:\/\/colorskyco.com\/fr\/wp-json\/wp\/v2\/product\/31448\/revisions"}],"predecessor-version":[{"id":32023,"href":"https:\/\/colorskyco.com\/fr\/wp-json\/wp\/v2\/product\/31448\/revisions\/32023"}],"wp:featuredmedia":[{"embeddable":true,"href":"https:\/\/colorskyco.com\/fr\/wp-json\/wp\/v2\/media\/31921"}],"wp:attachment":[{"href":"https:\/\/colorskyco.com\/fr\/wp-json\/wp\/v2\/media?parent=31448"}],"wp:term":[{"taxonomy":"product_brand","embeddable":true,"href":"https:\/\/colorskyco.com\/fr\/wp-json\/wp\/v2\/product_brand?post=31448"},{"taxonomy":"product_cat","embeddable":true,"href":"https:\/\/colorskyco.com\/fr\/wp-json\/wp\/v2\/product_cat?post=31448"},{"taxonomy":"product_tag","embeddable":true,"href":"https:\/\/colorskyco.com\/fr\/wp-json\/wp\/v2\/product_tag?post=31448"}],"curies":[{"name":"wp","href":"https:\/\/api.w.org\/{rel}","templated":true}]}}