{"id":31483,"date":"2025-11-24T12:34:36","date_gmt":"2025-11-24T04:34:36","guid":{"rendered":"https:\/\/colorskyco.com\/?post_type=product&#038;p=31483"},"modified":"2025-11-30T14:34:34","modified_gmt":"2025-11-30T06:34:34","slug":"used-sany-sr405r-rotary-drilling-rig-2020","status":"publish","type":"product","link":"https:\/\/colorskyco.com\/fr\/produit\/used-sany-sr405r-rotary-drilling-rig-2020\/","title":{"rendered":"Foreuse rotative d'occasion SANY SR405R 2020"},"content":{"rendered":"<p><span style=\"color: #000000;\"><strong>D\u00e9tails du produit<\/strong><\/span><\/p>\n<p><span style=\"color: #000000;\">The used <strong>SANY SR405H rotary drilling rig<\/strong> is now available for sale.<\/span><br \/>\n<span style=\"color: #000000;\">Well-maintained and ready for immediate operation.<\/span><\/p>\n<p><span style=\"color: #000000;\"><strong>Sp\u00e9cifications<\/strong><\/span><\/p>\n<table>\n<tbody>\n<tr>\n<td width=\"284\">Equipement<\/td>\n<td width=\"284\">Appareil de forage rotatif<\/td>\n<\/tr>\n<tr>\n<td width=\"284\">Lieu d'origine<\/td>\n<td width=\"284\">Chine<\/td>\n<\/tr>\n<tr>\n<td width=\"284\">Nom de la marque<\/td>\n<td width=\"284\">Sany<\/td>\n<\/tr>\n<tr>\n<td width=\"284\">Num\u00e9ro de mod\u00e8le<\/td>\n<td width=\"284\">SR405H<\/td>\n<\/tr>\n<tr>\n<td width=\"284\">Date de fabrication<\/td>\n<td width=\"284\">2020-11<\/td>\n<\/tr>\n<tr>\n<td width=\"284\">Quantit\u00e9 minimale de commande<\/td>\n<td width=\"284\">1 section<\/td>\n<\/tr>\n<tr>\n<td width=\"284\">D\u00e9tails de l'emballage<\/td>\n<td width=\"284\">Roro Ship, Cargo Bulk Ship<\/td>\n<\/tr>\n<\/tbody>\n<\/table>","protected":false},"excerpt":{"rendered":"<h2>Principales sp\u00e9cifications techniques<\/h2>\n<table>\n<tbody>\n<tr>\n<td width=\"288\">Diam\u00e8tre max. Diam\u00e8tre du pieu<\/td>\n<td width=\"288\">2200 - 2500 mm<\/td>\n<\/tr>\n<tr>\n<td width=\"288\">Profondeur max. Profondeur du pieu<\/td>\n<td width=\"288\">87 - 106 m (selon Kelly)<\/td>\n<\/tr>\n<tr>\n<td width=\"288\">Couple de sortie max. Couple de sortie<\/td>\n<td width=\"288\">405 kN-m<\/td>\n<\/tr>\n<tr>\n<td width=\"288\">Vitesse de rotation<\/td>\n<td width=\"288\">5 - 25 tr\/min<\/td>\n<\/tr>\n<tr>\n<td width=\"288\">Force de la foule (pousser\/tirer)<\/td>\n<td width=\"288\">340 \/ 380 kN<\/td>\n<\/tr>\n<tr>\n<td width=\"288\">Coup de fouet<\/td>\n<td width=\"288\">6000 mm<\/td>\n<\/tr>\n<tr>\n<td width=\"288\">Traction du c\u00e2ble du treuil principal<\/td>\n<td width=\"288\">400 kN<\/td>\n<\/tr>\n<tr>\n<td width=\"288\">Diam\u00e8tre du c\u00e2ble du treuil principal<\/td>\n<td width=\"288\">36 mm<\/td>\n<\/tr>\n<tr>\n<td width=\"288\">Vitesse max. Vitesse de la ligne (treuil principal)<\/td>\n<td width=\"288\">75 m\/min<\/td>\n<\/tr>\n<tr>\n<td width=\"288\">Treuil auxiliaire Tirer la ligne<\/td>\n<td width=\"288\">90 - 105 kN<\/td>\n<\/tr>\n<tr>\n<td width=\"288\">Diam\u00e8tre du c\u00e2ble du treuil auxiliaire<\/td>\n<td width=\"288\">20 mm<\/td>\n<\/tr>\n<tr>\n<td width=\"288\">Vitesse max. Vitesse de la ligne (treuil auxiliaire)<\/td>\n<td width=\"288\">70 m\/min<\/td>\n<\/tr>\n<\/tbody>\n<\/table>\n<p>&nbsp;<\/p>\n<h2>M\u00e2t et inclinaison<\/h2>\n<table>\n<tbody>\n<tr>\n<td width=\"288\">Inclinaison du m\u00e2t (avant\/arri\u00e8re)<\/td>\n<td width=\"288\">Environ 4\u00b0 \/ 90\u00b0 ou 90\u00b0 \/ 15\u00b0 (selon la version)<\/td>\n<\/tr>\n<tr>\n<td width=\"288\">Inclinaison du m\u00e2t (c\u00f4t\u00e9)<\/td>\n<td width=\"288\">\u00b13\u00b0<\/td>\n<\/tr>\n<\/tbody>\n<\/table>\n<p>&nbsp;<\/p>\n<h2>Moteur<\/h2>\n<table>\n<tbody>\n<tr>\n<td width=\"288\">Mod\u00e8le<\/td>\n<td width=\"288\">ISUZU 6WG1<\/td>\n<\/tr>\n<tr>\n<td width=\"288\">Puissance<\/td>\n<td width=\"288\">377 kW \u00e0 1800 tr\/min<\/td>\n<\/tr>\n<tr>\n<td width=\"288\">D\u00e9placement<\/td>\n<td width=\"288\">15.68 L<\/td>\n<\/tr>\n<tr>\n<td width=\"288\">Norme d'\u00e9mission<\/td>\n<td width=\"288\">Chine \u00c9tape III \/ COM III<\/td>\n<\/tr>\n<\/tbody>\n<\/table>\n<p>&nbsp;<\/p>\n<h2>Ch\u00e2ssis et train de roulement<\/h2>\n<table>\n<tbody>\n<tr>\n<td width=\"288\">Largeur des chaussures de piste<\/td>\n<td width=\"288\">800 mm<\/td>\n<\/tr>\n<tr>\n<td width=\"288\">Largeur de la chenille (r\u00e9tract\u00e9e \/ d\u00e9ploy\u00e9e)<\/td>\n<td width=\"288\">3500 - 4900 mm<\/td>\n<\/tr>\n<tr>\n<td width=\"288\">Rayon de pivotement de la queue<\/td>\n<td width=\"288\">4600 mm<\/td>\n<\/tr>\n<\/tbody>\n<\/table>\n<p>&nbsp;<\/p>\n<h2>Dimensions globales<\/h2>\n<table>\n<tbody>\n<tr>\n<td width=\"288\">Hauteur de travail<\/td>\n<td width=\"288\">27700 mm<\/td>\n<\/tr>\n<tr>\n<td width=\"288\">Longueur du transport<\/td>\n<td width=\"288\">20110 mm<\/td>\n<\/tr>\n<tr>\n<td width=\"288\">Largeur de transport<\/td>\n<td width=\"288\">3500 mm<\/td>\n<\/tr>\n<tr>\n<td width=\"288\">Hauteur de transport<\/td>\n<td width=\"288\">3660 mm<\/td>\n<\/tr>\n<\/tbody>\n<\/table>\n<p>&nbsp;<\/p>\n<p>&nbsp;<\/p>","protected":false},"featured_media":31945,"comment_status":"open","ping_status":"closed","template":"","meta":{"_acf_changed":false,"_eb_attr":"","_eb_data_table":""},"product_brand":[],"product_cat":[205],"product_tag":[179,178],"class_list":{"0":"post-31483","1":"product","2":"type-product","3":"status-publish","4":"has-post-thumbnail","6":"product_cat-pilling-rig-machine","7":"product_tag-rental","8":"product_tag-used","10":"first","11":"instock","12":"shipping-taxable","13":"product-type-simple"},"acf":[],"aioseo_notices":[],"_links":{"self":[{"href":"https:\/\/colorskyco.com\/fr\/wp-json\/wp\/v2\/product\/31483","targetHints":{"allow":["GET"]}}],"collection":[{"href":"https:\/\/colorskyco.com\/fr\/wp-json\/wp\/v2\/product"}],"about":[{"href":"https:\/\/colorskyco.com\/fr\/wp-json\/wp\/v2\/types\/product"}],"replies":[{"embeddable":true,"href":"https:\/\/colorskyco.com\/fr\/wp-json\/wp\/v2\/comments?post=31483"}],"version-history":[{"count":6,"href":"https:\/\/colorskyco.com\/fr\/wp-json\/wp\/v2\/product\/31483\/revisions"}],"predecessor-version":[{"id":31886,"href":"https:\/\/colorskyco.com\/fr\/wp-json\/wp\/v2\/product\/31483\/revisions\/31886"}],"wp:featuredmedia":[{"embeddable":true,"href":"https:\/\/colorskyco.com\/fr\/wp-json\/wp\/v2\/media\/31945"}],"wp:attachment":[{"href":"https:\/\/colorskyco.com\/fr\/wp-json\/wp\/v2\/media?parent=31483"}],"wp:term":[{"taxonomy":"product_brand","embeddable":true,"href":"https:\/\/colorskyco.com\/fr\/wp-json\/wp\/v2\/product_brand?post=31483"},{"taxonomy":"product_cat","embeddable":true,"href":"https:\/\/colorskyco.com\/fr\/wp-json\/wp\/v2\/product_cat?post=31483"},{"taxonomy":"product_tag","embeddable":true,"href":"https:\/\/colorskyco.com\/fr\/wp-json\/wp\/v2\/product_tag?post=31483"}],"curies":[{"name":"wp","href":"https:\/\/api.w.org\/{rel}","templated":true}]}}