{"id":32035,"date":"2026-01-05T10:51:40","date_gmt":"2026-01-05T02:51:40","guid":{"rendered":"https:\/\/colorskyco.com\/?post_type=product&#038;p=32035"},"modified":"2026-01-05T14:12:58","modified_gmt":"2026-01-05T06:12:58","slug":"2022-used-sany-truck-crane-55tstc500","status":"publish","type":"product","link":"https:\/\/colorskyco.com\/fr\/produit\/2022-used-sany-truck-crane-55tstc500\/","title":{"rendered":"2022 Grue sur camion SANY 55T(STC550C5) d'occasion"},"content":{"rendered":"<p><strong><b>D\u00e9tails du produit<\/b><\/strong><\/p>\n<p><strong><b>Utilis\u00e9<\/b><\/strong><strong><b>\u00a0Sany <\/b><\/strong><strong><b>Camion-grue <\/b><\/strong><strong><b>a d'excellentes performances m\u00e9caniques, un fonctionnement simple et une utilisation facile<\/b><\/strong><\/p>\n<p><strong><b>Sp\u00e9cifications<\/b><\/strong><\/p>\n<table>\n<tbody>\n<tr>\n<td width=\"284\">Equipement<\/td>\n<td width=\"284\">Camion-grue<\/td>\n<\/tr>\n<tr>\n<td width=\"284\">Lieu d'origine<\/td>\n<td width=\"284\">Chine<\/td>\n<\/tr>\n<tr>\n<td width=\"284\">Nom de la marque<\/td>\n<td width=\"284\">Sany<\/td>\n<\/tr>\n<tr>\n<td width=\"284\">Num\u00e9ro de mod\u00e8le<\/td>\n<td width=\"284\">STC550C5<\/td>\n<\/tr>\n<tr>\n<td width=\"284\">Date de fabrication<\/td>\n<td width=\"284\">2022-07<\/td>\n<\/tr>\n<tr>\n<td width=\"284\">Quantit\u00e9 minimale de commande<\/td>\n<td width=\"284\">1 section<\/td>\n<\/tr>\n<tr>\n<td width=\"284\">D\u00e9tails de l'emballage<\/td>\n<td width=\"284\">Roro Ship, Cargo Bulk Ship<\/td>\n<\/tr>\n<\/tbody>\n<\/table>","protected":false},"excerpt":{"rendered":"<h1><strong><b>Informations g\u00e9n\u00e9rales<\/b><\/strong><\/h1>\n<table>\n<tbody>\n<tr>\n<td width=\"288\"><strong><b>Sp\u00e9cifications<\/b><\/strong><\/td>\n<td width=\"288\"><strong><b>D\u00e9tails<\/b><\/strong><\/td>\n<\/tr>\n<tr>\n<td width=\"288\"><strong><b>Type de produit<\/b><\/strong><\/td>\n<td width=\"288\">STC550C5<\/td>\n<\/tr>\n<tr>\n<td width=\"288\"><strong><b>Fabricant<\/b><\/strong><\/td>\n<td width=\"288\">SANY Automobile Manufacturing Co.<\/td>\n<\/tr>\n<tr>\n<td width=\"288\"><strong><b>Adresse<\/b><\/strong><\/td>\n<td width=\"288\">SANY Industrial Park, Changsha Economic and Technological Development Zone, Changsha City, Hunan Province<\/td>\n<\/tr>\n<tr>\n<td width=\"288\"><strong><b>Date de production<\/b><\/strong><\/td>\n<td width=\"288\">2022.07<\/td>\n<\/tr>\n<tr>\n<td width=\"288\"><strong><b>Pays de fabrication<\/b><\/strong><\/td>\n<td width=\"288\">Fabriqu\u00e9 en Chine<\/td>\n<\/tr>\n<\/tbody>\n<\/table>\n<h1><strong><b>Informations sur le moteur<\/b><\/strong><\/h1>\n<table>\n<tbody>\n<tr>\n<td width=\"288\"><strong><b>Sp\u00e9cifications<\/b><\/strong><\/td>\n<td width=\"288\"><strong><b>D\u00e9tails<\/b><\/strong><\/td>\n<\/tr>\n<tr>\n<td width=\"288\"><strong><b>G\u00e9n\u00e9ralement, le moteur<\/b><\/strong><\/td>\n<td width=\"288\">Weichai WP10<\/td>\n<\/tr>\n<tr>\n<td width=\"288\"><strong><b>Puissance du moteur <\/b><\/strong><\/td>\n<td width=\"288\">~250 kW (\u2248340 HP)<\/td>\n<\/tr>\n<tr>\n<td width=\"288\"><strong><b>C<\/b><\/strong><strong><b>hassis<\/b><\/strong><\/td>\n<td width=\"288\">Ch\u00e2ssis d'entra\u00eenement 8\u00d74<\/td>\n<\/tr>\n<\/tbody>\n<\/table>\n<h1><strong><b>Informations sur le poids<\/b><\/strong><\/h1>\n<table>\n<tbody>\n<tr>\n<td width=\"288\"><strong><b>Sp\u00e9cifications<\/b><\/strong><\/td>\n<td width=\"288\"><strong><b>D\u00e9tails<\/b><\/strong><\/td>\n<\/tr>\n<tr>\n<td width=\"288\"><strong><b>Capacit\u00e9 de levage nominale<\/b><\/strong><\/td>\n<td width=\"288\">55 t<\/td>\n<\/tr>\n<tr>\n<td width=\"288\"><strong><b>Poids (machine totale)<\/b><\/strong><\/td>\n<td width=\"288\">42 000 -44 600 kg<\/td>\n<\/tr>\n<\/tbody>\n<\/table>\n<h1><strong><b>Informations compl\u00e9mentaires<\/b><\/strong><\/h1>\n<table>\n<tbody>\n<tr>\n<td width=\"288\"><strong><b>Sp\u00e9cifications<\/b><\/strong><\/td>\n<td width=\"288\"><strong><b>D\u00e9tails<\/b><\/strong><\/td>\n<\/tr>\n<tr>\n<td width=\"288\"><strong><b>Overal<\/b><\/strong><strong><b>l Dimensions<\/b><\/strong>(L\u00d7L\u00d7H)<\/td>\n<td width=\"288\">13 250 mm \u00d7 2 550 mm \u00d7 3 680 mm<\/td>\n<\/tr>\n<tr>\n<td width=\"288\"><strong><b>Type de carburant<\/b><\/strong><\/td>\n<td width=\"288\">Carburant diesel<\/td>\n<\/tr>\n<tr>\n<td width=\"288\"><strong><b>Nombre d'essieux<\/b><\/strong><\/td>\n<td width=\"288\">4<\/td>\n<\/tr>\n<tr>\n<td width=\"288\"><strong><b>Longueur maximale de la fl\u00e8che<\/b><\/strong><\/td>\n<td width=\"288\">~43 m (jusqu'\u00e0 45 m)<\/td>\n<\/tr>\n<tr>\n<td width=\"288\"><strong><b>Fl\u00e8che auxiliaire<\/b><\/strong><\/td>\n<td width=\"288\">~16 m<\/td>\n<\/tr>\n<tr>\n<td width=\"288\"><strong><b>Hauteur maximale (avec fl\u00e8che auxiliaire)<\/b><\/strong><\/td>\n<td width=\"288\">~59-61 m<\/td>\n<\/tr>\n<tr>\n<td width=\"288\"><strong><b>Vitesse maximale<\/b><\/strong><\/td>\n<td width=\"288\">~85-90 km\/h<\/td>\n<\/tr>\n<tr>\n<td width=\"288\"><strong><b>Moment de levage<\/b><\/strong><\/td>\n<td width=\"288\">~2107 kN-m<\/td>\n<\/tr>\n<tr>\n<td width=\"288\"><strong><b>Port\u00e9e du balancier<\/b><\/strong><\/td>\n<td width=\"288\">~7,4 m \u00d7 6,1 m<\/td>\n<\/tr>\n<\/tbody>\n<\/table>","protected":false},"featured_media":32036,"comment_status":"open","ping_status":"closed","template":"","meta":{"_acf_changed":false,"_eb_attr":"","_eb_data_table":""},"product_brand":[],"product_cat":[204],"product_tag":[178],"class_list":{"0":"post-32035","1":"product","2":"type-product","3":"status-publish","4":"has-post-thumbnail","6":"product_cat-mobile-truck-crane","7":"product_tag-used","9":"first","10":"instock","11":"shipping-taxable","12":"product-type-simple"},"acf":[],"aioseo_notices":[],"_links":{"self":[{"href":"https:\/\/colorskyco.com\/fr\/wp-json\/wp\/v2\/product\/32035","targetHints":{"allow":["GET"]}}],"collection":[{"href":"https:\/\/colorskyco.com\/fr\/wp-json\/wp\/v2\/product"}],"about":[{"href":"https:\/\/colorskyco.com\/fr\/wp-json\/wp\/v2\/types\/product"}],"replies":[{"embeddable":true,"href":"https:\/\/colorskyco.com\/fr\/wp-json\/wp\/v2\/comments?post=32035"}],"version-history":[{"count":5,"href":"https:\/\/colorskyco.com\/fr\/wp-json\/wp\/v2\/product\/32035\/revisions"}],"predecessor-version":[{"id":32061,"href":"https:\/\/colorskyco.com\/fr\/wp-json\/wp\/v2\/product\/32035\/revisions\/32061"}],"wp:featuredmedia":[{"embeddable":true,"href":"https:\/\/colorskyco.com\/fr\/wp-json\/wp\/v2\/media\/32036"}],"wp:attachment":[{"href":"https:\/\/colorskyco.com\/fr\/wp-json\/wp\/v2\/media?parent=32035"}],"wp:term":[{"taxonomy":"product_brand","embeddable":true,"href":"https:\/\/colorskyco.com\/fr\/wp-json\/wp\/v2\/product_brand?post=32035"},{"taxonomy":"product_cat","embeddable":true,"href":"https:\/\/colorskyco.com\/fr\/wp-json\/wp\/v2\/product_cat?post=32035"},{"taxonomy":"product_tag","embeddable":true,"href":"https:\/\/colorskyco.com\/fr\/wp-json\/wp\/v2\/product_tag?post=32035"}],"curies":[{"name":"wp","href":"https:\/\/api.w.org\/{rel}","templated":true}]}}