{"id":916,"date":"2025-09-19T02:52:27","date_gmt":"2025-09-19T02:52:27","guid":{"rendered":"https:\/\/demo2.mevksa.com\/?post_type=product&#038;p=916"},"modified":"2025-12-01T17:14:28","modified_gmt":"2025-12-01T09:14:28","slug":"sany-concrete-pump-truck-sym5552thb-71m","status":"publish","type":"product","link":"https:\/\/colorskyco.com\/fr\/produit\/sany-concrete-pump-truck-sym5552thb-71m\/","title":{"rendered":"Camion pompe \u00e0 b\u00e9ton SYM5552THB 71m SANY 202308 d'occasion"},"content":{"rendered":"<p><strong><b>D\u00e9tails du produit<\/b><\/strong><\/p>\n<p>The used <strong><b>SANY <\/b><\/strong><strong><b>71M<\/b><\/strong><strong><b>\u00a0<\/b><\/strong><strong><b>Truck Mounted Concrete <\/b><\/strong><strong><b>P<\/b><\/strong><strong><b>ump<\/b><\/strong>\u00a0is now available for sale.<br \/>\nWell-maintained and ready for immediate operation.<\/p>\n<p><strong><b>Sp\u00e9cifications<\/b><\/strong><\/p>\n<table>\n<tbody>\n<tr>\n<td width=\"284\">Equipement<\/td>\n<td width=\"284\">Truck Mounted Concrete Pump<\/td>\n<\/tr>\n<tr>\n<td width=\"284\">Lieu d'origine<\/td>\n<td width=\"284\">Chine<\/td>\n<\/tr>\n<tr>\n<td width=\"284\">Nom de la marque<\/td>\n<td width=\"284\">Sany<\/td>\n<\/tr>\n<tr>\n<td width=\"284\">Num\u00e9ro de mod\u00e8le<\/td>\n<td width=\"284\">SYM5552THB 71M<\/td>\n<\/tr>\n<tr>\n<td width=\"284\">Date de fabrication<\/td>\n<td width=\"284\">2023-08<\/td>\n<\/tr>\n<tr>\n<td width=\"284\">Quantit\u00e9 minimale de commande<\/td>\n<td width=\"284\">1 section<\/td>\n<\/tr>\n<tr>\n<td width=\"284\">D\u00e9tails de l'emballage<\/td>\n<td width=\"284\">Roro Ship, Cargo Bulk Ship<\/td>\n<\/tr>\n<\/tbody>\n<\/table>","protected":false},"excerpt":{"rendered":"<p>SANY SYM5552THB 71M\u00a0Truck Mounted Concrete Pump<\/p>\n<p>Technical Data Sheet<\/p>\n<h1><strong><b>Informations g\u00e9n\u00e9rales<\/b><\/strong><\/h1>\n<table>\n<tbody>\n<tr>\n<td width=\"288\"><strong><b>Sp\u00e9cifications<\/b><\/strong><\/td>\n<td width=\"288\"><strong><b>D\u00e9tails<\/b><\/strong><\/td>\n<\/tr>\n<tr>\n<td width=\"288\"><strong><b>Type de produit<\/b><\/strong><\/td>\n<td width=\"288\">SYM5551THB1F<\/td>\n<\/tr>\n<tr>\n<td width=\"288\"><strong><b>Fabricant<\/b><\/strong><\/td>\n<td width=\"288\">SANY Automobile Manufacturing Co.<\/td>\n<\/tr>\n<tr>\n<td width=\"288\"><strong><b>Adresse<\/b><\/strong><\/td>\n<td width=\"288\">SANY Industrial Park, Changsha Economic and Technological Development Zone, Changsha City, Hunan Province<\/td>\n<\/tr>\n<tr>\n<td width=\"288\"><strong><b>Date de production<\/b><\/strong><\/td>\n<td width=\"288\">2023.08<\/td>\n<\/tr>\n<tr>\n<td width=\"288\"><strong><b>Pays de fabrication<\/b><\/strong><\/td>\n<td width=\"288\">Fabriqu\u00e9 en Chine<\/td>\n<\/tr>\n<\/tbody>\n<\/table>\n<h1><strong><b>Boom Specifications<\/b><\/strong><\/h1>\n<table>\n<tbody>\n<tr>\n<td width=\"288\"><strong><b>Sp\u00e9cifications<\/b><\/strong><\/td>\n<td width=\"288\"><strong><b>D\u00e9tails<\/b><\/strong><\/td>\n<\/tr>\n<tr>\n<td width=\"288\"><strong><b>Max Vertical Reach<\/b><\/strong><\/td>\n<td width=\"288\"><strong><b>70.2 m<\/b><\/strong><\/td>\n<\/tr>\n<tr>\n<td width=\"288\"><strong><b>Max Horizontal Reach<\/b><\/strong><\/td>\n<td width=\"288\"><strong><b>63.5 m<\/b><\/strong><\/td>\n<\/tr>\n<\/tbody>\n<\/table>\n<h1><strong><b>Pumping System<\/b><\/strong><\/h1>\n<table>\n<tbody>\n<tr>\n<td width=\"288\"><strong><b>Sp\u00e9cifications<\/b><\/strong><\/td>\n<td width=\"288\"><strong><b>D\u00e9tails<\/b><\/strong><\/td>\n<\/tr>\n<tr>\n<td width=\"288\"><strong><b>Max Theoretical Output<\/b><\/strong><\/td>\n<td width=\"288\"><strong><b>1<\/b><\/strong><strong><b>8<\/b><\/strong><strong><b>0 m\u00b3\/h<\/b><\/strong><\/td>\n<\/tr>\n<tr>\n<td width=\"288\"><strong><b>Max Theoretical Pressure<\/b><\/strong><\/td>\n<td width=\"288\"><strong><b>13<\/b><\/strong><strong><b>MPa<\/b><\/strong><\/td>\n<\/tr>\n<\/tbody>\n<\/table>\n<h1><strong><b>Moteur<\/b><\/strong><\/h1>\n<table>\n<tbody>\n<tr>\n<td width=\"288\"><strong><b>Sp\u00e9cifications<\/b><\/strong><\/td>\n<td width=\"288\"><strong><b>D\u00e9tails<\/b><\/strong><\/td>\n<\/tr>\n<tr>\n<td width=\"288\"><strong><b>Mod\u00e8le de moteur<\/b><\/strong><\/td>\n<td width=\"288\">D13C6-530E4<\/td>\n<\/tr>\n<tr>\n<td width=\"288\"><strong><b>Engine Max Net Power \/ Speed<\/b><\/strong><\/td>\n<td width=\"288\"><strong><b>385 kW \/ 1,900 rpm<\/b><\/strong><\/td>\n<\/tr>\n<tr>\n<td width=\"288\">Engine displacement<\/td>\n<td width=\"288\"><strong><b>12.94L<\/b><\/strong><\/td>\n<\/tr>\n<\/tbody>\n<\/table>\n<h1><strong><b>Weight &amp; Dimensions<\/b><\/strong><\/h1>\n<table>\n<tbody>\n<tr>\n<td width=\"288\"><strong><b>Sp\u00e9cifications<\/b><\/strong><\/td>\n<td width=\"288\"><strong><b>D\u00e9tails<\/b><\/strong><\/td>\n<\/tr>\n<tr>\n<td width=\"288\"><strong><b>Kerb \/ Empty Weight<\/b><\/strong><\/td>\n<td width=\"288\"><strong><b>55,000 kg<\/b><\/strong><\/td>\n<\/tr>\n<tr>\n<td width=\"288\"><strong><b>Overall Length<\/b><\/strong><\/td>\n<td width=\"288\"><strong><b>16,090 mm<\/b><\/strong><\/td>\n<\/tr>\n<tr>\n<td><strong><b>Overall Width<\/b><\/strong><\/td>\n<td><strong><b>2,550 mm<\/b><\/strong><\/td>\n<\/tr>\n<tr>\n<td><strong><b>Hauteur totale<\/b><\/strong><\/td>\n<td><strong><b>4,000 mm<\/b><\/strong><\/td>\n<\/tr>\n<tr>\n<td><strong><b>Delivery Cylinder Bore<\/b><\/strong><\/td>\n<td><strong><b>260 mm<\/b><\/strong><\/td>\n<\/tr>\n<tr>\n<td><strong><b>Delivery Cylinder Stroke<\/b><\/strong><\/td>\n<td><strong><b>2,100 mm<\/b><\/strong><\/td>\n<\/tr>\n<\/tbody>\n<\/table>\n<h1><strong><b>Outriggers<\/b><\/strong><\/h1>\n<table>\n<tbody>\n<tr>\n<td width=\"288\"><strong><b>Sp\u00e9cifications<\/b><\/strong><\/td>\n<td width=\"288\"><strong><b>D\u00e9tails<\/b><\/strong><\/td>\n<\/tr>\n<tr>\n<td width=\"288\">Fuel Tank Capacity<\/td>\n<td width=\"288\">600\u00a0L<\/td>\n<\/tr>\n<tr>\n<td width=\"288\">Water Tank Volume<\/td>\n<td width=\"288\">750 + 750\u00a0L<\/td>\n<\/tr>\n<tr>\n<td width=\"288\">Outrigger Spread (Front)<\/td>\n<td width=\"288\"><strong><b>12110mm<\/b><\/strong><\/td>\n<\/tr>\n<tr>\n<td width=\"288\">Outrigger Spread (Rear)<\/td>\n<td width=\"288\">14990mm<\/td>\n<\/tr>\n<\/tbody>\n<\/table>\n<h1><strong><b>Key Features<\/b><\/strong><\/h1>\n<table>\n<tbody>\n<tr>\n<td width=\"288\"><strong><b>Sp\u00e9cifications<\/b><\/strong><\/td>\n<td width=\"288\"><strong><b>D\u00e9tails<\/b><\/strong><\/td>\n<\/tr>\n<tr>\n<td width=\"288\"><strong><b>Norme d'\u00e9mission<\/b><\/strong><\/td>\n<td width=\"288\">China VI<\/td>\n<\/tr>\n<tr>\n<td width=\"288\">Maximum road speed<\/td>\n<td width=\"288\">90km\/h<\/td>\n<\/tr>\n<\/tbody>\n<\/table>\n<h2><\/h2>","protected":false},"featured_media":31629,"comment_status":"open","ping_status":"closed","template":"","meta":{"_acf_changed":false,"_eb_attr":"","_eb_data_table":""},"product_brand":[],"product_cat":[202],"product_tag":[],"class_list":{"0":"post-916","1":"product","2":"type-product","3":"status-publish","4":"has-post-thumbnail","6":"product_cat-truck-mounted-concrete-pump","8":"first","9":"instock","10":"shipping-taxable","11":"product-type-simple"},"acf":[],"aioseo_notices":[],"_links":{"self":[{"href":"https:\/\/colorskyco.com\/fr\/wp-json\/wp\/v2\/product\/916","targetHints":{"allow":["GET"]}}],"collection":[{"href":"https:\/\/colorskyco.com\/fr\/wp-json\/wp\/v2\/product"}],"about":[{"href":"https:\/\/colorskyco.com\/fr\/wp-json\/wp\/v2\/types\/product"}],"replies":[{"embeddable":true,"href":"https:\/\/colorskyco.com\/fr\/wp-json\/wp\/v2\/comments?post=916"}],"version-history":[{"count":8,"href":"https:\/\/colorskyco.com\/fr\/wp-json\/wp\/v2\/product\/916\/revisions"}],"predecessor-version":[{"id":32003,"href":"https:\/\/colorskyco.com\/fr\/wp-json\/wp\/v2\/product\/916\/revisions\/32003"}],"wp:featuredmedia":[{"embeddable":true,"href":"https:\/\/colorskyco.com\/fr\/wp-json\/wp\/v2\/media\/31629"}],"wp:attachment":[{"href":"https:\/\/colorskyco.com\/fr\/wp-json\/wp\/v2\/media?parent=916"}],"wp:term":[{"taxonomy":"product_brand","embeddable":true,"href":"https:\/\/colorskyco.com\/fr\/wp-json\/wp\/v2\/product_brand?post=916"},{"taxonomy":"product_cat","embeddable":true,"href":"https:\/\/colorskyco.com\/fr\/wp-json\/wp\/v2\/product_cat?post=916"},{"taxonomy":"product_tag","embeddable":true,"href":"https:\/\/colorskyco.com\/fr\/wp-json\/wp\/v2\/product_tag?post=916"}],"curies":[{"name":"wp","href":"https:\/\/api.w.org\/{rel}","templated":true}]}}