{"id":1029,"date":"2025-09-29T07:57:30","date_gmt":"2025-09-29T07:57:30","guid":{"rendered":"https:\/\/demo2.mevksa.com\/?post_type=product&#038;p=1029"},"modified":"2025-11-30T13:53:51","modified_gmt":"2025-11-30T05:53:51","slug":"2023-used-sany-truck-crane-50t-sym5436jqz-stc500-6","status":"publish","type":"product","link":"https:\/\/colorskyco.com\/pt\/product\/2023-used-sany-truck-crane-50t-sym5436jqz-stc500-6\/","title":{"rendered":"Guindaste sobre caminh\u00e3o SANY usado, 50 toneladas, modelo SYM5436JQZ (STC500-6), ano 2023."},"content":{"rendered":"<p><span style=\"color: #000000;\"><strong>Detalhes do produto<\/strong><\/span><\/p>\n<p><span style=\"color: #000000;\"><strong>Used Sany Truck Crane \u00a0has excellent mechanical performance, simple operation and easy to use<\/strong><\/span><\/p>\n<p><span style=\"color: #000000;\"><strong>Especifica\u00e7\u00f5es<\/strong><\/span><\/p>\n<table>\n<tbody>\n<tr>\n<td width=\"284\"><span style=\"color: #000000;\">Equipamento<\/span><\/td>\n<td width=\"284\"><span style=\"color: #000000;\">Full Hydraulic Truck Crane<\/span><\/td>\n<\/tr>\n<tr>\n<td width=\"284\"><span style=\"color: #000000;\">Local de origem<\/span><\/td>\n<td width=\"284\"><span style=\"color: #000000;\">China<\/span><\/td>\n<\/tr>\n<tr>\n<td width=\"284\"><span style=\"color: #000000;\">Nome da marca<\/span><\/td>\n<td width=\"284\"><span style=\"color: #000000;\">Sany<\/span><\/td>\n<\/tr>\n<tr>\n<td width=\"284\"><span style=\"color: #000000;\">N\u00famero do modelo<\/span><\/td>\n<td width=\"284\"><span style=\"color: #000000;\">SYM5436JQZ (STC500-6)<\/span><\/td>\n<\/tr>\n<tr>\n<td width=\"284\"><span style=\"color: #000000;\">Data de fabrica\u00e7\u00e3o<\/span><\/td>\n<td width=\"284\"><span style=\"color: #000000;\">2021-03<\/span><\/td>\n<\/tr>\n<tr>\n<td width=\"284\"><span style=\"color: #000000;\">Quantidade m\u00ednima de encomenda<\/span><\/td>\n<td width=\"284\"><span style=\"color: #000000;\">1\u00aa se\u00e7\u00e3o<\/span><\/td>\n<\/tr>\n<tr>\n<td width=\"284\"><span style=\"color: #000000;\">Detalhes da embalagem<\/span><\/td>\n<td width=\"284\"><span style=\"color: #000000;\">Navio Ro-Ro, Navio de Carga a Granel<\/span><\/td>\n<\/tr>\n<\/tbody>\n<\/table>\n<p>&nbsp;<\/p>","protected":false},"excerpt":{"rendered":"<h2><strong><b>SANY SYM5436JQZ (STC500-6) Truck Crane &#8211; Technical Data Sheet<\/b><\/strong><\/h2>\n<h1>Informa\u00e7\u00f5es gerais<\/h1>\n<table>\n<tbody>\n<tr>\n<td width=\"288\"><strong>Especifica\u00e7\u00e3o<\/strong><\/td>\n<td width=\"288\"><strong>Detalhes<\/strong><\/td>\n<\/tr>\n<tr>\n<td width=\"288\"><strong>Tipo de produto<\/strong><\/td>\n<td width=\"288\">SYM5436JQZ (STC500-6)<\/td>\n<\/tr>\n<tr>\n<td width=\"288\"><strong>Fabricante<\/strong><\/td>\n<td width=\"288\">SANY Automobile Manufacturing Co., Ltd.<\/td>\n<\/tr>\n<tr>\n<td width=\"288\"><strong>Endere\u00e7o<\/strong><\/td>\n<td width=\"288\">Parque Industrial SANY, Zona de Desenvolvimento Econ\u00f4mico e Tecnol\u00f3gico de Changsha, Cidade de Changsha, Prov\u00edncia de Hunan<\/td>\n<\/tr>\n<tr>\n<td width=\"288\"><strong>Data de produ\u00e7\u00e3o<\/strong><\/td>\n<td width=\"288\">2021.03<\/td>\n<\/tr>\n<tr>\n<td width=\"288\"><strong>Pa\u00eds de fabrica\u00e7\u00e3o<\/strong><\/td>\n<td width=\"288\">Feito na china<\/td>\n<\/tr>\n<\/tbody>\n<\/table>\n<h1>Motor<\/h1>\n<table>\n<tbody>\n<tr>\n<td width=\"288\"><strong>Especifica\u00e7\u00e3o<\/strong><\/td>\n<td width=\"288\"><strong>Detalhes<\/strong><\/td>\n<\/tr>\n<tr>\n<td width=\"288\"><strong>Modelo<\/strong><\/td>\n<td width=\"288\">\u00a0YCK09360-60<\/td>\n<\/tr>\n<tr>\n<td width=\"288\"><strong>Tipo<\/strong><\/td>\n<td width=\"288\">Motor diesel a 4 tempos, turboalimentado e arrefecido a \u00e1gua<\/td>\n<\/tr>\n<tr>\n<td width=\"288\"><strong>Padr\u00e3o de Emiss\u00e3o<\/strong><\/td>\n<td width=\"288\">\u00a0China VI (equivalente Euro VI)<\/td>\n<\/tr>\n<tr>\n<td width=\"288\"><strong>Pot\u00eancia nominal<\/strong><\/td>\n<td width=\"288\">265 kW a 1900 rpm<\/td>\n<\/tr>\n<tr>\n<td width=\"288\"><strong>M\u00e1x. Pot\u00eancia dispon\u00edvel<\/strong><\/td>\n<td width=\"288\">260 kW a 1900 rpm<\/td>\n<\/tr>\n<\/tbody>\n<\/table>\n<h1>Desempenho<\/h1>\n<table>\n<tbody>\n<tr>\n<td width=\"288\"><strong>Especifica\u00e7\u00e3o<\/strong><\/td>\n<td width=\"288\"><strong>Detalhes<\/strong><\/td>\n<\/tr>\n<tr>\n<td width=\"288\"><strong>M\u00e1x. Capacidade nominal de eleva\u00e7\u00e3o<\/strong><\/td>\n<td width=\"288\">50 t (num raio de 3 m)<\/td>\n<\/tr>\n<tr>\n<td width=\"288\"><strong>M\u00e1ximo. M\u00f3men de eleva\u00e7\u00e3o<\/strong><strong>t<\/strong><\/td>\n<td width=\"288\">\u00a0~2000 kN-m (t\u00edpico)<\/td>\n<\/tr>\n<tr>\n<td width=\"288\"><strong>Altura m\u00e1x. Altura de eleva\u00e7\u00e3o (lan\u00e7a + jib)<\/strong><\/td>\n<td width=\"288\">~57 m (lan\u00e7a ~43 m + jib ~14 m)<\/td>\n<\/tr>\n<tr>\n<td width=\"288\"><strong>Comprimento da lan\u00e7a<\/strong><\/td>\n<td width=\"288\">~11 - 43 m (5 sec\u00e7\u00f5es)<\/td>\n<\/tr>\n<tr>\n<td width=\"288\"><strong>Comprimento da lan\u00e7a<\/strong><\/td>\n<td width=\"288\">\u00a0~14 m (opcional)<\/td>\n<\/tr>\n<tr>\n<td width=\"288\"><strong>V\u00e3o do estabilizador<\/strong><\/td>\n<td width=\"288\">~7,5 m (longitudinal) \u00d7 6,0 m (transversal)<\/td>\n<\/tr>\n<tr>\n<td width=\"288\"><strong>Velocidade de rota\u00e7\u00e3o<\/strong><\/td>\n<td width=\"288\">\u00a00-2,5 rpm<\/td>\n<\/tr>\n<\/tbody>\n<\/table>\n<h1>Pesos<\/h1>\n<table>\n<tbody>\n<tr>\n<td width=\"288\"><strong>Especifica\u00e7\u00e3o<\/strong><\/td>\n<td width=\"288\"><strong>Detalhes<\/strong><\/td>\n<\/tr>\n<tr>\n<td width=\"288\"><strong>Massa do lancil<\/strong><\/td>\n<td width=\"288\">42,370 kg<\/td>\n<\/tr>\n<tr>\n<td width=\"288\"><strong>Massa bruta do ve\u00edculo<\/strong><strong>s<\/strong><\/td>\n<td width=\"288\">42,500 kg<\/td>\n<\/tr>\n<tr>\n<td width=\"288\"><strong>Carga do eixo dianteiro<\/strong><\/td>\n<td width=\"288\">\u00a0~17.000 kg<\/td>\n<\/tr>\n<tr>\n<td width=\"288\"><strong>Carga do eixo traseiro<\/strong><\/td>\n<td width=\"288\">\u00a0~25.500 kg<\/td>\n<\/tr>\n<\/tbody>\n<\/table>\n<h1>Dimens\u00f5es<\/h1>\n<table>\n<tbody>\n<tr>\n<td width=\"288\"><strong>Especifica\u00e7\u00e3o<\/strong><\/td>\n<td width=\"288\"><strong>Detalhes<\/strong><\/td>\n<\/tr>\n<tr>\n<td width=\"288\"><strong>Dimens\u00e3o total (C \u00d7 L \u00d7 A)<\/strong><\/td>\n<td width=\"288\">\u00a014,420 \u00d7 2,800 \u00d7 3,885 mm<\/td>\n<\/tr>\n<tr>\n<td width=\"288\"><strong>Dist\u00e2ncia entre eixos<\/strong><\/td>\n<td width=\"288\">\u00a0~4,750 + 1,350 mm<\/td>\n<\/tr>\n<tr>\n<td width=\"288\"><strong>\u00c2ngulo de aproxima\u00e7\u00e3o<\/strong><\/td>\n<td width=\"288\">\u00a016\u00b0<\/td>\n<\/tr>\n<tr>\n<td width=\"288\"><strong>\u00c2ngulo de partida<\/strong><\/td>\n<td width=\"288\">13\u00b0<\/td>\n<\/tr>\n<tr>\n<td width=\"288\"><strong>M\u00edn. Raio de viragem<\/strong><\/td>\n<td width=\"288\">\u00a012 m<\/td>\n<\/tr>\n<\/tbody>\n<\/table>\n<h1>Chassis<\/h1>\n<table>\n<tbody>\n<tr>\n<td width=\"288\"><strong>Especifica\u00e7\u00e3o<\/strong><\/td>\n<td width=\"288\"><strong>Detalhes<\/strong><\/td>\n<\/tr>\n<tr>\n<td width=\"288\"><strong>Condu\u00e7\u00e3o<\/strong><\/td>\n<td width=\"288\">Acionamento: 10 \u00d7 4<\/td>\n<\/tr>\n<tr>\n<td width=\"288\"><strong>Transmiss\u00e3o<\/strong><\/td>\n<td width=\"288\">\u00a0Manual \/ Manual automatizado (12F + 2R)<\/td>\n<\/tr>\n<tr>\n<td width=\"288\"><strong>Max. Velocidade de desloca\u00e7\u00e3o<\/strong><strong>d<\/strong><\/td>\n<td width=\"288\">\u00a085 km\/h<\/td>\n<\/tr>\n<tr>\n<td width=\"288\"><strong>Capacidade de classifica\u00e7\u00e3o<\/strong><\/td>\n<td width=\"288\">40%<\/td>\n<\/tr>\n<tr>\n<td width=\"288\"><strong>Suspens\u00e3o<\/strong><\/td>\n<td width=\"288\">Mola de l\u00e2mina com amortecedores<\/td>\n<\/tr>\n<tr>\n<td width=\"288\"><strong>Pneus<\/strong><\/td>\n<td width=\"288\">\u00a012.00R20 (ou 315\/80R22.5)<\/td>\n<\/tr>\n<\/tbody>\n<\/table>\n<h1>Sistema hidr\u00e1ulico<\/h1>\n<table>\n<tbody>\n<tr>\n<td width=\"288\"><strong>Especifica\u00e7\u00e3o<\/strong><\/td>\n<td width=\"288\"><strong>Detalhes<\/strong><\/td>\n<\/tr>\n<tr>\n<td width=\"288\"><strong>Tipo<\/strong><strong>e<\/strong><\/td>\n<td width=\"288\">\u00a0Circuito aberto com bomba de caudal vari\u00e1vel<\/td>\n<\/tr>\n<tr>\n<td width=\"288\"><strong>Caudal da bomba principal<\/strong><\/td>\n<td width=\"288\">\u00a0~2 \u00d7 250 L\/min<\/td>\n<\/tr>\n<tr>\n<td width=\"288\"><strong>Capacidade do dep\u00f3sito de \u00f3leo hidr\u00e1ulico<\/strong><\/td>\n<td width=\"288\">~600 L<\/td>\n<\/tr>\n<tr>\n<td width=\"288\"><strong>Modo de controlo<\/strong><\/td>\n<td width=\"288\">Controlo proporcional piloto<\/td>\n<\/tr>\n<\/tbody>\n<\/table>\n<h1>Dispositivos de seguran\u00e7a<\/h1>\n<table>\n<tbody>\n<tr>\n<td width=\"288\"><strong>Especifica\u00e7\u00e3o<\/strong><\/td>\n<td width=\"288\"><strong>Detalhes<\/strong><\/td>\n<\/tr>\n<tr>\n<td colspan=\"2\" width=\"576\"><strong>Limitador de momento de carga (LMI)<\/strong><\/td>\n<\/tr>\n<tr>\n<td colspan=\"2\" width=\"576\"><strong>Prote\u00e7\u00e3o contra sobre-eleva\u00e7\u00e3o e sobre-abaixamento<\/strong><\/td>\n<\/tr>\n<tr>\n<td colspan=\"2\" width=\"576\"><strong>Indicador do \u00e2ngulo da lan\u00e7a<\/strong><\/td>\n<\/tr>\n<tr>\n<td colspan=\"2\" width=\"576\"><strong>Sistema de monitoriza\u00e7\u00e3o dos estabilizadores<\/strong><\/td>\n<\/tr>\n<tr>\n<td colspan=\"2\" width=\"576\"><strong>\u00a0Sistema de paragem de emerg\u00eancia<\/strong><\/td>\n<\/tr>\n<\/tbody>\n<\/table>","protected":false},"featured_media":31595,"comment_status":"open","ping_status":"closed","template":"","meta":{"_acf_changed":false,"_eb_attr":"","_eb_data_table":""},"product_brand":[],"product_cat":[204],"product_tag":[],"class_list":{"0":"post-1029","1":"product","2":"type-product","3":"status-publish","4":"has-post-thumbnail","6":"product_cat-mobile-truck-crane","8":"first","9":"instock","10":"shipping-taxable","11":"product-type-simple"},"acf":[],"aioseo_notices":[],"_links":{"self":[{"href":"https:\/\/colorskyco.com\/pt\/wp-json\/wp\/v2\/product\/1029","targetHints":{"allow":["GET"]}}],"collection":[{"href":"https:\/\/colorskyco.com\/pt\/wp-json\/wp\/v2\/product"}],"about":[{"href":"https:\/\/colorskyco.com\/pt\/wp-json\/wp\/v2\/types\/product"}],"replies":[{"embeddable":true,"href":"https:\/\/colorskyco.com\/pt\/wp-json\/wp\/v2\/comments?post=1029"}],"version-history":[{"count":4,"href":"https:\/\/colorskyco.com\/pt\/wp-json\/wp\/v2\/product\/1029\/revisions"}],"predecessor-version":[{"id":31880,"href":"https:\/\/colorskyco.com\/pt\/wp-json\/wp\/v2\/product\/1029\/revisions\/31880"}],"wp:featuredmedia":[{"embeddable":true,"href":"https:\/\/colorskyco.com\/pt\/wp-json\/wp\/v2\/media\/31595"}],"wp:attachment":[{"href":"https:\/\/colorskyco.com\/pt\/wp-json\/wp\/v2\/media?parent=1029"}],"wp:term":[{"taxonomy":"product_brand","embeddable":true,"href":"https:\/\/colorskyco.com\/pt\/wp-json\/wp\/v2\/product_brand?post=1029"},{"taxonomy":"product_cat","embeddable":true,"href":"https:\/\/colorskyco.com\/pt\/wp-json\/wp\/v2\/product_cat?post=1029"},{"taxonomy":"product_tag","embeddable":true,"href":"https:\/\/colorskyco.com\/pt\/wp-json\/wp\/v2\/product_tag?post=1029"}],"curies":[{"name":"wp","href":"https:\/\/api.w.org\/{rel}","templated":true}]}}