{"id":30566,"date":"2025-01-17T14:37:40","date_gmt":"2025-01-17T14:37:40","guid":{"rendered":"https:\/\/demo2.mevksa.com\/?post_type=product&#038;p=23"},"modified":"2025-11-30T13:57:32","modified_gmt":"2025-11-30T05:57:32","slug":"2023-zoomlion-concrete-pump-truck-38-meters-installed-faw-jiefang-chassis-for-sale","status":"publish","type":"product","link":"https:\/\/colorskyco.com\/pt\/product\/2023-zoomlion-concrete-pump-truck-38-meters-installed-faw-jiefang-chassis-for-sale\/","title":{"rendered":"Caminh\u00e3o bomba de concreto Zoomlion 2023 com 38 metros de comprimento, montado em chassi FAW Jiefang, \u00e0 venda."},"content":{"rendered":"<p class=\"prodect_info\"><strong>Detalhes do produto<\/strong><\/p>\n<p class=\"product_list\">Place of Origin: China<br \/>\nBrand Name: Zoomlion<br \/>\nModel Number: 38M<\/p>\n<p class=\"prodect_info\"><strong>Payment &amp; Shipping Terms<\/strong><\/p>\n<p class=\"product_list\">Minimum Order Quantity: 1 section<br \/>\nPackaging Details: Container, Bulk cargo ship, Flat rack ship, RO RO ship<\/p>","protected":false},"excerpt":{"rendered":"<p><strong>Caminh\u00e3o bomba de concreto Zoomlion 2023 com 38 metros de comprimento, montado em chassi FAW Jiefang, \u00e0 venda.<\/strong><br \/>\n1.concrete pump truck manufacturers<br \/>\n2.concrete pump truck\u00a0Direct sale in stock<br \/>\n3.second hand pump truck<\/p>\n<p>Under very good condition<br \/>\nPerfect original condition 38 m with 2 axles.<br \/>\nStrict and professional workshop<br \/>\nStable working and all fuctions are nomal.<br \/>\nWith\u00a0FAW Jiefang\u00a0Chassis.<br \/>\nWe do professional repair, provide high quality equipment to our customers.<br \/>\n<b><\/b><\/p>\n<p><b>Principal\u00a0<\/b><b>Par\u00e2metro:<\/b><\/p>\n<table border=\"1\" cellspacing=\"0\" cellpadding=\"0\">\n<tbody>\n<tr>\n<td>Equipamento para bet\u00e3o<\/td>\n<td><\/td>\n<\/tr>\n<tr>\n<td>Ano da bomba<\/td>\n<td>2023 ano<\/td>\n<\/tr>\n<tr>\n<td>Sec\u00e7\u00f5es da lan\u00e7a<\/td>\n<td>\u00a02 SEC\u00c7\u00d5ES RZ DOBRA<\/td>\n<\/tr>\n<tr>\n<td>Alcance vertical<\/td>\n<td>37.1m<\/td>\n<\/tr>\n<tr>\n<td>Alcance horizontal<\/td>\n<td>32.36m<\/td>\n<\/tr>\n<tr>\n<td>Produ\u00e7\u00e3o m\u00e1xima de bet\u00e3o<\/td>\n<td>125 m3\/h<\/td>\n<\/tr>\n<tr>\n<td>Imprensa Conrete<\/td>\n<td>\u00a013 MPa<\/td>\n<\/tr>\n<tr>\n<td>Controlo remoto por r\u00e1dio<\/td>\n<td>controlo remoto da bomba de bet\u00e3o<\/td>\n<\/tr>\n<tr>\n<td>Marca do controlo remoto do r\u00e1dio<\/td>\n<td>controlo remoto HBC<\/td>\n<\/tr>\n<tr>\n<td>Estado<\/td>\n<td>Usado mas em estado est\u00e1vel<\/td>\n<\/tr>\n<tr>\n<td>Norma de repara\u00e7\u00e3o<\/td>\n<td>Manuten\u00e7\u00e3o b\u00e1sica<\/td>\n<\/tr>\n<tr>\n<td>Marca de cami\u00e3o<\/td>\n<td>Chassis Jiefang<\/td>\n<\/tr>\n<tr>\n<td>Tipo de motor<\/td>\n<td>Gas\u00f3leo<\/td>\n<\/tr>\n<tr>\n<td>Pot\u00eancia m\u00e1xima do motor<\/td>\n<td>252kw<\/td>\n<\/tr>\n<tr>\n<td>Dimens\u00e3o (L*W*H)<\/td>\n<td>9950mm*2550*3960mm<\/td>\n<\/tr>\n<tr>\n<td>Peso total<\/td>\n<td>23000kg<\/td>\n<\/tr>\n<tr>\n<td>Itens de manuten\u00e7\u00e3o<\/td>\n<td>Acess\u00f3rio da tremonha; chapa met\u00e1lica; verifica\u00e7\u00e3o e teste de todo o sistema; limpeza<\/td>\n<\/tr>\n<\/tbody>\n<\/table>","protected":false},"featured_media":31033,"comment_status":"open","ping_status":"closed","template":"","meta":{"_acf_changed":false,"_eb_attr":"","_eb_data_table":""},"product_brand":[],"product_cat":[202],"product_tag":[],"class_list":{"0":"post-30566","1":"product","2":"type-product","3":"status-publish","4":"has-post-thumbnail","6":"product_cat-truck-mounted-concrete-pump","8":"first","9":"instock","10":"shipping-taxable","11":"product-type-simple"},"acf":[],"aioseo_notices":[],"_links":{"self":[{"href":"https:\/\/colorskyco.com\/pt\/wp-json\/wp\/v2\/product\/30566","targetHints":{"allow":["GET"]}}],"collection":[{"href":"https:\/\/colorskyco.com\/pt\/wp-json\/wp\/v2\/product"}],"about":[{"href":"https:\/\/colorskyco.com\/pt\/wp-json\/wp\/v2\/types\/product"}],"replies":[{"embeddable":true,"href":"https:\/\/colorskyco.com\/pt\/wp-json\/wp\/v2\/comments?post=30566"}],"version-history":[{"count":2,"href":"https:\/\/colorskyco.com\/pt\/wp-json\/wp\/v2\/product\/30566\/revisions"}],"predecessor-version":[{"id":31887,"href":"https:\/\/colorskyco.com\/pt\/wp-json\/wp\/v2\/product\/30566\/revisions\/31887"}],"wp:featuredmedia":[{"embeddable":true,"href":"https:\/\/colorskyco.com\/pt\/wp-json\/wp\/v2\/media\/31033"}],"wp:attachment":[{"href":"https:\/\/colorskyco.com\/pt\/wp-json\/wp\/v2\/media?parent=30566"}],"wp:term":[{"taxonomy":"product_brand","embeddable":true,"href":"https:\/\/colorskyco.com\/pt\/wp-json\/wp\/v2\/product_brand?post=30566"},{"taxonomy":"product_cat","embeddable":true,"href":"https:\/\/colorskyco.com\/pt\/wp-json\/wp\/v2\/product_cat?post=30566"},{"taxonomy":"product_tag","embeddable":true,"href":"https:\/\/colorskyco.com\/pt\/wp-json\/wp\/v2\/product_tag?post=30566"}],"curies":[{"name":"wp","href":"https:\/\/api.w.org\/{rel}","templated":true}]}}