{"id":31467,"date":"2025-11-24T12:31:24","date_gmt":"2025-11-24T04:31:24","guid":{"rendered":"https:\/\/colorskyco.com\/?post_type=product&#038;p=31467"},"modified":"2025-11-30T14:31:08","modified_gmt":"2025-11-30T06:31:08","slug":"used-sany-sr155-c10-rotary-drilling-rig-2023","status":"publish","type":"product","link":"https:\/\/colorskyco.com\/pt\/product\/used-sany-sr155-c10-rotary-drilling-rig-2023\/","title":{"rendered":"Equipamento de perfura\u00e7\u00e3o rotativo SANY SR155-C10 usado 2023"},"content":{"rendered":"<p><span style=\"color: #000000;\"><strong>Detalhes do produto<\/strong><\/span><\/p>\n<p><span style=\"color: #000000;\">The used SANY SR155R rotary drilling rig delivers strong performance and stable operation.<\/span><br \/>\n<span style=\"color: #000000;\">It is easy to handle, dependable, and designed for efficient use.<\/span><\/p>\n<p><span style=\"color: #000000;\"><strong>Especifica\u00e7\u00f5es<\/strong><\/span><\/p>\n<table>\n<tbody>\n<tr>\n<td width=\"284\"><span style=\"color: #000000;\">Equipamento<\/span><\/td>\n<td width=\"284\"><span style=\"color: #000000;\">Equipamento de perfura\u00e7\u00e3o rotativo<\/span><\/td>\n<\/tr>\n<tr>\n<td width=\"284\"><span style=\"color: #000000;\">Local de origem<\/span><\/td>\n<td width=\"284\"><span style=\"color: #000000;\">China<\/span><\/td>\n<\/tr>\n<tr>\n<td width=\"284\"><span style=\"color: #000000;\">Nome da marca<\/span><\/td>\n<td width=\"284\"><span style=\"color: #000000;\">Sany<\/span><\/td>\n<\/tr>\n<tr>\n<td width=\"284\"><span style=\"color: #000000;\">N\u00famero do modelo<\/span><\/td>\n<td width=\"284\"><span style=\"color: #000000;\">SR155<\/span><\/td>\n<\/tr>\n<tr>\n<td width=\"284\"><span style=\"color: #000000;\">Data de fabrica\u00e7\u00e3o<\/span><\/td>\n<td width=\"284\"><span style=\"color: #000000;\">2023-03<\/span><\/td>\n<\/tr>\n<tr>\n<td width=\"284\"><span style=\"color: #000000;\">Quantidade m\u00ednima de encomenda<\/span><\/td>\n<td width=\"284\"><span style=\"color: #000000;\">1\u00aa se\u00e7\u00e3o<\/span><\/td>\n<\/tr>\n<tr>\n<td width=\"284\"><span style=\"color: #000000;\">Detalhes da embalagem<\/span><\/td>\n<td width=\"284\"><span style=\"color: #000000;\">Navio Ro-Ro, Navio de Carga a Granel<\/span><\/td>\n<\/tr>\n<\/tbody>\n<\/table>\n<p>&nbsp;<\/p>","protected":false},"excerpt":{"rendered":"<table>\n<tbody>\n<tr>\n<td width=\"192\">Categoria<\/td>\n<td width=\"192\">Especifica\u00e7\u00e3o<\/td>\n<td width=\"192\">Valor<\/td>\n<\/tr>\n<tr>\n<td width=\"192\">Desempenho de perfura\u00e7\u00e3o<\/td>\n<td width=\"192\">Di\u00e2metro m\u00e1ximo de perfura\u00e7\u00e3o<\/td>\n<td width=\"192\">1500 mm<\/td>\n<\/tr>\n<tr>\n<td width=\"192\">Desempenho de perfura\u00e7\u00e3o<\/td>\n<td width=\"192\">Profundidade m\u00e1xima de perfura\u00e7\u00e3o (fric\u00e7\u00e3o \/ interbloqueio Kelly)<\/td>\n<td width=\"192\">56 m \/ 44 m<\/td>\n<\/tr>\n<tr>\n<td width=\"192\">Acionamento rotativo<\/td>\n<td width=\"192\">Bin\u00e1rio nominal de sa\u00edda<\/td>\n<td width=\"192\">155 kN-m<\/td>\n<\/tr>\n<tr>\n<td width=\"192\">Acionamento rotativo<\/td>\n<td width=\"192\">Gama de velocidades de rota\u00e7\u00e3o<\/td>\n<td width=\"192\">5-35 rpm<\/td>\n<\/tr>\n<tr>\n<td width=\"192\">Sistema Crowd<\/td>\n<td width=\"192\">For\u00e7a da multid\u00e3o (push)<\/td>\n<td width=\"192\">155 kN<\/td>\n<\/tr>\n<tr>\n<td width=\"192\">Sistema Crowd<\/td>\n<td width=\"192\">For\u00e7a de extra\u00e7\u00e3o (tra\u00e7\u00e3o)<\/td>\n<td width=\"192\">160 kN<\/td>\n<\/tr>\n<tr>\n<td width=\"192\">Sistema Crowd<\/td>\n<td width=\"192\">Comprimento do curso<\/td>\n<td width=\"192\">4200 mm<\/td>\n<\/tr>\n<tr>\n<td width=\"192\">Guincho principal<\/td>\n<td width=\"192\">Capacidade de eleva\u00e7\u00e3o<\/td>\n<td width=\"192\">160 kN<\/td>\n<\/tr>\n<tr>\n<td width=\"192\">Guincho principal<\/td>\n<td width=\"192\">Di\u00e2metro do cabo de a\u00e7o<\/td>\n<td width=\"192\">26 mm<\/td>\n<\/tr>\n<tr>\n<td width=\"192\">Guincho principal<\/td>\n<td width=\"192\">Velocidade m\u00e1xima da linha<\/td>\n<td width=\"192\">80 m\/min<\/td>\n<\/tr>\n<tr>\n<td width=\"192\">Guincho auxiliar<\/td>\n<td width=\"192\">Capacidade de eleva\u00e7\u00e3o<\/td>\n<td width=\"192\">60 kN<\/td>\n<\/tr>\n<tr>\n<td width=\"192\">Guincho auxiliar<\/td>\n<td width=\"192\">Di\u00e2metro do cabo de a\u00e7o<\/td>\n<td width=\"192\">14 mm<\/td>\n<\/tr>\n<tr>\n<td width=\"192\">Guincho auxiliar<\/td>\n<td width=\"192\">Velocidade m\u00e1xima da linha<\/td>\n<td width=\"192\">75 m\/min<\/td>\n<\/tr>\n<tr>\n<td width=\"192\">Mastro \/ Inclina\u00e7\u00e3o<\/td>\n<td width=\"192\">Inclina\u00e7\u00e3o para a frente \/ para tr\u00e1s<\/td>\n<td width=\"192\">5\u00b0 \/ 90\u00b0<\/td>\n<\/tr>\n<tr>\n<td width=\"192\">Mastro \/ Inclina\u00e7\u00e3o<\/td>\n<td width=\"192\">Inclina\u00e7\u00e3o lateral<\/td>\n<td width=\"192\">\u00b13\u00b0<\/td>\n<\/tr>\n<tr>\n<td width=\"192\">Motor<\/td>\n<td width=\"192\">Modelo<\/td>\n<td width=\"192\">Mitsubishi D06FRC-TAA<\/td>\n<\/tr>\n<tr>\n<td width=\"192\">Motor<\/td>\n<td width=\"192\">Pot\u00eancia nominal<\/td>\n<td width=\"192\">147 kW a 2100 rpm<\/td>\n<\/tr>\n<tr>\n<td width=\"192\">Motor<\/td>\n<td width=\"192\">Desloca\u00e7\u00e3o<\/td>\n<td width=\"192\">6.373 L<\/td>\n<\/tr>\n<tr>\n<td width=\"192\">Motor<\/td>\n<td width=\"192\">Norma de emiss\u00e3o<\/td>\n<td width=\"192\">COM III (Fase III da China)<\/td>\n<\/tr>\n<tr>\n<td width=\"192\">Dimens\u00f5es \/ Peso<\/td>\n<td width=\"192\">Peso operacional<\/td>\n<td width=\"192\">48 t<\/td>\n<\/tr>\n<tr>\n<td width=\"192\">Dimens\u00f5es \/ Peso<\/td>\n<td width=\"192\">Altura total<\/td>\n<td width=\"192\">18.590 mm<\/td>\n<\/tr>\n<tr>\n<td width=\"192\">Dimens\u00f5es \/ Peso<\/td>\n<td width=\"192\">Largura de transporte<\/td>\n<td width=\"192\">3100 mm<\/td>\n<\/tr>\n<tr>\n<td width=\"192\">Dimens\u00f5es \/ Peso<\/td>\n<td width=\"192\">Altura de transporte<\/td>\n<td width=\"192\">3265 mm<\/td>\n<\/tr>\n<tr>\n<td width=\"192\">Dimens\u00f5es \/ Peso<\/td>\n<td width=\"192\">Largura da extens\u00e3o do chassis<\/td>\n<td width=\"192\">4100 mm<\/td>\n<\/tr>\n<tr>\n<td width=\"192\">Dimens\u00f5es \/ Peso<\/td>\n<td width=\"192\">Comprimento do chassis<\/td>\n<td width=\"192\">5975 mm<\/td>\n<\/tr>\n<tr>\n<td width=\"192\">Dimens\u00f5es \/ Peso<\/td>\n<td width=\"192\">Largura do sapato de rasto<\/td>\n<td width=\"192\">700 mm<\/td>\n<\/tr>\n<tr>\n<td width=\"192\">Dimens\u00f5es \/ Peso<\/td>\n<td width=\"192\">Raio de oscila\u00e7\u00e3o da cauda<\/td>\n<td width=\"192\">3715 mm<\/td>\n<\/tr>\n<\/tbody>\n<\/table>","protected":false},"featured_media":31927,"comment_status":"open","ping_status":"closed","template":"","meta":{"_acf_changed":false,"_eb_attr":"","_eb_data_table":""},"product_brand":[],"product_cat":[205],"product_tag":[179,178],"class_list":{"0":"post-31467","1":"product","2":"type-product","3":"status-publish","4":"has-post-thumbnail","6":"product_cat-pilling-rig-machine","7":"product_tag-rental","8":"product_tag-used","10":"first","11":"instock","12":"shipping-taxable","13":"product-type-simple"},"acf":[],"aioseo_notices":[],"_links":{"self":[{"href":"https:\/\/colorskyco.com\/pt\/wp-json\/wp\/v2\/product\/31467","targetHints":{"allow":["GET"]}}],"collection":[{"href":"https:\/\/colorskyco.com\/pt\/wp-json\/wp\/v2\/product"}],"about":[{"href":"https:\/\/colorskyco.com\/pt\/wp-json\/wp\/v2\/types\/product"}],"replies":[{"embeddable":true,"href":"https:\/\/colorskyco.com\/pt\/wp-json\/wp\/v2\/comments?post=31467"}],"version-history":[{"count":5,"href":"https:\/\/colorskyco.com\/pt\/wp-json\/wp\/v2\/product\/31467\/revisions"}],"predecessor-version":[{"id":31882,"href":"https:\/\/colorskyco.com\/pt\/wp-json\/wp\/v2\/product\/31467\/revisions\/31882"}],"wp:featuredmedia":[{"embeddable":true,"href":"https:\/\/colorskyco.com\/pt\/wp-json\/wp\/v2\/media\/31927"}],"wp:attachment":[{"href":"https:\/\/colorskyco.com\/pt\/wp-json\/wp\/v2\/media?parent=31467"}],"wp:term":[{"taxonomy":"product_brand","embeddable":true,"href":"https:\/\/colorskyco.com\/pt\/wp-json\/wp\/v2\/product_brand?post=31467"},{"taxonomy":"product_cat","embeddable":true,"href":"https:\/\/colorskyco.com\/pt\/wp-json\/wp\/v2\/product_cat?post=31467"},{"taxonomy":"product_tag","embeddable":true,"href":"https:\/\/colorskyco.com\/pt\/wp-json\/wp\/v2\/product_tag?post=31467"}],"curies":[{"name":"wp","href":"https:\/\/api.w.org\/{rel}","templated":true}]}}