{"id":32035,"date":"2026-01-05T10:51:40","date_gmt":"2026-01-05T02:51:40","guid":{"rendered":"https:\/\/colorskyco.com\/?post_type=product&#038;p=32035"},"modified":"2026-01-05T14:12:58","modified_gmt":"2026-01-05T06:12:58","slug":"2022-used-sany-truck-crane-55tstc500","status":"publish","type":"product","link":"https:\/\/colorskyco.com\/pt\/product\/2022-used-sany-truck-crane-55tstc500\/","title":{"rendered":"2022 Cami\u00e3o-grua SANY usado 55T(STC550C5)"},"content":{"rendered":"<p><strong><b>Detalhes do produto<\/b><\/strong><\/p>\n<p><strong><b>Usado<\/b><\/strong><strong><b>\u00a0Sany <\/b><\/strong><strong><b>Cami\u00e3o grua <\/b><\/strong><strong><b>has excellent mechanical performance, simple operation and easy to use<\/b><\/strong><\/p>\n<p><strong><b>Especifica\u00e7\u00f5es<\/b><\/strong><\/p>\n<table>\n<tbody>\n<tr>\n<td width=\"284\">Equipamento<\/td>\n<td width=\"284\">Cami\u00e3o grua<\/td>\n<\/tr>\n<tr>\n<td width=\"284\">Local de origem<\/td>\n<td width=\"284\">China<\/td>\n<\/tr>\n<tr>\n<td width=\"284\">Nome da marca<\/td>\n<td width=\"284\">Sany<\/td>\n<\/tr>\n<tr>\n<td width=\"284\">N\u00famero do modelo<\/td>\n<td width=\"284\">STC550C5<\/td>\n<\/tr>\n<tr>\n<td width=\"284\">Data de fabrica\u00e7\u00e3o<\/td>\n<td width=\"284\">2022-07<\/td>\n<\/tr>\n<tr>\n<td width=\"284\">Quantidade m\u00ednima de encomenda<\/td>\n<td width=\"284\">1\u00aa se\u00e7\u00e3o<\/td>\n<\/tr>\n<tr>\n<td width=\"284\">Detalhes da embalagem<\/td>\n<td width=\"284\">Navio Ro-Ro, Navio de Carga a Granel<\/td>\n<\/tr>\n<\/tbody>\n<\/table>","protected":false},"excerpt":{"rendered":"<h1><strong><b>Informa\u00e7\u00f5es gerais<\/b><\/strong><\/h1>\n<table>\n<tbody>\n<tr>\n<td width=\"288\"><strong><b>Especifica\u00e7\u00e3o<\/b><\/strong><\/td>\n<td width=\"288\"><strong><b>Detalhes<\/b><\/strong><\/td>\n<\/tr>\n<tr>\n<td width=\"288\"><strong><b>Tipo de produto<\/b><\/strong><\/td>\n<td width=\"288\">STC550C5<\/td>\n<\/tr>\n<tr>\n<td width=\"288\"><strong><b>Fabricante<\/b><\/strong><\/td>\n<td width=\"288\">SANY Automobile Manufacturing Co., Ltd.<\/td>\n<\/tr>\n<tr>\n<td width=\"288\"><strong><b>Endere\u00e7o<\/b><\/strong><\/td>\n<td width=\"288\">Parque Industrial SANY, Zona de Desenvolvimento Econ\u00f4mico e Tecnol\u00f3gico de Changsha, Cidade de Changsha, Prov\u00edncia de Hunan<\/td>\n<\/tr>\n<tr>\n<td width=\"288\"><strong><b>Data de produ\u00e7\u00e3o<\/b><\/strong><\/td>\n<td width=\"288\">2022.07<\/td>\n<\/tr>\n<tr>\n<td width=\"288\"><strong><b>Pa\u00eds de fabrica\u00e7\u00e3o<\/b><\/strong><\/td>\n<td width=\"288\">Feito na china<\/td>\n<\/tr>\n<\/tbody>\n<\/table>\n<h1><strong><b>Informa\u00e7\u00f5es sobre o motor<\/b><\/strong><\/h1>\n<table>\n<tbody>\n<tr>\n<td width=\"288\"><strong><b>Especifica\u00e7\u00e3o<\/b><\/strong><\/td>\n<td width=\"288\"><strong><b>Detalhes<\/b><\/strong><\/td>\n<\/tr>\n<tr>\n<td width=\"288\"><strong><b>Normalmente, o motor<\/b><\/strong><\/td>\n<td width=\"288\">Weichai WP10<\/td>\n<\/tr>\n<tr>\n<td width=\"288\"><strong><b>Pot\u00eancia do motor <\/b><\/strong><\/td>\n<td width=\"288\">~250\u202fkW (\u2248340 HP)<\/td>\n<\/tr>\n<tr>\n<td width=\"288\"><strong><b>C<\/b><\/strong><strong><b>hassis<\/b><\/strong><\/td>\n<td width=\"288\">8\u00d74 drive chassis<\/td>\n<\/tr>\n<\/tbody>\n<\/table>\n<h1><strong><b>Informa\u00e7\u00f5es sobre o peso<\/b><\/strong><\/h1>\n<table>\n<tbody>\n<tr>\n<td width=\"288\"><strong><b>Especifica\u00e7\u00e3o<\/b><\/strong><\/td>\n<td width=\"288\"><strong><b>Detalhes<\/b><\/strong><\/td>\n<\/tr>\n<tr>\n<td width=\"288\"><strong><b>Capacidade nominal de eleva\u00e7\u00e3o<\/b><\/strong><\/td>\n<td width=\"288\">55\u202ft<\/td>\n<\/tr>\n<tr>\n<td width=\"288\"><strong><b>Peso (total da m\u00e1quina)<\/b><\/strong><\/td>\n<td width=\"288\">42,000 -44,600kg<\/td>\n<\/tr>\n<\/tbody>\n<\/table>\n<h1><strong><b>Informa\u00e7\u00f5es adicionais<\/b><\/strong><\/h1>\n<table>\n<tbody>\n<tr>\n<td width=\"288\"><strong><b>Especifica\u00e7\u00e3o<\/b><\/strong><\/td>\n<td width=\"288\"><strong><b>Detalhes<\/b><\/strong><\/td>\n<\/tr>\n<tr>\n<td width=\"288\"><strong><b>Sobretudo<\/b><\/strong><strong><b>l Dimens\u00f5es<\/b><\/strong>(C\u00d7L\u00d7A)<\/td>\n<td width=\"288\">13,250\u00a0mm \u00d7 2,550 mm \u00d7 3,680\u00a0mm<\/td>\n<\/tr>\n<tr>\n<td width=\"288\"><strong><b>Tipo de combust\u00edvel<\/b><\/strong><\/td>\n<td width=\"288\">Gas\u00f3leo<\/td>\n<\/tr>\n<tr>\n<td width=\"288\"><strong><b>N\u00famero de eixos<\/b><\/strong><\/td>\n<td width=\"288\">4<\/td>\n<\/tr>\n<tr>\n<td width=\"288\"><strong><b>Max boom length<\/b><\/strong><\/td>\n<td width=\"288\">~43 m (up to 45 m)<\/td>\n<\/tr>\n<tr>\n<td width=\"288\"><strong><b>Auxiliary boom<\/b><\/strong><\/td>\n<td width=\"288\">~16 m<\/td>\n<\/tr>\n<tr>\n<td width=\"288\"><strong><b>Max height (with auxiliary boom)<\/b><\/strong><\/td>\n<td width=\"288\">~59\u201361 m<\/td>\n<\/tr>\n<tr>\n<td width=\"288\"><strong><b>Max speed<\/b><\/strong><\/td>\n<td width=\"288\">~85\u201390 km\/h<\/td>\n<\/tr>\n<tr>\n<td width=\"288\"><strong><b>Lifting moment<\/b><\/strong><\/td>\n<td width=\"288\">~2107 kN\u00b7m<\/td>\n<\/tr>\n<tr>\n<td width=\"288\"><strong><b>Outrigger span<\/b><\/strong><\/td>\n<td width=\"288\">~7.4 m \u00d7 6.1 m<\/td>\n<\/tr>\n<\/tbody>\n<\/table>","protected":false},"featured_media":32036,"comment_status":"open","ping_status":"closed","template":"","meta":{"_acf_changed":false,"_eb_attr":"","_eb_data_table":""},"product_brand":[],"product_cat":[204],"product_tag":[178],"class_list":{"0":"post-32035","1":"product","2":"type-product","3":"status-publish","4":"has-post-thumbnail","6":"product_cat-mobile-truck-crane","7":"product_tag-used","9":"first","10":"instock","11":"shipping-taxable","12":"product-type-simple"},"acf":[],"aioseo_notices":[],"_links":{"self":[{"href":"https:\/\/colorskyco.com\/pt\/wp-json\/wp\/v2\/product\/32035","targetHints":{"allow":["GET"]}}],"collection":[{"href":"https:\/\/colorskyco.com\/pt\/wp-json\/wp\/v2\/product"}],"about":[{"href":"https:\/\/colorskyco.com\/pt\/wp-json\/wp\/v2\/types\/product"}],"replies":[{"embeddable":true,"href":"https:\/\/colorskyco.com\/pt\/wp-json\/wp\/v2\/comments?post=32035"}],"version-history":[{"count":5,"href":"https:\/\/colorskyco.com\/pt\/wp-json\/wp\/v2\/product\/32035\/revisions"}],"predecessor-version":[{"id":32061,"href":"https:\/\/colorskyco.com\/pt\/wp-json\/wp\/v2\/product\/32035\/revisions\/32061"}],"wp:featuredmedia":[{"embeddable":true,"href":"https:\/\/colorskyco.com\/pt\/wp-json\/wp\/v2\/media\/32036"}],"wp:attachment":[{"href":"https:\/\/colorskyco.com\/pt\/wp-json\/wp\/v2\/media?parent=32035"}],"wp:term":[{"taxonomy":"product_brand","embeddable":true,"href":"https:\/\/colorskyco.com\/pt\/wp-json\/wp\/v2\/product_brand?post=32035"},{"taxonomy":"product_cat","embeddable":true,"href":"https:\/\/colorskyco.com\/pt\/wp-json\/wp\/v2\/product_cat?post=32035"},{"taxonomy":"product_tag","embeddable":true,"href":"https:\/\/colorskyco.com\/pt\/wp-json\/wp\/v2\/product_tag?post=32035"}],"curies":[{"name":"wp","href":"https:\/\/api.w.org\/{rel}","templated":true}]}}