{"id":32047,"date":"2026-01-05T13:51:07","date_gmt":"2026-01-05T05:51:07","guid":{"rendered":"https:\/\/colorskyco.com\/?post_type=product&#038;p=32047"},"modified":"2026-01-18T19:03:42","modified_gmt":"2026-01-18T11:03:42","slug":"2022-used-sany-truck-crane-50tstc500t5","status":"publish","type":"product","link":"https:\/\/colorskyco.com\/pt\/product\/2022-used-sany-truck-crane-50tstc500t5\/","title":{"rendered":"2022 Caminh\u00e3o guindaste SANY usado 50T(STC500T5)"},"content":{"rendered":"<p><strong><b>Detalhes do produto<\/b><\/strong><\/p>\n<p><strong><b>Usado<\/b><\/strong><strong><b>\u00a0Sany <\/b><\/strong><strong><b>Cami\u00e3o grua <\/b><\/strong><strong><b>has excellent mechanical performance, simple operation and easy to use<\/b><\/strong><\/p>\n<p><strong><b>Especifica\u00e7\u00f5es<\/b><\/strong><\/p>\n<table>\n<tbody>\n<tr>\n<td width=\"284\">Equipamento<\/td>\n<td width=\"284\">Cami\u00e3o grua<\/td>\n<\/tr>\n<tr>\n<td width=\"284\">Local de origem<\/td>\n<td width=\"284\">China<\/td>\n<\/tr>\n<tr>\n<td width=\"284\">Nome da marca<\/td>\n<td width=\"284\">Sany<\/td>\n<\/tr>\n<tr>\n<td width=\"284\">N\u00famero do modelo<\/td>\n<td width=\"284\">STC500T5<\/td>\n<\/tr>\n<tr>\n<td width=\"284\">Data de fabrica\u00e7\u00e3o<\/td>\n<td width=\"284\">2022-08<\/td>\n<\/tr>\n<tr>\n<td width=\"284\">Quantidade m\u00ednima de encomenda<\/td>\n<td width=\"284\">1\u00aa se\u00e7\u00e3o<\/td>\n<\/tr>\n<tr>\n<td width=\"284\">Detalhes da embalagem<\/td>\n<td width=\"284\">Navio Ro-Ro, Navio de Carga a Granel<\/td>\n<\/tr>\n<\/tbody>\n<\/table>","protected":false},"excerpt":{"rendered":"<h1><strong><b>Informa\u00e7\u00f5es gerais<\/b><\/strong><\/h1>\n<table>\n<tbody>\n<tr>\n<td width=\"288\"><strong><b>Especifica\u00e7\u00e3o<\/b><\/strong><\/td>\n<td width=\"288\"><strong><b>Detalhes<\/b><\/strong><\/td>\n<\/tr>\n<tr>\n<td width=\"288\"><strong><b>Tipo de produto<\/b><\/strong><\/td>\n<td width=\"288\">STC500T5<\/td>\n<\/tr>\n<tr>\n<td width=\"288\"><strong><b>Fabricante<\/b><\/strong><\/td>\n<td width=\"288\">SANY Automobile Manufacturing Co., Ltd.<\/td>\n<\/tr>\n<tr>\n<td width=\"288\"><strong><b>Endere\u00e7o<\/b><\/strong><\/td>\n<td width=\"288\">Parque Industrial SANY, Zona de Desenvolvimento Econ\u00f4mico e Tecnol\u00f3gico de Changsha, Cidade de Changsha, Prov\u00edncia de Hunan<\/td>\n<\/tr>\n<tr>\n<td width=\"288\"><strong><b>Data de produ\u00e7\u00e3o<\/b><\/strong><\/td>\n<td width=\"288\">2022.08<\/td>\n<\/tr>\n<tr>\n<td width=\"288\"><strong><b>Pa\u00eds de fabrica\u00e7\u00e3o<\/b><\/strong><\/td>\n<td width=\"288\">Feito na china<\/td>\n<\/tr>\n<\/tbody>\n<\/table>\n<h1><strong><b>Informa\u00e7\u00f5es sobre o motor<\/b><\/strong><\/h1>\n<table>\n<tbody>\n<tr>\n<td width=\"288\"><strong><b>Especifica\u00e7\u00e3o<\/b><\/strong><\/td>\n<td width=\"288\"><strong><b>Detalhes<\/b><\/strong><\/td>\n<\/tr>\n<tr>\n<td width=\"288\"><strong><b>Normalmente, o motor<\/b><\/strong><\/td>\n<td width=\"288\">Cummins \/ diesel similar<\/td>\n<\/tr>\n<tr>\n<td width=\"288\"><strong><b>Pot\u00eancia nominal<\/b><\/strong><\/td>\n<td width=\"288\">250 kW a 2100 rpm<\/td>\n<\/tr>\n<tr>\n<td width=\"288\"><strong><b>Bin\u00e1rio nominal<\/b><\/strong><\/td>\n<td width=\"288\">1425 N-m a 1200 rpm<\/td>\n<\/tr>\n<tr>\n<td width=\"288\"><strong><b>Padr\u00e3o de Emiss\u00e3o<\/b><\/strong><\/td>\n<td width=\"288\">DF Cummins ISLe34030 (Euro \u2162)<\/td>\n<\/tr>\n<\/tbody>\n<\/table>\n<h1><strong><b>Informa\u00e7\u00f5es sobre o peso<\/b><\/strong><\/h1>\n<table>\n<tbody>\n<tr>\n<td width=\"288\"><strong><b>Especifica\u00e7\u00e3o<\/b><\/strong><\/td>\n<td width=\"288\"><strong><b>Detalhes<\/b><\/strong><\/td>\n<\/tr>\n<tr>\n<td width=\"288\"><strong><b>Capacidade nominal de eleva\u00e7\u00e3o<\/b><\/strong><\/td>\n<td width=\"288\">50 t<\/td>\n<\/tr>\n<tr>\n<td width=\"288\"><strong><b>Peso (total da m\u00e1quina)<\/b><\/strong><\/td>\n<td width=\"288\">41.000 kg<\/td>\n<\/tr>\n<tr>\n<td width=\"288\"><strong><b>Contrapeso<\/b><\/strong><\/td>\n<td width=\"288\">4.8t<\/td>\n<\/tr>\n<\/tbody>\n<\/table>\n<h1><strong><b>Informa\u00e7\u00f5es adicionais<\/b><\/strong><\/h1>\n<table>\n<tbody>\n<tr>\n<td width=\"288\"><strong><b>Especifica\u00e7\u00e3o<\/b><\/strong><\/td>\n<td width=\"288\"><strong><b>Detalhes<\/b><\/strong><\/td>\n<\/tr>\n<tr>\n<td width=\"288\"><strong><b>Sobretudo<\/b><\/strong><strong><b>l Dimens\u00f5es<\/b><\/strong>(C\u00d7L\u00d7A)<\/td>\n<td width=\"288\">14,260 mm \u00d7 2,650 mm \u00d7 3,880 mm<\/td>\n<\/tr>\n<tr>\n<td width=\"288\"><strong><b>Tipo de combust\u00edvel<\/b><\/strong><\/td>\n<td width=\"288\">Gas\u00f3leo<\/td>\n<\/tr>\n<tr>\n<td width=\"288\"><strong><b>N\u00famero de eixos<\/b><\/strong><\/td>\n<td width=\"288\">4<\/td>\n<\/tr>\n<tr>\n<td width=\"288\"><strong><b>N\u00famero de sec\u00e7\u00f5es da lan\u00e7a<\/b><\/strong><\/td>\n<td width=\"288\">5<\/td>\n<\/tr>\n<tr>\n<td width=\"288\"><strong><b>M\u00e1ximo <\/b><\/strong><strong><b>.Jib<\/b><\/strong><strong><b>\u00a0Comprimento<\/b><\/strong><\/td>\n<td width=\"288\">16 m<\/td>\n<\/tr>\n<tr>\n<td width=\"288\"><strong><b>M\u00e1ximo <\/b><\/strong><strong><b>.<\/b><\/strong><strong><b>Levantamento <\/b><\/strong><strong><b>\u00a0<\/b><\/strong><strong><b>Altura<\/b><\/strong><\/td>\n<td width=\"288\">61 m<\/td>\n<\/tr>\n<tr>\n<td width=\"288\"><strong><b>Momento m\u00e1ximo de eleva\u00e7\u00e3o<\/b><\/strong><\/td>\n<td width=\"288\">2058 kN-m<\/td>\n<\/tr>\n<tr>\n<td width=\"288\"><strong><b>M\u00e1x. Velocidade de desloca\u00e7\u00e3o<\/b><\/strong><\/td>\n<td width=\"288\">85km\/h<\/td>\n<\/tr>\n<\/tbody>\n<\/table>","protected":false},"featured_media":32052,"comment_status":"open","ping_status":"closed","template":"","meta":{"_acf_changed":false,"_eb_attr":"","_eb_data_table":""},"product_brand":[],"product_cat":[204],"product_tag":[],"class_list":{"0":"post-32047","1":"product","2":"type-product","3":"status-publish","4":"has-post-thumbnail","6":"product_cat-mobile-truck-crane","8":"first","9":"instock","10":"shipping-taxable","11":"product-type-simple"},"acf":[],"aioseo_notices":[],"_links":{"self":[{"href":"https:\/\/colorskyco.com\/pt\/wp-json\/wp\/v2\/product\/32047","targetHints":{"allow":["GET"]}}],"collection":[{"href":"https:\/\/colorskyco.com\/pt\/wp-json\/wp\/v2\/product"}],"about":[{"href":"https:\/\/colorskyco.com\/pt\/wp-json\/wp\/v2\/types\/product"}],"replies":[{"embeddable":true,"href":"https:\/\/colorskyco.com\/pt\/wp-json\/wp\/v2\/comments?post=32047"}],"version-history":[{"count":6,"href":"https:\/\/colorskyco.com\/pt\/wp-json\/wp\/v2\/product\/32047\/revisions"}],"predecessor-version":[{"id":32060,"href":"https:\/\/colorskyco.com\/pt\/wp-json\/wp\/v2\/product\/32047\/revisions\/32060"}],"wp:featuredmedia":[{"embeddable":true,"href":"https:\/\/colorskyco.com\/pt\/wp-json\/wp\/v2\/media\/32052"}],"wp:attachment":[{"href":"https:\/\/colorskyco.com\/pt\/wp-json\/wp\/v2\/media?parent=32047"}],"wp:term":[{"taxonomy":"product_brand","embeddable":true,"href":"https:\/\/colorskyco.com\/pt\/wp-json\/wp\/v2\/product_brand?post=32047"},{"taxonomy":"product_cat","embeddable":true,"href":"https:\/\/colorskyco.com\/pt\/wp-json\/wp\/v2\/product_cat?post=32047"},{"taxonomy":"product_tag","embeddable":true,"href":"https:\/\/colorskyco.com\/pt\/wp-json\/wp\/v2\/product_tag?post=32047"}],"curies":[{"name":"wp","href":"https:\/\/api.w.org\/{rel}","templated":true}]}}