{"id":32153,"date":"2026-01-23T16:54:27","date_gmt":"2026-01-23T08:54:27","guid":{"rendered":"https:\/\/colorskyco.com\/?post_type=product&#038;p=32153"},"modified":"2026-01-23T16:55:51","modified_gmt":"2026-01-23T08:55:51","slug":"sany-sym5465thbf-62m-used-concrete-pump-truck-202207","status":"publish","type":"product","link":"https:\/\/colorskyco.com\/pt\/product\/sany-sym5465thbf-62m-used-concrete-pump-truck-202207\/","title":{"rendered":"Sany SYM5465THBF 62m caminh\u00e3o bomba de concreto usado 202207"},"content":{"rendered":"<p><strong><b>Detalhes do produto<\/b><\/strong><\/p>\n<p>O usado <strong><b>SANY <\/b><\/strong><strong><b>6<\/b><\/strong><strong><b>2<\/b><\/strong><strong><b>M<\/b><\/strong><strong><b>\u00a0<\/b><\/strong><strong><b>Bet\u00e3o montado em cami\u00e3o <\/b><\/strong><strong><b>P<\/b><\/strong><strong><b>pular<\/b><\/strong>\u00a0J\u00e1 est\u00e1 dispon\u00edvel para venda.<br \/>\nBem conservado e pronto para opera\u00e7\u00e3o imediata.<\/p>\n<p><strong><b>Especifica\u00e7\u00f5es<\/b><\/strong><\/p>\n<table>\n<tbody>\n<tr>\n<td width=\"284\">Equipamento<\/td>\n<td width=\"284\">Bomba de concreto montada em caminh\u00e3o<\/td>\n<\/tr>\n<tr>\n<td width=\"284\">Local de origem<\/td>\n<td width=\"284\">China<\/td>\n<\/tr>\n<tr>\n<td width=\"284\">Nome da marca<\/td>\n<td width=\"284\">Sany<\/td>\n<\/tr>\n<tr>\n<td width=\"284\">N\u00famero do modelo<\/td>\n<td width=\"284\">SYM5465THBF\u00a062M<\/td>\n<\/tr>\n<tr>\n<td width=\"284\">Data de fabrica\u00e7\u00e3o<\/td>\n<td width=\"284\">2022-07<\/td>\n<\/tr>\n<tr>\n<td width=\"284\">Quantidade m\u00ednima de encomenda<\/td>\n<td width=\"284\">1\u00aa se\u00e7\u00e3o<\/td>\n<\/tr>\n<tr>\n<td width=\"284\">Detalhes da embalagem<\/td>\n<td width=\"284\">Navio Ro-Ro, Navio de Carga a Granel<\/td>\n<\/tr>\n<\/tbody>\n<\/table>","protected":false},"excerpt":{"rendered":"<h1><strong><b>Informa\u00e7\u00f5es gerais<\/b><\/strong><\/h1>\n<table>\n<tbody>\n<tr>\n<td width=\"288\"><strong><b>Especifica\u00e7\u00e3o<\/b><\/strong><\/td>\n<td width=\"288\"><strong><b>Detalhes<\/b><\/strong><\/td>\n<\/tr>\n<tr>\n<td width=\"288\"><strong><b>Tipo de produto<\/b><\/strong><\/td>\n<td width=\"288\">SYM5465THBF<\/td>\n<\/tr>\n<tr>\n<td width=\"288\"><strong><b>Fabricante<\/b><\/strong><\/td>\n<td width=\"288\">SANY Automobile Manufacturing Co., Ltd.<\/td>\n<\/tr>\n<tr>\n<td width=\"288\"><strong><b>Endere\u00e7o<\/b><\/strong><\/td>\n<td width=\"288\">Parque Industrial SANY, Zona de Desenvolvimento Econ\u00f4mico e Tecnol\u00f3gico de Changsha, Cidade de Changsha, Prov\u00edncia de Hunan<\/td>\n<\/tr>\n<tr>\n<td width=\"288\"><strong><b>Data de produ\u00e7\u00e3o<\/b><\/strong><\/td>\n<td width=\"288\">2022.07<\/td>\n<\/tr>\n<tr>\n<td width=\"288\"><strong><b>Pa\u00eds de fabrica\u00e7\u00e3o<\/b><\/strong><\/td>\n<td width=\"288\">Feito na china<\/td>\n<\/tr>\n<\/tbody>\n<\/table>\n<h1><strong><b>Especifica\u00e7\u00f5es da lan\u00e7a<\/b><\/strong><\/h1>\n<table>\n<tbody>\n<tr>\n<td width=\"288\"><strong><b>Especifica\u00e7\u00e3o<\/b><\/strong><\/td>\n<td width=\"288\"><strong><b>Detalhes<\/b><\/strong><\/td>\n<\/tr>\n<tr>\n<td width=\"288\"><strong><b>Alcance vertical m\u00e1ximo<\/b><\/strong><\/td>\n<td width=\"288\"><strong><b>61.1 m<\/b><\/strong><\/td>\n<\/tr>\n<tr>\n<td width=\"288\"><strong><b>Alcance horizontal m\u00e1ximo<\/b><\/strong><\/td>\n<td width=\"288\"><strong><b>54.4 m<\/b><\/strong><\/td>\n<\/tr>\n<tr>\n<td width=\"288\"><strong><b>Estrutura da lan\u00e7a<\/b><\/strong><\/td>\n<td width=\"288\"><strong><b>6 Bra\u00e7os, RZ Dobr\u00e1vel<\/b><\/strong><\/td>\n<\/tr>\n<\/tbody>\n<\/table>\n<h1><strong><b>Sistema de bombeamento<\/b><\/strong><\/h1>\n<table>\n<tbody>\n<tr>\n<td width=\"288\"><strong><b>Especifica\u00e7\u00e3o<\/b><\/strong><\/td>\n<td width=\"288\"><strong><b>Detalhes<\/b><\/strong><\/td>\n<\/tr>\n<tr>\n<td width=\"288\"><strong><b>Produ\u00e7\u00e3o te\u00f3rica m\u00e1xima<\/b><\/strong><\/td>\n<td width=\"288\"><strong><b>1<\/b><\/strong><strong><b>8<\/b><\/strong><strong><b>0 m\u00b3\/h<\/b><\/strong><\/td>\n<\/tr>\n<tr>\n<td width=\"288\"><strong><b>Press\u00e3o te\u00f3rica m\u00e1xima<\/b><\/strong><\/td>\n<td width=\"288\"><strong><b>13<\/b><\/strong><strong><b>MPa<\/b><\/strong><\/td>\n<\/tr>\n<\/tbody>\n<\/table>\n<h1><strong><b>Motor<\/b><\/strong><\/h1>\n<table>\n<tbody>\n<tr>\n<td width=\"288\"><strong><b>Especifica\u00e7\u00e3o<\/b><\/strong><\/td>\n<td width=\"288\"><strong><b>Detalhes<\/b><\/strong><\/td>\n<\/tr>\n<tr>\n<td width=\"288\"><strong><b>Modelo do motor<\/b><\/strong><\/td>\n<td width=\"288\">D13C6-480E0<\/td>\n<\/tr>\n<tr>\n<td width=\"288\"><strong><b>Pot\u00eancia\/Velocidade M\u00e1xima L\u00edquida do Motor<\/b><\/strong><\/td>\n<td width=\"288\">348 kW \/ 1.900 rpm<\/td>\n<\/tr>\n<tr>\n<td width=\"288\"><strong><b>Pot\u00eancia nominal do motor<\/b><\/strong><\/td>\n<td width=\"288\">353kW<\/td>\n<\/tr>\n<tr>\n<td width=\"288\"><strong><b>Deslocamento do motor<\/b><\/strong><\/td>\n<td width=\"288\">12,940mL(12.94L)<\/td>\n<\/tr>\n<\/tbody>\n<\/table>\n<h1><strong><b>\u00a0<\/b><\/strong><\/h1>\n<h1><strong><b>Peso e dimens\u00f5es<\/b><\/strong><\/h1>\n<table>\n<tbody>\n<tr>\n<td width=\"288\"><strong><b>Especifica\u00e7\u00e3o<\/b><\/strong><\/td>\n<td width=\"288\"><strong><b>Detalhes<\/b><\/strong><\/td>\n<\/tr>\n<tr>\n<td width=\"288\"><strong><b>Peso em ordem de marcha \/ Peso vazio<\/b><\/strong><\/td>\n<td width=\"288\">45,870 kg<\/td>\n<\/tr>\n<tr>\n<td width=\"288\"><strong><b>Comprimento total<\/b><\/strong><\/td>\n<td width=\"288\">14,720 mm<\/td>\n<\/tr>\n<tr>\n<td><strong><b>Largura total<\/b><\/strong><\/td>\n<td>2.550 mm<\/td>\n<\/tr>\n<tr>\n<td><strong><b>Altura total<\/b><\/strong><\/td>\n<td>4.000 mm<\/td>\n<\/tr>\n<tr>\n<td><strong><b>Peso bruto do ve\u00edculo:<\/b><\/strong><\/td>\n<td>46.000 kg<\/td>\n<\/tr>\n<\/tbody>\n<\/table>","protected":false},"featured_media":32158,"comment_status":"open","ping_status":"closed","template":"","meta":{"_acf_changed":false,"_eb_attr":"","_eb_data_table":""},"product_brand":[],"product_cat":[202],"product_tag":[],"class_list":{"0":"post-32153","1":"product","2":"type-product","3":"status-publish","4":"has-post-thumbnail","6":"product_cat-truck-mounted-concrete-pump","8":"first","9":"instock","10":"shipping-taxable","11":"product-type-simple"},"acf":[],"aioseo_notices":[],"_links":{"self":[{"href":"https:\/\/colorskyco.com\/pt\/wp-json\/wp\/v2\/product\/32153","targetHints":{"allow":["GET"]}}],"collection":[{"href":"https:\/\/colorskyco.com\/pt\/wp-json\/wp\/v2\/product"}],"about":[{"href":"https:\/\/colorskyco.com\/pt\/wp-json\/wp\/v2\/types\/product"}],"replies":[{"embeddable":true,"href":"https:\/\/colorskyco.com\/pt\/wp-json\/wp\/v2\/comments?post=32153"}],"version-history":[{"count":3,"href":"https:\/\/colorskyco.com\/pt\/wp-json\/wp\/v2\/product\/32153\/revisions"}],"predecessor-version":[{"id":32164,"href":"https:\/\/colorskyco.com\/pt\/wp-json\/wp\/v2\/product\/32153\/revisions\/32164"}],"wp:featuredmedia":[{"embeddable":true,"href":"https:\/\/colorskyco.com\/pt\/wp-json\/wp\/v2\/media\/32158"}],"wp:attachment":[{"href":"https:\/\/colorskyco.com\/pt\/wp-json\/wp\/v2\/media?parent=32153"}],"wp:term":[{"taxonomy":"product_brand","embeddable":true,"href":"https:\/\/colorskyco.com\/pt\/wp-json\/wp\/v2\/product_brand?post=32153"},{"taxonomy":"product_cat","embeddable":true,"href":"https:\/\/colorskyco.com\/pt\/wp-json\/wp\/v2\/product_cat?post=32153"},{"taxonomy":"product_tag","embeddable":true,"href":"https:\/\/colorskyco.com\/pt\/wp-json\/wp\/v2\/product_tag?post=32153"}],"curies":[{"name":"wp","href":"https:\/\/api.w.org\/{rel}","templated":true}]}}