{"id":32439,"date":"2026-02-25T18:49:24","date_gmt":"2026-02-25T10:49:24","guid":{"rendered":"https:\/\/colorskyco.com\/?post_type=product&#038;p=32439"},"modified":"2026-02-25T18:49:24","modified_gmt":"2026-02-25T10:49:24","slug":"dual-purpose-station","status":"publish","type":"product","link":"https:\/\/colorskyco.com\/pt\/product\/dual-purpose-station\/","title":{"rendered":"ESTA\u00c7\u00c3O DE DUPLA UTILIZA\u00c7\u00c3O"},"content":{"rendered":"<div data-elementor-type=\"product-post\" data-elementor-id=\"32439\" class=\"elementor elementor-32439\" data-elementor-post-type=\"product\">\n\t\t\t\t<div data-particle_enable=\"false\" data-particle-mobile-disabled=\"false\" class=\"wd-negative-gap elementor-element elementor-element-3192e97e e-flex e-con-boxed e-con e-parent\" data-id=\"3192e97e\" data-element_type=\"container\">\n\t\t\t\t\t<div class=\"e-con-inner\">\n\t\t\t\t\t<\/div>\n\t\t\t\t<\/div>\n\t\t\t\t<\/div>","protected":false},"excerpt":{"rendered":"<table style=\"height: 600px;\" width=\"912\">\n<tbody>\n<tr>\n<td width=\"346\"><strong>Modelo<\/strong><\/td>\n<td width=\"192\"><strong>HZSD60<\/strong><\/td>\n<td width=\"192\"><strong>HZSD120<\/strong><\/td>\n<td width=\"192\"><strong>HZSD180<\/strong><\/td>\n<\/tr>\n<tr>\n<td width=\"346\">Theoretical productivity(m\u00b3\/h)<\/td>\n<td width=\"192\">30<\/td>\n<td width=\"192\">60<\/td>\n<td width=\"192\">90<\/td>\n<\/tr>\n<tr>\n<td width=\"346\">Installed capacity(kW)<\/td>\n<td width=\"192\">120<\/td>\n<td width=\"192\">210<\/td>\n<td width=\"192\">250<\/td>\n<\/tr>\n<tr>\n<td width=\"346\">Nominal capacity(l)<\/td>\n<td width=\"192\">1000<\/td>\n<td width=\"192\">2000<\/td>\n<td width=\"192\">3000<\/td>\n<\/tr>\n<tr>\n<td width=\"346\">Unloading height(m)<\/td>\n<td width=\"192\">\u22653.8<\/td>\n<td width=\"192\">\u22653.8<\/td>\n<td width=\"192\">\u22653.8<\/td>\n<\/tr>\n<tr>\n<td width=\"346\">Sandstone measuring range and accuracy(kg)<\/td>\n<td width=\"192\">(400-1500)\u00b12%<\/td>\n<td width=\"192\">(600-2000)\u00b12%<\/td>\n<td width=\"192\">(900-3000)\u00b12%<\/td>\n<\/tr>\n<tr>\n<td width=\"346\">Cement measuring range and accuracy(kg)<\/td>\n<td width=\"192\">(100-700)\u00b11%<\/td>\n<td width=\"192\">(200-1200)\u00b11%<\/td>\n<td width=\"192\">(300-1800)\u00b11%<\/td>\n<\/tr>\n<tr>\n<td width=\"346\">Mixing powder measuring range and accuracy(kg)<\/td>\n<td width=\"192\">\\<\/td>\n<td width=\"192\">(200-800)\u00b11%<\/td>\n<td width=\"192\">(200-1000)\u00b11%<\/td>\n<\/tr>\n<tr>\n<td width=\"346\">Water measuring range and accuracy(kg)<\/td>\n<td width=\"192\">(80-250)\u00b11%<\/td>\n<td width=\"192\">(150-500)\u00b11%<\/td>\n<td width=\"192\">(200-800)\u00b11%<\/td>\n<\/tr>\n<tr>\n<td width=\"346\">Additive measuring range and accuracy(kg)<\/td>\n<td width=\"192\">(8-20)\u00b11%<\/td>\n<td width=\"192\">(15-50)\u00b11%<\/td>\n<td width=\"192\">(15-80)\u00b11%<\/td>\n<\/tr>\n<\/tbody>\n<\/table>\n<p>&nbsp;<\/p>","protected":false},"featured_media":32440,"comment_status":"open","ping_status":"closed","template":"","meta":{"_acf_changed":false,"_eb_attr":"","_eb_data_table":""},"product_brand":[],"product_cat":[223],"product_tag":[],"class_list":{"0":"post-32439","1":"product","2":"type-product","3":"status-publish","4":"has-post-thumbnail","6":"product_cat-concrete-batching-plant","8":"first","9":"instock","10":"shipping-taxable","11":"product-type-simple"},"acf":[],"aioseo_notices":[],"_links":{"self":[{"href":"https:\/\/colorskyco.com\/pt\/wp-json\/wp\/v2\/product\/32439","targetHints":{"allow":["GET"]}}],"collection":[{"href":"https:\/\/colorskyco.com\/pt\/wp-json\/wp\/v2\/product"}],"about":[{"href":"https:\/\/colorskyco.com\/pt\/wp-json\/wp\/v2\/types\/product"}],"replies":[{"embeddable":true,"href":"https:\/\/colorskyco.com\/pt\/wp-json\/wp\/v2\/comments?post=32439"}],"version-history":[{"count":2,"href":"https:\/\/colorskyco.com\/pt\/wp-json\/wp\/v2\/product\/32439\/revisions"}],"predecessor-version":[{"id":32445,"href":"https:\/\/colorskyco.com\/pt\/wp-json\/wp\/v2\/product\/32439\/revisions\/32445"}],"wp:featuredmedia":[{"embeddable":true,"href":"https:\/\/colorskyco.com\/pt\/wp-json\/wp\/v2\/media\/32440"}],"wp:attachment":[{"href":"https:\/\/colorskyco.com\/pt\/wp-json\/wp\/v2\/media?parent=32439"}],"wp:term":[{"taxonomy":"product_brand","embeddable":true,"href":"https:\/\/colorskyco.com\/pt\/wp-json\/wp\/v2\/product_brand?post=32439"},{"taxonomy":"product_cat","embeddable":true,"href":"https:\/\/colorskyco.com\/pt\/wp-json\/wp\/v2\/product_cat?post=32439"},{"taxonomy":"product_tag","embeddable":true,"href":"https:\/\/colorskyco.com\/pt\/wp-json\/wp\/v2\/product_tag?post=32439"}],"curies":[{"name":"wp","href":"https:\/\/api.w.org\/{rel}","templated":true}]}}