{"id":32483,"date":"2026-03-27T13:22:10","date_gmt":"2026-03-27T05:22:10","guid":{"rendered":"https:\/\/colorskyco.com\/?post_type=product&#038;p=32483"},"modified":"2026-03-27T13:36:25","modified_gmt":"2026-03-27T05:36:25","slug":"used-46m-putzmeister-concrete-pump-truck-201003","status":"publish","type":"product","link":"https:\/\/colorskyco.com\/pt\/product\/used-46m-putzmeister-concrete-pump-truck-201003\/","title":{"rendered":"Used 46m Putzmeister Concrete Pump Truck 201003"},"content":{"rendered":"<p><strong><b>Detalhes do produto<\/b><\/strong><\/p>\n<p>O usado <strong><b>Putzmeister 46<\/b><\/strong><strong><b>M<\/b><\/strong><strong><b>\u00a0<\/b><\/strong><strong><b>Bet\u00e3o montado em cami\u00e3o <\/b><\/strong><strong><b>P<\/b><\/strong><strong><b>pular<\/b><\/strong>\u00a0J\u00e1 est\u00e1 dispon\u00edvel para venda.<br \/>\nBem conservado e pronto para opera\u00e7\u00e3o imediata.<\/p>\n<p><strong><b>Especifica\u00e7\u00f5es<\/b><\/strong><\/p>\n<table>\n<tbody>\n<tr>\n<td width=\"284\">Equipamento<\/td>\n<td width=\"284\">Bomba de concreto montada em caminh\u00e3o<\/td>\n<\/tr>\n<tr>\n<td width=\"284\">Local de origem<\/td>\n<td width=\"284\">Jap\u00e3o<\/td>\n<\/tr>\n<tr>\n<td width=\"284\">Nome da marca<\/td>\n<td width=\"284\">Putzmeister<\/td>\n<\/tr>\n<tr>\n<td width=\"284\">N\u00famero do modelo<\/td>\n<td width=\"284\"><strong><b>CYH51W<\/b><\/strong><\/td>\n<\/tr>\n<tr>\n<td width=\"284\">Data de fabrica\u00e7\u00e3o<\/td>\n<td width=\"284\">2010.<strong><b>03<\/b><\/strong><\/td>\n<\/tr>\n<tr>\n<td width=\"284\">Quantidade m\u00ednima de encomenda<\/td>\n<td width=\"284\">1\u00aa se\u00e7\u00e3o<\/td>\n<\/tr>\n<tr>\n<td width=\"284\">Detalhes da embalagem<\/td>\n<td width=\"284\">Navio Ro-Ro, Navio de Carga a Granel<\/td>\n<\/tr>\n<\/tbody>\n<\/table>","protected":false},"excerpt":{"rendered":"<h1><strong><b>Informa\u00e7\u00f5es gerais<\/b><\/strong><\/h1>\n<table>\n<tbody>\n<tr>\n<td width=\"288\"><strong><b>Especifica\u00e7\u00e3o<\/b><\/strong><\/td>\n<td width=\"288\"><strong><b>Detalhes<\/b><\/strong><\/td>\n<\/tr>\n<tr>\n<td width=\"288\"><strong><b>Tipo de produto<\/b><\/strong><\/td>\n<td width=\"288\"><strong><b>CYH51W<\/b><\/strong><\/td>\n<\/tr>\n<tr>\n<td width=\"288\"><strong><b>Fabricante<\/b><\/strong><\/td>\n<td width=\"288\"><strong><b>Putzmeister<\/b><\/strong><\/td>\n<\/tr>\n<tr>\n<td width=\"288\"><strong><b>Data de produ\u00e7\u00e3o<\/b><\/strong><\/td>\n<td width=\"288\"><strong><b>2010.03<\/b><\/strong><\/td>\n<\/tr>\n<tr>\n<td width=\"288\"><strong><b>Pa\u00eds de fabrica\u00e7\u00e3o<\/b><\/strong><\/td>\n<td width=\"288\"><strong><b>Made in Japan<\/b><\/strong><\/td>\n<\/tr>\n<\/tbody>\n<\/table>\n<h1><strong><b>Especifica\u00e7\u00f5es da lan\u00e7a<\/b><\/strong><\/h1>\n<table>\n<tbody>\n<tr>\n<td width=\"288\"><strong><b>Especifica\u00e7\u00e3o<\/b><\/strong><\/td>\n<td width=\"288\"><strong><b>Detalhes<\/b><\/strong><\/td>\n<\/tr>\n<tr>\n<td width=\"288\">Boom Model<\/td>\n<td width=\"288\"><strong><b>M46-5RZ<\/b><\/strong><\/td>\n<\/tr>\n<tr>\n<td width=\"288\"><strong><b>Alcance vertical m\u00e1ximo<\/b><\/strong><\/td>\n<td width=\"288\"><strong><b>45.5m<\/b><\/strong><\/td>\n<\/tr>\n<tr>\n<td width=\"288\"><strong><b>Alcance horizontal m\u00e1ximo<\/b><\/strong><\/td>\n<td width=\"288\"><strong><b>40.5 m<\/b><\/strong><\/td>\n<\/tr>\n<\/tbody>\n<\/table>\n<h1><strong><b>Sistema de bombeamento<\/b><\/strong><\/h1>\n<table>\n<tbody>\n<tr>\n<td width=\"288\"><strong><b>Especifica\u00e7\u00e3o<\/b><\/strong><\/td>\n<td width=\"288\"><strong><b>Detalhes<\/b><\/strong><\/td>\n<\/tr>\n<tr>\n<td width=\"288\"><strong><b>Maximum concrete output<\/b><\/strong><\/td>\n<td width=\"288\"><strong><b>160m\u00b3\/h<\/b><\/strong><\/td>\n<\/tr>\n<tr>\n<td width=\"288\"><strong><b>Maximum hydraulic pressure<\/b><\/strong><\/td>\n<td width=\"288\"><strong><b>310 bar<\/b><\/strong><\/td>\n<\/tr>\n<\/tbody>\n<\/table>\n<h1><strong><b>Motor<\/b><\/strong><\/h1>\n<table>\n<tbody>\n<tr>\n<td width=\"288\"><strong><b>Especifica\u00e7\u00e3o<\/b><\/strong><\/td>\n<td width=\"288\"><strong><b>Detalhes<\/b><\/strong><\/td>\n<\/tr>\n<tr>\n<td width=\"288\"><strong><b>Modelo do motor<\/b><\/strong><\/td>\n<td width=\"288\"><strong><b>6WG1G<\/b><\/strong><\/td>\n<\/tr>\n<tr>\n<td width=\"288\"><strong><b>Engine Max Net Power<\/b><\/strong><\/td>\n<td width=\"288\"><strong><b>287 \u00a0kW <\/b><\/strong><\/td>\n<\/tr>\n<\/tbody>\n<\/table>\n<h1><strong><b>Peso e dimens\u00f5es<\/b><\/strong><\/h1>\n<table>\n<tbody>\n<tr>\n<td width=\"288\"><strong><b>Especifica\u00e7\u00e3o<\/b><\/strong><\/td>\n<td width=\"288\"><strong><b>Detalhes<\/b><\/strong><\/td>\n<\/tr>\n<tr>\n<td width=\"288\"><strong><b>Peso em ordem de marcha \/ Peso vazio<\/b><\/strong><\/td>\n<td width=\"288\"><strong><b>3<\/b><\/strong><strong><b>2<\/b><\/strong><strong><b>,<\/b><\/strong><strong><b>00<\/b><\/strong><strong><b>0<\/b><\/strong><strong><b>\u00a0kg<\/b><\/strong><\/td>\n<\/tr>\n<tr>\n<td width=\"288\"><strong><b>Comprimento total<\/b><\/strong><\/td>\n<td width=\"288\"><strong><b>11,850 mm \u00a0<\/b><\/strong><\/td>\n<\/tr>\n<tr>\n<td><strong><b>Largura total<\/b><\/strong><\/td>\n<td><strong><b>2,<\/b><\/strong><strong><b>50<\/b><\/strong><strong><b>0<\/b><\/strong><strong><b>\u00a0mm<\/b><\/strong><\/td>\n<\/tr>\n<tr>\n<td><strong><b>Altura total<\/b><\/strong><\/td>\n<td><strong><b>4.000 mm<\/b><\/strong><\/td>\n<\/tr>\n<\/tbody>\n<\/table>\n<h1><strong><b>Principais caracter\u00edsticas<\/b><\/strong><\/h1>\n<table>\n<tbody>\n<tr>\n<td width=\"288\"><strong><b>Especifica\u00e7\u00e3o<\/b><\/strong><\/td>\n<td width=\"288\"><strong><b>Detalhes<\/b><\/strong><\/td>\n<\/tr>\n<tr>\n<td width=\"288\"><strong><b>Bomba Chassi <\/b><\/strong><\/td>\n<td width=\"288\"><strong><b>ISUZU<\/b><\/strong><\/td>\n<\/tr>\n<tr>\n<td width=\"288\"><strong><b>Maximum concrete output<\/b><\/strong><\/td>\n<td width=\"288\"><strong><b>160m\u00b3\/h<\/b><\/strong><\/td>\n<\/tr>\n<tr>\n<td width=\"288\"><strong><b>Maximum concrete pressure<\/b><\/strong><\/td>\n<td width=\"288\"><strong><b>85bar<\/b><\/strong><\/td>\n<\/tr>\n<tr>\n<td width=\"288\"><strong><b>M\u00e1x. Velocidade da estrada<\/b><\/strong><\/td>\n<td width=\"288\"><strong><b>76<\/b><\/strong><strong><b>\u00a0km\/h<\/b><\/strong><\/td>\n<\/tr>\n<\/tbody>\n<\/table>","protected":false},"featured_media":32493,"comment_status":"open","ping_status":"closed","template":"","meta":{"_acf_changed":false,"_eb_attr":"","_eb_data_table":""},"product_brand":[],"product_cat":[202],"product_tag":[],"class_list":{"0":"post-32483","1":"product","2":"type-product","3":"status-publish","4":"has-post-thumbnail","6":"product_cat-truck-mounted-concrete-pump","8":"first","9":"instock","10":"shipping-taxable","11":"product-type-simple"},"acf":[],"aioseo_notices":[],"_links":{"self":[{"href":"https:\/\/colorskyco.com\/pt\/wp-json\/wp\/v2\/product\/32483","targetHints":{"allow":["GET"]}}],"collection":[{"href":"https:\/\/colorskyco.com\/pt\/wp-json\/wp\/v2\/product"}],"about":[{"href":"https:\/\/colorskyco.com\/pt\/wp-json\/wp\/v2\/types\/product"}],"replies":[{"embeddable":true,"href":"https:\/\/colorskyco.com\/pt\/wp-json\/wp\/v2\/comments?post=32483"}],"version-history":[{"count":4,"href":"https:\/\/colorskyco.com\/pt\/wp-json\/wp\/v2\/product\/32483\/revisions"}],"predecessor-version":[{"id":32499,"href":"https:\/\/colorskyco.com\/pt\/wp-json\/wp\/v2\/product\/32483\/revisions\/32499"}],"wp:featuredmedia":[{"embeddable":true,"href":"https:\/\/colorskyco.com\/pt\/wp-json\/wp\/v2\/media\/32493"}],"wp:attachment":[{"href":"https:\/\/colorskyco.com\/pt\/wp-json\/wp\/v2\/media?parent=32483"}],"wp:term":[{"taxonomy":"product_brand","embeddable":true,"href":"https:\/\/colorskyco.com\/pt\/wp-json\/wp\/v2\/product_brand?post=32483"},{"taxonomy":"product_cat","embeddable":true,"href":"https:\/\/colorskyco.com\/pt\/wp-json\/wp\/v2\/product_cat?post=32483"},{"taxonomy":"product_tag","embeddable":true,"href":"https:\/\/colorskyco.com\/pt\/wp-json\/wp\/v2\/product_tag?post=32483"}],"curies":[{"name":"wp","href":"https:\/\/api.w.org\/{rel}","templated":true}]}}