{"id":32533,"date":"2026-05-14T13:50:45","date_gmt":"2026-05-14T05:50:45","guid":{"rendered":"https:\/\/colorskyco.com\/?post_type=product&#038;p=32533"},"modified":"2026-05-14T13:56:53","modified_gmt":"2026-05-14T05:56:53","slug":"used-concrete-truck-mixer-zoomlion-zlj5310gjbhte","status":"publish","type":"product","link":"https:\/\/colorskyco.com\/pt\/product\/used-concrete-truck-mixer-zoomlion-zlj5310gjbhte\/","title":{"rendered":"Used 2020 Concrete Truck Mixer Zoomlion ZLJ5310GJBHTE"},"content":{"rendered":"<div class=\"elementor-element elementor-element-35ae75d6 wd-width-100 elementor-widget elementor-widget-wd_title\" data-id=\"35ae75d6\" data-element_type=\"widget\" data-widget_type=\"wd_title.default\">\n<div class=\"elementor-widget-container\">\n<div class=\"title-wrapper wd-set-mb reset-last-child wd-title-color-default wd-title-style-default wd-title-size-default text-left\">\n<div class=\"liner-continer\">\n<div class=\"elementor-element elementor-element-35ae75d6 wd-width-100 elementor-widget elementor-widget-wd_title\" data-id=\"35ae75d6\" data-element_type=\"widget\" data-widget_type=\"wd_title.default\">\n<div class=\"elementor-widget-container\">\n<div class=\"title-wrapper wd-set-mb reset-last-child wd-title-color-default wd-title-style-default wd-title-size-default text-left\">\n<div class=\"liner-continer\">\n<div class=\"elementor-element elementor-element-26c15c8 wd-width-100 elementor-widget elementor-widget-wd_title\" data-id=\"26c15c8\" data-element_type=\"widget\" data-widget_type=\"wd_title.default\">\n<div class=\"elementor-widget-container\">\n<div class=\"title-wrapper wd-set-mb reset-last-child wd-title-color-default wd-title-style-default wd-title-size-default text-left\">\n<div class=\"liner-continer\">\n<table style=\"color: #333333; font-size: 16px;\">\n<tbody>\n<tr>\n<td width=\"288\">Fabricante<\/td>\n<td width=\"288\">Zoomlion Heavy Industry Science &amp; Technology Co., Ltd.<\/td>\n<\/tr>\n<tr>\n<td width=\"288\">Modelo do produto<\/td>\n<td width=\"288\">ZLJ5310GJBHTE<\/td>\n<\/tr>\n<tr>\n<td width=\"288\">Marca registada<\/td>\n<td width=\"288\">Zoomlion<\/td>\n<\/tr>\n<tr>\n<td width=\"288\">Pa\u00eds de fabrica\u00e7\u00e3o<\/td>\n<td width=\"288\">China<\/td>\n<\/tr>\n<\/tbody>\n<\/table>\n<\/div>\n<\/div>\n<\/div>\n<\/div>\n<\/div>\n<\/div>\n<\/div>\n<\/div>\n<div class=\"elementor-element elementor-element-b859088 specs-css elementor-widget elementor-widget-woocommerce-product-short-description\" data-id=\"b859088\" data-element_type=\"widget\" data-widget_type=\"woocommerce-product-short-description.default\">\n<div class=\"woocommerce-product-details__short-description\"><\/div>\n<\/div>\n<\/div>\n<\/div>\n<\/div>\n<\/div>\n<div class=\"elementor-element elementor-element-b859088 specs-css elementor-widget elementor-widget-woocommerce-product-short-description\" data-id=\"b859088\" data-element_type=\"widget\" data-widget_type=\"woocommerce-product-short-description.default\">\n<div class=\"woocommerce-product-details__short-description\"><\/div>\n<\/div>","protected":false},"excerpt":{"rendered":"<div class=\"elementor-element elementor-element-35ae75d6 wd-width-100 elementor-widget elementor-widget-wd_title\" data-id=\"35ae75d6\" data-element_type=\"widget\" data-widget_type=\"wd_title.default\">\n<div class=\"elementor-widget-container\">\n<div class=\"title-wrapper wd-set-mb reset-last-child wd-title-color-default wd-title-style-default wd-title-size-default text-left\">\n<div class=\"liner-continer\">\n<h2 class=\"woodmart-title-container title wd-fontsize-l\"><strong>Especifica\u00e7\u00f5es do ve\u00edculo<\/strong><\/h2>\n<\/div>\n<\/div>\n<\/div>\n<\/div>\n<div class=\"elementor-element elementor-element-b859088 specs-css elementor-widget elementor-widget-woocommerce-product-short-description\" data-id=\"b859088\" data-element_type=\"widget\" data-widget_type=\"woocommerce-product-short-description.default\">\n<div class=\"woocommerce-product-details__short-description\">\n<table>\n<tbody>\n<tr>\n<td width=\"288\">Capacidade geom\u00e9trica<\/td>\n<td width=\"288\">\u2248 12 m\u00b3<\/td>\n<\/tr>\n<tr>\n<td width=\"288\">R\u00e1cio de enchimento do tambor<\/td>\n<td width=\"288\">60-65%<\/td>\n<\/tr>\n<tr>\n<td width=\"288\">Velocidade de rota\u00e7\u00e3o do tambor (carga\/descarga)<\/td>\n<td width=\"288\">0-14 rpm \/ 0-17 rpm<\/td>\n<\/tr>\n<tr>\n<td width=\"288\">Sistema de abastecimento de \u00e1gua<\/td>\n<td width=\"288\">Dep\u00f3sito de \u00e1gua de press\u00e3o de ar, 400 L<\/td>\n<\/tr>\n<tr>\n<td width=\"288\">Velocidade de alimenta\u00e7\u00e3o<\/td>\n<td width=\"288\">\u2265 3 m\u00b3\/min<\/td>\n<\/tr>\n<tr>\n<td width=\"288\">Velocidade de descarga<\/td>\n<td width=\"288\">\u2265 2 m\u00b3\/min<\/td>\n<\/tr>\n<tr>\n<td width=\"288\">Taxa de res\u00edduos de descarga<\/td>\n<td width=\"288\">\u2264 0,5%<\/td>\n<\/tr>\n<tr>\n<td width=\"288\">Massa total do ve\u00edculo em ordem de marcha<\/td>\n<td width=\"288\">\u2248 14.000-15.000 kg<\/td>\n<\/tr>\n<tr>\n<td width=\"288\">Massa bruta m\u00e1xima autorizada<\/td>\n<td width=\"288\">31.000 kg<\/td>\n<\/tr>\n<tr>\n<td width=\"288\">Capacidade de lugares sentados<\/td>\n<td width=\"288\">2 pessoas<\/td>\n<\/tr>\n<tr>\n<td width=\"288\">Configura\u00e7\u00e3o do eixo<\/td>\n<td width=\"288\">8\u00d74<\/td>\n<\/tr>\n<tr>\n<td width=\"288\">Sistema de trav\u00f5es<\/td>\n<td width=\"288\">Trav\u00e3o pneum\u00e1tico completo com ABS<\/td>\n<\/tr>\n<tr>\n<td width=\"288\">Capacidade do tanque de combust\u00edvel<\/td>\n<td width=\"288\">400 L<\/td>\n<\/tr>\n<tr>\n<td width=\"288\">Dimens\u00f5es gerais (C\u00d7L\u00d7A)<\/td>\n<td width=\"288\">10.400 \u00d7 2.525 \u00d7 3.980 mm<\/td>\n<\/tr>\n<\/tbody>\n<\/table>\n<\/div>\n<\/div>","protected":false},"featured_media":32534,"comment_status":"open","ping_status":"closed","template":"","meta":{"_acf_changed":false,"_eb_attr":"","_eb_data_table":""},"product_brand":[],"product_cat":[193],"product_tag":[],"class_list":{"0":"post-32533","1":"product","2":"type-product","3":"status-publish","4":"has-post-thumbnail","6":"product_cat-concrete-mixer-truck","8":"first","9":"instock","10":"shipping-taxable","11":"product-type-simple"},"acf":[],"aioseo_notices":[],"_links":{"self":[{"href":"https:\/\/colorskyco.com\/pt\/wp-json\/wp\/v2\/product\/32533","targetHints":{"allow":["GET"]}}],"collection":[{"href":"https:\/\/colorskyco.com\/pt\/wp-json\/wp\/v2\/product"}],"about":[{"href":"https:\/\/colorskyco.com\/pt\/wp-json\/wp\/v2\/types\/product"}],"replies":[{"embeddable":true,"href":"https:\/\/colorskyco.com\/pt\/wp-json\/wp\/v2\/comments?post=32533"}],"version-history":[{"count":6,"href":"https:\/\/colorskyco.com\/pt\/wp-json\/wp\/v2\/product\/32533\/revisions"}],"predecessor-version":[{"id":32548,"href":"https:\/\/colorskyco.com\/pt\/wp-json\/wp\/v2\/product\/32533\/revisions\/32548"}],"wp:featuredmedia":[{"embeddable":true,"href":"https:\/\/colorskyco.com\/pt\/wp-json\/wp\/v2\/media\/32534"}],"wp:attachment":[{"href":"https:\/\/colorskyco.com\/pt\/wp-json\/wp\/v2\/media?parent=32533"}],"wp:term":[{"taxonomy":"product_brand","embeddable":true,"href":"https:\/\/colorskyco.com\/pt\/wp-json\/wp\/v2\/product_brand?post=32533"},{"taxonomy":"product_cat","embeddable":true,"href":"https:\/\/colorskyco.com\/pt\/wp-json\/wp\/v2\/product_cat?post=32533"},{"taxonomy":"product_tag","embeddable":true,"href":"https:\/\/colorskyco.com\/pt\/wp-json\/wp\/v2\/product_tag?post=32533"}],"curies":[{"name":"wp","href":"https:\/\/api.w.org\/{rel}","templated":true}]}}