{"id":881,"date":"2025-09-17T09:47:25","date_gmt":"2025-09-17T09:47:25","guid":{"rendered":"https:\/\/demo2.mevksa.com\/?post_type=product&#038;p=881"},"modified":"2025-11-30T13:59:57","modified_gmt":"2025-11-30T05:59:57","slug":"sany-sym5353thb-52m-truck-concrete-pump","status":"publish","type":"product","link":"https:\/\/colorskyco.com\/pt\/product\/sany-sym5353thb-52m-truck-concrete-pump\/","title":{"rendered":"Bomba de concreto usada SANY SYM5353THB 52M montada em caminh\u00e3o, ano 202003"},"content":{"rendered":"<p><span style=\"color: #000000;\"><strong>Detalhes do produto<\/strong><\/span><\/p>\n<p><span style=\"color: #000000;\">O usado <strong>SANY 52M Truck Mounted Concrete Pump<\/strong> J\u00e1 est\u00e1 dispon\u00edvel para venda.<\/span><br \/>\n<span style=\"color: #000000;\">Bem conservado e pronto para opera\u00e7\u00e3o imediata.<\/span><\/p>\n<p><span style=\"color: #000000;\"><strong>Especifica\u00e7\u00f5es<\/strong><\/span><\/p>\n<table>\n<tbody>\n<tr>\n<td width=\"284\"><span style=\"color: #000000;\">Equipamento<\/span><\/td>\n<td width=\"284\"><span style=\"color: #000000;\">Bomba de concreto montada em caminh\u00e3o<\/span><\/td>\n<\/tr>\n<tr>\n<td width=\"284\"><span style=\"color: #000000;\">Local de origem<\/span><\/td>\n<td width=\"284\"><span style=\"color: #000000;\">China<\/span><\/td>\n<\/tr>\n<tr>\n<td width=\"284\"><span style=\"color: #000000;\">Nome da marca<\/span><\/td>\n<td width=\"284\"><span style=\"color: #000000;\">Sany<\/span><\/td>\n<\/tr>\n<tr>\n<td width=\"284\"><span style=\"color: #000000;\">N\u00famero do modelo<\/span><\/td>\n<td width=\"284\"><span style=\"color: #000000;\">SYM5353THB 52M<\/span><\/td>\n<\/tr>\n<tr>\n<td width=\"284\"><span style=\"color: #000000;\">Data de fabrica\u00e7\u00e3o<\/span><\/td>\n<td width=\"284\"><span style=\"color: #000000;\">2020-03<\/span><\/td>\n<\/tr>\n<tr>\n<td width=\"284\"><span style=\"color: #000000;\">Quantidade m\u00ednima de encomenda<\/span><\/td>\n<td width=\"284\"><span style=\"color: #000000;\">1\u00aa se\u00e7\u00e3o<\/span><\/td>\n<\/tr>\n<tr>\n<td width=\"284\"><span style=\"color: #000000;\">Detalhes da embalagem<\/span><\/td>\n<td width=\"284\"><span style=\"color: #000000;\">Navio Ro-Ro, Navio de Carga a Granel<\/span><\/td>\n<\/tr>\n<\/tbody>\n<\/table>\n<p>&nbsp;<\/p>","protected":false},"excerpt":{"rendered":"<h2><strong>Dados t\u00e9cnicos SANY SYM5353THB<br \/>\n<\/strong><\/h2>\n<h1>Informa\u00e7\u00f5es gerais<\/h1>\n<table>\n<tbody>\n<tr>\n<td width=\"288\"><strong>Especifica\u00e7\u00e3o<\/strong><\/td>\n<td width=\"288\"><strong>Detalhes<\/strong><\/td>\n<\/tr>\n<tr>\n<td width=\"288\"><strong>Tipo de produto<\/strong><\/td>\n<td width=\"288\">SYM5353THB<\/td>\n<\/tr>\n<tr>\n<td width=\"288\"><strong>Fabricante<\/strong><\/td>\n<td width=\"288\">SANY Automobile Manufacturing Co., Ltd.<\/td>\n<\/tr>\n<tr>\n<td width=\"288\"><strong>Endere\u00e7o<\/strong><\/td>\n<td width=\"288\">Parque Industrial SANY, Zona de Desenvolvimento Econ\u00f4mico e Tecnol\u00f3gico de Changsha, Cidade de Changsha, Prov\u00edncia de Hunan<\/td>\n<\/tr>\n<tr>\n<td width=\"288\"><strong>Data de produ\u00e7\u00e3o<\/strong><\/td>\n<td width=\"288\">2020.03<\/td>\n<\/tr>\n<tr>\n<td width=\"288\"><strong>N\u00famero de s\u00e9rie \/ de f\u00e1brica<\/strong><\/td>\n<td width=\"288\">BC53535353m<\/td>\n<\/tr>\n<tr>\n<td width=\"288\"><strong>Pa\u00eds de fabrica\u00e7\u00e3o<\/strong><\/td>\n<td width=\"288\">Feito na china<\/td>\n<\/tr>\n<\/tbody>\n<\/table>\n<h1>Especifica\u00e7\u00f5es da lan\u00e7a<\/h1>\n<table>\n<tbody>\n<tr>\n<td width=\"288\"><strong>Especifica\u00e7\u00e3o<\/strong><\/td>\n<td width=\"288\"><strong>Detalhes<\/strong><\/td>\n<\/tr>\n<tr>\n<td width=\"288\"><strong>Alcance vertical m\u00e1ximo<\/strong><\/td>\n<td width=\"288\"><strong>51.3 m<\/strong><\/td>\n<\/tr>\n<tr>\n<td width=\"288\"><strong>Alcance horizontal m\u00e1ximo<\/strong><\/td>\n<td width=\"288\"><strong>47.3m<\/strong><\/td>\n<\/tr>\n<\/tbody>\n<\/table>\n<h1>Sistema de bombeamento<\/h1>\n<table>\n<tbody>\n<tr>\n<td width=\"288\"><strong>Especifica\u00e7\u00e3o<\/strong><\/td>\n<td width=\"288\"><strong>Detalhes<\/strong><\/td>\n<\/tr>\n<tr>\n<td width=\"288\"><strong>Produ\u00e7\u00e3o te\u00f3rica m\u00e1xima<\/strong><\/td>\n<td width=\"288\"><strong>1<\/strong><strong>8<\/strong><strong>0 m\u00b3\/h<\/strong><\/td>\n<\/tr>\n<tr>\n<td width=\"288\"><strong>Press\u00e3o te\u00f3rica m\u00e1xima<\/strong><\/td>\n<td width=\"288\"><strong>13<\/strong><strong>MPa<\/strong><\/td>\n<\/tr>\n<\/tbody>\n<\/table>\n<h1>Motor<\/h1>\n<table>\n<tbody>\n<tr>\n<td width=\"288\"><strong>Especifica\u00e7\u00e3o<\/strong><\/td>\n<td width=\"288\"><strong>Detalhes<\/strong><\/td>\n<\/tr>\n<tr>\n<td width=\"288\"><strong>Modelo do motor<\/strong><\/td>\n<td width=\"288\"><strong>OM470LA.5-54<\/strong><\/td>\n<\/tr>\n<tr>\n<td width=\"288\"><strong>Pot\u00eancia\/Velocidade M\u00e1xima L\u00edquida do Motor<\/strong><\/td>\n<td width=\"288\"><strong>315 kW \/ 1.600 rpm<\/strong><\/td>\n<\/tr>\n<\/tbody>\n<\/table>\n<h1>Peso e dimens\u00f5es<\/h1>\n<table>\n<tbody>\n<tr>\n<td width=\"288\"><strong>Especifica\u00e7\u00e3o<\/strong><\/td>\n<td width=\"288\"><strong>Detalhes<\/strong><\/td>\n<\/tr>\n<tr>\n<td width=\"288\"><strong>Peso em ordem de marcha \/ Peso vazio<\/strong><\/td>\n<td width=\"288\"><strong>35.000 kg<\/strong><\/td>\n<\/tr>\n<tr>\n<td width=\"288\"><strong>Comprimento total<\/strong><\/td>\n<td width=\"288\"><strong>12,380 mm<\/strong><\/td>\n<\/tr>\n<tr>\n<td><strong>Largura total<\/strong><\/td>\n<td><strong>2.550 mm<\/strong><\/td>\n<\/tr>\n<tr>\n<td><strong>Altura total<\/strong><\/td>\n<td><strong>4.000 mm<\/strong><\/td>\n<\/tr>\n<tr>\n<td><strong>Di\u00e2metro do cilindro de entrega<\/strong><\/td>\n<td><strong>260 mm<\/strong><\/td>\n<\/tr>\n<tr>\n<td><strong>Curso do cilindro de entrega<\/strong><\/td>\n<td><strong>1.900 mm<\/strong><\/td>\n<\/tr>\n<\/tbody>\n<\/table>\n<h1>Estabilizadores laterais<\/h1>\n<table>\n<tbody>\n<tr>\n<td width=\"288\"><strong>Especifica\u00e7\u00e3o<\/strong><\/td>\n<td width=\"288\"><strong>Detalhes<\/strong><\/td>\n<\/tr>\n<tr>\n<td width=\"288\"><strong>Capacidade do tanque de combust\u00edvel\u00a0\u00a0\u00a0\u00a0 <\/strong><\/td>\n<td width=\"288\">600-680 L<\/td>\n<\/tr>\n<tr>\n<td width=\"288\"><strong>Volume do tanque de \u00e1gua\u00a0 <\/strong><\/td>\n<td width=\"288\">620 L<\/td>\n<\/tr>\n<tr>\n<td width=\"288\"><strong>Abertura dos estabilizadores (dianteiros)\u00a0\u00a0\u00a0\u00a0\u00a0\u00a0 <\/strong><\/td>\n<td width=\"288\">11,240 mm<\/td>\n<\/tr>\n<tr>\n<td width=\"288\"><strong>Abertura dos estabilizadores (traseiros)\u00a0\u00a0\u00a0\u00a0\u00a0\u00a0\u00a0\u00a0 <\/strong><\/td>\n<td width=\"288\">10,120 mm<\/td>\n<\/tr>\n<\/tbody>\n<\/table>\n<h1>Principais caracter\u00edsticas<\/h1>\n<table>\n<tbody>\n<tr>\n<td width=\"288\"><strong>Especifica\u00e7\u00e3o<\/strong><\/td>\n<td width=\"288\"><strong>Detalhes<\/strong><\/td>\n<\/tr>\n<tr>\n<td width=\"288\"><strong>Bomba Chassi <\/strong><\/td>\n<td width=\"288\">Mercedes Benz Actores 3343<\/td>\n<\/tr>\n<tr>\n<td width=\"288\"><strong>Padr\u00e3o de Emiss\u00e3o<\/strong><\/td>\n<td width=\"288\">China V<\/td>\n<\/tr>\n<tr>\n<td width=\"288\"><strong>M\u00e1x. Velocidade da estrada<\/strong><\/td>\n<td width=\"288\">90 km\/h<\/td>\n<\/tr>\n<tr>\n<td width=\"288\"><strong>Altura m\u00ednima de implanta\u00e7\u00e3o<\/strong><\/td>\n<td width=\"288\">13.3 m<\/td>\n<\/tr>\n<\/tbody>\n<\/table>\n<p>&nbsp;<\/p>\n<h2><strong>\u00a0<\/strong><\/h2>","protected":false},"featured_media":31664,"comment_status":"open","ping_status":"closed","template":"","meta":{"_acf_changed":false,"_eb_attr":"","_eb_data_table":""},"product_brand":[],"product_cat":[202],"product_tag":[],"class_list":{"0":"post-881","1":"product","2":"type-product","3":"status-publish","4":"has-post-thumbnail","6":"product_cat-truck-mounted-concrete-pump","8":"first","9":"instock","10":"shipping-taxable","11":"product-type-simple"},"acf":[],"aioseo_notices":[],"_links":{"self":[{"href":"https:\/\/colorskyco.com\/pt\/wp-json\/wp\/v2\/product\/881","targetHints":{"allow":["GET"]}}],"collection":[{"href":"https:\/\/colorskyco.com\/pt\/wp-json\/wp\/v2\/product"}],"about":[{"href":"https:\/\/colorskyco.com\/pt\/wp-json\/wp\/v2\/types\/product"}],"replies":[{"embeddable":true,"href":"https:\/\/colorskyco.com\/pt\/wp-json\/wp\/v2\/comments?post=881"}],"version-history":[{"count":5,"href":"https:\/\/colorskyco.com\/pt\/wp-json\/wp\/v2\/product\/881\/revisions"}],"predecessor-version":[{"id":31891,"href":"https:\/\/colorskyco.com\/pt\/wp-json\/wp\/v2\/product\/881\/revisions\/31891"}],"wp:featuredmedia":[{"embeddable":true,"href":"https:\/\/colorskyco.com\/pt\/wp-json\/wp\/v2\/media\/31664"}],"wp:attachment":[{"href":"https:\/\/colorskyco.com\/pt\/wp-json\/wp\/v2\/media?parent=881"}],"wp:term":[{"taxonomy":"product_brand","embeddable":true,"href":"https:\/\/colorskyco.com\/pt\/wp-json\/wp\/v2\/product_brand?post=881"},{"taxonomy":"product_cat","embeddable":true,"href":"https:\/\/colorskyco.com\/pt\/wp-json\/wp\/v2\/product_cat?post=881"},{"taxonomy":"product_tag","embeddable":true,"href":"https:\/\/colorskyco.com\/pt\/wp-json\/wp\/v2\/product_tag?post=881"}],"curies":[{"name":"wp","href":"https:\/\/api.w.org\/{rel}","templated":true}]}}