{"id":892,"date":"2025-09-18T08:04:27","date_gmt":"2025-09-18T08:04:27","guid":{"rendered":"https:\/\/demo2.mevksa.com\/?post_type=product&#038;p=892"},"modified":"2025-11-30T14:00:23","modified_gmt":"2025-11-30T06:00:23","slug":"sany-truck-mounted-concrete-pump-sym5449thb-56-m","status":"publish","type":"product","link":"https:\/\/colorskyco.com\/pt\/product\/sany-truck-mounted-concrete-pump-sym5449thb-56-m\/","title":{"rendered":"Bomba de concreto usada SANY SYM5449THB montada em caminh\u00e3o, 56m, ano 202003"},"content":{"rendered":"<p><span style=\"color: #000000;\"><strong>Detalhes do produto<\/strong><\/span><\/p>\n<p><span style=\"color: #000000;\">O usado <strong>Bomba de bet\u00e3o montada em cami\u00e3o SANY 56M<\/strong> J\u00e1 est\u00e1 dispon\u00edvel para venda.<\/span><br \/>\n<span style=\"color: #000000;\">Bem conservado e pronto para opera\u00e7\u00e3o imediata.<\/span><\/p>\n<p><span style=\"color: #000000;\"><strong>Especifica\u00e7\u00f5es<\/strong><\/span><\/p>\n<table>\n<tbody>\n<tr>\n<td width=\"284\"><span style=\"color: #000000;\">Equipamento<\/span><\/td>\n<td width=\"284\"><span style=\"color: #000000;\">Bomba de concreto montada em caminh\u00e3o<\/span><\/td>\n<\/tr>\n<tr>\n<td width=\"284\"><span style=\"color: #000000;\">Local de origem<\/span><\/td>\n<td width=\"284\"><span style=\"color: #000000;\">China<\/span><\/td>\n<\/tr>\n<tr>\n<td width=\"284\"><span style=\"color: #000000;\">Nome da marca<\/span><\/td>\n<td width=\"284\"><span style=\"color: #000000;\">Sany<\/span><\/td>\n<\/tr>\n<tr>\n<td width=\"284\"><span style=\"color: #000000;\">N\u00famero do modelo<\/span><\/td>\n<td width=\"284\"><span style=\"color: #000000;\">SYM5353THB 56M<\/span><\/td>\n<\/tr>\n<tr>\n<td width=\"284\"><span style=\"color: #000000;\">Data de fabrica\u00e7\u00e3o<\/span><\/td>\n<td width=\"284\"><span style=\"color: #000000;\">2020-03<\/span><\/td>\n<\/tr>\n<tr>\n<td width=\"284\"><span style=\"color: #000000;\">Quantidade m\u00ednima de encomenda<\/span><\/td>\n<td width=\"284\"><span style=\"color: #000000;\">1\u00aa se\u00e7\u00e3o<\/span><\/td>\n<\/tr>\n<tr>\n<td width=\"284\"><span style=\"color: #000000;\">Detalhes da embalagem<\/span><\/td>\n<td width=\"284\"><span style=\"color: #000000;\">Navio Ro-Ro, Navio de Carga a Granel<\/span><\/td>\n<\/tr>\n<\/tbody>\n<\/table>\n<p>&nbsp;<\/p>","protected":false},"excerpt":{"rendered":"<h2><strong>SANY SYM5449THB (56 m) Bomba de bet\u00e3o montada em cami\u00e3o - Dados t\u00e9cnicos<\/strong><\/h2>\n<h1>Informa\u00e7\u00f5es gerais<\/h1>\n<table>\n<tbody>\n<tr>\n<td width=\"288\"><strong>Especifica\u00e7\u00e3o<\/strong><\/td>\n<td width=\"288\"><strong>Detalhes<\/strong><\/td>\n<\/tr>\n<tr>\n<td width=\"288\"><strong>Tipo de produto<\/strong><\/td>\n<td width=\"288\">SYM5449THB<\/td>\n<\/tr>\n<tr>\n<td width=\"288\"><strong>Fabricante<\/strong><\/td>\n<td width=\"288\">SANY Automobile Manufacturing Co., Ltd.<\/td>\n<\/tr>\n<tr>\n<td width=\"288\"><strong>Endere\u00e7o<\/strong><\/td>\n<td width=\"288\">Parque Industrial SANY, Zona de Desenvolvimento Econ\u00f4mico e Tecnol\u00f3gico de Changsha, Cidade de Changsha, Prov\u00edncia de Hunan<\/td>\n<\/tr>\n<tr>\n<td width=\"288\"><strong>Data de produ\u00e7\u00e3o<\/strong><\/td>\n<td width=\"288\">2020.03<\/td>\n<\/tr>\n<tr>\n<td width=\"288\"><strong>N\u00famero de s\u00e9rie \/ de f\u00e1brica<\/strong><\/td>\n<td width=\"288\">BC5449CA0649<\/td>\n<\/tr>\n<tr>\n<td width=\"288\"><strong>Pa\u00eds de fabrica\u00e7\u00e3o<\/strong><\/td>\n<td width=\"288\">Feito na china<\/td>\n<\/tr>\n<\/tbody>\n<\/table>\n<h1>Especifica\u00e7\u00f5es da lan\u00e7a<\/h1>\n<table>\n<tbody>\n<tr>\n<td width=\"288\"><strong>Especifica\u00e7\u00e3o<\/strong><\/td>\n<td width=\"288\"><strong>Detalhes<\/strong><\/td>\n<\/tr>\n<tr>\n<td width=\"288\"><strong>Alcance vertical m\u00e1ximo<\/strong><\/td>\n<td width=\"288\"><strong>56 m<\/strong><\/td>\n<\/tr>\n<tr>\n<td width=\"288\"><strong>Alcance horizontal m\u00e1ximo<\/strong><\/td>\n<td width=\"288\"><strong>51 m<\/strong><\/td>\n<\/tr>\n<tr>\n<td width=\"288\"><strong>Sec\u00e7\u00f5es da lan\u00e7a \/ Dobr\u00e1veis<\/strong><\/td>\n<td width=\"288\"><strong>6<\/strong><strong>\u2011<\/strong><strong>bra\u00e7o, RZ dobr\u00e1vel<\/strong><\/td>\n<\/tr>\n<\/tbody>\n<\/table>\n<h1>Sistema de bombeamento<\/h1>\n<table>\n<tbody>\n<tr>\n<td width=\"288\"><strong>Especifica\u00e7\u00e3o<\/strong><\/td>\n<td width=\"288\"><strong>Detalhes<\/strong><\/td>\n<\/tr>\n<tr>\n<td width=\"288\"><strong>Produ\u00e7\u00e3o te\u00f3rica m\u00e1xima<\/strong><\/td>\n<td width=\"288\"><strong>1<\/strong><strong>8<\/strong><strong>0 m\u00b3\/h<\/strong><\/td>\n<\/tr>\n<tr>\n<td width=\"288\"><strong>Press\u00e3o te\u00f3rica m\u00e1xima<\/strong><\/td>\n<td width=\"288\"><strong>12<\/strong><strong>MPa<\/strong><\/td>\n<\/tr>\n<\/tbody>\n<\/table>\n<h1>Motor<\/h1>\n<table>\n<tbody>\n<tr>\n<td width=\"288\"><strong>Especifica\u00e7\u00e3o<\/strong><\/td>\n<td width=\"288\"><strong>Detalhes<\/strong><\/td>\n<\/tr>\n<tr>\n<td width=\"288\"><strong>Modelo do motor<\/strong><\/td>\n<td width=\"288\"><strong>OM470LA.5-54<\/strong><\/td>\n<\/tr>\n<tr>\n<td width=\"288\"><strong>Marca do motor<\/strong><\/td>\n<td width=\"288\"><strong>Mercedes<\/strong><strong>\u2011<\/strong><strong>Benz OM501LA (varia consoante o chassis)<\/strong><\/td>\n<\/tr>\n<tr>\n<td width=\"288\"><strong>Pot\u00eancia\/Velocidade M\u00e1xima L\u00edquida do Motor<\/strong><\/td>\n<td width=\"288\"><strong>315 kW \/ 1.600 rpm<\/strong><\/td>\n<\/tr>\n<tr>\n<td width=\"288\"><strong>Ciclos de bombagem te\u00f3ricos<\/strong><\/td>\n<td width=\"288\"><strong>At\u00e9 29 cursos\/min (a 12 MPa)<\/strong><\/td>\n<\/tr>\n<\/tbody>\n<\/table>\n<h1><\/h1>\n<h1>Peso e dimens\u00f5es<\/h1>\n<table>\n<tbody>\n<tr>\n<td width=\"288\"><strong>Especifica\u00e7\u00e3o<\/strong><\/td>\n<td width=\"288\"><strong>Detalhes<\/strong><\/td>\n<\/tr>\n<tr>\n<td width=\"288\"><strong>Peso em ordem de marcha \/ Peso vazio<\/strong><\/td>\n<td width=\"288\"><strong>44.000 kg<\/strong><\/td>\n<\/tr>\n<tr>\n<td width=\"288\"><strong>Comprimento total<\/strong><\/td>\n<td width=\"288\"><strong>13,860 mm<\/strong><\/td>\n<\/tr>\n<tr>\n<td><strong>Largura total<\/strong><\/td>\n<td><strong>2.550 mm<\/strong><\/td>\n<\/tr>\n<tr>\n<td><strong>Altura total<\/strong><\/td>\n<td><strong>4.000 mm<\/strong><\/td>\n<\/tr>\n<tr>\n<td><strong>Di\u00e2metro do cilindro de entrega<\/strong><\/td>\n<td><strong>260 mm<\/strong><\/td>\n<\/tr>\n<tr>\n<td><strong>Curso do cilindro de entrega<\/strong><\/td>\n<td><strong>1.900 mm<\/strong><\/td>\n<\/tr>\n<\/tbody>\n<\/table>\n<h1>Estabilizadores laterais<\/h1>\n<table>\n<tbody>\n<tr>\n<td width=\"288\"><strong>Especifica\u00e7\u00e3o<\/strong><\/td>\n<td width=\"288\"><strong>Detalhes<\/strong><\/td>\n<\/tr>\n<tr>\n<td width=\"288\"><strong>Capacidade do tanque de combust\u00edvel\u00a0\u00a0\u00a0\u00a0 <\/strong><\/td>\n<td width=\"288\">600-680 L<\/td>\n<\/tr>\n<tr>\n<td width=\"288\"><strong>Volume do tanque de \u00e1gua\u00a0 <\/strong><\/td>\n<td width=\"288\">620 L<\/td>\n<\/tr>\n<tr>\n<td width=\"288\"><strong>Abertura dos estabilizadores (dianteiros)\u00a0\u00a0\u00a0\u00a0\u00a0\u00a0 <\/strong><\/td>\n<td width=\"288\">9,5 m (aprox. 31\u2032 1\u2033)<\/td>\n<\/tr>\n<tr>\n<td width=\"288\"><strong>Abertura dos estabilizadores (traseiros)\u00a0\u00a0\u00a0\u00a0\u00a0\u00a0\u00a0\u00a0 <\/strong><\/td>\n<td width=\"288\">10,8 m (aprox. 35\u2032 4\u2033)<\/td>\n<\/tr>\n<\/tbody>\n<\/table>\n<h1>Principais caracter\u00edsticas<\/h1>\n<table>\n<tbody>\n<tr>\n<td width=\"288\"><strong>Especifica\u00e7\u00e3o<\/strong><\/td>\n<td width=\"288\"><strong>Detalhes<\/strong><\/td>\n<\/tr>\n<tr>\n<td width=\"288\"><strong>Marca do chassis da lan\u00e7a <\/strong><\/td>\n<td width=\"288\"><strong>Mercedes<\/strong><strong>\u2011<\/strong><strong>Benz Actros 4143<\/strong><\/td>\n<\/tr>\n<tr>\n<td width=\"288\"><strong>Padr\u00e3o de Emiss\u00e3o<\/strong><\/td>\n<td width=\"288\"><strong>Euro V \/ China V (varia consoante o mercado)<\/strong><\/td>\n<\/tr>\n<tr>\n<td width=\"288\"><strong>Acionamento do chassis<\/strong><\/td>\n<td width=\"288\"><strong>8<\/strong><strong>\u00d7<\/strong><strong>4<\/strong><\/td>\n<\/tr>\n<\/tbody>\n<\/table>","protected":false},"featured_media":31653,"comment_status":"open","ping_status":"closed","template":"","meta":{"_acf_changed":false,"_eb_attr":"","_eb_data_table":""},"product_brand":[],"product_cat":[202],"product_tag":[],"class_list":{"0":"post-892","1":"product","2":"type-product","3":"status-publish","4":"has-post-thumbnail","6":"product_cat-truck-mounted-concrete-pump","8":"first","9":"instock","10":"shipping-taxable","11":"product-type-simple"},"acf":[],"aioseo_notices":[],"_links":{"self":[{"href":"https:\/\/colorskyco.com\/pt\/wp-json\/wp\/v2\/product\/892","targetHints":{"allow":["GET"]}}],"collection":[{"href":"https:\/\/colorskyco.com\/pt\/wp-json\/wp\/v2\/product"}],"about":[{"href":"https:\/\/colorskyco.com\/pt\/wp-json\/wp\/v2\/types\/product"}],"replies":[{"embeddable":true,"href":"https:\/\/colorskyco.com\/pt\/wp-json\/wp\/v2\/comments?post=892"}],"version-history":[{"count":5,"href":"https:\/\/colorskyco.com\/pt\/wp-json\/wp\/v2\/product\/892\/revisions"}],"predecessor-version":[{"id":31892,"href":"https:\/\/colorskyco.com\/pt\/wp-json\/wp\/v2\/product\/892\/revisions\/31892"}],"wp:featuredmedia":[{"embeddable":true,"href":"https:\/\/colorskyco.com\/pt\/wp-json\/wp\/v2\/media\/31653"}],"wp:attachment":[{"href":"https:\/\/colorskyco.com\/pt\/wp-json\/wp\/v2\/media?parent=892"}],"wp:term":[{"taxonomy":"product_brand","embeddable":true,"href":"https:\/\/colorskyco.com\/pt\/wp-json\/wp\/v2\/product_brand?post=892"},{"taxonomy":"product_cat","embeddable":true,"href":"https:\/\/colorskyco.com\/pt\/wp-json\/wp\/v2\/product_cat?post=892"},{"taxonomy":"product_tag","embeddable":true,"href":"https:\/\/colorskyco.com\/pt\/wp-json\/wp\/v2\/product_tag?post=892"}],"curies":[{"name":"wp","href":"https:\/\/api.w.org\/{rel}","templated":true}]}}