{"id":916,"date":"2025-09-19T02:52:27","date_gmt":"2025-09-19T02:52:27","guid":{"rendered":"https:\/\/demo2.mevksa.com\/?post_type=product&#038;p=916"},"modified":"2025-12-01T17:14:28","modified_gmt":"2025-12-01T09:14:28","slug":"sany-concrete-pump-truck-sym5552thb-71m","status":"publish","type":"product","link":"https:\/\/colorskyco.com\/pt\/product\/sany-concrete-pump-truck-sym5552thb-71m\/","title":{"rendered":"Caminh\u00e3o Bomba de Concreto SANY SYM5552THB 71m Usado 202308"},"content":{"rendered":"<p><strong><b>Detalhes do produto<\/b><\/strong><\/p>\n<p>O usado <strong><b>SANY <\/b><\/strong><strong><b>71M<\/b><\/strong><strong><b>\u00a0<\/b><\/strong><strong><b>Bet\u00e3o montado em cami\u00e3o <\/b><\/strong><strong><b>P<\/b><\/strong><strong><b>pular<\/b><\/strong>\u00a0J\u00e1 est\u00e1 dispon\u00edvel para venda.<br \/>\nBem conservado e pronto para opera\u00e7\u00e3o imediata.<\/p>\n<p><strong><b>Especifica\u00e7\u00f5es<\/b><\/strong><\/p>\n<table>\n<tbody>\n<tr>\n<td width=\"284\">Equipamento<\/td>\n<td width=\"284\">Bomba de concreto montada em caminh\u00e3o<\/td>\n<\/tr>\n<tr>\n<td width=\"284\">Local de origem<\/td>\n<td width=\"284\">China<\/td>\n<\/tr>\n<tr>\n<td width=\"284\">Nome da marca<\/td>\n<td width=\"284\">Sany<\/td>\n<\/tr>\n<tr>\n<td width=\"284\">N\u00famero do modelo<\/td>\n<td width=\"284\">SYM5552THB 71M<\/td>\n<\/tr>\n<tr>\n<td width=\"284\">Data de fabrica\u00e7\u00e3o<\/td>\n<td width=\"284\">2023-08<\/td>\n<\/tr>\n<tr>\n<td width=\"284\">Quantidade m\u00ednima de encomenda<\/td>\n<td width=\"284\">1\u00aa se\u00e7\u00e3o<\/td>\n<\/tr>\n<tr>\n<td width=\"284\">Detalhes da embalagem<\/td>\n<td width=\"284\">Navio Ro-Ro, Navio de Carga a Granel<\/td>\n<\/tr>\n<\/tbody>\n<\/table>","protected":false},"excerpt":{"rendered":"<p>SANY SYM5552THB 71M\u00a0Truck Mounted Concrete Pump<\/p>\n<p>Ficha de dados t\u00e9cnicos<\/p>\n<h1><strong><b>Informa\u00e7\u00f5es gerais<\/b><\/strong><\/h1>\n<table>\n<tbody>\n<tr>\n<td width=\"288\"><strong><b>Especifica\u00e7\u00e3o<\/b><\/strong><\/td>\n<td width=\"288\"><strong><b>Detalhes<\/b><\/strong><\/td>\n<\/tr>\n<tr>\n<td width=\"288\"><strong><b>Tipo de produto<\/b><\/strong><\/td>\n<td width=\"288\">SYM5551THB1F<\/td>\n<\/tr>\n<tr>\n<td width=\"288\"><strong><b>Fabricante<\/b><\/strong><\/td>\n<td width=\"288\">SANY Automobile Manufacturing Co., Ltd.<\/td>\n<\/tr>\n<tr>\n<td width=\"288\"><strong><b>Endere\u00e7o<\/b><\/strong><\/td>\n<td width=\"288\">Parque Industrial SANY, Zona de Desenvolvimento Econ\u00f4mico e Tecnol\u00f3gico de Changsha, Cidade de Changsha, Prov\u00edncia de Hunan<\/td>\n<\/tr>\n<tr>\n<td width=\"288\"><strong><b>Data de produ\u00e7\u00e3o<\/b><\/strong><\/td>\n<td width=\"288\">2023.08<\/td>\n<\/tr>\n<tr>\n<td width=\"288\"><strong><b>Pa\u00eds de fabrica\u00e7\u00e3o<\/b><\/strong><\/td>\n<td width=\"288\">Feito na china<\/td>\n<\/tr>\n<\/tbody>\n<\/table>\n<h1><strong><b>Especifica\u00e7\u00f5es da lan\u00e7a<\/b><\/strong><\/h1>\n<table>\n<tbody>\n<tr>\n<td width=\"288\"><strong><b>Especifica\u00e7\u00e3o<\/b><\/strong><\/td>\n<td width=\"288\"><strong><b>Detalhes<\/b><\/strong><\/td>\n<\/tr>\n<tr>\n<td width=\"288\"><strong><b>Alcance vertical m\u00e1ximo<\/b><\/strong><\/td>\n<td width=\"288\"><strong><b>70,2 m<\/b><\/strong><\/td>\n<\/tr>\n<tr>\n<td width=\"288\"><strong><b>Alcance horizontal m\u00e1ximo<\/b><\/strong><\/td>\n<td width=\"288\"><strong><b>63,5 m<\/b><\/strong><\/td>\n<\/tr>\n<\/tbody>\n<\/table>\n<h1><strong><b>Sistema de bombeamento<\/b><\/strong><\/h1>\n<table>\n<tbody>\n<tr>\n<td width=\"288\"><strong><b>Especifica\u00e7\u00e3o<\/b><\/strong><\/td>\n<td width=\"288\"><strong><b>Detalhes<\/b><\/strong><\/td>\n<\/tr>\n<tr>\n<td width=\"288\"><strong><b>Produ\u00e7\u00e3o te\u00f3rica m\u00e1xima<\/b><\/strong><\/td>\n<td width=\"288\"><strong><b>1<\/b><\/strong><strong><b>8<\/b><\/strong><strong><b>0 m\u00b3\/h<\/b><\/strong><\/td>\n<\/tr>\n<tr>\n<td width=\"288\"><strong><b>Press\u00e3o te\u00f3rica m\u00e1xima<\/b><\/strong><\/td>\n<td width=\"288\"><strong><b>13<\/b><\/strong><strong><b>MPa<\/b><\/strong><\/td>\n<\/tr>\n<\/tbody>\n<\/table>\n<h1><strong><b>Motor<\/b><\/strong><\/h1>\n<table>\n<tbody>\n<tr>\n<td width=\"288\"><strong><b>Especifica\u00e7\u00e3o<\/b><\/strong><\/td>\n<td width=\"288\"><strong><b>Detalhes<\/b><\/strong><\/td>\n<\/tr>\n<tr>\n<td width=\"288\"><strong><b>Modelo do motor<\/b><\/strong><\/td>\n<td width=\"288\">D13C6-530E4<\/td>\n<\/tr>\n<tr>\n<td width=\"288\"><strong><b>Pot\u00eancia\/Velocidade M\u00e1xima L\u00edquida do Motor<\/b><\/strong><\/td>\n<td width=\"288\"><strong><b>385 kW \/ 1.900 rpm<\/b><\/strong><\/td>\n<\/tr>\n<tr>\n<td width=\"288\">Cilindrada do motor<\/td>\n<td width=\"288\"><strong><b>12,94L<\/b><\/strong><\/td>\n<\/tr>\n<\/tbody>\n<\/table>\n<h1><strong><b>Peso e dimens\u00f5es<\/b><\/strong><\/h1>\n<table>\n<tbody>\n<tr>\n<td width=\"288\"><strong><b>Especifica\u00e7\u00e3o<\/b><\/strong><\/td>\n<td width=\"288\"><strong><b>Detalhes<\/b><\/strong><\/td>\n<\/tr>\n<tr>\n<td width=\"288\"><strong><b>Peso em ordem de marcha \/ Peso vazio<\/b><\/strong><\/td>\n<td width=\"288\"><strong><b>55.000 kg<\/b><\/strong><\/td>\n<\/tr>\n<tr>\n<td width=\"288\"><strong><b>Comprimento total<\/b><\/strong><\/td>\n<td width=\"288\"><strong><b>16.090 mm<\/b><\/strong><\/td>\n<\/tr>\n<tr>\n<td><strong><b>Largura total<\/b><\/strong><\/td>\n<td><strong><b>2.550 mm<\/b><\/strong><\/td>\n<\/tr>\n<tr>\n<td><strong><b>Altura total<\/b><\/strong><\/td>\n<td><strong><b>4.000 mm<\/b><\/strong><\/td>\n<\/tr>\n<tr>\n<td><strong><b>Di\u00e2metro do cilindro de entrega<\/b><\/strong><\/td>\n<td><strong><b>260 mm<\/b><\/strong><\/td>\n<\/tr>\n<tr>\n<td><strong><b>Curso do cilindro de entrega<\/b><\/strong><\/td>\n<td><strong><b>2.100 mm<\/b><\/strong><\/td>\n<\/tr>\n<\/tbody>\n<\/table>\n<h1><strong><b>Estabilizadores laterais<\/b><\/strong><\/h1>\n<table>\n<tbody>\n<tr>\n<td width=\"288\"><strong><b>Especifica\u00e7\u00e3o<\/b><\/strong><\/td>\n<td width=\"288\"><strong><b>Detalhes<\/b><\/strong><\/td>\n<\/tr>\n<tr>\n<td width=\"288\">Capacidade do tanque de combust\u00edvel<\/td>\n<td width=\"288\">600 L<\/td>\n<\/tr>\n<tr>\n<td width=\"288\">Volume do tanque de \u00e1gua<\/td>\n<td width=\"288\">750 + 750 L<\/td>\n<\/tr>\n<tr>\n<td width=\"288\">Abertura dos estabilizadores (dianteiros)<\/td>\n<td width=\"288\"><strong><b>12110mm<\/b><\/strong><\/td>\n<\/tr>\n<tr>\n<td width=\"288\">Abertura dos estabilizadores (traseiros)<\/td>\n<td width=\"288\">14990mm<\/td>\n<\/tr>\n<\/tbody>\n<\/table>\n<h1><strong><b>Principais caracter\u00edsticas<\/b><\/strong><\/h1>\n<table>\n<tbody>\n<tr>\n<td width=\"288\"><strong><b>Especifica\u00e7\u00e3o<\/b><\/strong><\/td>\n<td width=\"288\"><strong><b>Detalhes<\/b><\/strong><\/td>\n<\/tr>\n<tr>\n<td width=\"288\"><strong><b>Padr\u00e3o de Emiss\u00e3o<\/b><\/strong><\/td>\n<td width=\"288\">China VI<\/td>\n<\/tr>\n<tr>\n<td width=\"288\">Velocidade m\u00e1xima na estrada<\/td>\n<td width=\"288\">90 km\/h<\/td>\n<\/tr>\n<\/tbody>\n<\/table>\n<h2><\/h2>","protected":false},"featured_media":31629,"comment_status":"open","ping_status":"closed","template":"","meta":{"_acf_changed":false,"_eb_attr":"","_eb_data_table":""},"product_brand":[],"product_cat":[202],"product_tag":[],"class_list":{"0":"post-916","1":"product","2":"type-product","3":"status-publish","4":"has-post-thumbnail","6":"product_cat-truck-mounted-concrete-pump","8":"first","9":"instock","10":"shipping-taxable","11":"product-type-simple"},"acf":[],"aioseo_notices":[],"_links":{"self":[{"href":"https:\/\/colorskyco.com\/pt\/wp-json\/wp\/v2\/product\/916","targetHints":{"allow":["GET"]}}],"collection":[{"href":"https:\/\/colorskyco.com\/pt\/wp-json\/wp\/v2\/product"}],"about":[{"href":"https:\/\/colorskyco.com\/pt\/wp-json\/wp\/v2\/types\/product"}],"replies":[{"embeddable":true,"href":"https:\/\/colorskyco.com\/pt\/wp-json\/wp\/v2\/comments?post=916"}],"version-history":[{"count":8,"href":"https:\/\/colorskyco.com\/pt\/wp-json\/wp\/v2\/product\/916\/revisions"}],"predecessor-version":[{"id":32003,"href":"https:\/\/colorskyco.com\/pt\/wp-json\/wp\/v2\/product\/916\/revisions\/32003"}],"wp:featuredmedia":[{"embeddable":true,"href":"https:\/\/colorskyco.com\/pt\/wp-json\/wp\/v2\/media\/31629"}],"wp:attachment":[{"href":"https:\/\/colorskyco.com\/pt\/wp-json\/wp\/v2\/media?parent=916"}],"wp:term":[{"taxonomy":"product_brand","embeddable":true,"href":"https:\/\/colorskyco.com\/pt\/wp-json\/wp\/v2\/product_brand?post=916"},{"taxonomy":"product_cat","embeddable":true,"href":"https:\/\/colorskyco.com\/pt\/wp-json\/wp\/v2\/product_cat?post=916"},{"taxonomy":"product_tag","embeddable":true,"href":"https:\/\/colorskyco.com\/pt\/wp-json\/wp\/v2\/product_tag?post=916"}],"curies":[{"name":"wp","href":"https:\/\/api.w.org\/{rel}","templated":true}]}}