{"id":927,"date":"2025-09-22T07:43:02","date_gmt":"2025-09-22T07:43:02","guid":{"rendered":"https:\/\/demo2.mevksa.com\/?post_type=product&#038;p=927"},"modified":"2025-12-01T15:39:34","modified_gmt":"2025-12-01T07:39:34","slug":"71-m-concrete-pump-truck-sany-sym5552thb-71-date-202306","status":"publish","type":"product","link":"https:\/\/colorskyco.com\/pt\/product\/71-m-concrete-pump-truck-sany-sym5552thb-71-date-202306\/","title":{"rendered":"Caminh\u00e3o Bomba de Concreto Usado Sany SYM5552THB 71m 202306"},"content":{"rendered":"<p><span style=\"color: #000000;\"><strong>Detalhes do produto<\/strong><\/span><\/p>\n<p><span style=\"color: #000000;\">O usado <strong>Bomba de concreto montada em caminh\u00e3o SANY 71M<\/strong> J\u00e1 est\u00e1 dispon\u00edvel para venda.<\/span><br \/>\n<span style=\"color: #000000;\">Bem conservado e pronto para opera\u00e7\u00e3o imediata.<\/span><\/p>\n<p><span style=\"color: #000000;\"><strong>Especifica\u00e7\u00f5es<\/strong><\/span><\/p>\n<table>\n<tbody>\n<tr>\n<td width=\"284\"><span style=\"color: #000000;\">Equipamento<\/span><\/td>\n<td width=\"284\"><span style=\"color: #000000;\">Bomba de concreto montada em caminh\u00e3o<\/span><\/td>\n<\/tr>\n<tr>\n<td width=\"284\"><span style=\"color: #000000;\">Local de origem<\/span><\/td>\n<td width=\"284\"><span style=\"color: #000000;\">China<\/span><\/td>\n<\/tr>\n<tr>\n<td width=\"284\"><span style=\"color: #000000;\">Nome da marca<\/span><\/td>\n<td width=\"284\"><span style=\"color: #000000;\">Sany<\/span><\/td>\n<\/tr>\n<tr>\n<td width=\"284\"><span style=\"color: #000000;\">N\u00famero do modelo<\/span><\/td>\n<td width=\"284\"><span style=\"color: #000000;\">SYM5551THB 71M<\/span><\/td>\n<\/tr>\n<tr>\n<td width=\"284\"><span style=\"color: #000000;\">Data de fabrica\u00e7\u00e3o<\/span><\/td>\n<td width=\"284\"><span style=\"color: #000000;\">2023-05<\/span><\/td>\n<\/tr>\n<tr>\n<td width=\"284\"><span style=\"color: #000000;\">Quantidade m\u00ednima de encomenda<\/span><\/td>\n<td width=\"284\"><span style=\"color: #000000;\">1\u00aa se\u00e7\u00e3o<\/span><\/td>\n<\/tr>\n<tr>\n<td width=\"284\"><span style=\"color: #000000;\">Detalhes da embalagem<\/span><\/td>\n<td width=\"284\"><span style=\"color: #000000;\">Navio Ro-Ro, Navio de Carga a Granel<\/span><\/td>\n<\/tr>\n<\/tbody>\n<\/table>\n<p>&nbsp;<\/p>\n<p>&nbsp;<\/p>","protected":false},"excerpt":{"rendered":"<h2><strong><b>Usado <\/b><\/strong><strong><b>SYM5552THB 71 <\/b><\/strong><strong><b>Dados t\u00e9cnicos do cami\u00e3o-bomba de bet\u00e3o<\/b><\/strong><\/h2>\n<table>\n<tbody>\n<tr>\n<td width=\"144\">Categoria<\/td>\n<td width=\"144\">Par\u00e2metro<\/td>\n<td width=\"144\">Unidade<\/td>\n<td width=\"144\">Valor<\/td>\n<\/tr>\n<tr>\n<td width=\"144\">Ve\u00edculo<\/td>\n<td width=\"144\">Comprimento total<\/td>\n<td width=\"144\">mm<\/td>\n<td width=\"144\">16090<\/td>\n<\/tr>\n<tr>\n<td width=\"144\">Ve\u00edculo<\/td>\n<td width=\"144\">Largura total<\/td>\n<td width=\"144\">mm<\/td>\n<td width=\"144\">2550<\/td>\n<\/tr>\n<tr>\n<td width=\"144\">Ve\u00edculo<\/td>\n<td width=\"144\">Altura total<\/td>\n<td width=\"144\">mm<\/td>\n<td width=\"144\">4000<\/td>\n<\/tr>\n<tr>\n<td width=\"144\">Ve\u00edculo<\/td>\n<td width=\"144\">Peso bruto<\/td>\n<td width=\"144\">kg<\/td>\n<td width=\"144\">55000<\/td>\n<\/tr>\n<tr>\n<td width=\"144\">Dimens\u00f5es principais da lan\u00e7a<\/td>\n<td width=\"144\">Alcance vertical<\/td>\n<td width=\"144\">m<\/td>\n<td width=\"144\">70.2<\/td>\n<\/tr>\n<tr>\n<td width=\"144\">Dimens\u00f5es principais da lan\u00e7a<\/td>\n<td width=\"144\">Alcance horizontal<\/td>\n<td width=\"144\">m<\/td>\n<td width=\"144\">63.5<\/td>\n<\/tr>\n<tr>\n<td width=\"144\">Dimens\u00f5es principais da lan\u00e7a<\/td>\n<td width=\"144\">Profundidade abaixo do n\u00edvel (incl. mangueira de 3 m)<\/td>\n<td width=\"144\">m<\/td>\n<td width=\"144\">50.3 + 3<\/td>\n<\/tr>\n<tr>\n<td width=\"144\">Dimens\u00f5es principais da lan\u00e7a<\/td>\n<td width=\"144\">Altura m\u00ednima de desdobramento<\/td>\n<td width=\"144\">m<\/td>\n<td width=\"144\">16.9<\/td>\n<\/tr>\n<tr>\n<td width=\"144\">\u00c2ngulos de articula\u00e7\u00e3o da lan\u00e7a<\/td>\n<td width=\"144\">\u00c2ngulo da sec\u00e7\u00e3o do primeiro bra\u00e7o<\/td>\n<td width=\"144\">\u00b0<\/td>\n<td width=\"144\">89<\/td>\n<\/tr>\n<tr>\n<td width=\"144\">\u00c2ngulos de articula\u00e7\u00e3o da lan\u00e7a<\/td>\n<td width=\"144\">\u00c2ngulo da sec\u00e7\u00e3o do 2\u00ba bra\u00e7o<\/td>\n<td width=\"144\">\u00b0<\/td>\n<td width=\"144\">180<\/td>\n<\/tr>\n<tr>\n<td width=\"144\">\u00c2ngulos de articula\u00e7\u00e3o da lan\u00e7a<\/td>\n<td width=\"144\">\u00c2ngulo da sec\u00e7\u00e3o do 3\u00ba bra\u00e7o<\/td>\n<td width=\"144\">\u00b0<\/td>\n<td width=\"144\">180<\/td>\n<\/tr>\n<tr>\n<td width=\"144\">\u00c2ngulos de articula\u00e7\u00e3o da lan\u00e7a<\/td>\n<td width=\"144\">\u00c2ngulo da sec\u00e7\u00e3o do quarto bra\u00e7o<\/td>\n<td width=\"144\">\u00b0<\/td>\n<td width=\"144\">230<\/td>\n<\/tr>\n<tr>\n<td width=\"144\">\u00c2ngulos de articula\u00e7\u00e3o da lan\u00e7a<\/td>\n<td width=\"144\">\u00c2ngulo da sec\u00e7\u00e3o do 5\u00ba bra\u00e7o<\/td>\n<td width=\"144\">\u00b0<\/td>\n<td width=\"144\">180<\/td>\n<\/tr>\n<tr>\n<td width=\"144\">\u00c2ngulos de articula\u00e7\u00e3o da lan\u00e7a<\/td>\n<td width=\"144\">\u00c2ngulo da sec\u00e7\u00e3o do sexto bra\u00e7o<\/td>\n<td width=\"144\">\u00b0<\/td>\n<td width=\"144\">200<\/td>\n<\/tr>\n<tr>\n<td width=\"144\">\u00c2ngulos de articula\u00e7\u00e3o da lan\u00e7a<\/td>\n<td width=\"144\">Rota\u00e7\u00e3o da torre girat\u00f3ria<\/td>\n<td width=\"144\">\u00b0<\/td>\n<td width=\"144\">\u00b1360<\/td>\n<\/tr>\n<tr>\n<td width=\"144\">Spreads de Outrigger<\/td>\n<td width=\"144\">Extens\u00e3o do estabilizador dianteiro<\/td>\n<td width=\"144\">mm<\/td>\n<td width=\"144\">12110<\/td>\n<\/tr>\n<tr>\n<td width=\"144\">Spreads de Outrigger<\/td>\n<td width=\"144\">Extens\u00e3o do estabilizador traseiro<\/td>\n<td width=\"144\">mm<\/td>\n<td width=\"144\">14990<\/td>\n<\/tr>\n<tr>\n<td width=\"144\">Sistema de bombeamento<\/td>\n<td width=\"144\">Produ\u00e7\u00e3o te\u00f3rica de bet\u00e3o<\/td>\n<td width=\"144\">m\u00b3\/h<\/td>\n<td width=\"144\">180<\/td>\n<\/tr>\n<tr>\n<td width=\"144\">Sistema de bombeamento<\/td>\n<td width=\"144\">Press\u00e3o de descarga te\u00f3rica<\/td>\n<td width=\"144\">MPa<\/td>\n<td width=\"144\">12<\/td>\n<\/tr>\n<tr>\n<td width=\"144\">Sistema de bombeamento<\/td>\n<td width=\"144\">Tra\u00e7os te\u00f3ricos<\/td>\n<td width=\"144\">cursos\/min<\/td>\n<td width=\"144\">27 \u00b1 1<\/td>\n<\/tr>\n<tr>\n<td width=\"144\">Sistema de bombeamento<\/td>\n<td width=\"144\">Furo do cilindro de sa\u00edda<\/td>\n<td width=\"144\">mm<\/td>\n<td width=\"144\">260<\/td>\n<\/tr>\n<tr>\n<td width=\"144\">Sistema de bombeamento<\/td>\n<td width=\"144\">Curso do cilindro de sa\u00edda<\/td>\n<td width=\"144\">mm<\/td>\n<td width=\"144\">2100<\/td>\n<\/tr>\n<tr>\n<td width=\"144\">Sistema de bombeamento<\/td>\n<td width=\"144\">Tipo de sistema hidr\u00e1ulico<\/td>\n<td width=\"144\">\u2014<\/td>\n<td width=\"144\">Aberto<\/td>\n<\/tr>\n<tr>\n<td width=\"144\">Sistema de bombeamento<\/td>\n<td width=\"144\">Press\u00e3o de funcionamento do sistema<\/td>\n<td width=\"144\">MPa<\/td>\n<td width=\"144\">42<\/td>\n<\/tr>\n<tr>\n<td width=\"144\">Sistema de bombeamento<\/td>\n<td width=\"144\">Capacidade do dep\u00f3sito de \u00f3leo hidr\u00e1ulico<\/td>\n<td width=\"144\">L<\/td>\n<td width=\"144\">960<\/td>\n<\/tr>\n<tr>\n<td width=\"144\">Sistema de bombeamento<\/td>\n<td width=\"144\">Capacidade do dep\u00f3sito de \u00e1gua<\/td>\n<td width=\"144\">L<\/td>\n<td width=\"144\">750 + 750<\/td>\n<\/tr>\n<tr>\n<td width=\"144\">Sistema de bombeamento<\/td>\n<td width=\"144\">Di\u00e2metro da conduta de distribui\u00e7\u00e3o<\/td>\n<td width=\"144\">mm<\/td>\n<td width=\"144\">125<\/td>\n<\/tr>\n<tr>\n<td width=\"144\">Sistema de bombeamento<\/td>\n<td width=\"144\">Comprimento da mangueira final<\/td>\n<td width=\"144\">m<\/td>\n<td width=\"144\">3<\/td>\n<\/tr>\n<tr>\n<td width=\"144\">Sistema de bombeamento<\/td>\n<td width=\"144\">Di\u00e2metro da extremidade da mangueira<\/td>\n<td width=\"144\">mm<\/td>\n<td width=\"144\">125<\/td>\n<\/tr>\n<tr>\n<td width=\"144\">Chassis<\/td>\n<td width=\"144\">Modelo de chassis<\/td>\n<td width=\"144\">\u2014<\/td>\n<td width=\"144\">SYM5551THB1F<\/td>\n<\/tr>\n<tr>\n<td width=\"144\">Chassis<\/td>\n<td width=\"144\">Modelo do motor<\/td>\n<td width=\"144\">\u2014<\/td>\n<td width=\"144\">D13C6-530E4<\/td>\n<\/tr>\n<tr>\n<td width=\"144\">Chassis<\/td>\n<td width=\"144\">Pot\u00eancia \u00fatil m\u00e1xima do motor<\/td>\n<td width=\"144\">kW \/ rpm<\/td>\n<td width=\"144\">390 \/ 1900<\/td>\n<\/tr>\n<tr>\n<td width=\"144\">Chassis<\/td>\n<td width=\"144\">Norma de emiss\u00e3o<\/td>\n<td width=\"144\">\u2014<\/td>\n<td width=\"144\">China VI<\/td>\n<\/tr>\n<tr>\n<td width=\"144\">Chassis<\/td>\n<td width=\"144\">Capacidade do dep\u00f3sito de combust\u00edvel<\/td>\n<td width=\"144\">L<\/td>\n<td width=\"144\">600<\/td>\n<\/tr>\n<tr>\n<td width=\"144\">Chassis<\/td>\n<td width=\"144\">Cilindrada do motor<\/td>\n<td width=\"144\">L<\/td>\n<td width=\"144\">12.94<\/td>\n<\/tr>\n<tr>\n<td width=\"144\">Chassis<\/td>\n<td width=\"144\">Velocidade m\u00e1xima na estrada<\/td>\n<td width=\"144\">km\/h<\/td>\n<td width=\"144\">90<\/td>\n<\/tr>\n<\/tbody>\n<\/table>","protected":false},"featured_media":31614,"comment_status":"open","ping_status":"closed","template":"","meta":{"_acf_changed":false,"_eb_attr":"","_eb_data_table":""},"product_brand":[],"product_cat":[202],"product_tag":[],"class_list":{"0":"post-927","1":"product","2":"type-product","3":"status-publish","4":"has-post-thumbnail","6":"product_cat-truck-mounted-concrete-pump","8":"first","9":"instock","10":"shipping-taxable","11":"product-type-simple"},"acf":[],"aioseo_notices":[],"_links":{"self":[{"href":"https:\/\/colorskyco.com\/pt\/wp-json\/wp\/v2\/product\/927","targetHints":{"allow":["GET"]}}],"collection":[{"href":"https:\/\/colorskyco.com\/pt\/wp-json\/wp\/v2\/product"}],"about":[{"href":"https:\/\/colorskyco.com\/pt\/wp-json\/wp\/v2\/types\/product"}],"replies":[{"embeddable":true,"href":"https:\/\/colorskyco.com\/pt\/wp-json\/wp\/v2\/comments?post=927"}],"version-history":[{"count":6,"href":"https:\/\/colorskyco.com\/pt\/wp-json\/wp\/v2\/product\/927\/revisions"}],"predecessor-version":[{"id":31981,"href":"https:\/\/colorskyco.com\/pt\/wp-json\/wp\/v2\/product\/927\/revisions\/31981"}],"wp:featuredmedia":[{"embeddable":true,"href":"https:\/\/colorskyco.com\/pt\/wp-json\/wp\/v2\/media\/31614"}],"wp:attachment":[{"href":"https:\/\/colorskyco.com\/pt\/wp-json\/wp\/v2\/media?parent=927"}],"wp:term":[{"taxonomy":"product_brand","embeddable":true,"href":"https:\/\/colorskyco.com\/pt\/wp-json\/wp\/v2\/product_brand?post=927"},{"taxonomy":"product_cat","embeddable":true,"href":"https:\/\/colorskyco.com\/pt\/wp-json\/wp\/v2\/product_cat?post=927"},{"taxonomy":"product_tag","embeddable":true,"href":"https:\/\/colorskyco.com\/pt\/wp-json\/wp\/v2\/product_tag?post=927"}],"curies":[{"name":"wp","href":"https:\/\/api.w.org\/{rel}","templated":true}]}}