{"id":942,"date":"2025-09-23T02:31:05","date_gmt":"2025-09-23T02:31:05","guid":{"rendered":"https:\/\/demo2.mevksa.com\/?post_type=product&#038;p=942"},"modified":"2025-11-30T13:53:06","modified_gmt":"2025-11-30T05:53:06","slug":"2-hand-sany-truck-crane-50t-sym5420jqz-stc500e5-2021","status":"publish","type":"product","link":"https:\/\/colorskyco.com\/pt\/product\/2-hand-sany-truck-crane-50t-sym5420jqz-stc500e5-2021\/","title":{"rendered":"Guindaste de caminh\u00e3o SANY 50T SYM5420JQZ (STC500E5) 2 m\u00e3os, ano 2021"},"content":{"rendered":"<p><span style=\"color: #000000;\"><strong>Detalhes do produto<\/strong><\/span><\/p>\n<p><span style=\"color: #000000;\"><strong>Used Sany Truck Crane has excellent mechanical performance, simple operation and easy to use<\/strong><\/span><\/p>\n<p><span style=\"color: #000000;\"><strong>Especifica\u00e7\u00f5es<\/strong><\/span><\/p>\n<table>\n<tbody>\n<tr>\n<td width=\"284\"><span style=\"color: #000000;\">Equipamento<\/span><\/td>\n<td width=\"284\"><span style=\"color: #000000;\">Cami\u00e3o grua<\/span><\/td>\n<\/tr>\n<tr>\n<td width=\"284\"><span style=\"color: #000000;\">Local de origem<\/span><\/td>\n<td width=\"284\"><span style=\"color: #000000;\">China<\/span><\/td>\n<\/tr>\n<tr>\n<td width=\"284\"><span style=\"color: #000000;\">Nome da marca<\/span><\/td>\n<td width=\"284\"><span style=\"color: #000000;\">Sany<\/span><\/td>\n<\/tr>\n<tr>\n<td width=\"284\"><span style=\"color: #000000;\">N\u00famero do modelo<\/span><\/td>\n<td width=\"284\"><span style=\"color: #000000;\">SYM5420J<\/span><\/td>\n<\/tr>\n<tr>\n<td width=\"284\"><span style=\"color: #000000;\">Data de fabrica\u00e7\u00e3o<\/span><\/td>\n<td width=\"284\"><span style=\"color: #000000;\">2021-03<\/span><\/td>\n<\/tr>\n<tr>\n<td width=\"284\"><span style=\"color: #000000;\">Quantidade m\u00ednima de encomenda<\/span><\/td>\n<td width=\"284\"><span style=\"color: #000000;\">1\u00aa se\u00e7\u00e3o<\/span><\/td>\n<\/tr>\n<tr>\n<td width=\"284\"><span style=\"color: #000000;\">Detalhes da embalagem<\/span><\/td>\n<td width=\"284\"><span style=\"color: #000000;\">Navio Ro-Ro, Navio de Carga a Granel<\/span><\/td>\n<\/tr>\n<\/tbody>\n<\/table>\n<p>&nbsp;<\/p>","protected":false},"excerpt":{"rendered":"<h2><strong><b>\u00a0Usado <\/b><\/strong><strong><b>Cami\u00e3o grua <\/b><\/strong><strong><b>SANY <\/b><\/strong><b><\/b><strong><b>SYM5420JQZ (STC500E5) <\/b><\/strong><strong><b>50T-T\u00e9cnico<\/b><\/strong><strong><b> Dados<\/b><\/strong><\/h2>\n<h1>Informa\u00e7\u00f5es gerais<\/h1>\n<table>\n<tbody>\n<tr>\n<td width=\"288\">\n<h2><strong>Especifica\u00e7\u00e3o<\/strong><\/h2>\n<\/td>\n<td width=\"288\">\n<h2><strong>Detalhes<\/strong><\/h2>\n<\/td>\n<\/tr>\n<tr>\n<td width=\"288\"><strong>Tipo de produto<\/strong><\/td>\n<td width=\"288\">SYM5420J<\/td>\n<\/tr>\n<tr>\n<td width=\"288\"><strong>Fabricante<\/strong><\/td>\n<td width=\"288\">SANY Automobile Manufacturing Co., Ltd.<\/td>\n<\/tr>\n<tr>\n<td width=\"288\"><strong>Endere\u00e7o<\/strong><\/td>\n<td width=\"288\">Parque Industrial SANY, Zona de Desenvolvimento Econ\u00f4mico e Tecnol\u00f3gico de Changsha, Cidade de Changsha, Prov\u00edncia de Hunan<\/td>\n<\/tr>\n<tr>\n<td width=\"288\"><strong>Data de produ\u00e7\u00e3o<\/strong><\/td>\n<td width=\"288\">2021.03<\/td>\n<\/tr>\n<tr>\n<td width=\"288\"><strong>Pa\u00eds de fabrica\u00e7\u00e3o<\/strong><\/td>\n<td width=\"288\">Feito na china<\/td>\n<\/tr>\n<\/tbody>\n<\/table>\n<h1>Informa\u00e7\u00f5es sobre o motor<\/h1>\n<table>\n<tbody>\n<tr>\n<td width=\"288\"><strong>Especifica\u00e7\u00e3o<\/strong><\/td>\n<td width=\"288\"><strong>Detalhes<\/strong><\/td>\n<\/tr>\n<tr>\n<td width=\"288\"><strong>Modelo do motor<\/strong><\/td>\n<td width=\"288\"><strong>WP9H336E50<\/strong><\/td>\n<\/tr>\n<tr>\n<td width=\"288\"><strong>Pot\u00eancia nominal do motor \/ Velocidade<\/strong><\/td>\n<td width=\"288\"><strong>247 kW a 1900 rpm<\/strong><\/td>\n<\/tr>\n<tr>\n<td width=\"288\"><strong>Pot\u00eancia m\u00e1xima do motor. Pot\u00eancia dispon\u00edvel \/ Velocidade<\/strong><\/td>\n<td width=\"288\"><strong>24<\/strong><strong>2<\/strong><strong> kW a 1900 rpm<\/strong><\/td>\n<\/tr>\n<\/tbody>\n<\/table>\n<h1>Informa\u00e7\u00f5es sobre o peso<\/h1>\n<table>\n<tbody>\n<tr>\n<td width=\"288\"><strong>Especifica\u00e7\u00e3o<\/strong><\/td>\n<td width=\"288\"><strong>Detalhes<\/strong><\/td>\n<\/tr>\n<tr>\n<td width=\"288\"><strong>Massa do ve\u00edculo (chassis completo)<\/strong><\/td>\n<td width=\"288\"><strong>19,470 kg<\/strong><\/td>\n<\/tr>\n<tr>\n<td width=\"288\"><strong>Massa bruta admiss\u00edvel<\/strong><\/td>\n<td width=\"288\"><strong>42,00<\/strong><strong>0 kg<\/strong><\/td>\n<\/tr>\n<\/tbody>\n<\/table>\n<h1>Informa\u00e7\u00f5es adicionais<\/h1>\n<table>\n<tbody>\n<tr>\n<td width=\"288\"><strong>Especifica\u00e7\u00e3o<\/strong><\/td>\n<td width=\"288\"><strong>Detalhes<\/strong><\/td>\n<\/tr>\n<tr>\n<td width=\"288\"><strong>Dimens\u00f5es gerais (C\u00d7L\u00d7A)<\/strong><\/td>\n<td width=\"288\"><strong>1<\/strong><strong>4<\/strong><strong>,<\/strong><strong>150<\/strong><strong> mm \u00d7 <\/strong><strong>2<\/strong><strong>,<\/strong><strong>8<\/strong><strong>00 mm \u00d7 3,<\/strong><strong>800<\/strong><strong> mm<\/strong><\/td>\n<\/tr>\n<tr>\n<td width=\"288\"><strong>Normas de emiss\u00e3o<\/strong><\/td>\n<td width=\"288\"><strong>GB17691-2005 EURO<\/strong><\/td>\n<\/tr>\n<tr>\n<td width=\"288\"><strong>Tipo de combust\u00edvel<\/strong><\/td>\n<td width=\"288\"><strong>Gas\u00f3leo<\/strong><\/td>\n<\/tr>\n<tr>\n<td width=\"288\"><strong>N\u00famero de eixos<\/strong><\/td>\n<td width=\"288\"><strong>4<\/strong><\/td>\n<\/tr>\n<tr>\n<td width=\"288\"><strong>Distribui\u00e7\u00e3o da carga por eixo<\/strong><\/td>\n<td width=\"288\"><strong>8000 \/ 8000 \/ 13000 \/ 13000 kg<\/strong><\/td>\n<\/tr>\n<tr>\n<td width=\"288\"><strong>Dist\u00e2ncia entre eixos<\/strong><\/td>\n<td width=\"288\"><strong>1450 + 4200 + 1350 mm<\/strong><\/td>\n<\/tr>\n<tr>\n<td><strong>Dist\u00e2ncia entre eixos traseira<\/strong><\/td>\n<td><strong>2059 \/ 2059 mm<\/strong><\/td>\n<\/tr>\n<tr>\n<td><strong>N\u00famero de rodas<\/strong><\/td>\n<td><strong>12<\/strong><\/td>\n<\/tr>\n<tr>\n<td><strong>\u00c2ngulo de aproxima\u00e7\u00e3o \/ partida<\/strong><\/td>\n<td><strong>19\u00b0 \/ 14\u00b0<\/strong><\/td>\n<\/tr>\n<tr>\n<td><strong>Velocidade m\u00e1xima<\/strong><\/td>\n<td><strong>85 km\/h<\/strong><\/td>\n<\/tr>\n<tr>\n<td><strong>Capacidade de passageiros (cabina)<\/strong><\/td>\n<td><strong>2 pessoas<\/strong><\/td>\n<\/tr>\n<\/tbody>\n<\/table>","protected":false},"featured_media":31568,"comment_status":"open","ping_status":"closed","template":"","meta":{"_acf_changed":false,"_eb_attr":"","_eb_data_table":""},"product_brand":[],"product_cat":[204],"product_tag":[],"class_list":{"0":"post-942","1":"product","2":"type-product","3":"status-publish","4":"has-post-thumbnail","6":"product_cat-mobile-truck-crane","8":"first","9":"instock","10":"shipping-taxable","11":"product-type-simple"},"acf":[],"aioseo_notices":[],"_links":{"self":[{"href":"https:\/\/colorskyco.com\/pt\/wp-json\/wp\/v2\/product\/942","targetHints":{"allow":["GET"]}}],"collection":[{"href":"https:\/\/colorskyco.com\/pt\/wp-json\/wp\/v2\/product"}],"about":[{"href":"https:\/\/colorskyco.com\/pt\/wp-json\/wp\/v2\/types\/product"}],"replies":[{"embeddable":true,"href":"https:\/\/colorskyco.com\/pt\/wp-json\/wp\/v2\/comments?post=942"}],"version-history":[{"count":8,"href":"https:\/\/colorskyco.com\/pt\/wp-json\/wp\/v2\/product\/942\/revisions"}],"predecessor-version":[{"id":31878,"href":"https:\/\/colorskyco.com\/pt\/wp-json\/wp\/v2\/product\/942\/revisions\/31878"}],"wp:featuredmedia":[{"embeddable":true,"href":"https:\/\/colorskyco.com\/pt\/wp-json\/wp\/v2\/media\/31568"}],"wp:attachment":[{"href":"https:\/\/colorskyco.com\/pt\/wp-json\/wp\/v2\/media?parent=942"}],"wp:term":[{"taxonomy":"product_brand","embeddable":true,"href":"https:\/\/colorskyco.com\/pt\/wp-json\/wp\/v2\/product_brand?post=942"},{"taxonomy":"product_cat","embeddable":true,"href":"https:\/\/colorskyco.com\/pt\/wp-json\/wp\/v2\/product_cat?post=942"},{"taxonomy":"product_tag","embeddable":true,"href":"https:\/\/colorskyco.com\/pt\/wp-json\/wp\/v2\/product_tag?post=942"}],"curies":[{"name":"wp","href":"https:\/\/api.w.org\/{rel}","templated":true}]}}