{"id":999,"date":"2025-09-26T01:56:38","date_gmt":"2025-09-26T01:56:38","guid":{"rendered":"https:\/\/demo2.mevksa.com\/?post_type=product&#038;p=999"},"modified":"2025-11-30T13:53:28","modified_gmt":"2025-11-30T05:53:28","slug":"2021-used-sany-truck-crane-100t-sym5558jqz-stc1000c7-full-hydraulic","status":"publish","type":"product","link":"https:\/\/colorskyco.com\/pt\/product\/2021-used-sany-truck-crane-100t-sym5558jqz-stc1000c7-full-hydraulic\/","title":{"rendered":"Guindaste sobre caminh\u00e3o SANY usado, 100T SYM5558JQZ (STC1000C7), totalmente hidr\u00e1ulico, ano 2021."},"content":{"rendered":"<p><span style=\"color: #000000;\"><strong>Detalhes do produto<\/strong><\/span><\/p>\n<p><span style=\"color: #000000;\"><strong>Used Sany Truck Crane has excellent mechanical performance, simple operation and easy to use<\/strong><\/span><\/p>\n<p><span style=\"color: #000000;\"><strong>Especifica\u00e7\u00f5es<\/strong><\/span><\/p>\n<table>\n<tbody>\n<tr>\n<td width=\"284\"><span style=\"color: #000000;\">Equipamento<\/span><\/td>\n<td width=\"284\"><span style=\"color: #000000;\">Full Hydraulic Truck Crane<\/span><\/td>\n<\/tr>\n<tr>\n<td width=\"284\"><span style=\"color: #000000;\">Local de origem<\/span><\/td>\n<td width=\"284\"><span style=\"color: #000000;\">China<\/span><\/td>\n<\/tr>\n<tr>\n<td width=\"284\"><span style=\"color: #000000;\">Nome da marca<\/span><\/td>\n<td width=\"284\"><span style=\"color: #000000;\">Sany<\/span><\/td>\n<\/tr>\n<tr>\n<td width=\"284\"><span style=\"color: #000000;\">N\u00famero do modelo<\/span><\/td>\n<td width=\"284\"><span style=\"color: #000000;\">SYM5558JQZ(STC1000C7)<\/span><\/td>\n<\/tr>\n<tr>\n<td width=\"284\"><span style=\"color: #000000;\">Data de fabrica\u00e7\u00e3o<\/span><\/td>\n<td width=\"284\"><span style=\"color: #000000;\">2021-06<\/span><\/td>\n<\/tr>\n<tr>\n<td width=\"284\"><span style=\"color: #000000;\">Quantidade m\u00ednima de encomenda<\/span><\/td>\n<td width=\"284\"><span style=\"color: #000000;\">1\u00aa se\u00e7\u00e3o<\/span><\/td>\n<\/tr>\n<tr>\n<td width=\"284\"><span style=\"color: #000000;\">Detalhes da embalagem<\/span><\/td>\n<td width=\"284\"><span style=\"color: #000000;\">Navio Ro-Ro, Navio de Carga a Granel<\/span><\/td>\n<\/tr>\n<\/tbody>\n<\/table>\n<p><span style=\"color: #000000;\"><strong>\u00a0<\/strong><\/span><\/p>\n<p>&nbsp;<\/p>","protected":false},"excerpt":{"rendered":"<h1>Informa\u00e7\u00f5es gerais<\/h1>\n<table>\n<tbody>\n<tr>\n<td width=\"288\"><strong>Especifica\u00e7\u00e3o<\/strong><\/td>\n<td width=\"288\"><strong>Detalhes<\/strong><\/td>\n<\/tr>\n<tr>\n<td width=\"288\"><strong>Tipo de produto<\/strong><\/td>\n<td width=\"288\">SYM5558JQZ(STC1000C7)<\/td>\n<\/tr>\n<tr>\n<td width=\"288\"><strong>Fabricante<\/strong><\/td>\n<td width=\"288\">SANY Automobile Manufacturing Co., Ltd.<\/td>\n<\/tr>\n<tr>\n<td width=\"288\"><strong>Endere\u00e7o<\/strong><\/td>\n<td width=\"288\">Parque Industrial SANY, Zona de Desenvolvimento Econ\u00f4mico e Tecnol\u00f3gico de Changsha, Cidade de Changsha, Prov\u00edncia de Hunan<\/td>\n<\/tr>\n<tr>\n<td width=\"288\"><strong>Data de produ\u00e7\u00e3o<\/strong><\/td>\n<td width=\"288\">2021.06<\/td>\n<\/tr>\n<tr>\n<td width=\"288\"><strong>Pa\u00eds de fabrica\u00e7\u00e3o<\/strong><\/td>\n<td width=\"288\">Feito na china<\/td>\n<\/tr>\n<tr>\n<td width=\"288\"><strong>VIN<\/strong><\/td>\n<td width=\"288\"><strong>LFCNRG7P0M2000762<\/strong><\/td>\n<\/tr>\n<\/tbody>\n<\/table>\n<h1>Informa\u00e7\u00f5es sobre o motor<\/h1>\n<table>\n<tbody>\n<tr>\n<td width=\"288\"><strong>Especifica\u00e7\u00e3o<\/strong><\/td>\n<td width=\"288\"><strong>Detalhes<\/strong><\/td>\n<\/tr>\n<tr>\n<td width=\"288\"><strong>Modelo do motor<\/strong><\/td>\n<td width=\"288\"><strong>WP<\/strong><strong>12.430E50<\/strong><\/td>\n<\/tr>\n<tr>\n<td width=\"288\"><strong>Pot\u00eancia nominal do motor \/ Velocidade<\/strong><\/td>\n<td width=\"288\"><strong>316<\/strong><strong> kW a 1900 rpm<\/strong><\/td>\n<\/tr>\n<tr>\n<td width=\"288\"><strong>Pot\u00eancia m\u00e1xima do motor. Pot\u00eancia dispon\u00edvel \/ Velocidade<\/strong><\/td>\n<td width=\"288\"><strong>311<\/strong><strong> kW a 1900 rpm<\/strong><\/td>\n<\/tr>\n<\/tbody>\n<\/table>\n<h1>Informa\u00e7\u00f5es sobre o peso<\/h1>\n<table>\n<tbody>\n<tr>\n<td width=\"288\"><strong>Especifica\u00e7\u00e3o<\/strong><\/td>\n<td width=\"288\"><strong>Detalhes<\/strong><\/td>\n<\/tr>\n<tr>\n<td width=\"288\"><strong>Massa de Kerb (Completo <\/strong><strong>Ve\u00edculo<\/strong><strong>)<\/strong><\/td>\n<td width=\"288\"><strong>54,470<\/strong><strong> kg<\/strong><\/td>\n<\/tr>\n<tr>\n<td width=\"288\"><strong>Massa bruta admiss\u00edvel<\/strong><\/td>\n<td width=\"288\"><strong>54,60<\/strong><strong>0 kg<\/strong><\/td>\n<\/tr>\n<\/tbody>\n<\/table>\n<h1>Desempenho de eleva\u00e7\u00e3o<\/h1>\n<table>\n<tbody>\n<tr>\n<td width=\"288\"><strong>Especifica\u00e7\u00e3o<\/strong><\/td>\n<td width=\"288\"><strong>Detalhes<\/strong><\/td>\n<\/tr>\n<tr>\n<td width=\"288\"><strong>M\u00e1x. Capacidade nominal de eleva\u00e7\u00e3o<\/strong><\/td>\n<td width=\"288\"><strong>100t<\/strong><\/td>\n<\/tr>\n<tr>\n<td width=\"288\"><strong>Raio de a\u00e7\u00e3o (nominal)<\/strong><\/td>\n<td width=\"288\"><strong>3m<\/strong><\/td>\n<\/tr>\n<\/tbody>\n<\/table>\n<h1><\/h1>\n<h1>Informa\u00e7\u00f5es adicionais<\/h1>\n<table>\n<tbody>\n<tr>\n<td width=\"288\"><strong>Especifica\u00e7\u00e3o<\/strong><\/td>\n<td width=\"288\"><strong>Detalhes<\/strong><\/td>\n<\/tr>\n<tr>\n<td width=\"288\"><strong>Dimens\u00f5es gerais (C\u00d7L\u00d7A)<\/strong><\/td>\n<td width=\"288\"><strong>1<\/strong><strong>6<\/strong><strong>,<\/strong><strong>040<\/strong><strong> mm \u00d7 <\/strong><strong>3<\/strong><strong>,<\/strong><strong>0<\/strong><strong>00 mm \u00d7 3,<\/strong><strong>995<\/strong><strong> mm<\/strong><\/td>\n<\/tr>\n<tr>\n<td width=\"288\"><strong>Chassis<\/strong><\/td>\n<td width=\"288\"><strong>Tra\u00e7\u00e3o 8\u00d74; suspens\u00e3o hidropneum\u00e1tica; dire\u00e7\u00e3o a todas as rodas opcional<\/strong><\/td>\n<\/tr>\n<tr>\n<td width=\"288\"><strong>Capacidade do tanque de combust\u00edvel<\/strong><\/td>\n<td width=\"288\"><strong>600 L<\/strong><\/td>\n<\/tr>\n<tr>\n<td width=\"288\"><strong>Sistema hidr\u00e1ulico<\/strong><\/td>\n<td width=\"288\"><strong>Sistema proporcional sens\u00edvel \u00e0 carga, circuito duplo com bombas de deslocamento vari\u00e1vel<\/strong><\/td>\n<\/tr>\n<tr>\n<td width=\"288\"><strong>Desempenho das viagens<\/strong><\/td>\n<td width=\"288\"><strong>Velocidade m\u00e1xima 80 km\/h; capacidade de subida 40%; \u00e2ngulo de aproxima\u00e7\u00e3o 16\u00b0, sa\u00edda 12\u00b0<\/strong><\/td>\n<\/tr>\n<\/tbody>\n<\/table>\n<h2><\/h2>","protected":false},"featured_media":31732,"comment_status":"open","ping_status":"closed","template":"","meta":{"_acf_changed":false,"_eb_attr":"","_eb_data_table":""},"product_brand":[],"product_cat":[204],"product_tag":[],"class_list":{"0":"post-999","1":"product","2":"type-product","3":"status-publish","4":"has-post-thumbnail","6":"product_cat-mobile-truck-crane","8":"first","9":"instock","10":"shipping-taxable","11":"product-type-simple"},"acf":[],"aioseo_notices":[],"_links":{"self":[{"href":"https:\/\/colorskyco.com\/pt\/wp-json\/wp\/v2\/product\/999","targetHints":{"allow":["GET"]}}],"collection":[{"href":"https:\/\/colorskyco.com\/pt\/wp-json\/wp\/v2\/product"}],"about":[{"href":"https:\/\/colorskyco.com\/pt\/wp-json\/wp\/v2\/types\/product"}],"replies":[{"embeddable":true,"href":"https:\/\/colorskyco.com\/pt\/wp-json\/wp\/v2\/comments?post=999"}],"version-history":[{"count":5,"href":"https:\/\/colorskyco.com\/pt\/wp-json\/wp\/v2\/product\/999\/revisions"}],"predecessor-version":[{"id":31879,"href":"https:\/\/colorskyco.com\/pt\/wp-json\/wp\/v2\/product\/999\/revisions\/31879"}],"wp:featuredmedia":[{"embeddable":true,"href":"https:\/\/colorskyco.com\/pt\/wp-json\/wp\/v2\/media\/31732"}],"wp:attachment":[{"href":"https:\/\/colorskyco.com\/pt\/wp-json\/wp\/v2\/media?parent=999"}],"wp:term":[{"taxonomy":"product_brand","embeddable":true,"href":"https:\/\/colorskyco.com\/pt\/wp-json\/wp\/v2\/product_brand?post=999"},{"taxonomy":"product_cat","embeddable":true,"href":"https:\/\/colorskyco.com\/pt\/wp-json\/wp\/v2\/product_cat?post=999"},{"taxonomy":"product_tag","embeddable":true,"href":"https:\/\/colorskyco.com\/pt\/wp-json\/wp\/v2\/product_tag?post=999"}],"curies":[{"name":"wp","href":"https:\/\/api.w.org\/{rel}","templated":true}]}}