{"id":1006,"date":"2025-09-28T06:02:25","date_gmt":"2025-09-28T06:02:25","guid":{"rendered":"https:\/\/demo2.mevksa.com\/?post_type=product&#038;p=1006"},"modified":"2025-11-30T13:52:13","modified_gmt":"2025-11-30T05:52:13","slug":"2-hand-2022-sany-all-terrain-crane-200t-sym5556jqz200c","status":"publish","type":"product","link":"https:\/\/colorskyco.com\/ru\/product\/2-hand-2022-sany-all-terrain-crane-200t-sym5556jqz200c\/","title":{"rendered":"2 \u0420\u0443\u043a\u0430 2022 SANY \u0432\u0435\u0437\u0434\u0435\u0445\u043e\u0434\u043d\u044b\u0439 \u043a\u0440\u0430\u043d 200T SYM5556JQZ200C"},"content":{"rendered":"<p><strong>\u041f\u043e\u0434\u0440\u043e\u0431\u043d\u0430\u044f \u0438\u043d\u0444\u043e\u0440\u043c\u0430\u0446\u0438\u044f \u043e \u043f\u0440\u043e\u0434\u0443\u043a\u0442\u0435<\/strong><\/p>\n<p><strong>Used Sany Truck Crane \u00a0has excellent mechanical performance, simple operation and easy to use<\/strong><\/p>\n<p><strong>\u0422\u0435\u0445\u043d\u0438\u0447\u0435\u0441\u043a\u0438\u0435 \u0445\u0430\u0440\u0430\u043a\u0442\u0435\u0440\u0438\u0441\u0442\u0438\u043a\u0438<\/strong><\/p>\n<table>\n<tbody>\n<tr>\n<td width=\"284\">\u041e\u0431\u043e\u0440\u0443\u0434\u043e\u0432\u0430\u043d\u0438\u0435<\/td>\n<td width=\"284\">All-Terrain Crane<\/td>\n<\/tr>\n<tr>\n<td width=\"284\">\u041c\u0435\u0441\u0442\u043e \u043f\u0440\u043e\u0438\u0441\u0445\u043e\u0436\u0434\u0435\u043d\u0438\u044f<\/td>\n<td width=\"284\">\u041a\u0438\u0442\u0430\u0439<\/td>\n<\/tr>\n<tr>\n<td width=\"284\">\u041d\u0430\u0437\u0432\u0430\u043d\u0438\u0435 \u0431\u0440\u0435\u043d\u0434\u0430<\/td>\n<td width=\"284\">\u0421\u0430\u043d\u0438<\/td>\n<\/tr>\n<tr>\n<td width=\"284\">\u041d\u043e\u043c\u0435\u0440 \u043c\u043e\u0434\u0435\u043b\u0438<\/td>\n<td width=\"284\">SYM5556JQZ200C (SAC2000C8)<\/td>\n<\/tr>\n<tr>\n<td width=\"284\">\u0414\u0430\u0442\u0430 \u0438\u0437\u0433\u043e\u0442\u043e\u0432\u043b\u0435\u043d\u0438\u044f<\/td>\n<td width=\"284\">2022-09<\/td>\n<\/tr>\n<tr>\n<td width=\"284\">\u041c\u0438\u043d\u0438\u043c\u0430\u043b\u044c\u043d\u043e\u0435 \u043a\u043e\u043b\u0438\u0447\u0435\u0441\u0442\u0432\u043e \u0437\u0430\u043a\u0430\u0437\u0430<\/td>\n<td width=\"284\">1 \u0440\u0430\u0437\u0434\u0435\u043b<\/td>\n<\/tr>\n<tr>\n<td width=\"284\">\u041f\u043e\u0434\u0440\u043e\u0431\u043d\u043e\u0441\u0442\u0438 \u0443\u043f\u0430\u043a\u043e\u0432\u043a\u0438<\/td>\n<td width=\"284\">\u0421\u0443\u0434\u043d\u043e \u0442\u0438\u043f\u0430 \u00ab\u0420\u043e\u043b-\u0420\u043e\u00bb, \u0433\u0440\u0443\u0437\u043e\u0432\u043e\u0435 \u0441\u0443\u0434\u043d\u043e-\u0431\u0430\u043b\u043a\u0435\u0440<\/td>\n<\/tr>\n<\/tbody>\n<\/table>\n<p><strong>\u00a0<\/strong><\/p>\n<p>&nbsp;<\/p>","protected":false},"excerpt":{"rendered":"<h2><strong>Used SANY SYM5556JQZ200C All-Terrain Crane<br \/>\n<\/strong><\/h2>\n<h1>\u041e\u0431\u0449\u0430\u044f \u0438\u043d\u0444\u043e\u0440\u043c\u0430\u0446\u0438\u044f<\/h1>\n<table>\n<tbody>\n<tr>\n<td width=\"288\"><strong>\u0421\u043f\u0435\u0446\u0438\u0444\u0438\u043a\u0430\u0446\u0438\u044f<\/strong><\/td>\n<td width=\"288\"><strong>\u041f\u043e\u0434\u0440\u043e\u0431\u043d\u043e\u0441\u0442\u0438<\/strong><\/td>\n<\/tr>\n<tr>\n<td width=\"288\"><strong>\u0422\u0438\u043f \u043f\u0440\u043e\u0434\u0443\u043a\u0442\u0430<\/strong><\/td>\n<td width=\"288\">SYM5556JQZ200C (SAC2000C8)<\/td>\n<\/tr>\n<tr>\n<td width=\"288\"><strong>\u041f\u0440\u043e\u0438\u0437\u0432\u043e\u0434\u0438\u0442\u0435\u043b\u044c<\/strong><\/td>\n<td width=\"288\">SANY Automobile Manufacturing Co., Ltd.<\/td>\n<\/tr>\n<tr>\n<td width=\"288\"><strong>\u0410\u0434\u0440\u0435\u0441<\/strong><\/td>\n<td width=\"288\">\u041f\u0440\u043e\u043c\u044b\u0448\u043b\u0435\u043d\u043d\u044b\u0439 \u043f\u0430\u0440\u043a SANY, \u0417\u043e\u043d\u0430 \u044d\u043a\u043e\u043d\u043e\u043c\u0438\u0447\u0435\u0441\u043a\u043e\u0433\u043e \u0438 \u0442\u0435\u0445\u043d\u043e\u043b\u043e\u0433\u0438\u0447\u0435\u0441\u043a\u043e\u0433\u043e \u0440\u0430\u0437\u0432\u0438\u0442\u0438\u044f \u0427\u0430\u043d\u0448\u0430, \u0433\u043e\u0440\u043e\u0434 \u0427\u0430\u043d\u0448\u0430, \u043f\u0440\u043e\u0432\u0438\u043d\u0446\u0438\u044f \u0425\u0443\u043d\u0430\u043d\u044c<\/td>\n<\/tr>\n<tr>\n<td width=\"288\"><strong>\u0414\u0430\u0442\u0430 \u043f\u0440\u043e\u0438\u0437\u0432\u043e\u0434\u0441\u0442\u0432\u0430<\/strong><\/td>\n<td width=\"288\">2022.09<\/td>\n<\/tr>\n<tr>\n<td width=\"288\"><strong>\u0421\u0442\u0440\u0430\u043d\u0430 \u043f\u0440\u043e\u0438\u0437\u0432\u043e\u0434\u0441\u0442\u0432\u0430<\/strong><\/td>\n<td width=\"288\">\u0421\u0434\u0435\u043b\u0430\u043d\u043e \u0432 \u041a\u0438\u0442\u0430\u0435<\/td>\n<\/tr>\n<tr>\n<td width=\"288\"><strong>VIN<\/strong><\/td>\n<td width=\"288\"><strong>LFCNRG7P<\/strong><strong>1N3<\/strong><strong>00<\/strong><strong>1110<\/strong><\/td>\n<\/tr>\n<\/tbody>\n<\/table>\n<h1>Engine Information<\/h1>\n<table>\n<tbody>\n<tr>\n<td width=\"288\"><strong>\u0421\u043f\u0435\u0446\u0438\u0444\u0438\u043a\u0430\u0446\u0438\u044f<\/strong><\/td>\n<td width=\"288\"><strong>\u041f\u043e\u0434\u0440\u043e\u0431\u043d\u043e\u0441\u0442\u0438<\/strong><\/td>\n<\/tr>\n<tr>\n<td width=\"288\"><strong>\u041c\u043e\u0434\u0435\u043b\u044c \u0434\u0432\u0438\u0433\u0430\u0442\u0435\u043b\u044f<\/strong><\/td>\n<td width=\"288\">WP12.460E62<\/td>\n<\/tr>\n<tr>\n<td width=\"288\"><strong>Engine Rated Power \/ Speed<\/strong><\/td>\n<td width=\"288\"><strong>338<\/strong><strong> kW @ 1900 rpm<\/strong><\/td>\n<\/tr>\n<tr>\n<td width=\"288\"><strong>Engine Max. Available Power \/ Speed<\/strong><\/td>\n<td width=\"288\"><strong>333<\/strong><strong> kW @ 1900 rpm<\/strong><\/td>\n<\/tr>\n<\/tbody>\n<\/table>\n<h1>Weight Information<\/h1>\n<table>\n<tbody>\n<tr>\n<td width=\"288\"><strong>\u0421\u043f\u0435\u0446\u0438\u0444\u0438\u043a\u0430\u0446\u0438\u044f<\/strong><\/td>\n<td width=\"288\"><strong>\u041f\u043e\u0434\u0440\u043e\u0431\u043d\u043e\u0441\u0442\u0438<\/strong><\/td>\n<\/tr>\n<tr>\n<td width=\"288\"><strong>Kerb Mass (Complete <\/strong><strong>\u0410\u0432\u0442\u043e\u043c\u043e\u0431\u0438\u043b\u044c<\/strong><strong>)<\/strong><\/td>\n<td width=\"288\"><strong>54,860<\/strong><strong> \u043a\u0433<\/strong><\/td>\n<\/tr>\n<tr>\n<td width=\"288\"><strong>Gross Allowable Mass<\/strong><\/td>\n<td width=\"288\"><strong>54,99<\/strong><strong>0 kg<\/strong><\/td>\n<\/tr>\n<\/tbody>\n<\/table>\n<h1>Lifting Performance<\/h1>\n<table>\n<tbody>\n<tr>\n<td width=\"288\"><strong>\u0421\u043f\u0435\u0446\u0438\u0444\u0438\u043a\u0430\u0446\u0438\u044f<\/strong><\/td>\n<td width=\"288\"><strong>\u041f\u043e\u0434\u0440\u043e\u0431\u043d\u043e\u0441\u0442\u0438<\/strong><\/td>\n<\/tr>\n<tr>\n<td width=\"288\"><strong>Max. Rated Lifting Capacity<\/strong><\/td>\n<td width=\"288\"><strong>200t<\/strong><\/td>\n<\/tr>\n<tr>\n<td width=\"288\"><strong>Working Radius (rated)<\/strong><\/td>\n<td width=\"288\"><strong>3m<\/strong><\/td>\n<\/tr>\n<\/tbody>\n<\/table>\n<h1><\/h1>\n<h1>Additional Information<\/h1>\n<table>\n<tbody>\n<tr>\n<td width=\"288\"><strong>\u0421\u043f\u0435\u0446\u0438\u0444\u0438\u043a\u0430\u0446\u0438\u044f<\/strong><\/td>\n<td width=\"288\"><strong>\u041f\u043e\u0434\u0440\u043e\u0431\u043d\u043e\u0441\u0442\u0438<\/strong><\/td>\n<\/tr>\n<tr>\n<td width=\"288\"><strong>Overall Dimensions(L\u00d7W\u00d7H)<\/strong><\/td>\n<td width=\"288\"><strong>1<\/strong><strong>6<\/strong><strong>,<\/strong><strong>145<\/strong><strong> mm \u00d7 <\/strong><strong>3<\/strong><strong>,<\/strong><strong>0<\/strong><strong>00 mm \u00d7 <\/strong><strong>4<\/strong><strong>,<\/strong><strong>000<\/strong><strong> \u043c\u043c<\/strong><\/td>\n<\/tr>\n<tr>\n<td width=\"288\"><strong>Carrier Chassis<\/strong><\/td>\n<td width=\"288\"><strong>5-axle AT carrier, H-type outriggers, hydro-pneumatic suspension<\/strong><\/td>\n<\/tr>\n<tr>\n<td width=\"288\"><strong>Steering<\/strong><\/td>\n<td width=\"288\"><strong>All-wheel, 6 modes, min turning radius \u224810 m<\/strong><\/td>\n<\/tr>\n<tr>\n<td width=\"288\"><strong>Drive \/ Steer Config<\/strong><\/td>\n<td width=\"288\"><strong>10\u00d76\u00d710 standard; 10\u00d78\u00d710 optional<\/strong><\/td>\n<\/tr>\n<tr>\n<td width=\"288\"><strong>Travel Performance<\/strong><\/td>\n<td width=\"288\"><strong>Max speed 80 km\/h; gradeability 45%; approach 16\u00b0, departure 12\u00b0<\/strong><\/td>\n<\/tr>\n<tr>\n<td width=\"288\"><strong>Superstructure Engine<\/strong><\/td>\n<td width=\"288\"><strong>DF Cummins QSB6.7, 194 kW, tank 285 L<\/strong><\/td>\n<\/tr>\n<tr>\n<td width=\"288\"><strong>Carrier Engine \/ Powertrain<\/strong><\/td>\n<td width=\"288\"><strong>DF Cummins QSZ13-C525-30 + FAST transmission + Zhuzhou Gear transfer + HanDe axles<\/strong><\/td>\n<\/tr>\n<\/tbody>\n<\/table>\n<p>&nbsp;<\/p>\n<h2><strong>\u00a0<\/strong><\/h2>","protected":false},"featured_media":31728,"comment_status":"open","ping_status":"closed","template":"","meta":{"_acf_changed":false,"_eb_attr":"","_eb_data_table":""},"product_brand":[],"product_cat":[204],"product_tag":[],"class_list":{"0":"post-1006","1":"product","2":"type-product","3":"status-publish","4":"has-post-thumbnail","6":"product_cat-mobile-truck-crane","8":"first","9":"instock","10":"shipping-taxable","11":"product-type-simple"},"acf":[],"aioseo_notices":[],"_links":{"self":[{"href":"https:\/\/colorskyco.com\/ru\/wp-json\/wp\/v2\/product\/1006","targetHints":{"allow":["GET"]}}],"collection":[{"href":"https:\/\/colorskyco.com\/ru\/wp-json\/wp\/v2\/product"}],"about":[{"href":"https:\/\/colorskyco.com\/ru\/wp-json\/wp\/v2\/types\/product"}],"replies":[{"embeddable":true,"href":"https:\/\/colorskyco.com\/ru\/wp-json\/wp\/v2\/comments?post=1006"}],"version-history":[{"count":5,"href":"https:\/\/colorskyco.com\/ru\/wp-json\/wp\/v2\/product\/1006\/revisions"}],"predecessor-version":[{"id":31366,"href":"https:\/\/colorskyco.com\/ru\/wp-json\/wp\/v2\/product\/1006\/revisions\/31366"}],"wp:featuredmedia":[{"embeddable":true,"href":"https:\/\/colorskyco.com\/ru\/wp-json\/wp\/v2\/media\/31728"}],"wp:attachment":[{"href":"https:\/\/colorskyco.com\/ru\/wp-json\/wp\/v2\/media?parent=1006"}],"wp:term":[{"taxonomy":"product_brand","embeddable":true,"href":"https:\/\/colorskyco.com\/ru\/wp-json\/wp\/v2\/product_brand?post=1006"},{"taxonomy":"product_cat","embeddable":true,"href":"https:\/\/colorskyco.com\/ru\/wp-json\/wp\/v2\/product_cat?post=1006"},{"taxonomy":"product_tag","embeddable":true,"href":"https:\/\/colorskyco.com\/ru\/wp-json\/wp\/v2\/product_tag?post=1006"}],"curies":[{"name":"wp","href":"https:\/\/api.w.org\/{rel}","templated":true}]}}