{"id":1006,"date":"2025-09-28T06:02:25","date_gmt":"2025-09-28T06:02:25","guid":{"rendered":"https:\/\/demo2.mevksa.com\/?post_type=product&#038;p=1006"},"modified":"2025-11-30T13:52:13","modified_gmt":"2025-11-30T05:52:13","slug":"2-hand-2022-sany-all-terrain-crane-200t-sym5556jqz200c","status":"publish","type":"product","link":"https:\/\/colorskyco.com\/ta\/product\/2-hand-2022-sany-all-terrain-crane-200t-sym5556jqz200c\/","title":{"rendered":"2 \u0b95\u0bc8 2022 \u0b9a\u0bbe\u0ba9\u0bbf \u0b85\u0ba9\u0bc8\u0ba4\u0bcd\u0ba4\u0bc1-\u0ba8\u0bbf\u0bb2\u0baa\u0bcd\u0baa\u0bb0\u0baa\u0bcd\u0baa\u0bc1 \u0b95\u0bbf\u0bb0\u0bc7\u0ba9\u0bcd 200T SYM5556JQZ200C"},"content":{"rendered":"<p><strong>\u0ba4\u0baf\u0bbe\u0bb0\u0bbf\u0baa\u0bcd\u0baa\u0bc1 \u0bb5\u0bbf\u0bb5\u0bb0\u0b99\u0bcd\u0b95\u0bb3\u0bcd<\/strong><\/p>\n<p><strong>Used Sany Truck Crane \u00a0has excellent mechanical performance, simple operation and easy to use<\/strong><\/p>\n<p><strong>\u0bb5\u0bbf\u0bb5\u0bb0\u0b95\u0bcd\u0b95\u0bc1\u0bb1\u0bbf\u0baa\u0bcd\u0baa\u0bc1\u0b95\u0bb3\u0bcd<\/strong><\/p>\n<table>\n<tbody>\n<tr>\n<td width=\"284\">\u0b89\u0baa\u0b95\u0bb0\u0ba3\u0b99\u0bcd\u0b95\u0bb3\u0bcd<\/td>\n<td width=\"284\">All-Terrain Crane<\/td>\n<\/tr>\n<tr>\n<td width=\"284\">\u0bae\u0bc2\u0bb2 \u0b87\u0b9f\u0bae\u0bcd<\/td>\n<td width=\"284\">\u0b9a\u0bc0\u0ba9\u0bbe<\/td>\n<\/tr>\n<tr>\n<td width=\"284\">\u0baa\u0bbf\u0bb0\u0bbe\u0ba3\u0bcd\u0b9f\u0bcd \u0baa\u0bc6\u0baf\u0bb0\u0bcd<\/td>\n<td width=\"284\">\u0b9a\u0bbe\u0ba9\u0bbf<\/td>\n<\/tr>\n<tr>\n<td width=\"284\">\u0bae\u0bbe\u0b9f\u0bb2\u0bcd \u0b8e\u0ba3\u0bcd<\/td>\n<td width=\"284\">SYM5556JQZ200C (SAC2000C8)<\/td>\n<\/tr>\n<tr>\n<td width=\"284\">\u0b89\u0bb1\u0bcd\u0baa\u0ba4\u0bcd\u0ba4\u0bbf\u0ba4\u0bcd \u0ba4\u0bc7\u0ba4\u0bbf<\/td>\n<td width=\"284\">2022-09<\/td>\n<\/tr>\n<tr>\n<td width=\"284\">\u0b95\u0bc1\u0bb1\u0bc8\u0ba8\u0bcd\u0ba4\u0baa\u0b9f\u0bcd\u0b9a \u0b86\u0bb0\u0bcd\u0b9f\u0bb0\u0bcd \u0b85\u0bb3\u0bb5\u0bc1<\/td>\n<td width=\"284\">1 \u0baa\u0bbf\u0bb0\u0bbf\u0bb5\u0bc1<\/td>\n<\/tr>\n<tr>\n<td width=\"284\">\u0baa\u0bc7\u0b95\u0bcd\u0b95\u0bc7\u0b9c\u0bbf\u0b99\u0bcd \u0bb5\u0bbf\u0bb5\u0bb0\u0b99\u0bcd\u0b95\u0bb3\u0bcd<\/td>\n<td width=\"284\">\u0bb0\u0bcb\u0bb0\u0bcb \u0b95\u0baa\u0bcd\u0baa\u0bb2\u0bcd, \u0b9a\u0bb0\u0b95\u0bcd\u0b95\u0bc1 \u0bae\u0bca\u0ba4\u0bcd\u0ba4\u0b95\u0bcd \u0b95\u0baa\u0bcd\u0baa\u0bb2\u0bcd<\/td>\n<\/tr>\n<\/tbody>\n<\/table>\n<p><strong>\u00a0<\/strong><\/p>\n<p>&nbsp;<\/p>","protected":false},"excerpt":{"rendered":"<h2><strong>Used SANY SYM5556JQZ200C All-Terrain Crane<br \/>\n<\/strong><\/h2>\n<h1>\u0baa\u0bca\u0ba4\u0bc1\u0bb5\u0bbe\u0ba9 \u0ba4\u0b95\u0bb5\u0bb2\u0bcd<\/h1>\n<table>\n<tbody>\n<tr>\n<td width=\"288\"><strong>\u0bb5\u0bbf\u0bb5\u0bb0\u0b95\u0bcd\u0b95\u0bc1\u0bb1\u0bbf\u0baa\u0bcd\u0baa\u0bc1<\/strong><\/td>\n<td width=\"288\"><strong>\u0bb5\u0bbf\u0bb5\u0bb0\u0b99\u0bcd\u0b95\u0bb3\u0bcd<\/strong><\/td>\n<\/tr>\n<tr>\n<td width=\"288\"><strong>\u0ba4\u0baf\u0bbe\u0bb0\u0bbf\u0baa\u0bcd\u0baa\u0bc1 \u0bb5\u0b95\u0bc8<\/strong><\/td>\n<td width=\"288\">SYM5556JQZ200C (SAC2000C8)<\/td>\n<\/tr>\n<tr>\n<td width=\"288\"><strong>\u0b89\u0bb1\u0bcd\u0baa\u0ba4\u0bcd\u0ba4\u0bbf\u0baf\u0bbe\u0bb3\u0bb0\u0bcd<\/strong><\/td>\n<td width=\"288\">\u0b9a\u0bbe\u0ba9\u0bbf \u0b86\u0b9f\u0bcd\u0b9f\u0bcb\u0bae\u0bca\u0baa\u0bc8\u0bb2\u0bcd \u0bae\u0bbe\u0ba9\u0bc1\u0b83\u0baa\u0bbe\u0b95\u0bcd\u0b9a\u0bcd\u0b9a\u0bb0\u0bbf\u0b99\u0bcd \u0b95\u0bcb., \u0bb2\u0bbf\u0bae\u0bbf\u0b9f\u0bc6\u0b9f\u0bcd.<\/td>\n<\/tr>\n<tr>\n<td width=\"288\"><strong>\u0bae\u0bc1\u0b95\u0bb5\u0bb0\u0bbf<\/strong><\/td>\n<td width=\"288\">\u0b9a\u0bbe\u0ba9\u0bbf \u0ba4\u0bca\u0bb4\u0bbf\u0bb2\u0bcd\u0ba4\u0bc1\u0bb1\u0bc8 \u0baa\u0bc2\u0b99\u0bcd\u0b95\u0bbe, \u0b9a\u0bbe\u0ba9\u0bcd\u0bb7\u0bbe \u0baa\u0bca\u0bb0\u0bc1\u0bb3\u0bbe\u0ba4\u0bbe\u0bb0 \u0bae\u0bb1\u0bcd\u0bb1\u0bc1\u0bae\u0bcd \u0ba4\u0bca\u0bb4\u0bbf\u0bb2\u0bcd\u0ba8\u0bc1\u0b9f\u0bcd\u0baa \u0bae\u0bc7\u0bae\u0bcd\u0baa\u0bbe\u0b9f\u0bcd\u0b9f\u0bc1 \u0bae\u0ba3\u0bcd\u0b9f\u0bb2\u0bae\u0bcd, \u0b9a\u0bbe\u0ba9\u0bcd\u0bb7\u0bbe \u0ba8\u0b95\u0bb0\u0bae\u0bcd, \u0bb9\u0bc1\u0ba9\u0bbe\u0ba9\u0bcd \u0bae\u0bbe\u0b95\u0bbe\u0ba3\u0bae\u0bcd<\/td>\n<\/tr>\n<tr>\n<td width=\"288\"><strong>\u0b89\u0bb1\u0bcd\u0baa\u0ba4\u0bcd\u0ba4\u0bbf\u0ba4\u0bcd \u0ba4\u0bc7\u0ba4\u0bbf<\/strong><\/td>\n<td width=\"288\">2022.09<\/td>\n<\/tr>\n<tr>\n<td width=\"288\"><strong>\u0b89\u0bb1\u0bcd\u0baa\u0ba4\u0bcd\u0ba4\u0bbf \u0ba8\u0bbe\u0b9f\u0bc1<\/strong><\/td>\n<td width=\"288\">\u0b9a\u0bc0\u0ba9\u0bbe\u0bb5\u0bbf\u0bb2\u0bcd \u0ba4\u0baf\u0bbe\u0bb0\u0bbf\u0b95\u0bcd\u0b95\u0baa\u0bcd\u0baa\u0b9f\u0bcd\u0b9f\u0ba4\u0bc1<\/td>\n<\/tr>\n<tr>\n<td width=\"288\"><strong>VIN<\/strong><\/td>\n<td width=\"288\"><strong>LFCNRG7P<\/strong><strong>1N3<\/strong><strong>00<\/strong><strong>1110<\/strong><\/td>\n<\/tr>\n<\/tbody>\n<\/table>\n<h1>Engine Information<\/h1>\n<table>\n<tbody>\n<tr>\n<td width=\"288\"><strong>\u0bb5\u0bbf\u0bb5\u0bb0\u0b95\u0bcd\u0b95\u0bc1\u0bb1\u0bbf\u0baa\u0bcd\u0baa\u0bc1<\/strong><\/td>\n<td width=\"288\"><strong>\u0bb5\u0bbf\u0bb5\u0bb0\u0b99\u0bcd\u0b95\u0bb3\u0bcd<\/strong><\/td>\n<\/tr>\n<tr>\n<td width=\"288\"><strong>\u0b87\u0baf\u0ba8\u0bcd\u0ba4\u0bbf\u0bb0 \u0bae\u0bbe\u0ba4\u0bbf\u0bb0\u0bbf<\/strong><\/td>\n<td width=\"288\">WP12.460E62<\/td>\n<\/tr>\n<tr>\n<td width=\"288\"><strong>Engine Rated Power \/ Speed<\/strong><\/td>\n<td width=\"288\"><strong>338<\/strong><strong> kW @ 1900 rpm<\/strong><\/td>\n<\/tr>\n<tr>\n<td width=\"288\"><strong>Engine Max. Available Power \/ Speed<\/strong><\/td>\n<td width=\"288\"><strong>333<\/strong><strong> kW @ 1900 rpm<\/strong><\/td>\n<\/tr>\n<\/tbody>\n<\/table>\n<h1>Weight Information<\/h1>\n<table>\n<tbody>\n<tr>\n<td width=\"288\"><strong>\u0bb5\u0bbf\u0bb5\u0bb0\u0b95\u0bcd\u0b95\u0bc1\u0bb1\u0bbf\u0baa\u0bcd\u0baa\u0bc1<\/strong><\/td>\n<td width=\"288\"><strong>\u0bb5\u0bbf\u0bb5\u0bb0\u0b99\u0bcd\u0b95\u0bb3\u0bcd<\/strong><\/td>\n<\/tr>\n<tr>\n<td width=\"288\"><strong>Kerb Mass (Complete <\/strong><strong>Vehicle<\/strong><strong>)<\/strong><\/td>\n<td width=\"288\"><strong>54,860<\/strong><strong> kg<\/strong><\/td>\n<\/tr>\n<tr>\n<td width=\"288\"><strong>Gross Allowable Mass<\/strong><\/td>\n<td width=\"288\"><strong>54,99<\/strong><strong>0 kg<\/strong><\/td>\n<\/tr>\n<\/tbody>\n<\/table>\n<h1>Lifting Performance<\/h1>\n<table>\n<tbody>\n<tr>\n<td width=\"288\"><strong>\u0bb5\u0bbf\u0bb5\u0bb0\u0b95\u0bcd\u0b95\u0bc1\u0bb1\u0bbf\u0baa\u0bcd\u0baa\u0bc1<\/strong><\/td>\n<td width=\"288\"><strong>\u0bb5\u0bbf\u0bb5\u0bb0\u0b99\u0bcd\u0b95\u0bb3\u0bcd<\/strong><\/td>\n<\/tr>\n<tr>\n<td width=\"288\"><strong>Max. Rated Lifting Capacity<\/strong><\/td>\n<td width=\"288\"><strong>200t<\/strong><\/td>\n<\/tr>\n<tr>\n<td width=\"288\"><strong>Working Radius (rated)<\/strong><\/td>\n<td width=\"288\"><strong>3m<\/strong><\/td>\n<\/tr>\n<\/tbody>\n<\/table>\n<h1><\/h1>\n<h1>Additional Information<\/h1>\n<table>\n<tbody>\n<tr>\n<td width=\"288\"><strong>\u0bb5\u0bbf\u0bb5\u0bb0\u0b95\u0bcd\u0b95\u0bc1\u0bb1\u0bbf\u0baa\u0bcd\u0baa\u0bc1<\/strong><\/td>\n<td width=\"288\"><strong>\u0bb5\u0bbf\u0bb5\u0bb0\u0b99\u0bcd\u0b95\u0bb3\u0bcd<\/strong><\/td>\n<\/tr>\n<tr>\n<td width=\"288\"><strong>Overall Dimensions(L\u00d7W\u00d7H)<\/strong><\/td>\n<td width=\"288\"><strong>1<\/strong><strong>6<\/strong><strong>,<\/strong><strong>145<\/strong><strong> mm \u00d7 <\/strong><strong>3<\/strong><strong>,<\/strong><strong>0<\/strong><strong>00 mm \u00d7 <\/strong><strong>4<\/strong><strong>,<\/strong><strong>000<\/strong><strong> mm<\/strong><\/td>\n<\/tr>\n<tr>\n<td width=\"288\"><strong>Carrier Chassis<\/strong><\/td>\n<td width=\"288\"><strong>5-axle AT carrier, H-type outriggers, hydro-pneumatic suspension<\/strong><\/td>\n<\/tr>\n<tr>\n<td width=\"288\"><strong>Steering<\/strong><\/td>\n<td width=\"288\"><strong>All-wheel, 6 modes, min turning radius \u224810 m<\/strong><\/td>\n<\/tr>\n<tr>\n<td width=\"288\"><strong>Drive \/ Steer Config<\/strong><\/td>\n<td width=\"288\"><strong>10\u00d76\u00d710 standard; 10\u00d78\u00d710 optional<\/strong><\/td>\n<\/tr>\n<tr>\n<td width=\"288\"><strong>Travel Performance<\/strong><\/td>\n<td width=\"288\"><strong>Max speed 80 km\/h; gradeability 45%; approach 16\u00b0, departure 12\u00b0<\/strong><\/td>\n<\/tr>\n<tr>\n<td width=\"288\"><strong>Superstructure Engine<\/strong><\/td>\n<td width=\"288\"><strong>DF Cummins QSB6.7, 194 kW, tank 285 L<\/strong><\/td>\n<\/tr>\n<tr>\n<td width=\"288\"><strong>Carrier Engine \/ Powertrain<\/strong><\/td>\n<td width=\"288\"><strong>DF Cummins QSZ13-C525-30 + FAST transmission + Zhuzhou Gear transfer + HanDe axles<\/strong><\/td>\n<\/tr>\n<\/tbody>\n<\/table>\n<p>&nbsp;<\/p>\n<h2><strong>\u00a0<\/strong><\/h2>","protected":false},"featured_media":31728,"comment_status":"open","ping_status":"closed","template":"","meta":{"_acf_changed":false,"_eb_attr":"","_eb_data_table":""},"product_brand":[],"product_cat":[204],"product_tag":[],"class_list":{"0":"post-1006","1":"product","2":"type-product","3":"status-publish","4":"has-post-thumbnail","6":"product_cat-mobile-truck-crane","8":"first","9":"instock","10":"shipping-taxable","11":"product-type-simple"},"acf":[],"aioseo_notices":[],"_links":{"self":[{"href":"https:\/\/colorskyco.com\/ta\/wp-json\/wp\/v2\/product\/1006","targetHints":{"allow":["GET"]}}],"collection":[{"href":"https:\/\/colorskyco.com\/ta\/wp-json\/wp\/v2\/product"}],"about":[{"href":"https:\/\/colorskyco.com\/ta\/wp-json\/wp\/v2\/types\/product"}],"replies":[{"embeddable":true,"href":"https:\/\/colorskyco.com\/ta\/wp-json\/wp\/v2\/comments?post=1006"}],"version-history":[{"count":5,"href":"https:\/\/colorskyco.com\/ta\/wp-json\/wp\/v2\/product\/1006\/revisions"}],"predecessor-version":[{"id":31366,"href":"https:\/\/colorskyco.com\/ta\/wp-json\/wp\/v2\/product\/1006\/revisions\/31366"}],"wp:featuredmedia":[{"embeddable":true,"href":"https:\/\/colorskyco.com\/ta\/wp-json\/wp\/v2\/media\/31728"}],"wp:attachment":[{"href":"https:\/\/colorskyco.com\/ta\/wp-json\/wp\/v2\/media?parent=1006"}],"wp:term":[{"taxonomy":"product_brand","embeddable":true,"href":"https:\/\/colorskyco.com\/ta\/wp-json\/wp\/v2\/product_brand?post=1006"},{"taxonomy":"product_cat","embeddable":true,"href":"https:\/\/colorskyco.com\/ta\/wp-json\/wp\/v2\/product_cat?post=1006"},{"taxonomy":"product_tag","embeddable":true,"href":"https:\/\/colorskyco.com\/ta\/wp-json\/wp\/v2\/product_tag?post=1006"}],"curies":[{"name":"wp","href":"https:\/\/api.w.org\/{rel}","templated":true}]}}