{"id":1006,"date":"2025-09-28T06:02:25","date_gmt":"2025-09-28T06:02:25","guid":{"rendered":"https:\/\/demo2.mevksa.com\/?post_type=product&#038;p=1006"},"modified":"2025-11-30T13:52:13","modified_gmt":"2025-11-30T05:52:13","slug":"2-hand-2022-sany-all-terrain-crane-200t-sym5556jqz200c","status":"publish","type":"product","link":"https:\/\/colorskyco.com\/th\/product\/2-hand-2022-sany-all-terrain-crane-200t-sym5556jqz200c\/","title":{"rendered":"2 \u0e21\u0e37\u0e2d 2022 SANY \u0e23\u0e16\u0e40\u0e04\u0e23\u0e19\u0e17\u0e38\u0e01\u0e2a\u0e20\u0e32\u0e1e 200 \u0e15\u0e31\u0e19 SYM5556JQZ200C"},"content":{"rendered":"<p><strong>\u0e23\u0e32\u0e22\u0e25\u0e30\u0e40\u0e2d\u0e35\u0e22\u0e14\u0e2a\u0e34\u0e19\u0e04\u0e49\u0e32<\/strong><\/p>\n<p><strong>Used Sany Truck Crane \u00a0has excellent mechanical performance, simple operation and easy to use<\/strong><\/p>\n<p><strong>\u0e02\u0e49\u0e2d\u0e21\u0e39\u0e25\u0e08\u0e33\u0e40\u0e1e\u0e32\u0e30<\/strong><\/p>\n<table>\n<tbody>\n<tr>\n<td width=\"284\">\u0e2d\u0e38\u0e1b\u0e01\u0e23\u0e13\u0e4c<\/td>\n<td width=\"284\">All-Terrain Crane<\/td>\n<\/tr>\n<tr>\n<td width=\"284\">\u0e41\u0e2b\u0e25\u0e48\u0e07\u0e01\u0e33\u0e40\u0e19\u0e34\u0e14<\/td>\n<td width=\"284\">\u0e08\u0e35\u0e19<\/td>\n<\/tr>\n<tr>\n<td width=\"284\">\u0e0a\u0e37\u0e48\u0e2d\u0e41\u0e1a\u0e23\u0e19\u0e14\u0e4c<\/td>\n<td width=\"284\">\u0e0b\u0e32\u0e19\u0e35<\/td>\n<\/tr>\n<tr>\n<td width=\"284\">\u0e2b\u0e21\u0e32\u0e22\u0e40\u0e25\u0e02\u0e23\u0e38\u0e48\u0e19<\/td>\n<td width=\"284\">SYM5556JQZ200C (SAC2000C8)<\/td>\n<\/tr>\n<tr>\n<td width=\"284\">\u0e27\u0e31\u0e19\u0e17\u0e35\u0e48\u0e1c\u0e25\u0e34\u0e15<\/td>\n<td width=\"284\">2022-09<\/td>\n<\/tr>\n<tr>\n<td width=\"284\">\u0e1b\u0e23\u0e34\u0e21\u0e32\u0e13\u0e01\u0e32\u0e23\u0e2a\u0e31\u0e48\u0e07\u0e0b\u0e37\u0e49\u0e2d\u0e02\u0e31\u0e49\u0e19\u0e15\u0e48\u0e33<\/td>\n<td width=\"284\">1 \u0e2a\u0e48\u0e27\u0e19<\/td>\n<\/tr>\n<tr>\n<td width=\"284\">\u0e23\u0e32\u0e22\u0e25\u0e30\u0e40\u0e2d\u0e35\u0e22\u0e14\u0e1a\u0e23\u0e23\u0e08\u0e38\u0e20\u0e31\u0e13\u0e11\u0e4c<\/td>\n<td width=\"284\">\u0e40\u0e23\u0e37\u0e2d\u0e42\u0e23\u0e42\u0e23, \u0e40\u0e23\u0e37\u0e2d\u0e1a\u0e23\u0e23\u0e17\u0e38\u0e01\u0e2a\u0e34\u0e19\u0e04\u0e49\u0e32\u0e41\u0e1a\u0e1a\u0e40\u0e17\u0e01\u0e2d\u0e07<\/td>\n<\/tr>\n<\/tbody>\n<\/table>\n<p><strong>\u00a0<\/strong><\/p>\n<p>&nbsp;<\/p>","protected":false},"excerpt":{"rendered":"<h2><strong>\u0e23\u0e16\u0e40\u0e04\u0e23\u0e19\u0e17\u0e38\u0e01\u0e2a\u0e20\u0e32\u0e1e SANY SYM5556JQZ200C<br \/>\n<\/strong><\/h2>\n<h1>\u0e02\u0e49\u0e2d\u0e21\u0e39\u0e25\u0e17\u0e31\u0e48\u0e27\u0e44\u0e1b<\/h1>\n<table>\n<tbody>\n<tr>\n<td width=\"288\"><strong>\u0e02\u0e49\u0e2d\u0e01\u0e33\u0e2b\u0e19\u0e14<\/strong><\/td>\n<td width=\"288\"><strong>\u0e23\u0e32\u0e22\u0e25\u0e30\u0e40\u0e2d\u0e35\u0e22\u0e14<\/strong><\/td>\n<\/tr>\n<tr>\n<td width=\"288\"><strong>\u0e1b\u0e23\u0e30\u0e40\u0e20\u0e17\u0e2a\u0e34\u0e19\u0e04\u0e49\u0e32<\/strong><\/td>\n<td width=\"288\">SYM5556JQZ200C (SAC2000C8)<\/td>\n<\/tr>\n<tr>\n<td width=\"288\"><strong>\u0e1c\u0e39\u0e49\u0e1c\u0e25\u0e34\u0e15<\/strong><\/td>\n<td width=\"288\">\u0e1a\u0e23\u0e34\u0e29\u0e31\u0e17 \u0e0b\u0e32\u0e19\u0e35 \u0e2d\u0e2d\u0e42\u0e15\u0e42\u0e21\u0e1a\u0e34\u0e25 \u0e41\u0e21\u0e19\u0e39\u0e41\u0e1f\u0e04\u0e40\u0e08\u0e2d\u0e23\u0e34\u0e07 \u0e08\u0e33\u0e01\u0e31\u0e14.<\/td>\n<\/tr>\n<tr>\n<td width=\"288\"><strong>\u0e17\u0e35\u0e48\u0e2d\u0e22\u0e39\u0e48<\/strong><\/td>\n<td width=\"288\">\u0e19\u0e34\u0e04\u0e21\u0e2d\u0e38\u0e15\u0e2a\u0e32\u0e2b\u0e01\u0e23\u0e23\u0e21\u0e0b\u0e32\u0e19\u0e35\u0e48 \u0e40\u0e02\u0e15\u0e1e\u0e31\u0e12\u0e19\u0e32\u0e40\u0e28\u0e23\u0e29\u0e10\u0e01\u0e34\u0e08\u0e41\u0e25\u0e30\u0e40\u0e17\u0e04\u0e42\u0e19\u0e42\u0e25\u0e22\u0e35\u0e40\u0e21\u0e37\u0e2d\u0e07\u0e09\u0e32\u0e07\u0e0a\u0e32 \u0e19\u0e04\u0e23\u0e09\u0e32\u0e07\u0e0a\u0e32 \u0e21\u0e13\u0e11\u0e25\u0e2b\u0e39\u0e2b\u0e19\u0e32\u0e19<\/td>\n<\/tr>\n<tr>\n<td width=\"288\"><strong>\u0e27\u0e31\u0e19\u0e17\u0e35\u0e48\u0e1c\u0e25\u0e34\u0e15<\/strong><\/td>\n<td width=\"288\">2022.09<\/td>\n<\/tr>\n<tr>\n<td width=\"288\"><strong>\u0e1b\u0e23\u0e30\u0e40\u0e17\u0e28\u0e17\u0e35\u0e48\u0e1c\u0e25\u0e34\u0e15<\/strong><\/td>\n<td width=\"288\">\u0e1c\u0e25\u0e34\u0e15\u0e43\u0e19\u0e1b\u0e23\u0e30\u0e40\u0e17\u0e28\u0e08\u0e35\u0e19<\/td>\n<\/tr>\n<tr>\n<td width=\"288\"><strong>VIN<\/strong><\/td>\n<td width=\"288\"><strong>LFCNRG7P<\/strong><strong>1N3<\/strong><strong>00<\/strong><strong>1110<\/strong><\/td>\n<\/tr>\n<\/tbody>\n<\/table>\n<h1>\u0e02\u0e49\u0e2d\u0e21\u0e39\u0e25\u0e40\u0e04\u0e23\u0e37\u0e48\u0e2d\u0e07\u0e22\u0e19\u0e15\u0e4c<\/h1>\n<table>\n<tbody>\n<tr>\n<td width=\"288\"><strong>\u0e02\u0e49\u0e2d\u0e01\u0e33\u0e2b\u0e19\u0e14<\/strong><\/td>\n<td width=\"288\"><strong>\u0e23\u0e32\u0e22\u0e25\u0e30\u0e40\u0e2d\u0e35\u0e22\u0e14<\/strong><\/td>\n<\/tr>\n<tr>\n<td width=\"288\"><strong>\u0e23\u0e38\u0e48\u0e19\u0e40\u0e04\u0e23\u0e37\u0e48\u0e2d\u0e07\u0e22\u0e19\u0e15\u0e4c<\/strong><\/td>\n<td width=\"288\">WP12.460E62<\/td>\n<\/tr>\n<tr>\n<td width=\"288\"><strong>\u0e01\u0e33\u0e25\u0e31\u0e07\u0e44\u0e1f\u0e1f\u0e49\u0e32\u0e17\u0e35\u0e48\u0e01\u0e33\u0e2b\u0e19\u0e14 \/ \u0e04\u0e27\u0e32\u0e21\u0e40\u0e23\u0e47\u0e27<\/strong><\/td>\n<td width=\"288\"><strong>338<\/strong><strong> \u0e01\u0e34\u0e42\u0e25\u0e27\u0e31\u0e15\u0e15\u0e4c @ 1900 \u0e23\u0e2d\u0e1a\u0e15\u0e48\u0e2d\u0e19\u0e32\u0e17\u0e35<\/strong><\/td>\n<\/tr>\n<tr>\n<td width=\"288\"><strong>\u0e40\u0e04\u0e23\u0e37\u0e48\u0e2d\u0e07\u0e22\u0e19\u0e15\u0e4c \u0e01\u0e33\u0e25\u0e31\u0e07\u0e2a\u0e39\u0e07\u0e2a\u0e38\u0e14\u0e17\u0e35\u0e48\u0e2a\u0e32\u0e21\u0e32\u0e23\u0e16\u0e43\u0e0a\u0e49\u0e44\u0e14\u0e49 \/ \u0e04\u0e27\u0e32\u0e21\u0e40\u0e23\u0e47\u0e27<\/strong><\/td>\n<td width=\"288\"><strong>333<\/strong><strong> \u0e01\u0e34\u0e42\u0e25\u0e27\u0e31\u0e15\u0e15\u0e4c @ 1900 \u0e23\u0e2d\u0e1a\u0e15\u0e48\u0e2d\u0e19\u0e32\u0e17\u0e35<\/strong><\/td>\n<\/tr>\n<\/tbody>\n<\/table>\n<h1>\u0e02\u0e49\u0e2d\u0e21\u0e39\u0e25\u0e19\u0e49\u0e33\u0e2b\u0e19\u0e31\u0e01<\/h1>\n<table>\n<tbody>\n<tr>\n<td width=\"288\"><strong>\u0e02\u0e49\u0e2d\u0e01\u0e33\u0e2b\u0e19\u0e14<\/strong><\/td>\n<td width=\"288\"><strong>\u0e23\u0e32\u0e22\u0e25\u0e30\u0e40\u0e2d\u0e35\u0e22\u0e14<\/strong><\/td>\n<\/tr>\n<tr>\n<td width=\"288\"><strong>\u0e40\u0e04\u0e2d\u0e23\u0e4c\u0e1a\u0e41\u0e21\u0e2a (\u0e2a\u0e21\u0e1a\u0e39\u0e23\u0e13\u0e4c) <\/strong><strong>\u0e22\u0e32\u0e19\u0e1e\u0e32\u0e2b\u0e19\u0e30<\/strong><strong>)<\/strong><\/td>\n<td width=\"288\"><strong>54,860<\/strong><strong> \u0e01\u0e34\u0e42\u0e25\u0e01\u0e23\u0e31\u0e21<\/strong><\/td>\n<\/tr>\n<tr>\n<td width=\"288\"><strong>\u0e21\u0e27\u0e25\u0e23\u0e27\u0e21\u0e17\u0e35\u0e48\u0e2d\u0e19\u0e38\u0e0d\u0e32\u0e15<\/strong><\/td>\n<td width=\"288\"><strong>54,99<\/strong><strong>0 \u0e01\u0e34\u0e42\u0e25\u0e01\u0e23\u0e31\u0e21<\/strong><\/td>\n<\/tr>\n<\/tbody>\n<\/table>\n<h1>\u0e1b\u0e23\u0e30\u0e2a\u0e34\u0e17\u0e18\u0e34\u0e20\u0e32\u0e1e\u0e01\u0e32\u0e23\u0e22\u0e01<\/h1>\n<table>\n<tbody>\n<tr>\n<td width=\"288\"><strong>\u0e02\u0e49\u0e2d\u0e01\u0e33\u0e2b\u0e19\u0e14<\/strong><\/td>\n<td width=\"288\"><strong>\u0e23\u0e32\u0e22\u0e25\u0e30\u0e40\u0e2d\u0e35\u0e22\u0e14<\/strong><\/td>\n<\/tr>\n<tr>\n<td width=\"288\"><strong>\u0e19\u0e49\u0e33\u0e2b\u0e19\u0e31\u0e01\u0e22\u0e01\u0e2a\u0e39\u0e07\u0e2a\u0e38\u0e14\u0e17\u0e35\u0e48\u0e01\u0e33\u0e2b\u0e19\u0e14<\/strong><\/td>\n<td width=\"288\"><strong>200 \u0e15\u0e31\u0e19<\/strong><\/td>\n<\/tr>\n<tr>\n<td width=\"288\"><strong>\u0e23\u0e31\u0e28\u0e21\u0e35\u0e01\u0e32\u0e23\u0e17\u0e33\u0e07\u0e32\u0e19 (\u0e17\u0e35\u0e48\u0e01\u0e33\u0e2b\u0e19\u0e14)<\/strong><\/td>\n<td width=\"288\"><strong>3 \u0e40\u0e21\u0e15\u0e23<\/strong><\/td>\n<\/tr>\n<\/tbody>\n<\/table>\n<h1><\/h1>\n<h1>\u0e02\u0e49\u0e2d\u0e21\u0e39\u0e25\u0e40\u0e1e\u0e34\u0e48\u0e21\u0e40\u0e15\u0e34\u0e21<\/h1>\n<table>\n<tbody>\n<tr>\n<td width=\"288\"><strong>\u0e02\u0e49\u0e2d\u0e01\u0e33\u0e2b\u0e19\u0e14<\/strong><\/td>\n<td width=\"288\"><strong>\u0e23\u0e32\u0e22\u0e25\u0e30\u0e40\u0e2d\u0e35\u0e22\u0e14<\/strong><\/td>\n<\/tr>\n<tr>\n<td width=\"288\"><strong>\u0e02\u0e19\u0e32\u0e14\u0e42\u0e14\u0e22\u0e23\u0e27\u0e21 (\u0e22\u0e32\u0e27\u00d7\u0e01\u0e27\u0e49\u0e32\u0e07\u00d7\u0e2a\u0e39\u0e07)<\/strong><\/td>\n<td width=\"288\"><strong>1<\/strong><strong>6<\/strong><strong>,<\/strong><strong>145<\/strong><strong> \u0e21\u0e34\u0e25\u0e25\u0e34\u0e40\u0e21\u0e15\u0e23 \u00d7 <\/strong><strong>3<\/strong><strong>,<\/strong><strong>0<\/strong><strong>00 \u0e21\u0e21. \u00d7 <\/strong><strong>4<\/strong><strong>,<\/strong><strong>000<\/strong><strong> \u0e21\u0e21<\/strong><\/td>\n<\/tr>\n<tr>\n<td width=\"288\"><strong>\u0e41\u0e0a\u0e2a\u0e0b\u0e35\u0e2a\u0e33\u0e2b\u0e23\u0e31\u0e1a\u0e15\u0e34\u0e14\u0e15\u0e31\u0e49\u0e07\u0e23\u0e30\u0e1a\u0e1a\u0e02\u0e19\u0e2a\u0e48\u0e07<\/strong><\/td>\n<td width=\"288\"><strong>\u0e15\u0e31\u0e27\u0e16\u0e31\u0e07 AT \u0e41\u0e1a\u0e1a 5 \u0e40\u0e1e\u0e25\u0e32 \u0e02\u0e32\u0e15\u0e31\u0e49\u0e07\u0e41\u0e1a\u0e1a H \u0e23\u0e30\u0e1a\u0e1a\u0e01\u0e31\u0e19\u0e2a\u0e30\u0e40\u0e17\u0e37\u0e2d\u0e19\u0e41\u0e1a\u0e1a\u0e44\u0e2e\u0e42\u0e14\u0e23-\u0e19\u0e34\u0e27\u0e40\u0e21\u0e15\u0e34\u0e01<\/strong><\/td>\n<\/tr>\n<tr>\n<td width=\"288\"><strong>\u0e01\u0e32\u0e23\u0e1a\u0e31\u0e07\u0e04\u0e31\u0e1a\u0e17\u0e34\u0e28\u0e17\u0e32\u0e07<\/strong><\/td>\n<td width=\"288\"><strong>\u0e02\u0e31\u0e1a\u0e40\u0e04\u0e25\u0e37\u0e48\u0e2d\u0e19\u0e17\u0e38\u0e01\u0e25\u0e49\u0e2d, 6 \u0e42\u0e2b\u0e21\u0e14, \u0e23\u0e31\u0e28\u0e21\u0e35\u0e27\u0e07\u0e40\u0e25\u0e35\u0e49\u0e22\u0e27\u0e41\u0e04\u0e1a\u0e2a\u0e38\u0e14 \u224810 \u0e40\u0e21\u0e15\u0e23<\/strong><\/td>\n<\/tr>\n<tr>\n<td width=\"288\"><strong>\u0e01\u0e32\u0e23\u0e01\u0e33\u0e2b\u0e19\u0e14\u0e04\u0e48\u0e32\u0e01\u0e32\u0e23\u0e02\u0e31\u0e1a\u0e40\u0e04\u0e25\u0e37\u0e48\u0e2d\u0e19\/\u0e01\u0e32\u0e23\u0e1a\u0e31\u0e07\u0e04\u0e31\u0e1a\u0e40\u0e25\u0e35\u0e49\u0e22\u0e27<\/strong><\/td>\n<td width=\"288\"><strong>\u0e21\u0e32\u0e15\u0e23\u0e10\u0e32\u0e19 10\u00d76\u00d710; 10\u00d78\u00d710 \u0e40\u0e1b\u0e47\u0e19\u0e15\u0e31\u0e27\u0e40\u0e25\u0e37\u0e2d\u0e01<\/strong><\/td>\n<\/tr>\n<tr>\n<td width=\"288\"><strong>\u0e1b\u0e23\u0e30\u0e2a\u0e34\u0e17\u0e18\u0e34\u0e20\u0e32\u0e1e\u0e01\u0e32\u0e23\u0e40\u0e14\u0e34\u0e19\u0e17\u0e32\u0e07<\/strong><\/td>\n<td width=\"288\"><strong>\u0e04\u0e27\u0e32\u0e21\u0e40\u0e23\u0e47\u0e27\u0e2a\u0e39\u0e07\u0e2a\u0e38\u0e14 80 \u0e01\u0e21.\/\u0e0a\u0e21.; \u0e04\u0e27\u0e32\u0e21\u0e25\u0e32\u0e14\u0e0a\u0e31\u0e19 45%; \u0e21\u0e38\u0e21\u0e40\u0e02\u0e49\u0e32 16\u00b0, \u0e21\u0e38\u0e21\u0e2d\u0e2d\u0e01 12\u00b0<\/strong><\/td>\n<\/tr>\n<tr>\n<td width=\"288\"><strong>\u0e40\u0e04\u0e23\u0e37\u0e48\u0e2d\u0e07\u0e22\u0e19\u0e15\u0e4c\u0e42\u0e04\u0e23\u0e07\u0e2a\u0e23\u0e49\u0e32\u0e07\u0e40\u0e2b\u0e19\u0e37\u0e2d<\/strong><\/td>\n<td width=\"288\"><strong>DF Cummins QSB6.7, 194 \u0e01\u0e34\u0e42\u0e25\u0e27\u0e31\u0e15\u0e15\u0e4c, \u0e16\u0e31\u0e07 285 \u0e25\u0e34\u0e15\u0e23<\/strong><\/td>\n<\/tr>\n<tr>\n<td width=\"288\"><strong>\u0e40\u0e04\u0e23\u0e37\u0e48\u0e2d\u0e07\u0e22\u0e19\u0e15\u0e4c \/ \u0e23\u0e30\u0e1a\u0e1a\u0e02\u0e31\u0e1a\u0e40\u0e04\u0e25\u0e37\u0e48\u0e2d\u0e19<\/strong><\/td>\n<td width=\"288\"><strong>DF Cummins QSZ13-C525-30 + \u0e40\u0e01\u0e35\u0e22\u0e23\u0e4c FAST + \u0e23\u0e30\u0e1a\u0e1a\u0e2a\u0e48\u0e07\u0e01\u0e33\u0e25\u0e31\u0e07 Zhuzhou Gear + \u0e40\u0e1e\u0e25\u0e32 HanDe<\/strong><\/td>\n<\/tr>\n<\/tbody>\n<\/table>\n<p>&nbsp;<\/p>\n<h2><strong>\u00a0<\/strong><\/h2>","protected":false},"featured_media":31728,"comment_status":"open","ping_status":"closed","template":"","meta":{"_acf_changed":false,"_eb_attr":"","_eb_data_table":""},"product_brand":[],"product_cat":[204],"product_tag":[],"class_list":{"0":"post-1006","1":"product","2":"type-product","3":"status-publish","4":"has-post-thumbnail","6":"product_cat-mobile-truck-crane","8":"first","9":"instock","10":"shipping-taxable","11":"product-type-simple"},"acf":[],"aioseo_notices":[],"_links":{"self":[{"href":"https:\/\/colorskyco.com\/th\/wp-json\/wp\/v2\/product\/1006","targetHints":{"allow":["GET"]}}],"collection":[{"href":"https:\/\/colorskyco.com\/th\/wp-json\/wp\/v2\/product"}],"about":[{"href":"https:\/\/colorskyco.com\/th\/wp-json\/wp\/v2\/types\/product"}],"replies":[{"embeddable":true,"href":"https:\/\/colorskyco.com\/th\/wp-json\/wp\/v2\/comments?post=1006"}],"version-history":[{"count":5,"href":"https:\/\/colorskyco.com\/th\/wp-json\/wp\/v2\/product\/1006\/revisions"}],"predecessor-version":[{"id":31366,"href":"https:\/\/colorskyco.com\/th\/wp-json\/wp\/v2\/product\/1006\/revisions\/31366"}],"wp:featuredmedia":[{"embeddable":true,"href":"https:\/\/colorskyco.com\/th\/wp-json\/wp\/v2\/media\/31728"}],"wp:attachment":[{"href":"https:\/\/colorskyco.com\/th\/wp-json\/wp\/v2\/media?parent=1006"}],"wp:term":[{"taxonomy":"product_brand","embeddable":true,"href":"https:\/\/colorskyco.com\/th\/wp-json\/wp\/v2\/product_brand?post=1006"},{"taxonomy":"product_cat","embeddable":true,"href":"https:\/\/colorskyco.com\/th\/wp-json\/wp\/v2\/product_cat?post=1006"},{"taxonomy":"product_tag","embeddable":true,"href":"https:\/\/colorskyco.com\/th\/wp-json\/wp\/v2\/product_tag?post=1006"}],"curies":[{"name":"wp","href":"https:\/\/api.w.org\/{rel}","templated":true}]}}