{"id":1006,"date":"2025-09-28T06:02:25","date_gmt":"2025-09-28T06:02:25","guid":{"rendered":"https:\/\/demo2.mevksa.com\/?post_type=product&#038;p=1006"},"modified":"2025-11-30T13:52:13","modified_gmt":"2025-11-30T05:52:13","slug":"2-hand-2022-sany-all-terrain-crane-200t-sym5556jqz200c","status":"publish","type":"product","link":"https:\/\/colorskyco.com\/vi\/product\/2-hand-2022-sany-all-terrain-crane-200t-sym5556jqz200c\/","title":{"rendered":"Xe c\u1ea9u \u0111\u1ecba h\u00ecnh SANY 2022, t\u1ea3i tr\u1ecdng 200 t\u1ea5n, model SYM5556JQZ200C"},"content":{"rendered":"<p><strong>Product Details<\/strong><\/p>\n<p><strong>Used Sany Truck Crane \u00a0has excellent mechanical performance, simple operation and easy to use<\/strong><\/p>\n<p><strong>Specifications<\/strong><\/p>\n<table>\n<tbody>\n<tr>\n<td width=\"284\">Equipment<\/td>\n<td width=\"284\">All-Terrain Crane<\/td>\n<\/tr>\n<tr>\n<td width=\"284\">Place of Origin<\/td>\n<td width=\"284\">Trung Qu\u1ed1c<\/td>\n<\/tr>\n<tr>\n<td width=\"284\">Brand Name<\/td>\n<td width=\"284\">Sany<\/td>\n<\/tr>\n<tr>\n<td width=\"284\">Model Number<\/td>\n<td width=\"284\">SYM5556JQZ200C (SAC2000C8)<\/td>\n<\/tr>\n<tr>\n<td width=\"284\">Date of Manufacture<\/td>\n<td width=\"284\">2022-09<\/td>\n<\/tr>\n<tr>\n<td width=\"284\">Minimum Order Quantity<\/td>\n<td width=\"284\">1 section<\/td>\n<\/tr>\n<tr>\n<td width=\"284\">Packaging Details<\/td>\n<td width=\"284\">Roro Ship, Cargo Bulk Ship<\/td>\n<\/tr>\n<\/tbody>\n<\/table>\n<p><strong>\u00a0<\/strong><\/p>\n<p>&nbsp;<\/p>","protected":false},"excerpt":{"rendered":"<h2><strong>Xe c\u1ea9u \u0111\u1ecba h\u00ecnh SANY SYM5556JQZ200C \u0111\u00e3 qua s\u1eed d\u1ee5ng<br \/>\n<\/strong><\/h2>\n<h1>Th\u00f4ng tin chung<\/h1>\n<table>\n<tbody>\n<tr>\n<td width=\"288\"><strong>Th\u00f4ng s\u1ed1 k\u1ef9 thu\u1eadt<\/strong><\/td>\n<td width=\"288\"><strong>Chi ti\u1ebft<\/strong><\/td>\n<\/tr>\n<tr>\n<td width=\"288\"><strong>Lo\u1ea1i s\u1ea3n ph\u1ea9m<\/strong><\/td>\n<td width=\"288\">SYM5556JQZ200C (SAC2000C8)<\/td>\n<\/tr>\n<tr>\n<td width=\"288\"><strong>Nh\u00e0 s\u1ea3n xu\u1ea5t<\/strong><\/td>\n<td width=\"288\">C\u00f4ng ty TNHH S\u1ea3n xu\u1ea5t \u00d4 t\u00f4 SANY.<\/td>\n<\/tr>\n<tr>\n<td width=\"288\"><strong>\u0110\u1ecba ch\u1ec9<\/strong><\/td>\n<td width=\"288\">Khu c\u00f4ng nghi\u1ec7p SANY, Khu ph\u00e1t tri\u1ec3n kinh t\u1ebf v\u00e0 c\u00f4ng ngh\u1ec7 Changsha, Th\u00e0nh ph\u1ed1 Changsha, T\u1ec9nh H\u1ed3 Nam<\/td>\n<\/tr>\n<tr>\n<td width=\"288\"><strong>Ng\u00e0y s\u1ea3n xu\u1ea5t<\/strong><\/td>\n<td width=\"288\">2022.09<\/td>\n<\/tr>\n<tr>\n<td width=\"288\"><strong>N\u01b0\u1edbc s\u1ea3n xu\u1ea5t<\/strong><\/td>\n<td width=\"288\">S\u1ea3n xu\u1ea5t t\u1ea1i Trung Qu\u1ed1c<\/td>\n<\/tr>\n<tr>\n<td width=\"288\"><strong>S\u1ed1 nh\u1eadn d\u1ea1ng xe (VIN)<\/strong><\/td>\n<td width=\"288\"><strong>LFCNRG7P<\/strong><strong>1N3<\/strong><strong>00<\/strong><strong>1110<\/strong><\/td>\n<\/tr>\n<\/tbody>\n<\/table>\n<h1>Th\u00f4ng tin \u0111\u1ed9ng c\u01a1<\/h1>\n<table>\n<tbody>\n<tr>\n<td width=\"288\"><strong>Th\u00f4ng s\u1ed1 k\u1ef9 thu\u1eadt<\/strong><\/td>\n<td width=\"288\"><strong>Chi ti\u1ebft<\/strong><\/td>\n<\/tr>\n<tr>\n<td width=\"288\"><strong>M\u1eabu \u0111\u1ed9ng c\u01a1<\/strong><\/td>\n<td width=\"288\">WP12.460E62<\/td>\n<\/tr>\n<tr>\n<td width=\"288\"><strong>C\u00f4ng su\u1ea5t \u0111\u1ecbnh m\u1ee9c c\u1ee7a \u0111\u1ed9ng c\u01a1 \/ T\u1ed1c \u0111\u1ed9<\/strong><\/td>\n<td width=\"288\"><strong>338<\/strong><strong> kW @ 1.900 v\u00f2ng\/ph\u00fat<\/strong><\/td>\n<\/tr>\n<tr>\n<td width=\"288\"><strong>C\u00f4ng su\u1ea5t t\u1ed1i \u0111a c\u00f3 th\u1ec3 \u0111\u1ea1t \u0111\u01b0\u1ee3c c\u1ee7a \u0111\u1ed9ng c\u01a1 \/ T\u1ed1c \u0111\u1ed9<\/strong><\/td>\n<td width=\"288\"><strong>333<\/strong><strong> kW @ 1.900 v\u00f2ng\/ph\u00fat<\/strong><\/td>\n<\/tr>\n<\/tbody>\n<\/table>\n<h1>Th\u00f4ng tin v\u1ec1 tr\u1ecdng l\u01b0\u1ee3ng<\/h1>\n<table>\n<tbody>\n<tr>\n<td width=\"288\"><strong>Th\u00f4ng s\u1ed1 k\u1ef9 thu\u1eadt<\/strong><\/td>\n<td width=\"288\"><strong>Chi ti\u1ebft<\/strong><\/td>\n<\/tr>\n<tr>\n<td width=\"288\"><strong>Kh\u1ed1i l\u01b0\u1ee3ng v\u1ec9a h\u00e8 (Ho\u00e0n ch\u1ec9nh) <\/strong><strong>Xe c\u1ed9<\/strong><strong>)<\/strong><\/td>\n<td width=\"288\"><strong>54,860<\/strong><strong> kg<\/strong><\/td>\n<\/tr>\n<tr>\n<td width=\"288\"><strong>Kh\u1ed1i l\u01b0\u1ee3ng cho ph\u00e9p t\u1ed1i \u0111a<\/strong><\/td>\n<td width=\"288\"><strong>54,99<\/strong><strong>0 kg<\/strong><\/td>\n<\/tr>\n<\/tbody>\n<\/table>\n<h1>Hi\u1ec7u su\u1ea5t n\u00e2ng<\/h1>\n<table>\n<tbody>\n<tr>\n<td width=\"288\"><strong>Th\u00f4ng s\u1ed1 k\u1ef9 thu\u1eadt<\/strong><\/td>\n<td width=\"288\"><strong>Chi ti\u1ebft<\/strong><\/td>\n<\/tr>\n<tr>\n<td width=\"288\"><strong>T\u1ea3i tr\u1ecdng n\u00e2ng t\u1ed1i \u0111a \u0111\u1ecbnh m\u1ee9c<\/strong><\/td>\n<td width=\"288\"><strong>200 t\u1ea5n<\/strong><\/td>\n<\/tr>\n<tr>\n<td width=\"288\"><strong>B\u00e1n k\u00ednh l\u00e0m vi\u1ec7c (\u0111\u1ecbnh m\u1ee9c)<\/strong><\/td>\n<td width=\"288\"><strong>3 m\u00e9t<\/strong><\/td>\n<\/tr>\n<\/tbody>\n<\/table>\n<h1><\/h1>\n<h1>Th\u00f4ng tin b\u1ed5 sung<\/h1>\n<table>\n<tbody>\n<tr>\n<td width=\"288\"><strong>Th\u00f4ng s\u1ed1 k\u1ef9 thu\u1eadt<\/strong><\/td>\n<td width=\"288\"><strong>Chi ti\u1ebft<\/strong><\/td>\n<\/tr>\n<tr>\n<td width=\"288\"><strong>K\u00edch th\u01b0\u1edbc t\u1ed5ng th\u1ec3 (D\u00e0i \u00d7 R\u1ed9ng \u00d7 Cao)<\/strong><\/td>\n<td width=\"288\"><strong>1<\/strong><strong>6<\/strong><strong>,<\/strong><strong>145<\/strong><strong> mm \u00d7 <\/strong><strong>3<\/strong><strong>,<\/strong><strong>0<\/strong><strong>00 mm \u00d7 <\/strong><strong>4<\/strong><strong>,<\/strong><strong>000<\/strong><strong> mm<\/strong><\/td>\n<\/tr>\n<tr>\n<td width=\"288\"><strong>Khung g\u1ea7m xe t\u1ea3i<\/strong><\/td>\n<td width=\"288\"><strong>Xe t\u1ea3i 5 tr\u1ee5c AT, ch\u00e2n ch\u1ed1ng ki\u1ec3u H, h\u1ec7 th\u1ed1ng treo th\u1ee7y l\u1ef1c-kh\u00ed n\u00e9n<\/strong><\/td>\n<\/tr>\n<tr>\n<td width=\"288\"><strong>H\u1ec7 th\u1ed1ng l\u00e1i<\/strong><\/td>\n<td width=\"288\"><strong>H\u1ec7 d\u1eabn \u0111\u1ed9ng b\u1ed1n b\u00e1nh, 6 ch\u1ebf \u0111\u1ed9, b\u00e1n k\u00ednh quay v\u00f2ng t\u1ed1i thi\u1ec3u \u224810 m<\/strong><\/td>\n<\/tr>\n<tr>\n<td width=\"288\"><strong>C\u1ea5u h\u00ecnh l\u00e1i \/ \u0111i\u1ec1u khi\u1ec3n<\/strong><\/td>\n<td width=\"288\"><strong>10\u00d76\u00d710 ti\u00eau chu\u1ea9n; 10\u00d78\u00d710 t\u00f9y ch\u1ecdn<\/strong><\/td>\n<\/tr>\n<tr>\n<td width=\"288\"><strong>Hi\u1ec7u su\u1ea5t du l\u1ecbch<\/strong><\/td>\n<td width=\"288\"><strong>T\u1ed1c \u0111\u1ed9 t\u1ed1i \u0111a 80 km\/h; kh\u1ea3 n\u0103ng leo d\u1ed1c 45%; g\u00f3c ti\u1ebfp c\u1eadn 16\u00b0, g\u00f3c r\u1eddi 12\u00b0<\/strong><\/td>\n<\/tr>\n<tr>\n<td width=\"288\"><strong>\u0110\u1ed9ng c\u01a1 si\u00eau c\u1ea5u tr\u00fac<\/strong><\/td>\n<td width=\"288\"><strong>DF Cummins QSB6.7, c\u00f4ng su\u1ea5t 194 kW, b\u00ecnh ch\u1ee9a 285 l\u00edt<\/strong><\/td>\n<\/tr>\n<tr>\n<td width=\"288\"><strong>\u0110\u1ed9ng c\u01a1 truy\u1ec1n \u0111\u1ed9ng \/ H\u1ec7 truy\u1ec1n \u0111\u1ed9ng<\/strong><\/td>\n<td width=\"288\"><strong>DF Cummins QSZ13-C525-30 + H\u1ed9p s\u1ed1 FAST + H\u1ed9p s\u1ed1 Zhuzhou + Tr\u1ee5c HanDe<\/strong><\/td>\n<\/tr>\n<\/tbody>\n<\/table>\n<p>&nbsp;<\/p>\n<h2><strong>\u00a0<\/strong><\/h2>","protected":false},"featured_media":31728,"comment_status":"open","ping_status":"closed","template":"","meta":{"_acf_changed":false,"_eb_attr":"","_eb_data_table":""},"product_brand":[],"product_cat":[204],"product_tag":[],"class_list":{"0":"post-1006","1":"product","2":"type-product","3":"status-publish","4":"has-post-thumbnail","6":"product_cat-mobile-truck-crane","8":"first","9":"instock","10":"shipping-taxable","11":"product-type-simple"},"acf":[],"aioseo_notices":[],"_links":{"self":[{"href":"https:\/\/colorskyco.com\/vi\/wp-json\/wp\/v2\/product\/1006","targetHints":{"allow":["GET"]}}],"collection":[{"href":"https:\/\/colorskyco.com\/vi\/wp-json\/wp\/v2\/product"}],"about":[{"href":"https:\/\/colorskyco.com\/vi\/wp-json\/wp\/v2\/types\/product"}],"replies":[{"embeddable":true,"href":"https:\/\/colorskyco.com\/vi\/wp-json\/wp\/v2\/comments?post=1006"}],"version-history":[{"count":5,"href":"https:\/\/colorskyco.com\/vi\/wp-json\/wp\/v2\/product\/1006\/revisions"}],"predecessor-version":[{"id":31366,"href":"https:\/\/colorskyco.com\/vi\/wp-json\/wp\/v2\/product\/1006\/revisions\/31366"}],"wp:featuredmedia":[{"embeddable":true,"href":"https:\/\/colorskyco.com\/vi\/wp-json\/wp\/v2\/media\/31728"}],"wp:attachment":[{"href":"https:\/\/colorskyco.com\/vi\/wp-json\/wp\/v2\/media?parent=1006"}],"wp:term":[{"taxonomy":"product_brand","embeddable":true,"href":"https:\/\/colorskyco.com\/vi\/wp-json\/wp\/v2\/product_brand?post=1006"},{"taxonomy":"product_cat","embeddable":true,"href":"https:\/\/colorskyco.com\/vi\/wp-json\/wp\/v2\/product_cat?post=1006"},{"taxonomy":"product_tag","embeddable":true,"href":"https:\/\/colorskyco.com\/vi\/wp-json\/wp\/v2\/product_tag?post=1006"}],"curies":[{"name":"wp","href":"https:\/\/api.w.org\/{rel}","templated":true}]}}