{"id":1029,"date":"2025-09-29T07:57:30","date_gmt":"2025-09-29T07:57:30","guid":{"rendered":"https:\/\/demo2.mevksa.com\/?post_type=product&#038;p=1029"},"modified":"2025-11-30T13:53:51","modified_gmt":"2025-11-30T05:53:51","slug":"2023-used-sany-truck-crane-50t-sym5436jqz-stc500-6","status":"publish","type":"product","link":"https:\/\/colorskyco.com\/vi\/product\/2023-used-sany-truck-crane-50t-sym5436jqz-stc500-6\/","title":{"rendered":"Xe c\u1ea9u SANY \u0111\u00e3 qua s\u1eed d\u1ee5ng n\u0103m 2023, t\u1ea3i tr\u1ecdng 50 t\u1ea5n, model SYM5436JQZ (STC500-6)"},"content":{"rendered":"<p><span style=\"color: #000000;\"><strong>Product Details<\/strong><\/span><\/p>\n<p><span style=\"color: #000000;\"><strong>Used Sany Truck Crane \u00a0has excellent mechanical performance, simple operation and easy to use<\/strong><\/span><\/p>\n<p><span style=\"color: #000000;\"><strong>Specifications<\/strong><\/span><\/p>\n<table>\n<tbody>\n<tr>\n<td width=\"284\"><span style=\"color: #000000;\">Equipment<\/span><\/td>\n<td width=\"284\"><span style=\"color: #000000;\">Full Hydraulic Truck Crane<\/span><\/td>\n<\/tr>\n<tr>\n<td width=\"284\"><span style=\"color: #000000;\">Place of Origin<\/span><\/td>\n<td width=\"284\"><span style=\"color: #000000;\">Trung Qu\u1ed1c<\/span><\/td>\n<\/tr>\n<tr>\n<td width=\"284\"><span style=\"color: #000000;\">Brand Name<\/span><\/td>\n<td width=\"284\"><span style=\"color: #000000;\">Sany<\/span><\/td>\n<\/tr>\n<tr>\n<td width=\"284\"><span style=\"color: #000000;\">Model Number<\/span><\/td>\n<td width=\"284\"><span style=\"color: #000000;\">SYM5436JQZ (STC500-6)<\/span><\/td>\n<\/tr>\n<tr>\n<td width=\"284\"><span style=\"color: #000000;\">Date of Manufacture<\/span><\/td>\n<td width=\"284\"><span style=\"color: #000000;\">2021-03<\/span><\/td>\n<\/tr>\n<tr>\n<td width=\"284\"><span style=\"color: #000000;\">Minimum Order Quantity<\/span><\/td>\n<td width=\"284\"><span style=\"color: #000000;\">1 section<\/span><\/td>\n<\/tr>\n<tr>\n<td width=\"284\"><span style=\"color: #000000;\">Packaging Details<\/span><\/td>\n<td width=\"284\"><span style=\"color: #000000;\">Roro Ship, Cargo Bulk Ship<\/span><\/td>\n<\/tr>\n<\/tbody>\n<\/table>\n<p>&nbsp;<\/p>","protected":false},"excerpt":{"rendered":"<h2><strong><b>SANY SYM5436JQZ (STC500-6) Truck Crane &#8211; Technical Data Sheet<\/b><\/strong><\/h2>\n<h1>Th\u00f4ng tin chung<\/h1>\n<table>\n<tbody>\n<tr>\n<td width=\"288\"><strong>Th\u00f4ng s\u1ed1 k\u1ef9 thu\u1eadt<\/strong><\/td>\n<td width=\"288\"><strong>Chi ti\u1ebft<\/strong><\/td>\n<\/tr>\n<tr>\n<td width=\"288\"><strong>Lo\u1ea1i s\u1ea3n ph\u1ea9m<\/strong><\/td>\n<td width=\"288\">SYM5436JQZ (STC500-6)<\/td>\n<\/tr>\n<tr>\n<td width=\"288\"><strong>Nh\u00e0 s\u1ea3n xu\u1ea5t<\/strong><\/td>\n<td width=\"288\">C\u00f4ng ty TNHH S\u1ea3n xu\u1ea5t \u00d4 t\u00f4 SANY.<\/td>\n<\/tr>\n<tr>\n<td width=\"288\"><strong>\u0110\u1ecba ch\u1ec9<\/strong><\/td>\n<td width=\"288\">Khu c\u00f4ng nghi\u1ec7p SANY, Khu ph\u00e1t tri\u1ec3n kinh t\u1ebf v\u00e0 c\u00f4ng ngh\u1ec7 Changsha, Th\u00e0nh ph\u1ed1 Changsha, T\u1ec9nh H\u1ed3 Nam<\/td>\n<\/tr>\n<tr>\n<td width=\"288\"><strong>Ng\u00e0y s\u1ea3n xu\u1ea5t<\/strong><\/td>\n<td width=\"288\">2021.03<\/td>\n<\/tr>\n<tr>\n<td width=\"288\"><strong>N\u01b0\u1edbc s\u1ea3n xu\u1ea5t<\/strong><\/td>\n<td width=\"288\">S\u1ea3n xu\u1ea5t t\u1ea1i Trung Qu\u1ed1c<\/td>\n<\/tr>\n<\/tbody>\n<\/table>\n<h1>\u0110\u1ed9ng c\u01a1<\/h1>\n<table>\n<tbody>\n<tr>\n<td width=\"288\"><strong>Th\u00f4ng s\u1ed1 k\u1ef9 thu\u1eadt<\/strong><\/td>\n<td width=\"288\"><strong>Chi ti\u1ebft<\/strong><\/td>\n<\/tr>\n<tr>\n<td width=\"288\"><strong>M\u00f4 h\u00ecnh<\/strong><\/td>\n<td width=\"288\">\u00a0YCK09360-60<\/td>\n<\/tr>\n<tr>\n<td width=\"288\"><strong>Lo\u1ea1i<\/strong><\/td>\n<td width=\"288\">\u0110\u1ed9ng c\u01a1 diesel 4 th\u00ec, t\u0103ng \u00e1p, l\u00e0m m\u00e1t b\u1eb1ng n\u01b0\u1edbc<\/td>\n<\/tr>\n<tr>\n<td width=\"288\"><strong>Ti\u00eau chu\u1ea9n ph\u00e1t th\u1ea3i<\/strong><\/td>\n<td width=\"288\">\u00a0Trung Qu\u1ed1c VI (t\u01b0\u01a1ng \u0111\u01b0\u01a1ng Euro VI)<\/td>\n<\/tr>\n<tr>\n<td width=\"288\"><strong>C\u00f4ng su\u1ea5t \u0111\u1ecbnh m\u1ee9c<\/strong><\/td>\n<td width=\"288\">265 kW @ 1.900 v\u00f2ng\/ph\u00fat<\/td>\n<\/tr>\n<tr>\n<td width=\"288\"><strong>C\u00f4ng su\u1ea5t t\u1ed1i \u0111a c\u00f3 s\u1eb5n<\/strong><\/td>\n<td width=\"288\">260 kW @ 1.900 v\u00f2ng\/ph\u00fat<\/td>\n<\/tr>\n<\/tbody>\n<\/table>\n<h1>Hi\u1ec7u su\u1ea5t<\/h1>\n<table>\n<tbody>\n<tr>\n<td width=\"288\"><strong>Th\u00f4ng s\u1ed1 k\u1ef9 thu\u1eadt<\/strong><\/td>\n<td width=\"288\"><strong>Chi ti\u1ebft<\/strong><\/td>\n<\/tr>\n<tr>\n<td width=\"288\"><strong>T\u1ea3i tr\u1ecdng n\u00e2ng t\u1ed1i \u0111a \u0111\u1ecbnh m\u1ee9c<\/strong><\/td>\n<td width=\"288\">50 t\u1ea5n (t\u1ea1i b\u00e1n k\u00ednh 3 m\u00e9t)<\/td>\n<\/tr>\n<tr>\n<td width=\"288\"><strong>M\u00f4-men n\u00e2ng t\u1ed1i \u0111a<\/strong><strong>t<\/strong><\/td>\n<td width=\"288\">\u00a0~2000 kN\u00b7m (th\u00f4ng th\u01b0\u1eddng)<\/td>\n<\/tr>\n<tr>\n<td width=\"288\"><strong>Chi\u1ec1u cao n\u00e2ng t\u1ed1i \u0111a (c\u1ea7n ch\u00ednh + c\u1ea7n ph\u1ee5)<\/strong><\/td>\n<td width=\"288\">~57 m (c\u1ea7n c\u1ea9u ~43 m + c\u1ea7n ph\u1ee5 ~14 m)<\/td>\n<\/tr>\n<tr>\n<td width=\"288\"><strong>Chi\u1ec1u d\u00e0i boom<\/strong><\/td>\n<td width=\"288\">~11 \u2013 43 m (5 ph\u1ea7n)<\/td>\n<\/tr>\n<tr>\n<td width=\"288\"><strong>Chi\u1ec1u d\u00e0i c\u1ea7n c\u1ea9u<\/strong><\/td>\n<td width=\"288\">\u00a0~14 m (t\u00f9y ch\u1ecdn)<\/td>\n<\/tr>\n<tr>\n<td width=\"288\"><strong>Kho\u1ea3ng c\u00e1ch c\u1ee7a thanh ch\u1ed1ng<\/strong><\/td>\n<td width=\"288\">~7,5 m (d\u1ecdc) \u00d7 6,0 m (ngang)<\/td>\n<\/tr>\n<tr>\n<td width=\"288\"><strong>T\u1ed1c \u0111\u1ed9 xoay<\/strong><\/td>\n<td width=\"288\">\u00a00\u20132,5 v\u00f2ng\/ph\u00fat<\/td>\n<\/tr>\n<\/tbody>\n<\/table>\n<h1>C\u00e2n n\u1eb7ng<\/h1>\n<table>\n<tbody>\n<tr>\n<td width=\"288\"><strong>Th\u00f4ng s\u1ed1 k\u1ef9 thu\u1eadt<\/strong><\/td>\n<td width=\"288\"><strong>Chi ti\u1ebft<\/strong><\/td>\n<\/tr>\n<tr>\n<td width=\"288\"><strong>Kh\u1ed1i l\u01b0\u1ee3ng v\u1ec9a h\u00e8<\/strong><\/td>\n<td width=\"288\">42.370 kg<\/td>\n<\/tr>\n<tr>\n<td width=\"288\"><strong>Kh\u1ed1i l\u01b0\u1ee3ng t\u1ed5ng th\u1ec3 c\u1ee7a ph\u01b0\u01a1ng ti\u1ec7n<\/strong><strong>s<\/strong><\/td>\n<td width=\"288\">42.500 kg<\/td>\n<\/tr>\n<tr>\n<td width=\"288\"><strong>T\u1ea3i tr\u1ecdng tr\u1ee5c tr\u01b0\u1edbc<\/strong><\/td>\n<td width=\"288\">\u00a0~17.000 kg<\/td>\n<\/tr>\n<tr>\n<td width=\"288\"><strong>T\u1ea3i tr\u1ecdng tr\u1ee5c sau<\/strong><\/td>\n<td width=\"288\">\u00a0~25.500 kg<\/td>\n<\/tr>\n<\/tbody>\n<\/table>\n<h1>K\u00edch th\u01b0\u1edbc<\/h1>\n<table>\n<tbody>\n<tr>\n<td width=\"288\"><strong>Th\u00f4ng s\u1ed1 k\u1ef9 thu\u1eadt<\/strong><\/td>\n<td width=\"288\"><strong>Chi ti\u1ebft<\/strong><\/td>\n<\/tr>\n<tr>\n<td width=\"288\"><strong>K\u00edch th\u01b0\u1edbc t\u1ed5ng th\u1ec3 (D\u00e0i \u00d7 R\u1ed9ng \u00d7 Cao)<\/strong><\/td>\n<td width=\"288\">\u00a014.420 \u00d7 2.800 \u00d7 3.885 mm<\/td>\n<\/tr>\n<tr>\n<td width=\"288\"><strong>Chi\u1ec1u d\u00e0i c\u01a1 s\u1edf<\/strong><\/td>\n<td width=\"288\">\u00a0~4.750 + 1.350 mm<\/td>\n<\/tr>\n<tr>\n<td width=\"288\"><strong>G\u00f3c ti\u1ebfp c\u1eadn<\/strong><\/td>\n<td width=\"288\">\u00a016\u00b0<\/td>\n<\/tr>\n<tr>\n<td width=\"288\"><strong>G\u00f3c c\u1ea5t c\u00e1nh<\/strong><\/td>\n<td width=\"288\">13\u00b0<\/td>\n<\/tr>\n<tr>\n<td width=\"288\"><strong>B\u00e1n k\u00ednh quay t\u1ed1i thi\u1ec3u<\/strong><\/td>\n<td width=\"288\">\u00a012 m\u00e9t<\/td>\n<\/tr>\n<\/tbody>\n<\/table>\n<h1>Khung g\u1ea7m<\/h1>\n<table>\n<tbody>\n<tr>\n<td width=\"288\"><strong>Th\u00f4ng s\u1ed1 k\u1ef9 thu\u1eadt<\/strong><\/td>\n<td width=\"288\"><strong>Chi ti\u1ebft<\/strong><\/td>\n<\/tr>\n<tr>\n<td width=\"288\"><strong>L\u00e1i xe<\/strong><\/td>\n<td width=\"288\">\u0110\u1ed9ng c\u01a1: 10 \u00d7 4<\/td>\n<\/tr>\n<tr>\n<td width=\"288\"><strong>Truy\u1ec1n \u0111\u1ed9ng<\/strong><\/td>\n<td width=\"288\">\u00a0Th\u1ee7 c\u00f4ng \/ T\u1ef1 \u0111\u1ed9ng Th\u1ee7 c\u00f4ng (12F + 2R)<\/td>\n<\/tr>\n<tr>\n<td width=\"288\"><strong>T\u1ed1c \u0111\u1ed9 di chuy\u1ec3n t\u1ed1i \u0111a<\/strong><strong>d<\/strong><\/td>\n<td width=\"288\">\u00a085 km\/h<\/td>\n<\/tr>\n<tr>\n<td width=\"288\"><strong>Kh\u1ea3 n\u0103ng \u0111\u00e1nh gi\u00e1<\/strong><\/td>\n<td width=\"288\">40%<\/td>\n<\/tr>\n<tr>\n<td width=\"288\"><strong>H\u1ec7 th\u1ed1ng treo<\/strong><\/td>\n<td width=\"288\">L\u00f2 xo l\u00e1 c\u00f3 b\u1ed9 gi\u1ea3m ch\u1ea5n<\/td>\n<\/tr>\n<tr>\n<td width=\"288\"><strong>L\u1ed1p xe<\/strong><\/td>\n<td width=\"288\">\u00a012.00R20 (ho\u1eb7c 315\/80R22.5)<\/td>\n<\/tr>\n<\/tbody>\n<\/table>\n<h1>H\u1ec7 th\u1ed1ng th\u1ee7y l\u1ef1c<\/h1>\n<table>\n<tbody>\n<tr>\n<td width=\"288\"><strong>Th\u00f4ng s\u1ed1 k\u1ef9 thu\u1eadt<\/strong><\/td>\n<td width=\"288\"><strong>Chi ti\u1ebft<\/strong><\/td>\n<\/tr>\n<tr>\n<td width=\"288\"><strong>Lo\u1ea1i<\/strong><strong>e<\/strong><\/td>\n<td width=\"288\">\u00a0M\u1ea1ch h\u1edf v\u1edbi b\u01a1m c\u00f3 dung t\u00edch bi\u1ebfn \u0111\u1ed5i<\/td>\n<\/tr>\n<tr>\n<td width=\"288\"><strong>L\u01b0u l\u01b0\u1ee3ng b\u01a1m ch\u00ednh<\/strong><\/td>\n<td width=\"288\">\u00a0~2 \u00d7 250 l\u00edt\/ph\u00fat<\/td>\n<\/tr>\n<tr>\n<td width=\"288\"><strong>Dung t\u00edch b\u1ed3n ch\u1ee9a d\u1ea7u th\u1ee7y l\u1ef1c<\/strong><\/td>\n<td width=\"288\">~600 l\u00edt<\/td>\n<\/tr>\n<tr>\n<td width=\"288\"><strong>Ch\u1ebf \u0111\u1ed9 \u0111i\u1ec1u khi\u1ec3n<\/strong><\/td>\n<td width=\"288\">\u0110i\u1ec1u khi\u1ec3n t\u1ef7 l\u1ec7 cho m\u00e1y bay th\u1eed nghi\u1ec7m<\/td>\n<\/tr>\n<\/tbody>\n<\/table>\n<h1>Thi\u1ebft b\u1ecb an to\u00e0n<\/h1>\n<table>\n<tbody>\n<tr>\n<td width=\"288\"><strong>Th\u00f4ng s\u1ed1 k\u1ef9 thu\u1eadt<\/strong><\/td>\n<td width=\"288\"><strong>Chi ti\u1ebft<\/strong><\/td>\n<\/tr>\n<tr>\n<td colspan=\"2\" width=\"576\"><strong>Gi\u1edbi h\u1ea1n m\u00f4-men t\u1ea3i (LMI)<\/strong><\/td>\n<\/tr>\n<tr>\n<td colspan=\"2\" width=\"576\"><strong>B\u1ea3o v\u1ec7 qu\u00e1 t\u1ea3i n\u00e2ng v\u00e0 h\u1ea1<\/strong><\/td>\n<\/tr>\n<tr>\n<td colspan=\"2\" width=\"576\"><strong>Ch\u1ec9 b\u00e1o g\u00f3c m\u1edf r\u1ed9ng<\/strong><\/td>\n<\/tr>\n<tr>\n<td colspan=\"2\" width=\"576\"><strong>H\u1ec7 th\u1ed1ng gi\u00e1m s\u00e1t c\u1ea7n c\u1ea9u<\/strong><\/td>\n<\/tr>\n<tr>\n<td colspan=\"2\" width=\"576\"><strong>\u00a0H\u1ec7 th\u1ed1ng d\u1eebng kh\u1ea9n c\u1ea5p<\/strong><\/td>\n<\/tr>\n<\/tbody>\n<\/table>","protected":false},"featured_media":31595,"comment_status":"open","ping_status":"closed","template":"","meta":{"_acf_changed":false,"_eb_attr":"","_eb_data_table":""},"product_brand":[],"product_cat":[204],"product_tag":[],"class_list":{"0":"post-1029","1":"product","2":"type-product","3":"status-publish","4":"has-post-thumbnail","6":"product_cat-mobile-truck-crane","8":"first","9":"instock","10":"shipping-taxable","11":"product-type-simple"},"acf":[],"aioseo_notices":[],"_links":{"self":[{"href":"https:\/\/colorskyco.com\/vi\/wp-json\/wp\/v2\/product\/1029","targetHints":{"allow":["GET"]}}],"collection":[{"href":"https:\/\/colorskyco.com\/vi\/wp-json\/wp\/v2\/product"}],"about":[{"href":"https:\/\/colorskyco.com\/vi\/wp-json\/wp\/v2\/types\/product"}],"replies":[{"embeddable":true,"href":"https:\/\/colorskyco.com\/vi\/wp-json\/wp\/v2\/comments?post=1029"}],"version-history":[{"count":4,"href":"https:\/\/colorskyco.com\/vi\/wp-json\/wp\/v2\/product\/1029\/revisions"}],"predecessor-version":[{"id":31880,"href":"https:\/\/colorskyco.com\/vi\/wp-json\/wp\/v2\/product\/1029\/revisions\/31880"}],"wp:featuredmedia":[{"embeddable":true,"href":"https:\/\/colorskyco.com\/vi\/wp-json\/wp\/v2\/media\/31595"}],"wp:attachment":[{"href":"https:\/\/colorskyco.com\/vi\/wp-json\/wp\/v2\/media?parent=1029"}],"wp:term":[{"taxonomy":"product_brand","embeddable":true,"href":"https:\/\/colorskyco.com\/vi\/wp-json\/wp\/v2\/product_brand?post=1029"},{"taxonomy":"product_cat","embeddable":true,"href":"https:\/\/colorskyco.com\/vi\/wp-json\/wp\/v2\/product_cat?post=1029"},{"taxonomy":"product_tag","embeddable":true,"href":"https:\/\/colorskyco.com\/vi\/wp-json\/wp\/v2\/product_tag?post=1029"}],"curies":[{"name":"wp","href":"https:\/\/api.w.org\/{rel}","templated":true}]}}