{"id":30566,"date":"2025-01-17T14:37:40","date_gmt":"2025-01-17T14:37:40","guid":{"rendered":"https:\/\/demo2.mevksa.com\/?post_type=product&#038;p=23"},"modified":"2025-11-30T13:57:32","modified_gmt":"2025-11-30T05:57:32","slug":"2023-zoomlion-concrete-pump-truck-38-meters-installed-faw-jiefang-chassis-for-sale","status":"publish","type":"product","link":"https:\/\/colorskyco.com\/vi\/product\/2023-zoomlion-concrete-pump-truck-38-meters-installed-faw-jiefang-chassis-for-sale\/","title":{"rendered":"Xe b\u01a1m b\u00ea t\u00f4ng Zoomlion 2023, chi\u1ec1u d\u00e0i 38 m\u00e9t, \u0111\u01b0\u1ee3c l\u1eafp \u0111\u1eb7t tr\u00ean khung g\u1ea7m FAW Jiefang, hi\u1ec7n \u0111ang \u0111\u01b0\u1ee3c rao b\u00e1n."},"content":{"rendered":"<p class=\"prodect_info\"><strong>Product Details<\/strong><\/p>\n<p class=\"product_list\">Place of Origin: China<br \/>\nBrand Name: Zoomlion<br \/>\nModel Number: 38M<\/p>\n<p class=\"prodect_info\"><strong>Payment &amp; Shipping Terms<\/strong><\/p>\n<p class=\"product_list\">Minimum Order Quantity: 1 section<br \/>\nPackaging Details: Container, Bulk cargo ship, Flat rack ship, RO RO ship<\/p>","protected":false},"excerpt":{"rendered":"<p><strong>Xe b\u01a1m b\u00ea t\u00f4ng Zoomlion 2023, chi\u1ec1u d\u00e0i 38 m\u00e9t, \u0111\u01b0\u1ee3c l\u1eafp \u0111\u1eb7t tr\u00ean khung g\u1ea7m FAW Jiefang, hi\u1ec7n \u0111ang \u0111\u01b0\u1ee3c rao b\u00e1n.<\/strong><br \/>\n1.concrete pump truck manufacturers<br \/>\n2.concrete pump truck\u00a0Direct sale in stock<br \/>\n3.second hand pump truck<\/p>\n<p>Under very good condition<br \/>\nPerfect original condition 38 m with 2 axles.<br \/>\nStrict and professional workshop<br \/>\nStable working and all fuctions are nomal.<br \/>\nWith\u00a0FAW Jiefang\u00a0Chassis.<br \/>\nWe do professional repair, provide high quality equipment to our customers.<br \/>\n<b><\/b><\/p>\n<p><b>Ch\u00ednh\u00a0<\/b><b>Tham s\u1ed1:<\/b><\/p>\n<table border=\"1\" cellspacing=\"0\" cellpadding=\"0\">\n<tbody>\n<tr>\n<td>Thi\u1ebft b\u1ecb cho b\u00ea t\u00f4ng<\/td>\n<td><\/td>\n<\/tr>\n<tr>\n<td>N\u0103m b\u01a1m<\/td>\n<td>N\u0103m 2023<\/td>\n<\/tr>\n<tr>\n<td>C\u00e1c \u0111o\u1ea1n boom<\/td>\n<td>\u00a02 ph\u1ea7n g\u1ea5p RZ<\/td>\n<\/tr>\n<tr>\n<td>\u0110\u1ed9 cao t\u1ed1i \u0111a<\/td>\n<td>37,1 tri\u1ec7u<\/td>\n<\/tr>\n<tr>\n<td>Ph\u1ea1m vi ngang<\/td>\n<td>32,36 m\u00e9t<\/td>\n<\/tr>\n<tr>\n<td>S\u1ea3n l\u01b0\u1ee3ng b\u00ea t\u00f4ng t\u1ed1i \u0111a<\/td>\n<td>125 m\u00e9t kh\u1ed1i m\u1ed7i gi\u1edd<\/td>\n<\/tr>\n<tr>\n<td>B\u00e1o ch\u00ed<\/td>\n<td>\u00a013 megapascal<\/td>\n<\/tr>\n<tr>\n<td>\u0110i\u1ec1u khi\u1ec3n t\u1eeb xa b\u1eb1ng radio<\/td>\n<td>B\u1ed9 \u0111i\u1ec1u khi\u1ec3n t\u1eeb xa cho m\u00e1y b\u01a1m b\u00ea t\u00f4ng<\/td>\n<\/tr>\n<tr>\n<td>Th\u01b0\u01a1ng hi\u1ec7u \u0111i\u1ec1u khi\u1ec3n t\u1eeb xa b\u1eb1ng radio<\/td>\n<td>B\u1ed9 \u0111i\u1ec1u khi\u1ec3n t\u1eeb xa HBC<\/td>\n<\/tr>\n<tr>\n<td>\u0110i\u1ec1u ki\u1ec7n<\/td>\n<td>\u0110\u00e3 qua s\u1eed d\u1ee5ng nh\u01b0ng v\u1eabn \u1edf t\u00ecnh tr\u1ea1ng \u1ed5n \u0111\u1ecbnh.<\/td>\n<\/tr>\n<tr>\n<td>Ti\u00eau chu\u1ea9n s\u1eeda ch\u1eefa<\/td>\n<td>B\u1ea3o tr\u00ec c\u01a1 b\u1ea3n<\/td>\n<\/tr>\n<tr>\n<td>Th\u01b0\u01a1ng hi\u1ec7u xe t\u1ea3i<\/td>\n<td>Khung g\u1ea7m Jiefang<\/td>\n<\/tr>\n<tr>\n<td>Lo\u1ea1i \u0111\u1ed9ng c\u01a1<\/td>\n<td>D\u1ea7u diesel<\/td>\n<\/tr>\n<tr>\n<td>C\u00f4ng su\u1ea5t \u0111\u1ed9ng c\u01a1 t\u1ed1i \u0111a<\/td>\n<td>252 kW<\/td>\n<\/tr>\n<tr>\n<td>K\u00edch th\u01b0\u1edbc (D\u00e0i \u00d7 R\u1ed9ng \u00d7 Cao)<\/td>\n<td>9950 mm \u00d7 2550 mm \u00d7 3960 mm<\/td>\n<\/tr>\n<tr>\n<td>T\u1ed5ng tr\u1ecdng l\u01b0\u1ee3ng<\/td>\n<td>23.000 kg<\/td>\n<\/tr>\n<tr>\n<td>C\u00e1c h\u1ea1ng m\u1ee5c b\u1ea3o tr\u00ec<\/td>\n<td>Ph\u1ee5 ki\u1ec7n Hopper; t\u1ea5m kim lo\u1ea1i; ki\u1ec3m tra v\u00e0 th\u1eed nghi\u1ec7m to\u00e0n b\u1ed9 h\u1ec7 th\u1ed1ng; v\u1ec7 sinh.<\/td>\n<\/tr>\n<\/tbody>\n<\/table>","protected":false},"featured_media":31033,"comment_status":"open","ping_status":"closed","template":"","meta":{"_acf_changed":false,"_eb_attr":"","_eb_data_table":""},"product_brand":[],"product_cat":[202],"product_tag":[],"class_list":{"0":"post-30566","1":"product","2":"type-product","3":"status-publish","4":"has-post-thumbnail","6":"product_cat-truck-mounted-concrete-pump","8":"first","9":"instock","10":"shipping-taxable","11":"product-type-simple"},"acf":[],"aioseo_notices":[],"_links":{"self":[{"href":"https:\/\/colorskyco.com\/vi\/wp-json\/wp\/v2\/product\/30566","targetHints":{"allow":["GET"]}}],"collection":[{"href":"https:\/\/colorskyco.com\/vi\/wp-json\/wp\/v2\/product"}],"about":[{"href":"https:\/\/colorskyco.com\/vi\/wp-json\/wp\/v2\/types\/product"}],"replies":[{"embeddable":true,"href":"https:\/\/colorskyco.com\/vi\/wp-json\/wp\/v2\/comments?post=30566"}],"version-history":[{"count":2,"href":"https:\/\/colorskyco.com\/vi\/wp-json\/wp\/v2\/product\/30566\/revisions"}],"predecessor-version":[{"id":31887,"href":"https:\/\/colorskyco.com\/vi\/wp-json\/wp\/v2\/product\/30566\/revisions\/31887"}],"wp:featuredmedia":[{"embeddable":true,"href":"https:\/\/colorskyco.com\/vi\/wp-json\/wp\/v2\/media\/31033"}],"wp:attachment":[{"href":"https:\/\/colorskyco.com\/vi\/wp-json\/wp\/v2\/media?parent=30566"}],"wp:term":[{"taxonomy":"product_brand","embeddable":true,"href":"https:\/\/colorskyco.com\/vi\/wp-json\/wp\/v2\/product_brand?post=30566"},{"taxonomy":"product_cat","embeddable":true,"href":"https:\/\/colorskyco.com\/vi\/wp-json\/wp\/v2\/product_cat?post=30566"},{"taxonomy":"product_tag","embeddable":true,"href":"https:\/\/colorskyco.com\/vi\/wp-json\/wp\/v2\/product_tag?post=30566"}],"curies":[{"name":"wp","href":"https:\/\/api.w.org\/{rel}","templated":true}]}}