{"id":31483,"date":"2025-11-24T12:34:36","date_gmt":"2025-11-24T04:34:36","guid":{"rendered":"https:\/\/colorskyco.com\/?post_type=product&#038;p=31483"},"modified":"2025-11-30T14:34:34","modified_gmt":"2025-11-30T06:34:34","slug":"used-sany-sr405r-rotary-drilling-rig-2020","status":"publish","type":"product","link":"https:\/\/colorskyco.com\/vi\/product\/used-sany-sr405r-rotary-drilling-rig-2020\/","title":{"rendered":"M\u00e1y khoan xoay SANY SR405R \u0111\u00e3 qua s\u1eed d\u1ee5ng n\u0103m 2020"},"content":{"rendered":"<p><span style=\"color: #000000;\"><strong>Product Details<\/strong><\/span><\/p>\n<p><span style=\"color: #000000;\">The used <strong>SANY SR405H rotary drilling rig<\/strong> is now available for sale.<\/span><br \/>\n<span style=\"color: #000000;\">Well-maintained and ready for immediate operation.<\/span><\/p>\n<p><span style=\"color: #000000;\"><strong>Specifications<\/strong><\/span><\/p>\n<table>\n<tbody>\n<tr>\n<td width=\"284\">Equipment<\/td>\n<td width=\"284\">Rotary Drilling Rig<\/td>\n<\/tr>\n<tr>\n<td width=\"284\">Place of Origin<\/td>\n<td width=\"284\">Trung Qu\u1ed1c<\/td>\n<\/tr>\n<tr>\n<td width=\"284\">Brand Name<\/td>\n<td width=\"284\">Sany<\/td>\n<\/tr>\n<tr>\n<td width=\"284\">Model Number<\/td>\n<td width=\"284\">SR405H<\/td>\n<\/tr>\n<tr>\n<td width=\"284\">Date of Manufacture<\/td>\n<td width=\"284\">2020-11<\/td>\n<\/tr>\n<tr>\n<td width=\"284\">Minimum Order Quantity<\/td>\n<td width=\"284\">1 section<\/td>\n<\/tr>\n<tr>\n<td width=\"284\">Packaging Details<\/td>\n<td width=\"284\">Roro Ship, Cargo Bulk Ship<\/td>\n<\/tr>\n<\/tbody>\n<\/table>","protected":false},"excerpt":{"rendered":"<h2>Th\u00f4ng s\u1ed1 k\u1ef9 thu\u1eadt ch\u00ednh<\/h2>\n<table>\n<tbody>\n<tr>\n<td width=\"288\">\u0110\u01b0\u1eddng k\u00ednh t\u1ed1i \u0111a c\u1ee7a c\u1ecdc<\/td>\n<td width=\"288\">2200 \u2013 2500 mm<\/td>\n<\/tr>\n<tr>\n<td width=\"288\">\u0110\u1ed9 s\u00e2u t\u1ed1i \u0111a c\u1ee7a c\u1ecdc<\/td>\n<td width=\"288\">87 \u2013 106 m (t\u00f9y thu\u1ed9c v\u00e0o Kelly)<\/td>\n<\/tr>\n<tr>\n<td width=\"288\">M\u00f4-men xo\u1eafn t\u1ed1i \u0111a<\/td>\n<td width=\"288\">405 kilonewton m\u00e9t<\/td>\n<\/tr>\n<tr>\n<td width=\"288\">T\u1ed1c \u0111\u1ed9 quay<\/td>\n<td width=\"288\">5 \u2013 25 v\u00f2ng\/ph\u00fat<\/td>\n<\/tr>\n<tr>\n<td width=\"288\">L\u1ef1c \u0111\u1ea9y\/k\u00e9o c\u1ee7a \u0111\u00e1m \u0111\u00f4ng<\/td>\n<td width=\"288\">340 \/ 380 kN<\/td>\n<\/tr>\n<tr>\n<td width=\"288\">\u0110\u1ed9t qu\u1ef5 do \u0111\u00f4ng m\u00e1u<\/td>\n<td width=\"288\">6000 mm<\/td>\n<\/tr>\n<tr>\n<td width=\"288\">L\u1ef1c k\u00e9o ch\u00ednh c\u1ee7a d\u00e2y c\u00e1p t\u1eddi<\/td>\n<td width=\"288\">400 kilonewton<\/td>\n<\/tr>\n<tr>\n<td width=\"288\">\u0110\u01b0\u1eddng k\u00ednh d\u00e2y c\u00e1p ch\u00ednh c\u1ee7a t\u1eddi<\/td>\n<td width=\"288\">36 mm<\/td>\n<\/tr>\n<tr>\n<td width=\"288\">T\u1ed1c \u0111\u1ed9 t\u1ed1i \u0111a c\u1ee7a d\u00e2y (C\u1ea7n tr\u1ee5c ch\u00ednh)<\/td>\n<td width=\"288\">75 m\u00e9t\/ph\u00fat<\/td>\n<\/tr>\n<tr>\n<td width=\"288\">D\u00e2y k\u00e9o c\u1ee7a t\u1eddi ph\u1ee5<\/td>\n<td width=\"288\">90 \u2013 105 kilonewton<\/td>\n<\/tr>\n<tr>\n<td width=\"288\">\u0110\u01b0\u1eddng k\u00ednh d\u00e2y c\u00e1p c\u1ee7a t\u1eddi ph\u1ee5<\/td>\n<td width=\"288\">20 mm<\/td>\n<\/tr>\n<tr>\n<td width=\"288\">T\u1ed1c \u0111\u1ed9 t\u1ed1i \u0111a c\u1ee7a d\u00e2y (m\u00e1y k\u00e9o ph\u1ee5)<\/td>\n<td width=\"288\">70 m\u00e9t\/ph\u00fat<\/td>\n<\/tr>\n<\/tbody>\n<\/table>\n<p>&nbsp;<\/p>\n<h2>Th\u00e1p v\u00e0 \u0110\u1ed9 nghi\u00eang<\/h2>\n<table>\n<tbody>\n<tr>\n<td width=\"288\">G\u00f3c nghi\u00eang c\u1ed9t bu\u1ed3m (tr\u01b0\u1edbc\/sau)<\/td>\n<td width=\"288\">Kho\u1ea3ng 4\u00b0 \/ 90\u00b0 ho\u1eb7c 90\u00b0 \/ 15\u00b0 (t\u00f9y thu\u1ed9c v\u00e0o phi\u00ean b\u1ea3n)<\/td>\n<\/tr>\n<tr>\n<td width=\"288\">G\u00f3c nghi\u00eang c\u1ed9t bu\u1ed3m (b\u00ean)<\/td>\n<td width=\"288\">\u00b13\u00b0<\/td>\n<\/tr>\n<\/tbody>\n<\/table>\n<p>&nbsp;<\/p>\n<h2>\u0110\u1ed9ng c\u01a1<\/h2>\n<table>\n<tbody>\n<tr>\n<td width=\"288\">M\u00f4 h\u00ecnh<\/td>\n<td width=\"288\">ISUZU 6WG1<\/td>\n<\/tr>\n<tr>\n<td width=\"288\">C\u00f4ng su\u1ea5t<\/td>\n<td width=\"288\">377 kW @ 1.800 v\u00f2ng\/ph\u00fat<\/td>\n<\/tr>\n<tr>\n<td width=\"288\">S\u1ef1 d\u1ecbch chuy\u1ec3n<\/td>\n<td width=\"288\">15,68 l\u00edt<\/td>\n<\/tr>\n<tr>\n<td width=\"288\">Ti\u00eau chu\u1ea9n ph\u00e1t th\u1ea3i<\/td>\n<td width=\"288\">Giai \u0111o\u1ea1n III c\u1ee7a Trung Qu\u1ed1c \/ COM III<\/td>\n<\/tr>\n<\/tbody>\n<\/table>\n<p>&nbsp;<\/p>\n<h2>Khung g\u1ea7m &amp; H\u1ec7 th\u1ed1ng g\u1ea7m xe<\/h2>\n<table>\n<tbody>\n<tr>\n<td width=\"288\">\u0110\u1ed9 r\u1ed9ng c\u1ee7a gi\u00e0y ch\u1ea1y b\u1ed9<\/td>\n<td width=\"288\">800 mm<\/td>\n<\/tr>\n<tr>\n<td width=\"288\">Chi\u1ec1u r\u1ed9ng c\u1ee7a b\u00e1nh x\u00edch (khi thu g\u1ecdn \/ khi m\u1edf r\u1ed9ng)<\/td>\n<td width=\"288\">3.500 \u2013 4.900 mm<\/td>\n<\/tr>\n<tr>\n<td width=\"288\">B\u00e1n k\u00ednh xoay \u0111u\u00f4i<\/td>\n<td width=\"288\">4.600 mm<\/td>\n<\/tr>\n<\/tbody>\n<\/table>\n<p>&nbsp;<\/p>\n<h2>K\u00edch th\u01b0\u1edbc t\u1ed5ng th\u1ec3<\/h2>\n<table>\n<tbody>\n<tr>\n<td width=\"288\">Chi\u1ec1u cao l\u00e0m vi\u1ec7c<\/td>\n<td width=\"288\">27.700 mm<\/td>\n<\/tr>\n<tr>\n<td width=\"288\">Chi\u1ec1u d\u00e0i v\u1eadn chuy\u1ec3n<\/td>\n<td width=\"288\">20110 mm<\/td>\n<\/tr>\n<tr>\n<td width=\"288\">Chi\u1ec1u r\u1ed9ng v\u1eadn chuy\u1ec3n<\/td>\n<td width=\"288\">3.500 mm<\/td>\n<\/tr>\n<tr>\n<td width=\"288\">Chi\u1ec1u cao v\u1eadn chuy\u1ec3n<\/td>\n<td width=\"288\">3.660 mm<\/td>\n<\/tr>\n<\/tbody>\n<\/table>\n<p>&nbsp;<\/p>\n<p>&nbsp;<\/p>","protected":false},"featured_media":31945,"comment_status":"open","ping_status":"closed","template":"","meta":{"_acf_changed":false,"_eb_attr":"","_eb_data_table":""},"product_brand":[],"product_cat":[205],"product_tag":[179,178],"class_list":{"0":"post-31483","1":"product","2":"type-product","3":"status-publish","4":"has-post-thumbnail","6":"product_cat-pilling-rig-machine","7":"product_tag-rental","8":"product_tag-used","10":"first","11":"instock","12":"shipping-taxable","13":"product-type-simple"},"acf":[],"aioseo_notices":[],"_links":{"self":[{"href":"https:\/\/colorskyco.com\/vi\/wp-json\/wp\/v2\/product\/31483","targetHints":{"allow":["GET"]}}],"collection":[{"href":"https:\/\/colorskyco.com\/vi\/wp-json\/wp\/v2\/product"}],"about":[{"href":"https:\/\/colorskyco.com\/vi\/wp-json\/wp\/v2\/types\/product"}],"replies":[{"embeddable":true,"href":"https:\/\/colorskyco.com\/vi\/wp-json\/wp\/v2\/comments?post=31483"}],"version-history":[{"count":6,"href":"https:\/\/colorskyco.com\/vi\/wp-json\/wp\/v2\/product\/31483\/revisions"}],"predecessor-version":[{"id":31886,"href":"https:\/\/colorskyco.com\/vi\/wp-json\/wp\/v2\/product\/31483\/revisions\/31886"}],"wp:featuredmedia":[{"embeddable":true,"href":"https:\/\/colorskyco.com\/vi\/wp-json\/wp\/v2\/media\/31945"}],"wp:attachment":[{"href":"https:\/\/colorskyco.com\/vi\/wp-json\/wp\/v2\/media?parent=31483"}],"wp:term":[{"taxonomy":"product_brand","embeddable":true,"href":"https:\/\/colorskyco.com\/vi\/wp-json\/wp\/v2\/product_brand?post=31483"},{"taxonomy":"product_cat","embeddable":true,"href":"https:\/\/colorskyco.com\/vi\/wp-json\/wp\/v2\/product_cat?post=31483"},{"taxonomy":"product_tag","embeddable":true,"href":"https:\/\/colorskyco.com\/vi\/wp-json\/wp\/v2\/product_tag?post=31483"}],"curies":[{"name":"wp","href":"https:\/\/api.w.org\/{rel}","templated":true}]}}