{"id":32153,"date":"2026-01-23T16:54:27","date_gmt":"2026-01-23T08:54:27","guid":{"rendered":"https:\/\/colorskyco.com\/?post_type=product&#038;p=32153"},"modified":"2026-01-23T16:55:51","modified_gmt":"2026-01-23T08:55:51","slug":"sany-sym5465thbf-62m-used-concrete-pump-truck-202207","status":"publish","type":"product","link":"https:\/\/colorskyco.com\/vi\/product\/sany-sym5465thbf-62m-used-concrete-pump-truck-202207\/","title":{"rendered":"Xe b\u01a1m b\u00ea t\u00f4ng \u0111\u00e3 qua s\u1eed d\u1ee5ng Sany SYM5465THBF 62m, s\u1ea3n xu\u1ea5t n\u0103m 202207"},"content":{"rendered":"<p><strong><b>Product Details<\/b><\/strong><\/p>\n<p>The used <strong><b>SANY <\/b><\/strong><strong><b>6<\/b><\/strong><strong><b>2<\/b><\/strong><strong><b>M<\/b><\/strong><strong><b>\u00a0<\/b><\/strong><strong><b>Truck Mounted Concrete <\/b><\/strong><strong><b>P<\/b><\/strong><strong><b>ump<\/b><\/strong>\u00a0is now available for sale.<br \/>\nWell-maintained and ready for immediate operation.<\/p>\n<p><strong><b>Specifications<\/b><\/strong><\/p>\n<table>\n<tbody>\n<tr>\n<td width=\"284\">Equipment<\/td>\n<td width=\"284\">Truck Mounted Concrete Pump<\/td>\n<\/tr>\n<tr>\n<td width=\"284\">Place of Origin<\/td>\n<td width=\"284\">Trung Qu\u1ed1c<\/td>\n<\/tr>\n<tr>\n<td width=\"284\">Brand Name<\/td>\n<td width=\"284\">Sany<\/td>\n<\/tr>\n<tr>\n<td width=\"284\">Model Number<\/td>\n<td width=\"284\">SYM5465THBF\u00a062M<\/td>\n<\/tr>\n<tr>\n<td width=\"284\">Date of Manufacture<\/td>\n<td width=\"284\">2022-07<\/td>\n<\/tr>\n<tr>\n<td width=\"284\">Minimum Order Quantity<\/td>\n<td width=\"284\">1 section<\/td>\n<\/tr>\n<tr>\n<td width=\"284\">Packaging Details<\/td>\n<td width=\"284\">Roro Ship, Cargo Bulk Ship<\/td>\n<\/tr>\n<\/tbody>\n<\/table>","protected":false},"excerpt":{"rendered":"<h1><strong><b>Th\u00f4ng tin chung<\/b><\/strong><\/h1>\n<table>\n<tbody>\n<tr>\n<td width=\"288\"><strong><b>Th\u00f4ng s\u1ed1 k\u1ef9 thu\u1eadt<\/b><\/strong><\/td>\n<td width=\"288\"><strong><b>Chi ti\u1ebft<\/b><\/strong><\/td>\n<\/tr>\n<tr>\n<td width=\"288\"><strong><b>Lo\u1ea1i s\u1ea3n ph\u1ea9m<\/b><\/strong><\/td>\n<td width=\"288\">SYM5465THBF<\/td>\n<\/tr>\n<tr>\n<td width=\"288\"><strong><b>Nh\u00e0 s\u1ea3n xu\u1ea5t<\/b><\/strong><\/td>\n<td width=\"288\">C\u00f4ng ty TNHH S\u1ea3n xu\u1ea5t \u00d4 t\u00f4 SANY.<\/td>\n<\/tr>\n<tr>\n<td width=\"288\"><strong><b>\u0110\u1ecba ch\u1ec9<\/b><\/strong><\/td>\n<td width=\"288\">Khu c\u00f4ng nghi\u1ec7p SANY, Khu ph\u00e1t tri\u1ec3n kinh t\u1ebf v\u00e0 c\u00f4ng ngh\u1ec7 Changsha, Th\u00e0nh ph\u1ed1 Changsha, T\u1ec9nh H\u1ed3 Nam<\/td>\n<\/tr>\n<tr>\n<td width=\"288\"><strong><b>Ng\u00e0y s\u1ea3n xu\u1ea5t<\/b><\/strong><\/td>\n<td width=\"288\">2022.07<\/td>\n<\/tr>\n<tr>\n<td width=\"288\"><strong><b>N\u01b0\u1edbc s\u1ea3n xu\u1ea5t<\/b><\/strong><\/td>\n<td width=\"288\">S\u1ea3n xu\u1ea5t t\u1ea1i Trung Qu\u1ed1c<\/td>\n<\/tr>\n<\/tbody>\n<\/table>\n<h1><strong><b>Th\u00f4ng s\u1ed1 k\u1ef9 thu\u1eadt c\u1ee7a Boom<\/b><\/strong><\/h1>\n<table>\n<tbody>\n<tr>\n<td width=\"288\"><strong><b>Th\u00f4ng s\u1ed1 k\u1ef9 thu\u1eadt<\/b><\/strong><\/td>\n<td width=\"288\"><strong><b>Chi ti\u1ebft<\/b><\/strong><\/td>\n<\/tr>\n<tr>\n<td width=\"288\"><strong><b>Chi\u1ec1u cao t\u1ed1i \u0111a c\u00f3 th\u1ec3 \u0111\u1ea1t \u0111\u01b0\u1ee3c<\/b><\/strong><\/td>\n<td width=\"288\"><strong><b>61,1 m\u00e9t<\/b><\/strong><\/td>\n<\/tr>\n<tr>\n<td width=\"288\"><strong><b>Ph\u1ea1m vi ngang t\u1ed1i \u0111a<\/b><\/strong><\/td>\n<td width=\"288\"><strong><b>54,4 m\u00e9t<\/b><\/strong><\/td>\n<\/tr>\n<tr>\n<td width=\"288\"><strong><b>C\u1ea5u tr\u00fac c\u1ea7n c\u1ea9u<\/b><\/strong><\/td>\n<td width=\"288\"><strong><b>6 c\u00e1nh, RZ g\u1ea5p g\u1ecdn<\/b><\/strong><\/td>\n<\/tr>\n<\/tbody>\n<\/table>\n<h1><strong><b>H\u1ec7 th\u1ed1ng b\u01a1m<\/b><\/strong><\/h1>\n<table>\n<tbody>\n<tr>\n<td width=\"288\"><strong><b>Th\u00f4ng s\u1ed1 k\u1ef9 thu\u1eadt<\/b><\/strong><\/td>\n<td width=\"288\"><strong><b>Chi ti\u1ebft<\/b><\/strong><\/td>\n<\/tr>\n<tr>\n<td width=\"288\"><strong><b>C\u00f4ng su\u1ea5t t\u1ed1i \u0111a l\u00fd thuy\u1ebft<\/b><\/strong><\/td>\n<td width=\"288\"><strong><b>1<\/b><\/strong><strong><b>8<\/b><\/strong><strong><b>0 m\u00e9t kh\u1ed1i tr\u00ean gi\u1edd<\/b><\/strong><\/td>\n<\/tr>\n<tr>\n<td width=\"288\"><strong><b>\u00c1p su\u1ea5t t\u1ed1i \u0111a l\u00fd thuy\u1ebft<\/b><\/strong><\/td>\n<td width=\"288\"><strong><b>13<\/b><\/strong><strong><b>MPa<\/b><\/strong><\/td>\n<\/tr>\n<\/tbody>\n<\/table>\n<h1><strong><b>\u0110\u1ed9ng c\u01a1<\/b><\/strong><\/h1>\n<table>\n<tbody>\n<tr>\n<td width=\"288\"><strong><b>Th\u00f4ng s\u1ed1 k\u1ef9 thu\u1eadt<\/b><\/strong><\/td>\n<td width=\"288\"><strong><b>Chi ti\u1ebft<\/b><\/strong><\/td>\n<\/tr>\n<tr>\n<td width=\"288\"><strong><b>M\u1eabu \u0111\u1ed9ng c\u01a1<\/b><\/strong><\/td>\n<td width=\"288\">D13C6-480E0<\/td>\n<\/tr>\n<tr>\n<td width=\"288\"><strong><b>C\u00f4ng su\u1ea5t t\u1ed1i \u0111a c\u1ee7a \u0111\u1ed9ng c\u01a1 \/ T\u1ed1c \u0111\u1ed9<\/b><\/strong><\/td>\n<td width=\"288\">348 kW \/ 1.900 v\u00f2ng\/ph\u00fat<\/td>\n<\/tr>\n<tr>\n<td width=\"288\"><strong><b>C\u00f4ng su\u1ea5t \u0111\u1ecbnh m\u1ee9c c\u1ee7a \u0111\u1ed9ng c\u01a1<\/b><\/strong><\/td>\n<td width=\"288\">353 kilowatt<\/td>\n<\/tr>\n<tr>\n<td width=\"288\"><strong><b>Dung t\u00edch \u0111\u1ed9ng c\u01a1<\/b><\/strong><\/td>\n<td width=\"288\">12.940 ml (12,94 l\u00edt)<\/td>\n<\/tr>\n<\/tbody>\n<\/table>\n<h1><strong><b>\u00a0<\/b><\/strong><\/h1>\n<h1><strong><b>Tr\u1ecdng l\u01b0\u1ee3ng &amp; K\u00edch th\u01b0\u1edbc<\/b><\/strong><\/h1>\n<table>\n<tbody>\n<tr>\n<td width=\"288\"><strong><b>Th\u00f4ng s\u1ed1 k\u1ef9 thu\u1eadt<\/b><\/strong><\/td>\n<td width=\"288\"><strong><b>Chi ti\u1ebft<\/b><\/strong><\/td>\n<\/tr>\n<tr>\n<td width=\"288\"><strong><b>Tr\u1ecdng l\u01b0\u1ee3ng kh\u00f4ng t\u1ea3i \/ Tr\u1ecdng l\u01b0\u1ee3ng r\u1ed7ng<\/b><\/strong><\/td>\n<td width=\"288\">45.870 kg<\/td>\n<\/tr>\n<tr>\n<td width=\"288\"><strong><b>Chi\u1ec1u d\u00e0i t\u1ed5ng th\u1ec3<\/b><\/strong><\/td>\n<td width=\"288\">14.720 mm<\/td>\n<\/tr>\n<tr>\n<td><strong><b>Chi\u1ec1u r\u1ed9ng t\u1ed5ng th\u1ec3<\/b><\/strong><\/td>\n<td>2.550 mm<\/td>\n<\/tr>\n<tr>\n<td><strong><b>Chi\u1ec1u cao t\u1ed5ng th\u1ec3<\/b><\/strong><\/td>\n<td>4.000 mm<\/td>\n<\/tr>\n<tr>\n<td><strong><b>Tr\u1ecdng l\u01b0\u1ee3ng t\u1ed5ng th\u1ec3 c\u1ee7a xe:<\/b><\/strong><\/td>\n<td>46.000 kg<\/td>\n<\/tr>\n<\/tbody>\n<\/table>","protected":false},"featured_media":32158,"comment_status":"open","ping_status":"closed","template":"","meta":{"_acf_changed":false,"_eb_attr":"","_eb_data_table":""},"product_brand":[],"product_cat":[202],"product_tag":[],"class_list":{"0":"post-32153","1":"product","2":"type-product","3":"status-publish","4":"has-post-thumbnail","6":"product_cat-truck-mounted-concrete-pump","8":"first","9":"instock","10":"shipping-taxable","11":"product-type-simple"},"acf":[],"aioseo_notices":[],"_links":{"self":[{"href":"https:\/\/colorskyco.com\/vi\/wp-json\/wp\/v2\/product\/32153","targetHints":{"allow":["GET"]}}],"collection":[{"href":"https:\/\/colorskyco.com\/vi\/wp-json\/wp\/v2\/product"}],"about":[{"href":"https:\/\/colorskyco.com\/vi\/wp-json\/wp\/v2\/types\/product"}],"replies":[{"embeddable":true,"href":"https:\/\/colorskyco.com\/vi\/wp-json\/wp\/v2\/comments?post=32153"}],"version-history":[{"count":3,"href":"https:\/\/colorskyco.com\/vi\/wp-json\/wp\/v2\/product\/32153\/revisions"}],"predecessor-version":[{"id":32164,"href":"https:\/\/colorskyco.com\/vi\/wp-json\/wp\/v2\/product\/32153\/revisions\/32164"}],"wp:featuredmedia":[{"embeddable":true,"href":"https:\/\/colorskyco.com\/vi\/wp-json\/wp\/v2\/media\/32158"}],"wp:attachment":[{"href":"https:\/\/colorskyco.com\/vi\/wp-json\/wp\/v2\/media?parent=32153"}],"wp:term":[{"taxonomy":"product_brand","embeddable":true,"href":"https:\/\/colorskyco.com\/vi\/wp-json\/wp\/v2\/product_brand?post=32153"},{"taxonomy":"product_cat","embeddable":true,"href":"https:\/\/colorskyco.com\/vi\/wp-json\/wp\/v2\/product_cat?post=32153"},{"taxonomy":"product_tag","embeddable":true,"href":"https:\/\/colorskyco.com\/vi\/wp-json\/wp\/v2\/product_tag?post=32153"}],"curies":[{"name":"wp","href":"https:\/\/api.w.org\/{rel}","templated":true}]}}