{"id":902,"date":"2025-09-18T08:11:49","date_gmt":"2025-09-18T08:11:49","guid":{"rendered":"https:\/\/demo2.mevksa.com\/?post_type=product&#038;p=902"},"modified":"2025-12-17T06:36:30","modified_gmt":"2025-12-16T22:36:30","slug":"used-sany-truck-mounted-concrete-pump-sym5538thb-66m","status":"publish","type":"product","link":"https:\/\/colorskyco.com\/vi\/product\/used-sany-truck-mounted-concrete-pump-sym5538thb-66m\/","title":{"rendered":"Xe b\u01a1m b\u00ea t\u00f4ng g\u1eafn tr\u00ean xe t\u1ea3i SANY SYM5538THB (66M) \u0111\u00e3 qua s\u1eed d\u1ee5ng, s\u1ea3n xu\u1ea5t n\u0103m 201912"},"content":{"rendered":"<p><span style=\"color: #000000;\"><strong>Product Details<\/strong><\/span><\/p>\n<p><span style=\"color: #000000;\">The used <strong>SANY 66M Truck Mounted Concrete Pump<\/strong> is now available for sale.<\/span><br \/>\n<span style=\"color: #000000;\">Well-maintained and ready for immediate operation.<\/span><\/p>\n<p><span style=\"color: #000000;\"><strong>Specifications<\/strong><\/span><\/p>\n<table>\n<tbody>\n<tr>\n<td width=\"284\"><span style=\"color: #000000;\">Equipment<\/span><\/td>\n<td width=\"284\"><span style=\"color: #000000;\">Truck Mounted Concrete Pump<\/span><\/td>\n<\/tr>\n<tr>\n<td width=\"284\"><span style=\"color: #000000;\">Place of Origin<\/span><\/td>\n<td width=\"284\"><span style=\"color: #000000;\">Trung Qu\u1ed1c<\/span><\/td>\n<\/tr>\n<tr>\n<td width=\"284\"><span style=\"color: #000000;\">Brand Name<\/span><\/td>\n<td width=\"284\"><span style=\"color: #000000;\">Sany<\/span><\/td>\n<\/tr>\n<tr>\n<td width=\"284\"><span style=\"color: #000000;\">Model Number<\/span><\/td>\n<td width=\"284\"><span style=\"color: #000000;\">SYM5638THB 66M<\/span><\/td>\n<\/tr>\n<tr>\n<td width=\"284\"><span style=\"color: #000000;\">Date of Manufacture<\/span><\/td>\n<td width=\"284\"><span style=\"color: #000000;\">2019-12<\/span><\/td>\n<\/tr>\n<tr>\n<td width=\"284\"><span style=\"color: #000000;\">Minimum Order Quantity<\/span><\/td>\n<td width=\"284\"><span style=\"color: #000000;\">1 section<\/span><\/td>\n<\/tr>\n<tr>\n<td width=\"284\"><span style=\"color: #000000;\">Packaging Details<\/span><\/td>\n<td width=\"284\"><span style=\"color: #000000;\">Roro Ship, Cargo Bulk Ship<\/span><\/td>\n<\/tr>\n<\/tbody>\n<\/table>\n<p>&nbsp;<\/p>","protected":false},"excerpt":{"rendered":"<h2>2 Hand SANY Truck-Mounted Concrete Pump \u2014 Expanded Technical Data<\/h2>\n<h1>Th\u00f4ng tin chung<\/h1>\n<table>\n<tbody>\n<tr>\n<td width=\"288\"><strong>Th\u00f4ng s\u1ed1 k\u1ef9 thu\u1eadt<\/strong><\/td>\n<td width=\"288\"><strong>Chi ti\u1ebft<\/strong><\/td>\n<\/tr>\n<tr>\n<td width=\"288\"><strong>Lo\u1ea1i s\u1ea3n ph\u1ea9m<\/strong><\/td>\n<td width=\"288\">SYM5538THB<\/td>\n<\/tr>\n<tr>\n<td width=\"288\"><strong>Nh\u00e0 s\u1ea3n xu\u1ea5t<\/strong><\/td>\n<td width=\"288\">C\u00f4ng ty TNHH S\u1ea3n xu\u1ea5t \u00d4 t\u00f4 SANY.<\/td>\n<\/tr>\n<tr>\n<td width=\"288\"><strong>\u0110\u1ecba ch\u1ec9<\/strong><\/td>\n<td width=\"288\">Khu c\u00f4ng nghi\u1ec7p SANY, Khu ph\u00e1t tri\u1ec3n kinh t\u1ebf v\u00e0 c\u00f4ng ngh\u1ec7 Changsha, Th\u00e0nh ph\u1ed1 Changsha, T\u1ec9nh H\u1ed3 Nam<\/td>\n<\/tr>\n<tr>\n<td width=\"288\"><strong>Ng\u00e0y s\u1ea3n xu\u1ea5t<\/strong><\/td>\n<td width=\"288\">2019.12<\/td>\n<\/tr>\n<tr>\n<td width=\"288\"><strong>N\u01b0\u1edbc s\u1ea3n xu\u1ea5t<\/strong><\/td>\n<td width=\"288\">S\u1ea3n xu\u1ea5t t\u1ea1i Trung Qu\u1ed1c<\/td>\n<\/tr>\n<\/tbody>\n<\/table>\n<h1>Th\u00f4ng s\u1ed1 k\u1ef9 thu\u1eadt c\u1ee7a Boom<\/h1>\n<table>\n<tbody>\n<tr>\n<td width=\"288\"><strong>Th\u00f4ng s\u1ed1 k\u1ef9 thu\u1eadt<\/strong><\/td>\n<td width=\"288\"><strong>Chi ti\u1ebft<\/strong><\/td>\n<\/tr>\n<tr>\n<td width=\"288\"><strong>Chi\u1ec1u cao t\u1ed1i \u0111a c\u00f3 th\u1ec3 \u0111\u1ea1t \u0111\u01b0\u1ee3c<\/strong><\/td>\n<td width=\"288\"><strong>65.5 m<\/strong><\/td>\n<\/tr>\n<tr>\n<td width=\"288\"><strong>Ph\u1ea1m vi ngang t\u1ed1i \u0111a<\/strong><\/td>\n<td width=\"288\"><strong>60.5 m<\/strong><\/td>\n<\/tr>\n<tr>\n<td width=\"288\"><strong>C\u1ea5u tr\u00fac c\u1ea7n c\u1ea9u<\/strong><\/td>\n<td width=\"288\"><strong>6<\/strong><strong>\u2011<\/strong><strong>Arm, RZ Folding<\/strong><\/td>\n<\/tr>\n<tr>\n<td width=\"288\"><strong>Boom Section Lengths<\/strong><\/td>\n<td width=\"288\"><strong>1st: 13,735 mm; 2nd: 10,615 mm; 3rd: 10,225 mm; 4th: 13,583 mm; 5th: 8,210 mm; 6th: 5,832 mm<\/strong><\/td>\n<\/tr>\n<tr>\n<td width=\"288\"><strong>Boom Section Angles<\/strong><\/td>\n<td width=\"288\"><strong>1st: 89<\/strong><strong>\u00b0<\/strong><strong>; 2nd: 180<\/strong><strong>\u00b0<\/strong><strong>; 3rd: 180<\/strong><strong>\u00b0<\/strong><strong>; 4th: 230<\/strong><strong>\u00b0<\/strong><strong>; 5th: 180<\/strong><strong>\u00b0<\/strong><strong>; 6th: 100<\/strong><strong>\u00b0<\/strong><\/td>\n<\/tr>\n<\/tbody>\n<\/table>\n<h1>H\u1ec7 th\u1ed1ng b\u01a1m<\/h1>\n<table>\n<tbody>\n<tr>\n<td width=\"288\"><strong>Th\u00f4ng s\u1ed1 k\u1ef9 thu\u1eadt<\/strong><\/td>\n<td width=\"288\"><strong>Chi ti\u1ebft<\/strong><\/td>\n<\/tr>\n<tr>\n<td width=\"288\"><strong>C\u00f4ng su\u1ea5t t\u1ed1i \u0111a l\u00fd thuy\u1ebft<\/strong><\/td>\n<td width=\"288\"><strong>1<\/strong><strong>8<\/strong><strong>0 m\u00e9t kh\u1ed1i tr\u00ean gi\u1edd<\/strong><\/td>\n<\/tr>\n<tr>\n<td width=\"288\"><strong>\u00c1p su\u1ea5t t\u1ed1i \u0111a l\u00fd thuy\u1ebft<\/strong><\/td>\n<td width=\"288\"><strong>13<\/strong><strong>MPa<\/strong><\/td>\n<\/tr>\n<\/tbody>\n<\/table>\n<h1>\u0110\u1ed9ng c\u01a1<\/h1>\n<table>\n<tbody>\n<tr>\n<td width=\"288\"><strong>Th\u00f4ng s\u1ed1 k\u1ef9 thu\u1eadt<\/strong><\/td>\n<td width=\"288\"><strong>Chi ti\u1ebft<\/strong><\/td>\n<\/tr>\n<tr>\n<td width=\"288\"><strong>M\u1eabu \u0111\u1ed9ng c\u01a1<\/strong><\/td>\n<td width=\"288\">D13C540S EUV<\/td>\n<\/tr>\n<tr>\n<td width=\"288\"><strong>C\u00f4ng su\u1ea5t t\u1ed1i \u0111a c\u1ee7a \u0111\u1ed9ng c\u01a1 \/ T\u1ed1c \u0111\u1ed9<\/strong><\/td>\n<td width=\"288\">397 kW \/ 1,800 rpm<\/td>\n<\/tr>\n<tr>\n<td width=\"288\"><strong>C\u00e1c chu k\u1ef3 b\u01a1m l\u00fd thuy\u1ebft<\/strong><\/td>\n<td width=\"288\">Low Pressure: 29 strokes\/min; High Pressure: 19 strokes\/min<\/td>\n<\/tr>\n<\/tbody>\n<\/table>\n<h1>Tr\u1ecdng l\u01b0\u1ee3ng &amp; K\u00edch th\u01b0\u1edbc<\/h1>\n<table>\n<tbody>\n<tr>\n<td width=\"288\"><strong>Th\u00f4ng s\u1ed1 k\u1ef9 thu\u1eadt<\/strong><\/td>\n<td width=\"288\"><strong>Chi ti\u1ebft<\/strong><\/td>\n<\/tr>\n<tr>\n<td width=\"288\"><strong>Tr\u1ecdng l\u01b0\u1ee3ng kh\u00f4ng t\u1ea3i \/ Tr\u1ecdng l\u01b0\u1ee3ng r\u1ed7ng<\/strong><\/td>\n<td width=\"288\"><strong>53,000 kg<\/strong><\/td>\n<\/tr>\n<tr>\n<td width=\"288\"><strong>Chi\u1ec1u d\u00e0i t\u1ed5ng th\u1ec3<\/strong><\/td>\n<td width=\"288\"><strong>16,600 mm<\/strong><\/td>\n<\/tr>\n<tr>\n<td><strong>Chi\u1ec1u r\u1ed9ng t\u1ed5ng th\u1ec3<\/strong><\/td>\n<td><strong>2.550 mm<\/strong><\/td>\n<\/tr>\n<tr>\n<td><strong>Chi\u1ec1u cao t\u1ed5ng th\u1ec3<\/strong><\/td>\n<td><strong>4.000 mm<\/strong><\/td>\n<\/tr>\n<tr>\n<td><strong>\u0110\u01b0\u1eddng k\u00ednh l\u1ed7 xi lanh giao h\u00e0ng<\/strong><\/td>\n<td><strong>260 mm<\/strong><\/td>\n<\/tr>\n<tr>\n<td><strong>H\u00e0nh tr\u00ecnh xi lanh giao h\u00e0ng<\/strong><\/td>\n<td><strong>1.900 mm<\/strong><\/td>\n<\/tr>\n<\/tbody>\n<\/table>\n<h1>C\u00e1nh tay ch\u1ed1ng<\/h1>\n<table>\n<tbody>\n<tr>\n<td width=\"288\"><strong>Th\u00f4ng s\u1ed1 k\u1ef9 thu\u1eadt<\/strong><\/td>\n<td width=\"288\"><strong>Chi ti\u1ebft<\/strong><\/td>\n<\/tr>\n<tr>\n<td width=\"288\"><strong>Dung t\u00edch b\u00ecnh x\u0103ng<\/strong><\/td>\n<td width=\"288\"><strong>880 l\u00edt<\/strong><\/td>\n<\/tr>\n<tr>\n<td width=\"288\"><strong>Dung t\u00edch b\u1ec3 ch\u1ee9a n\u01b0\u1edbc<\/strong><\/td>\n<td width=\"288\"><strong>700 l\u00edt<\/strong><\/td>\n<\/tr>\n<tr>\n<td width=\"288\"><strong>Kho\u1ea3ng c\u00e1ch c\u00e1nh ph\u1ee5 (ph\u00eda tr\u01b0\u1edbc)<\/strong><\/td>\n<td width=\"288\"><strong>12.444 mm<\/strong><\/td>\n<\/tr>\n<tr>\n<td width=\"288\"><strong>C\u00e1nh tay ch\u1ed1ng (ph\u00eda sau)<\/strong><\/td>\n<td width=\"288\"><strong>15.102 mm<\/strong><\/td>\n<\/tr>\n<\/tbody>\n<\/table>\n<h1>T\u00ednh n\u0103ng ch\u00ednh<\/h1>\n<table>\n<tbody>\n<tr>\n<td width=\"288\"><strong>Th\u00f4ng s\u1ed1 k\u1ef9 thu\u1eadt<\/strong><\/td>\n<td width=\"288\"><strong>Chi ti\u1ebft<\/strong><\/td>\n<\/tr>\n<tr>\n<td width=\"288\"><strong>Th\u01b0\u01a1ng hi\u1ec7u\/M\u1eabu xe khung g\u1ea7m<\/strong><\/td>\n<td width=\"288\"><strong>Volvo FM540<\/strong><strong>\u2011<\/strong><strong>104R B<\/strong><\/td>\n<\/tr>\n<tr>\n<td width=\"288\"><strong>Ti\u00eau chu\u1ea9n ph\u00e1t th\u1ea3i<\/strong><\/td>\n<td width=\"288\"><strong>Euro V \/ Qu\u1ed1c gia V<\/strong><\/td>\n<\/tr>\n<tr>\n<td width=\"288\"><strong>H\u1ec7 th\u1ed1ng truy\u1ec1n \u0111\u1ed9ng khung g\u1ea7m<\/strong><\/td>\n<td width=\"288\"><strong>8<\/strong><strong>\u00d7<\/strong><strong>4<\/strong><\/td>\n<\/tr>\n<tr>\n<td width=\"288\"><strong>T\u1ed1c \u0111\u1ed9 t\u1ed1i \u0111a tr\u00ean \u0111\u01b0\u1eddng<\/strong><\/td>\n<td width=\"288\"><strong>85 km\/h<\/strong><\/td>\n<\/tr>\n<\/tbody>\n<\/table>","protected":false},"featured_media":31649,"comment_status":"open","ping_status":"closed","template":"","meta":{"_acf_changed":false,"_eb_attr":"","_eb_data_table":""},"product_brand":[],"product_cat":[202],"product_tag":[],"class_list":{"0":"post-902","1":"product","2":"type-product","3":"status-publish","4":"has-post-thumbnail","6":"product_cat-truck-mounted-concrete-pump","8":"first","9":"instock","10":"shipping-taxable","11":"product-type-simple"},"acf":[],"aioseo_notices":[],"_links":{"self":[{"href":"https:\/\/colorskyco.com\/vi\/wp-json\/wp\/v2\/product\/902","targetHints":{"allow":["GET"]}}],"collection":[{"href":"https:\/\/colorskyco.com\/vi\/wp-json\/wp\/v2\/product"}],"about":[{"href":"https:\/\/colorskyco.com\/vi\/wp-json\/wp\/v2\/types\/product"}],"replies":[{"embeddable":true,"href":"https:\/\/colorskyco.com\/vi\/wp-json\/wp\/v2\/comments?post=902"}],"version-history":[{"count":5,"href":"https:\/\/colorskyco.com\/vi\/wp-json\/wp\/v2\/product\/902\/revisions"}],"predecessor-version":[{"id":31893,"href":"https:\/\/colorskyco.com\/vi\/wp-json\/wp\/v2\/product\/902\/revisions\/31893"}],"wp:featuredmedia":[{"embeddable":true,"href":"https:\/\/colorskyco.com\/vi\/wp-json\/wp\/v2\/media\/31649"}],"wp:attachment":[{"href":"https:\/\/colorskyco.com\/vi\/wp-json\/wp\/v2\/media?parent=902"}],"wp:term":[{"taxonomy":"product_brand","embeddable":true,"href":"https:\/\/colorskyco.com\/vi\/wp-json\/wp\/v2\/product_brand?post=902"},{"taxonomy":"product_cat","embeddable":true,"href":"https:\/\/colorskyco.com\/vi\/wp-json\/wp\/v2\/product_cat?post=902"},{"taxonomy":"product_tag","embeddable":true,"href":"https:\/\/colorskyco.com\/vi\/wp-json\/wp\/v2\/product_tag?post=902"}],"curies":[{"name":"wp","href":"https:\/\/api.w.org\/{rel}","templated":true}]}}