{"id":916,"date":"2025-09-19T02:52:27","date_gmt":"2025-09-19T02:52:27","guid":{"rendered":"https:\/\/demo2.mevksa.com\/?post_type=product&#038;p=916"},"modified":"2025-12-01T17:14:28","modified_gmt":"2025-12-01T09:14:28","slug":"sany-concrete-pump-truck-sym5552thb-71m","status":"publish","type":"product","link":"https:\/\/colorskyco.com\/vi\/product\/sany-concrete-pump-truck-sym5552thb-71m\/","title":{"rendered":"Xe b\u01a1m b\u00ea t\u00f4ng SANY SYM5552THB 71m \u0111\u00e3 qua s\u1eed d\u1ee5ng, s\u1ea3n xu\u1ea5t n\u0103m 202308"},"content":{"rendered":"<p><strong><b>Product Details<\/b><\/strong><\/p>\n<p>The used <strong><b>SANY <\/b><\/strong><strong><b>71M<\/b><\/strong><strong><b>\u00a0<\/b><\/strong><strong><b>Truck Mounted Concrete <\/b><\/strong><strong><b>P<\/b><\/strong><strong><b>ump<\/b><\/strong>\u00a0is now available for sale.<br \/>\nWell-maintained and ready for immediate operation.<\/p>\n<p><strong><b>Specifications<\/b><\/strong><\/p>\n<table>\n<tbody>\n<tr>\n<td width=\"284\">Equipment<\/td>\n<td width=\"284\">Truck Mounted Concrete Pump<\/td>\n<\/tr>\n<tr>\n<td width=\"284\">Place of Origin<\/td>\n<td width=\"284\">Trung Qu\u1ed1c<\/td>\n<\/tr>\n<tr>\n<td width=\"284\">Brand Name<\/td>\n<td width=\"284\">Sany<\/td>\n<\/tr>\n<tr>\n<td width=\"284\">Model Number<\/td>\n<td width=\"284\">SYM5552THB 71M<\/td>\n<\/tr>\n<tr>\n<td width=\"284\">Date of Manufacture<\/td>\n<td width=\"284\">2023-08<\/td>\n<\/tr>\n<tr>\n<td width=\"284\">Minimum Order Quantity<\/td>\n<td width=\"284\">1 section<\/td>\n<\/tr>\n<tr>\n<td width=\"284\">Packaging Details<\/td>\n<td width=\"284\">Roro Ship, Cargo Bulk Ship<\/td>\n<\/tr>\n<\/tbody>\n<\/table>","protected":false},"excerpt":{"rendered":"<p>SANY SYM5552THB 71M\u00a0Truck Mounted Concrete Pump<\/p>\n<p>Technical Data Sheet<\/p>\n<h1><strong><b>Th\u00f4ng tin chung<\/b><\/strong><\/h1>\n<table>\n<tbody>\n<tr>\n<td width=\"288\"><strong><b>Th\u00f4ng s\u1ed1 k\u1ef9 thu\u1eadt<\/b><\/strong><\/td>\n<td width=\"288\"><strong><b>Chi ti\u1ebft<\/b><\/strong><\/td>\n<\/tr>\n<tr>\n<td width=\"288\"><strong><b>Lo\u1ea1i s\u1ea3n ph\u1ea9m<\/b><\/strong><\/td>\n<td width=\"288\">SYM5551THB1F<\/td>\n<\/tr>\n<tr>\n<td width=\"288\"><strong><b>Nh\u00e0 s\u1ea3n xu\u1ea5t<\/b><\/strong><\/td>\n<td width=\"288\">C\u00f4ng ty TNHH S\u1ea3n xu\u1ea5t \u00d4 t\u00f4 SANY.<\/td>\n<\/tr>\n<tr>\n<td width=\"288\"><strong><b>\u0110\u1ecba ch\u1ec9<\/b><\/strong><\/td>\n<td width=\"288\">Khu c\u00f4ng nghi\u1ec7p SANY, Khu ph\u00e1t tri\u1ec3n kinh t\u1ebf v\u00e0 c\u00f4ng ngh\u1ec7 Changsha, Th\u00e0nh ph\u1ed1 Changsha, T\u1ec9nh H\u1ed3 Nam<\/td>\n<\/tr>\n<tr>\n<td width=\"288\"><strong><b>Ng\u00e0y s\u1ea3n xu\u1ea5t<\/b><\/strong><\/td>\n<td width=\"288\">2023.08<\/td>\n<\/tr>\n<tr>\n<td width=\"288\"><strong><b>N\u01b0\u1edbc s\u1ea3n xu\u1ea5t<\/b><\/strong><\/td>\n<td width=\"288\">S\u1ea3n xu\u1ea5t t\u1ea1i Trung Qu\u1ed1c<\/td>\n<\/tr>\n<\/tbody>\n<\/table>\n<h1><strong><b>Th\u00f4ng s\u1ed1 k\u1ef9 thu\u1eadt c\u1ee7a Boom<\/b><\/strong><\/h1>\n<table>\n<tbody>\n<tr>\n<td width=\"288\"><strong><b>Th\u00f4ng s\u1ed1 k\u1ef9 thu\u1eadt<\/b><\/strong><\/td>\n<td width=\"288\"><strong><b>Chi ti\u1ebft<\/b><\/strong><\/td>\n<\/tr>\n<tr>\n<td width=\"288\"><strong><b>Chi\u1ec1u cao t\u1ed1i \u0111a c\u00f3 th\u1ec3 \u0111\u1ea1t \u0111\u01b0\u1ee3c<\/b><\/strong><\/td>\n<td width=\"288\"><strong><b>70,2 m\u00e9t<\/b><\/strong><\/td>\n<\/tr>\n<tr>\n<td width=\"288\"><strong><b>Ph\u1ea1m vi ngang t\u1ed1i \u0111a<\/b><\/strong><\/td>\n<td width=\"288\"><strong><b>63,5 m\u00e9t<\/b><\/strong><\/td>\n<\/tr>\n<\/tbody>\n<\/table>\n<h1><strong><b>H\u1ec7 th\u1ed1ng b\u01a1m<\/b><\/strong><\/h1>\n<table>\n<tbody>\n<tr>\n<td width=\"288\"><strong><b>Th\u00f4ng s\u1ed1 k\u1ef9 thu\u1eadt<\/b><\/strong><\/td>\n<td width=\"288\"><strong><b>Chi ti\u1ebft<\/b><\/strong><\/td>\n<\/tr>\n<tr>\n<td width=\"288\"><strong><b>C\u00f4ng su\u1ea5t t\u1ed1i \u0111a l\u00fd thuy\u1ebft<\/b><\/strong><\/td>\n<td width=\"288\"><strong><b>1<\/b><\/strong><strong><b>8<\/b><\/strong><strong><b>0 m\u00e9t kh\u1ed1i tr\u00ean gi\u1edd<\/b><\/strong><\/td>\n<\/tr>\n<tr>\n<td width=\"288\"><strong><b>\u00c1p su\u1ea5t t\u1ed1i \u0111a l\u00fd thuy\u1ebft<\/b><\/strong><\/td>\n<td width=\"288\"><strong><b>13<\/b><\/strong><strong><b>MPa<\/b><\/strong><\/td>\n<\/tr>\n<\/tbody>\n<\/table>\n<h1><strong><b>\u0110\u1ed9ng c\u01a1<\/b><\/strong><\/h1>\n<table>\n<tbody>\n<tr>\n<td width=\"288\"><strong><b>Th\u00f4ng s\u1ed1 k\u1ef9 thu\u1eadt<\/b><\/strong><\/td>\n<td width=\"288\"><strong><b>Chi ti\u1ebft<\/b><\/strong><\/td>\n<\/tr>\n<tr>\n<td width=\"288\"><strong><b>M\u1eabu \u0111\u1ed9ng c\u01a1<\/b><\/strong><\/td>\n<td width=\"288\">D13C6-530E4<\/td>\n<\/tr>\n<tr>\n<td width=\"288\"><strong><b>C\u00f4ng su\u1ea5t t\u1ed1i \u0111a c\u1ee7a \u0111\u1ed9ng c\u01a1 \/ T\u1ed1c \u0111\u1ed9<\/b><\/strong><\/td>\n<td width=\"288\"><strong><b>385 kW \/ 1.900 v\u00f2ng\/ph\u00fat<\/b><\/strong><\/td>\n<\/tr>\n<tr>\n<td width=\"288\">Dung t\u00edch xi-lanh<\/td>\n<td width=\"288\"><strong><b>12,94 l\u00edt<\/b><\/strong><\/td>\n<\/tr>\n<\/tbody>\n<\/table>\n<h1><strong><b>Tr\u1ecdng l\u01b0\u1ee3ng &amp; K\u00edch th\u01b0\u1edbc<\/b><\/strong><\/h1>\n<table>\n<tbody>\n<tr>\n<td width=\"288\"><strong><b>Th\u00f4ng s\u1ed1 k\u1ef9 thu\u1eadt<\/b><\/strong><\/td>\n<td width=\"288\"><strong><b>Chi ti\u1ebft<\/b><\/strong><\/td>\n<\/tr>\n<tr>\n<td width=\"288\"><strong><b>Tr\u1ecdng l\u01b0\u1ee3ng kh\u00f4ng t\u1ea3i \/ Tr\u1ecdng l\u01b0\u1ee3ng r\u1ed7ng<\/b><\/strong><\/td>\n<td width=\"288\"><strong><b>55.000 kg<\/b><\/strong><\/td>\n<\/tr>\n<tr>\n<td width=\"288\"><strong><b>Chi\u1ec1u d\u00e0i t\u1ed5ng th\u1ec3<\/b><\/strong><\/td>\n<td width=\"288\"><strong><b>16.090 mm<\/b><\/strong><\/td>\n<\/tr>\n<tr>\n<td><strong><b>Chi\u1ec1u r\u1ed9ng t\u1ed5ng th\u1ec3<\/b><\/strong><\/td>\n<td><strong><b>2.550 mm<\/b><\/strong><\/td>\n<\/tr>\n<tr>\n<td><strong><b>Chi\u1ec1u cao t\u1ed5ng th\u1ec3<\/b><\/strong><\/td>\n<td><strong><b>4.000 mm<\/b><\/strong><\/td>\n<\/tr>\n<tr>\n<td><strong><b>\u0110\u01b0\u1eddng k\u00ednh l\u1ed7 xi lanh giao h\u00e0ng<\/b><\/strong><\/td>\n<td><strong><b>260 mm<\/b><\/strong><\/td>\n<\/tr>\n<tr>\n<td><strong><b>H\u00e0nh tr\u00ecnh xi lanh giao h\u00e0ng<\/b><\/strong><\/td>\n<td><strong><b>2.100 mm<\/b><\/strong><\/td>\n<\/tr>\n<\/tbody>\n<\/table>\n<h1><strong><b>C\u00e1nh tay ch\u1ed1ng<\/b><\/strong><\/h1>\n<table>\n<tbody>\n<tr>\n<td width=\"288\"><strong><b>Th\u00f4ng s\u1ed1 k\u1ef9 thu\u1eadt<\/b><\/strong><\/td>\n<td width=\"288\"><strong><b>Chi ti\u1ebft<\/b><\/strong><\/td>\n<\/tr>\n<tr>\n<td width=\"288\">Dung t\u00edch b\u00ecnh x\u0103ng<\/td>\n<td width=\"288\">600 l\u00edt<\/td>\n<\/tr>\n<tr>\n<td width=\"288\">Dung t\u00edch b\u1ec3 ch\u1ee9a n\u01b0\u1edbc<\/td>\n<td width=\"288\">750 + 750 l\u00edt<\/td>\n<\/tr>\n<tr>\n<td width=\"288\">Kho\u1ea3ng c\u00e1ch c\u00e1nh ph\u1ee5 (ph\u00eda tr\u01b0\u1edbc)<\/td>\n<td width=\"288\"><strong><b>12110 mm<\/b><\/strong><\/td>\n<\/tr>\n<tr>\n<td width=\"288\">C\u00e1nh tay ch\u1ed1ng (ph\u00eda sau)<\/td>\n<td width=\"288\">14.990 mm<\/td>\n<\/tr>\n<\/tbody>\n<\/table>\n<h1><strong><b>T\u00ednh n\u0103ng ch\u00ednh<\/b><\/strong><\/h1>\n<table>\n<tbody>\n<tr>\n<td width=\"288\"><strong><b>Th\u00f4ng s\u1ed1 k\u1ef9 thu\u1eadt<\/b><\/strong><\/td>\n<td width=\"288\"><strong><b>Chi ti\u1ebft<\/b><\/strong><\/td>\n<\/tr>\n<tr>\n<td width=\"288\"><strong><b>Ti\u00eau chu\u1ea9n ph\u00e1t th\u1ea3i<\/b><\/strong><\/td>\n<td width=\"288\">Trung Qu\u1ed1c VI<\/td>\n<\/tr>\n<tr>\n<td width=\"288\">T\u1ed1c \u0111\u1ed9 t\u1ed1i \u0111a tr\u00ean \u0111\u01b0\u1eddng<\/td>\n<td width=\"288\">90 km\/h<\/td>\n<\/tr>\n<\/tbody>\n<\/table>\n<h2><\/h2>","protected":false},"featured_media":31629,"comment_status":"open","ping_status":"closed","template":"","meta":{"_acf_changed":false,"_eb_attr":"","_eb_data_table":""},"product_brand":[],"product_cat":[202],"product_tag":[],"class_list":{"0":"post-916","1":"product","2":"type-product","3":"status-publish","4":"has-post-thumbnail","6":"product_cat-truck-mounted-concrete-pump","8":"first","9":"instock","10":"shipping-taxable","11":"product-type-simple"},"acf":[],"aioseo_notices":[],"_links":{"self":[{"href":"https:\/\/colorskyco.com\/vi\/wp-json\/wp\/v2\/product\/916","targetHints":{"allow":["GET"]}}],"collection":[{"href":"https:\/\/colorskyco.com\/vi\/wp-json\/wp\/v2\/product"}],"about":[{"href":"https:\/\/colorskyco.com\/vi\/wp-json\/wp\/v2\/types\/product"}],"replies":[{"embeddable":true,"href":"https:\/\/colorskyco.com\/vi\/wp-json\/wp\/v2\/comments?post=916"}],"version-history":[{"count":8,"href":"https:\/\/colorskyco.com\/vi\/wp-json\/wp\/v2\/product\/916\/revisions"}],"predecessor-version":[{"id":32003,"href":"https:\/\/colorskyco.com\/vi\/wp-json\/wp\/v2\/product\/916\/revisions\/32003"}],"wp:featuredmedia":[{"embeddable":true,"href":"https:\/\/colorskyco.com\/vi\/wp-json\/wp\/v2\/media\/31629"}],"wp:attachment":[{"href":"https:\/\/colorskyco.com\/vi\/wp-json\/wp\/v2\/media?parent=916"}],"wp:term":[{"taxonomy":"product_brand","embeddable":true,"href":"https:\/\/colorskyco.com\/vi\/wp-json\/wp\/v2\/product_brand?post=916"},{"taxonomy":"product_cat","embeddable":true,"href":"https:\/\/colorskyco.com\/vi\/wp-json\/wp\/v2\/product_cat?post=916"},{"taxonomy":"product_tag","embeddable":true,"href":"https:\/\/colorskyco.com\/vi\/wp-json\/wp\/v2\/product_tag?post=916"}],"curies":[{"name":"wp","href":"https:\/\/api.w.org\/{rel}","templated":true}]}}