{"id":999,"date":"2025-09-26T01:56:38","date_gmt":"2025-09-26T01:56:38","guid":{"rendered":"https:\/\/demo2.mevksa.com\/?post_type=product&#038;p=999"},"modified":"2025-11-30T13:53:28","modified_gmt":"2025-11-30T05:53:28","slug":"2021-used-sany-truck-crane-100t-sym5558jqz-stc1000c7-full-hydraulic","status":"publish","type":"product","link":"https:\/\/colorskyco.com\/vi\/product\/2021-used-sany-truck-crane-100t-sym5558jqz-stc1000c7-full-hydraulic\/","title":{"rendered":"Xe c\u1ea9u SANY \u0111\u00e3 qua s\u1eed d\u1ee5ng n\u0103m 2021, t\u1ea3i tr\u1ecdng 100 t\u1ea5n, model SYM5558JQZ (STC1000C7), h\u1ec7 th\u1ed1ng th\u1ee7y l\u1ef1c ho\u00e0n to\u00e0n."},"content":{"rendered":"<p><span style=\"color: #000000;\"><strong>Product Details<\/strong><\/span><\/p>\n<p><span style=\"color: #000000;\"><strong>Used Sany Truck Crane has excellent mechanical performance, simple operation and easy to use<\/strong><\/span><\/p>\n<p><span style=\"color: #000000;\"><strong>Specifications<\/strong><\/span><\/p>\n<table>\n<tbody>\n<tr>\n<td width=\"284\"><span style=\"color: #000000;\">Equipment<\/span><\/td>\n<td width=\"284\"><span style=\"color: #000000;\">Full Hydraulic Truck Crane<\/span><\/td>\n<\/tr>\n<tr>\n<td width=\"284\"><span style=\"color: #000000;\">Place of Origin<\/span><\/td>\n<td width=\"284\"><span style=\"color: #000000;\">Trung Qu\u1ed1c<\/span><\/td>\n<\/tr>\n<tr>\n<td width=\"284\"><span style=\"color: #000000;\">Brand Name<\/span><\/td>\n<td width=\"284\"><span style=\"color: #000000;\">Sany<\/span><\/td>\n<\/tr>\n<tr>\n<td width=\"284\"><span style=\"color: #000000;\">Model Number<\/span><\/td>\n<td width=\"284\"><span style=\"color: #000000;\">SYM5558JQZ(STC1000C7)<\/span><\/td>\n<\/tr>\n<tr>\n<td width=\"284\"><span style=\"color: #000000;\">Date of Manufacture<\/span><\/td>\n<td width=\"284\"><span style=\"color: #000000;\">2021-06<\/span><\/td>\n<\/tr>\n<tr>\n<td width=\"284\"><span style=\"color: #000000;\">Minimum Order Quantity<\/span><\/td>\n<td width=\"284\"><span style=\"color: #000000;\">1 section<\/span><\/td>\n<\/tr>\n<tr>\n<td width=\"284\"><span style=\"color: #000000;\">Packaging Details<\/span><\/td>\n<td width=\"284\"><span style=\"color: #000000;\">Roro Ship, Cargo Bulk Ship<\/span><\/td>\n<\/tr>\n<\/tbody>\n<\/table>\n<p><span style=\"color: #000000;\"><strong>\u00a0<\/strong><\/span><\/p>\n<p>&nbsp;<\/p>","protected":false},"excerpt":{"rendered":"<h1>Th\u00f4ng tin chung<\/h1>\n<table>\n<tbody>\n<tr>\n<td width=\"288\"><strong>Th\u00f4ng s\u1ed1 k\u1ef9 thu\u1eadt<\/strong><\/td>\n<td width=\"288\"><strong>Chi ti\u1ebft<\/strong><\/td>\n<\/tr>\n<tr>\n<td width=\"288\"><strong>Lo\u1ea1i s\u1ea3n ph\u1ea9m<\/strong><\/td>\n<td width=\"288\">SYM5558JQZ(STC1000C7)<\/td>\n<\/tr>\n<tr>\n<td width=\"288\"><strong>Nh\u00e0 s\u1ea3n xu\u1ea5t<\/strong><\/td>\n<td width=\"288\">C\u00f4ng ty TNHH S\u1ea3n xu\u1ea5t \u00d4 t\u00f4 SANY.<\/td>\n<\/tr>\n<tr>\n<td width=\"288\"><strong>\u0110\u1ecba ch\u1ec9<\/strong><\/td>\n<td width=\"288\">Khu c\u00f4ng nghi\u1ec7p SANY, Khu ph\u00e1t tri\u1ec3n kinh t\u1ebf v\u00e0 c\u00f4ng ngh\u1ec7 Changsha, Th\u00e0nh ph\u1ed1 Changsha, T\u1ec9nh H\u1ed3 Nam<\/td>\n<\/tr>\n<tr>\n<td width=\"288\"><strong>Ng\u00e0y s\u1ea3n xu\u1ea5t<\/strong><\/td>\n<td width=\"288\">2021.06<\/td>\n<\/tr>\n<tr>\n<td width=\"288\"><strong>N\u01b0\u1edbc s\u1ea3n xu\u1ea5t<\/strong><\/td>\n<td width=\"288\">S\u1ea3n xu\u1ea5t t\u1ea1i Trung Qu\u1ed1c<\/td>\n<\/tr>\n<tr>\n<td width=\"288\"><strong>S\u1ed1 nh\u1eadn d\u1ea1ng xe (VIN)<\/strong><\/td>\n<td width=\"288\"><strong>LFCNRG7P0M2000762<\/strong><\/td>\n<\/tr>\n<\/tbody>\n<\/table>\n<h1>Th\u00f4ng tin \u0111\u1ed9ng c\u01a1<\/h1>\n<table>\n<tbody>\n<tr>\n<td width=\"288\"><strong>Th\u00f4ng s\u1ed1 k\u1ef9 thu\u1eadt<\/strong><\/td>\n<td width=\"288\"><strong>Chi ti\u1ebft<\/strong><\/td>\n<\/tr>\n<tr>\n<td width=\"288\"><strong>M\u1eabu \u0111\u1ed9ng c\u01a1<\/strong><\/td>\n<td width=\"288\"><strong>WP<\/strong><strong>12.430E50<\/strong><\/td>\n<\/tr>\n<tr>\n<td width=\"288\"><strong>C\u00f4ng su\u1ea5t \u0111\u1ecbnh m\u1ee9c c\u1ee7a \u0111\u1ed9ng c\u01a1 \/ T\u1ed1c \u0111\u1ed9<\/strong><\/td>\n<td width=\"288\"><strong>316<\/strong><strong> kW @ 1.900 v\u00f2ng\/ph\u00fat<\/strong><\/td>\n<\/tr>\n<tr>\n<td width=\"288\"><strong>C\u00f4ng su\u1ea5t t\u1ed1i \u0111a c\u00f3 th\u1ec3 \u0111\u1ea1t \u0111\u01b0\u1ee3c c\u1ee7a \u0111\u1ed9ng c\u01a1 \/ T\u1ed1c \u0111\u1ed9<\/strong><\/td>\n<td width=\"288\"><strong>311<\/strong><strong> kW @ 1.900 v\u00f2ng\/ph\u00fat<\/strong><\/td>\n<\/tr>\n<\/tbody>\n<\/table>\n<h1>Th\u00f4ng tin v\u1ec1 tr\u1ecdng l\u01b0\u1ee3ng<\/h1>\n<table>\n<tbody>\n<tr>\n<td width=\"288\"><strong>Th\u00f4ng s\u1ed1 k\u1ef9 thu\u1eadt<\/strong><\/td>\n<td width=\"288\"><strong>Chi ti\u1ebft<\/strong><\/td>\n<\/tr>\n<tr>\n<td width=\"288\"><strong>Kh\u1ed1i l\u01b0\u1ee3ng v\u1ec9a h\u00e8 (Ho\u00e0n ch\u1ec9nh) <\/strong><strong>Xe c\u1ed9<\/strong><strong>)<\/strong><\/td>\n<td width=\"288\"><strong>54,470<\/strong><strong> kg<\/strong><\/td>\n<\/tr>\n<tr>\n<td width=\"288\"><strong>Kh\u1ed1i l\u01b0\u1ee3ng cho ph\u00e9p t\u1ed1i \u0111a<\/strong><\/td>\n<td width=\"288\"><strong>54,60<\/strong><strong>0 kg<\/strong><\/td>\n<\/tr>\n<\/tbody>\n<\/table>\n<h1>Hi\u1ec7u su\u1ea5t n\u00e2ng<\/h1>\n<table>\n<tbody>\n<tr>\n<td width=\"288\"><strong>Th\u00f4ng s\u1ed1 k\u1ef9 thu\u1eadt<\/strong><\/td>\n<td width=\"288\"><strong>Chi ti\u1ebft<\/strong><\/td>\n<\/tr>\n<tr>\n<td width=\"288\"><strong>T\u1ea3i tr\u1ecdng n\u00e2ng t\u1ed1i \u0111a \u0111\u1ecbnh m\u1ee9c<\/strong><\/td>\n<td width=\"288\"><strong>100 t\u1ea5n<\/strong><\/td>\n<\/tr>\n<tr>\n<td width=\"288\"><strong>B\u00e1n k\u00ednh l\u00e0m vi\u1ec7c (\u0111\u1ecbnh m\u1ee9c)<\/strong><\/td>\n<td width=\"288\"><strong>3 m\u00e9t<\/strong><\/td>\n<\/tr>\n<\/tbody>\n<\/table>\n<h1><\/h1>\n<h1>Th\u00f4ng tin b\u1ed5 sung<\/h1>\n<table>\n<tbody>\n<tr>\n<td width=\"288\"><strong>Th\u00f4ng s\u1ed1 k\u1ef9 thu\u1eadt<\/strong><\/td>\n<td width=\"288\"><strong>Chi ti\u1ebft<\/strong><\/td>\n<\/tr>\n<tr>\n<td width=\"288\"><strong>K\u00edch th\u01b0\u1edbc t\u1ed5ng th\u1ec3 (D\u00e0i \u00d7 R\u1ed9ng \u00d7 Cao)<\/strong><\/td>\n<td width=\"288\"><strong>1<\/strong><strong>6<\/strong><strong>,<\/strong><strong>040<\/strong><strong> mm \u00d7 <\/strong><strong>3<\/strong><strong>,<\/strong><strong>0<\/strong><strong>00 mm \u00d7 3,<\/strong><strong>995<\/strong><strong> mm<\/strong><\/td>\n<\/tr>\n<tr>\n<td width=\"288\"><strong>Khung g\u1ea7m<\/strong><\/td>\n<td width=\"288\"><strong>H\u1ec7 th\u1ed1ng truy\u1ec1n \u0111\u1ed9ng 8\u00d74; h\u1ec7 th\u1ed1ng treo th\u1ee7y l\u1ef1c-kh\u00ed n\u00e9n; h\u1ec7 th\u1ed1ng l\u00e1i b\u1ed1n b\u00e1nh t\u00f9y ch\u1ecdn.<\/strong><\/td>\n<\/tr>\n<tr>\n<td width=\"288\"><strong>Dung t\u00edch b\u00ecnh x\u0103ng<\/strong><\/td>\n<td width=\"288\"><strong>600 l\u00edt<\/strong><\/td>\n<\/tr>\n<tr>\n<td width=\"288\"><strong>H\u1ec7 th\u1ed1ng th\u1ee7y l\u1ef1c<\/strong><\/td>\n<td width=\"288\"><strong>H\u1ec7 th\u1ed1ng \u0111i\u1ec1u khi\u1ec3n t\u1ef7 l\u1ec7 c\u1ea3m bi\u1ebfn t\u1ea3i, hai m\u1ea1ch v\u1edbi b\u01a1m c\u00f3 l\u01b0u l\u01b0\u1ee3ng bi\u1ebfn \u0111\u1ed5i.<\/strong><\/td>\n<\/tr>\n<tr>\n<td width=\"288\"><strong>Hi\u1ec7u su\u1ea5t du l\u1ecbch<\/strong><\/td>\n<td width=\"288\"><strong>T\u1ed1c \u0111\u1ed9 t\u1ed1i \u0111a 80 km\/h; kh\u1ea3 n\u0103ng leo d\u1ed1c 40%; g\u00f3c ti\u1ebfp c\u1eadn 16\u00b0, g\u00f3c tho\u00e1t 12\u00b0<\/strong><\/td>\n<\/tr>\n<\/tbody>\n<\/table>\n<h2><\/h2>","protected":false},"featured_media":31732,"comment_status":"open","ping_status":"closed","template":"","meta":{"_acf_changed":false,"_eb_attr":"","_eb_data_table":""},"product_brand":[],"product_cat":[204],"product_tag":[],"class_list":{"0":"post-999","1":"product","2":"type-product","3":"status-publish","4":"has-post-thumbnail","6":"product_cat-mobile-truck-crane","8":"first","9":"instock","10":"shipping-taxable","11":"product-type-simple"},"acf":[],"aioseo_notices":[],"_links":{"self":[{"href":"https:\/\/colorskyco.com\/vi\/wp-json\/wp\/v2\/product\/999","targetHints":{"allow":["GET"]}}],"collection":[{"href":"https:\/\/colorskyco.com\/vi\/wp-json\/wp\/v2\/product"}],"about":[{"href":"https:\/\/colorskyco.com\/vi\/wp-json\/wp\/v2\/types\/product"}],"replies":[{"embeddable":true,"href":"https:\/\/colorskyco.com\/vi\/wp-json\/wp\/v2\/comments?post=999"}],"version-history":[{"count":5,"href":"https:\/\/colorskyco.com\/vi\/wp-json\/wp\/v2\/product\/999\/revisions"}],"predecessor-version":[{"id":31879,"href":"https:\/\/colorskyco.com\/vi\/wp-json\/wp\/v2\/product\/999\/revisions\/31879"}],"wp:featuredmedia":[{"embeddable":true,"href":"https:\/\/colorskyco.com\/vi\/wp-json\/wp\/v2\/media\/31732"}],"wp:attachment":[{"href":"https:\/\/colorskyco.com\/vi\/wp-json\/wp\/v2\/media?parent=999"}],"wp:term":[{"taxonomy":"product_brand","embeddable":true,"href":"https:\/\/colorskyco.com\/vi\/wp-json\/wp\/v2\/product_brand?post=999"},{"taxonomy":"product_cat","embeddable":true,"href":"https:\/\/colorskyco.com\/vi\/wp-json\/wp\/v2\/product_cat?post=999"},{"taxonomy":"product_tag","embeddable":true,"href":"https:\/\/colorskyco.com\/vi\/wp-json\/wp\/v2\/product_tag?post=999"}],"curies":[{"name":"wp","href":"https:\/\/api.w.org\/{rel}","templated":true}]}}